{"id":23907,"date":"2023-01-18T22:35:18","date_gmt":"2023-01-18T22:35:18","guid":{"rendered":"https:\/\/www.steinberglawfirm.com\/?page_id=23907"},"modified":"2024-03-12T22:07:37","modified_gmt":"2024-03-12T22:07:37","slug":"truck-accident-lawyers","status":"publish","type":"page","link":"https:\/\/steinberglawfirm-staging.clmcloud.app\/es\/ubicaciones\/goose-creek\/abogados-accidentes-de-camiones-3\/","title":{"rendered":"Goose Creek Abogados de accidentes de cami\u00f3n"},"content":{"rendered":"<h1 class=\"wp-block-heading\">Goose Creek Abogados de accidentes de cami\u00f3n<\/h1>\n\n\n\n<h2 class=\"wp-block-heading\"><em>Condado de Berkeley, SC Abogados de lesiones personales para las v\u00edctimas heridas en accidentes de semirremolque<\/em><\/h2>\n\n\n\n<p>Seg\u00fan los datos censales m\u00e1s recientes, la poblaci\u00f3n de Goose Creek supera los 46.000 habitantes. Dado que Goose Creek est\u00e1 situado en la intersecci\u00f3n de muchas carreteras muy transitadas dentro y fuera de Charleston, pueden producirse importantes accidentes relacionados con el tr\u00e1fico en los que se vean implicados coches y camiones.<\/p>\n\n\n\n<p>Seg\u00fan un informe reciente del Departamento de Seguridad P\u00fablica South Carolina, cada a\u00f1o se producen m\u00e1s de sesenta accidentes de cami\u00f3n en el condado de Berkeley, de los cuales aproximadamente cincuenta y ocho se saldan con heridos graves.<\/p>\n\n\n\n<p>En el Steinberg Law Firm, representamos a personas lesionadas en accidentes de camiones Goose Creek. Nuestros abogados llevan ayudando a personas lesionadas desde 1927. Durante este tiempo, hemos desarrollado un amplio conocimiento de c\u00f3mo manejar estas reclamaciones para lograr el mejor resultado posible. Nuestro <a href=\"https:\/\/www.steinberglawfirm.com\/locations\/goose-creek\/personal-injury-attorneys\/\" target=\"_blank\" rel=\"noopener\">Goose Creek abogados de accidentes de cami\u00f3n<\/a> Adoptamos un enfoque global para cada caso que tratamos, centr\u00e1ndonos en lo que es importante para usted. Tambi\u00e9n nos ponemos a su disposici\u00f3n para responder a sus preguntas siempre que surjan. El resultado es que cuando <a href=\"https:\/\/www.steinberglawfirm.com\/\" target=\"_blank\" rel=\"noopener\">Steinberg Law Firm<\/a> en su caso, usted est\u00e1 recibiendo m\u00e1s que un abogado, sino un defensor que estar\u00e1 a su lado en cada paso del proceso.<\/p>\n\n\n\n<h3 class=\"wp-block-heading\">Causas de accidentes de camiones Goose Creek<\/h3>\n\n\n\n<p>Los camiones son \u00fanicos porque son mucho m\u00e1s grandes y pesados que otros veh\u00edculos. Adem\u00e1s, la naturaleza del trabajo de un conductor de cami\u00f3n pone una presi\u00f3n adicional sobre ellos que la mayor\u00eda de los automovilistas no se enfrentan. Las causas m\u00e1s comunes de accidentes de camiones Goose Creek incluyen:<\/p>\n\n\n\n<h4 class=\"wp-block-heading\">Conducci\u00f3n distra\u00edda<\/h4>\n\n\n\n<p>Los camioneros pasan largas horas en la carretera para llegar a su destino. Por el camino, los camioneros suelen aburrirse y buscan formas de mantenerse ocupados. Sin embargo, al hacerlo, los camioneros suelen realizar actividades que desv\u00edan su atenci\u00f3n de la carretera, lo que aumenta las posibilidades de provocar un accidente. Algunas de las distracciones m\u00e1s comunes entre los camioneros son:<\/p>\n\n\n\n<ul class=\"wp-block-list\">\n<li>Hablando por tel\u00e9fono;<\/li>\n\n\n\n<li>Enviar mensajes de texto mientras se conduce;<\/li>\n\n\n\n<li>Desplazarse por las redes sociales;<\/li>\n\n\n\n<li>Ver la televisi\u00f3n;<\/li>\n\n\n\n<li>Jugar con el tel\u00e9fono;<\/li>\n\n\n\n<li>Usando la radio C.B. del cami\u00f3n;<\/li>\n\n\n\n<li>Hablar con los pasajeros; y<\/li>\n\n\n\n<li>Comer y beber.<\/li>\n<\/ul>\n\n\n\n<p>Por supuesto, los conductores de camiones tienen el deber legal de mantener su atenci\u00f3n en la carretera. Cuando la conducci\u00f3n distra\u00edda de un conductor de cami\u00f3n conduce a un accidente de cami\u00f3n Goose Creek, el conductor del cami\u00f3n puede ser considerado responsable de las lesiones.<\/p>\n\n\n\n<h4 class=\"wp-block-heading\">Fatiga y somnolencia al volante<\/h4>\n\n\n\n<p>La ley obliga a los camioneros a descansar 10 horas por cada 11 horas de conducci\u00f3n. Lamentablemente, algunos camioneros encuentran formas de eludir este requisito. Cuando un camionero no duerme lo suficiente, aumentan dr\u00e1sticamente las probabilidades de que se quede dormido al volante. Este tipo de conducci\u00f3n relacionada con la fatiga puede conducir a accidentes graves, a menudo implicando otros coches y camiones y peatones. Si ha sufrido lesiones en un accidente de cami\u00f3n Goose Creek causado por conducci\u00f3n somnolienta, debe <a href=\"https:\/\/www.steinberglawfirm.com\/contact-us\/\" target=\"_blank\" rel=\"noopener\">p\u00f3ngase en contacto con nuestros abogados de accidentes de cami\u00f3n para obtener ayuda<\/a> hoy.<\/p>\n\n\n\n<h4 class=\"wp-block-heading\">Exceso de velocidad y conducci\u00f3n temeraria<\/h4>\n\n\n\n<p>El exceso de velocidad es una causa com\u00fan de accidentes en todo Goose Creek. Un conductor de cami\u00f3n con exceso de velocidad probablemente tendr\u00e1 a\u00fan menos tiempo para responder a la carretera repentina como otros conductores, peatones u obst\u00e1culos. Debido al tama\u00f1o y peso del veh\u00edculo, el tiempo de respuesta y maniobrabilidad no permite mucho error.<\/p>\n\n\n\n<h4 class=\"wp-block-heading\">Conducir con somnolencia<\/h4>\n\n\n\n<p>Las empresas de transporte pagan a los camioneros por milla. Las empresas tambi\u00e9n exigen a sus conductores que mantengan un horario estricto. Si bien esto puede tener un sentido intuitivo, tambi\u00e9n anima a los camioneros a cubrir tanto terreno como sea posible diariamente. Sin embargo, los camioneros son humanos y s\u00f3lo pueden pasar un n\u00famero determinado de horas al volante antes de sentir fatiga. Si un camionero empieza a dormitar al volante, todo el mundo en la carretera est\u00e1 en peligro. Mientras que las regulaciones estatales y federales requieren que los conductores de camiones tomen descansos frecuentes, los camioneros pueden encontrar maneras de evitar estos requisitos de descanso y registros. Un abogado con experiencia en accidentes de camiones Goose Creek puede ayudar a identificar las banderas rojas de la conducci\u00f3n fatigada.<\/p>\n\n\n\n<h4 class=\"wp-block-heading\">Conducci\u00f3n bajo los efectos del alcohol<\/h4>\n\n\n\n<p>Para evitar la inevitable fatiga que aparece despu\u00e9s de recorrer cientos de kil\u00f3metros al d\u00eda, algunos camioneros recurren a medicamentos ilegales o de venta libre para mantenerse alerta. Aunque estas sustancias pueden ayudar a los camioneros a permanecer m\u00e1s tiempo en la carretera, comprometen la capacidad de un camionero para manejar su cami\u00f3n de forma segura. Adem\u00e1s, una vez que los efectos de una droga desaparecen, los camioneros a menudo se encuentran a\u00fan m\u00e1s cansados que antes, afectando a\u00fan m\u00e1s su capacidad para conducir con seguridad.<\/p>\n\n\n\n<h4 class=\"wp-block-heading\">Aver\u00edas mec\u00e1nicas<\/h4>\n\n\n\n<p>Los fallos mec\u00e1nicos son la causa de muchos accidentes de cami\u00f3n. Los semirremolques y otros camiones grandes dependen de muchos sistemas complejos que deben funcionar juntos para que el veh\u00edculo funcione con seguridad. Cuando un sistema falla, el conductor del cami\u00f3n puede perder el control de la plataforma, o el remolque del cami\u00f3n puede desprenderse, lo que puede conducir a un accidente de cami\u00f3n.<\/p>\n\n\n\n<p>Algunos fallos comunes de los equipos que pueden provocar un accidente de cami\u00f3n Goose Creek incluyen:<\/p>\n\n\n\n<ul class=\"wp-block-list\">\n<li>Frenos defectuosos;<\/li>\n\n\n\n<li>Neum\u00e1ticos defectuosos;<\/li>\n\n\n\n<li>Piezas de la carretilla en mal estado o defectuosas;<\/li>\n\n\n\n<li>Luces defectuosas;<\/li>\n\n\n\n<li>Carga mal cargada;<\/li>\n\n\n\n<li><a href=\"https:\/\/www.steinberglawfirm.com\/personal-injury\/truck-accidents\/container-truck-accident-attorney\/\" target=\"_blank\" rel=\"noopener\">Carga sobrecargada<\/a>;<\/li>\n\n\n\n<li>Fallos en el sistema de direcci\u00f3n;<\/li>\n\n\n\n<li>Aver\u00edas de neum\u00e1ticos; y<\/li>\n\n\n\n<li>Defectos relacionados con los remolques.<\/li>\n<\/ul>\n\n\n\n<p>Independientemente de la causa del accidente que haya provocado lesiones, el <a href=\"https:\/\/www.steinberglawfirm.com\/attorney\/\" target=\"_blank\" rel=\"noopener\">abogados en Steinberg Law Firm<\/a> puede ayudarle. Tenemos m\u00e1s de 90 a\u00f1os de experiencia ayudando a las v\u00edctimas de lesiones perseguir la compensaci\u00f3n que necesitan y merecen despu\u00e9s de un accidente de cami\u00f3n Goose Creek. Nuestros abogados tienen la dedicaci\u00f3n, el conocimiento y la habilidad para presentar una demanda en su nombre de manera efectiva.<\/p>\n\n\n\n<h3 class=\"wp-block-heading\">Carreteras m\u00e1s peligrosas de los alrededores Goose Creek<\/h3>\n\n\n\n<p>El Departamento de Seguridad P\u00fablica South Carolina lleva un registro de todos los accidentes de cami\u00f3n para comprender y abordar mejor las pautas de los accidentes. Entre los datos que recoge el Departamento se encuentra el lugar donde se produce cada accidente. Las siguientes carreteras son las que vieron el mayor n\u00famero de <a href=\"https:\/\/www.steinberglawfirm.com\/personal-injury\/truck-accidents\/semi-truck-accident-injury-attorney\/\" target=\"_blank\" rel=\"noopener\">accidentes de semirremolque<\/a>:<\/p>\n\n\n\n<ul class=\"wp-block-list\">\n<li><a href=\"https:\/\/www.steinberglawfirm.com\/personal-injury\/truck-accidents\/i-26-truck-accident-attorneys\/\" target=\"_blank\" rel=\"noopener\">Interestatal 26<\/a><\/li>\n\n\n\n<li>Carretera U.S. 17<\/li>\n\n\n\n<li>Carretera U.S. 52<\/li>\n<\/ul>\n\n\n\n<p>S\u00f3lo estas carreteras son responsables de 35 accidentes de camiones en el condado de Berkeley, m\u00e1s de la mitad del n\u00famero total de colisiones con camiones implicados. Mientras que todas las carreteras de la zona vienen con riesgos inherentes, es crucial para los conductores de camiones y otros automovilistas a ser conscientes de las condiciones que pueden hacer que estas carreteras especialmente traicionero. \u00bfBusca ayuda legal despu\u00e9s de un grave accidente de cami\u00f3n en Goose Creek? Acuda a los experimentados abogados de Steinberg Law Firm. Con m\u00e1s de 90 a\u00f1os de experiencia en la tramitaci\u00f3n de demandas por lesiones personales, nuestro equipo est\u00e1 preparado para ayudarle a conseguir la indemnizaci\u00f3n que se merece. <a href=\"tel:1-843-720-2800\">Ll\u00e1menos hoy para una consulta<\/a>.<\/p>\n\n\n\n<h3 class=\"wp-block-heading\">Recuperaci\u00f3n tras un accidente de cami\u00f3n Goose Creek<\/h3>\n\n\n\n<p>Despu\u00e9s de un accidente de cami\u00f3n en Goose Creek, puede encontrarse con que su vida ha dado un vuelco de repente. Con una baja tasa de desempleo, la mayor\u00eda de los residentes de Goose Creek trabajan. Sin embargo, usted no puede trabajar si est\u00e1 atrapado en el hospital recuper\u00e1ndose de graves lesiones relacionadas con el accidente. Adem\u00e1s, incluso despu\u00e9s de haber sido dado de alta del hospital, puede enfrentarse a gastos m\u00e9dicos y tiempo de recuperaci\u00f3n adicional.<\/p>\n\n\n\n<p>En el <a href=\"https:\/\/www.steinberglawfirm.com\/\" target=\"_blank\" rel=\"noopener\">Steinberg Law Firm<\/a>No es justo que los residentes de Goose Creek, que trabajan duro, se vean perjudicados econ\u00f3micamente por la negligencia de un camionero. A trav\u00e9s de una demanda por accidente de cami\u00f3n, las v\u00edctimas de accidentes de cami\u00f3n pueden obtener una compensaci\u00f3n significativa para ayudarles a seguir adelante m\u00e1s r\u00e1pidamente despu\u00e9s del accidente. Para llevar con \u00e9xito un caso de accidente de cami\u00f3n en Goose Creek, debe establecer los siguientes elementos:<\/p>\n\n\n\n<ul class=\"wp-block-list\">\n<li><strong>Duty<\/strong>&nbsp;- El camionero le deb\u00eda un deber de cuidado.<\/li>\n\n\n\n<li><strong>Brecha<\/strong> - El camionero incumpli\u00f3 el deber de diligencia que le deb\u00eda.<\/li>\n\n\n\n<li><strong>Causalidad<\/strong>&nbsp;- Las acciones del camionero causaron sus lesiones.<\/li>\n\n\n\n<li><strong>Da\u00f1os y perjuicios<\/strong>&nbsp;- Ha sufrido da\u00f1os legalmente reconocibles a causa del accidente.<\/li>\n<\/ul>\n\n\n\n<p>Si puede demostrar estos elementos, es posible que pueda presentar una demanda contra la empresa de transporte. Las empresas de transporte son generalmente responsables de las acciones negligentes de sus empleados. Esto significa que si un camionero negligente le lesion\u00f3 mientras actuaba en el \u00e1mbito de su empleo, la empresa de transporte tambi\u00e9n podr\u00eda ser responsable de sus lesiones. Alternativamente, las empresas de transporte por carretera pueden ser considerados responsables si contrataron negligentemente a un conductor que deber\u00edan haber sabido que planteaba un riesgo para otros automovilistas.<\/p>\n\n\n\n<h3 class=\"wp-block-heading\">Da\u00f1os en un accidente de cami\u00f3n Goose Creek<\/h3>\n\n\n\n<p>Si consigue llevar un <a href=\"https:\/\/www.steinberglawfirm.com\/personal-injury\/truck-accidents\/\" target=\"_blank\" rel=\"noopener\">Goose Creek demanda por accidente de cami\u00f3n<\/a>puede obtener una indemnizaci\u00f3n econ\u00f3mica por sus lesiones. Aunque cada caso es \u00fanico, la ley South Carolina normalmente permite a las v\u00edctimas de accidentes para recuperar por sus da\u00f1os econ\u00f3micos y no econ\u00f3micos despu\u00e9s de un accidente.<\/p>\n\n\n\n<p>Los da\u00f1os econ\u00f3micos son los destinados a compensarle por los gastos en que ha incurrido a causa del accidente e incluyen:<\/p>\n\n\n\n<ul class=\"wp-block-list\">\n<li>Facturas m\u00e9dicas, incluidos tratamientos en urgencias, facturas hospitalarias, visitas m\u00e9dicas de seguimiento, etc;<\/li>\n\n\n\n<li>Salarios perdidos, consistentes en los ingresos que habr\u00eda obtenido de no haberse visto implicado en el accidente;<\/li>\n\n\n\n<li>Disminuci\u00f3n de la capacidad para obtener ingresos debido a los efectos a largo plazo de sus lesiones o incapacidad; y<\/li>\n\n\n\n<li>Da\u00f1os materiales.<\/li>\n<\/ul>\n\n\n\n<p>Los da\u00f1os no econ\u00f3micos le compensan por el impacto emocional y psicol\u00f3gico del accidente en su vida. A diferencia de los da\u00f1os econ\u00f3micos, los da\u00f1os no econ\u00f3micos son subjetivos, lo que significa que var\u00edan significativamente en funci\u00f3n de las circunstancias individuales de cada caso. Sin embargo, los da\u00f1os no econ\u00f3micos incluyen los siguientes:<\/p>\n\n\n\n<ul class=\"wp-block-list\">\n<li>Desfiguraci\u00f3n<\/li>\n\n\n\n<li>Angustia emocional<\/li>\n\n\n\n<li>Humillaci\u00f3n<\/li>\n\n\n\n<li>Inconvenientes<\/li>\n\n\n\n<li>P\u00e9rdida de consorcio (que implica una relaci\u00f3n conyugal)<\/li>\n\n\n\n<li>P\u00e9rdida de disfrute de la vida<\/li>\n\n\n\n<li>P\u00e9rdida de reputaci\u00f3n<\/li>\n\n\n\n<li>P\u00e9rdida de la sociedad y del compa\u00f1erismo (que implica una relaci\u00f3n con los dem\u00e1s)<\/li>\n\n\n\n<li>Angustia mental<\/li>\n\n\n\n<li>Dolor y sufrimiento, y<\/li>\n\n\n\n<li>Deficiencia f\u00edsica.<\/li>\n<\/ul>\n\n\n\n<p>Obtener un acuerdo justo o un veredicto por da\u00f1os econ\u00f3micos y no econ\u00f3micos forma parte de una recuperaci\u00f3n completa. En el Steinberg Law Firm, nuestros abogados de accidentes de cami\u00f3n Goose Creek tienen una amplia experiencia en el manejo de reclamaciones complejas y pueden ayudarle a identificar el alcance total de sus da\u00f1os.<\/p>\n\n\n\n<h3 class=\"wp-block-heading\">P\u00f3ngase en contacto con el Goose Creek respetados abogados de accidentes de camiones en el Steinberg Law Firm para obtener ayuda inmediata<\/h3>\n\n\n\n<p>Si usted o un ser querido fue herido recientemente en un accidente de cami\u00f3n Goose Creek, nuestras condolencias est\u00e1n con usted y su familia. Reconocemos los desaf\u00edos que siguen a ra\u00edz de un accidente grave y queremos hacer todo lo posible para ayudar. Nuestro <a href=\"https:\/\/www.steinberglawfirm.com\/personal-injury\/truck-accidents\/\" target=\"_blank\" rel=\"noopener\">Goose Creek abogados de accidentes de cami\u00f3n<\/a> est\u00e1n disponibles para programar una consulta gratuita para discutir el accidente y le proporcionar\u00e1 una evaluaci\u00f3n honesta de su caso.<\/p>\n\n\n\n<p>Tenemos <a href=\"https:\/\/www.steinberglawfirm.com\/about-us\/\" target=\"_blank\" rel=\"noopener\">m\u00e1s de 90 a\u00f1os de experiencia<\/a> abogando agresivamente por las v\u00edctimas de accidentes y ayud\u00e1ndoles a obtener la indemnizaci\u00f3n que necesitan para seguir adelante con sus vidas m\u00e1s r\u00e1pidamente. Cuando usted presenta la <a href=\"https:\/\/www.steinberglawfirm.com\/\" target=\"_blank\" rel=\"noopener\">Steinberg Law Firm<\/a> en su caso, se sentir\u00e1 inmediatamente reconfortado al saber que su caso -y su futuro- est\u00e1 en manos atentas y capaces.<\/p>\n\n\n\n<p>Para saber m\u00e1s y <a href=\"https:\/\/www.steinberglawfirm.com\/free-consultation\/\" target=\"_blank\" rel=\"noopener\">programar una consulta gratuita<\/a> con uno de nuestros abogados especializados en accidentes de cami\u00f3n Goose Creek, <a href=\"tel:1-843-720-2800\">ll\u00e1menos al 843-720-2800<\/a>. Tambi\u00e9n puede conectarse con nosotros a trav\u00e9s de nuestro <a href=\"https:\/\/www.steinberglawfirm.com\/contact-us\/\" target=\"_blank\" rel=\"noopener\">formulario de contacto en l\u00ednea<\/a>. Y porque aceptamos todos los casos de lesiones personales en un <a href=\"https:\/\/www.steinberglawfirm.com\/no-fee-unless-you-win\/\" target=\"_blank\" rel=\"noopener\">base de contingencia<\/a>Nunca le pediremos que pague por nuestra representaci\u00f3n a menos que podamos obtener una indemnizaci\u00f3n en su nombre.<\/p>","protected":false},"excerpt":{"rendered":"<p>Goose Creek Abogados de Accidentes de Camiones Condado de Berkeley, SC Abogados de Lesiones Personales Para V\u00edctimas Heridas en Choques de Semirremolques Seg\u00fan los datos m\u00e1s recientes del censo, la poblaci\u00f3n de Goose Creek es de m\u00e1s de 46,000 habitantes. Dado que Goose Creek est\u00e1 situado en la intersecci\u00f3n de muchas carreteras muy transitadas dentro y fuera de Charleston, pueden ocurrir accidentes de tr\u00e1fico significativos en los que se vean implicados coches y camiones....<\/p>","protected":false},"author":1,"featured_media":23911,"parent":3406,"menu_order":0,"comment_status":"closed","ping_status":"closed","template":"","meta":{"_acf_changed":false,"footnotes":""},"class_list":["post-23907","page","type-page","status-publish","has-post-thumbnail","hentry"],"acf":[],"_links":{"self":[{"href":"https:\/\/steinberglawfirm-staging.clmcloud.app\/es\/wp-json\/wp\/v2\/pages\/23907"}],"collection":[{"href":"https:\/\/steinberglawfirm-staging.clmcloud.app\/es\/wp-json\/wp\/v2\/pages"}],"about":[{"href":"https:\/\/steinberglawfirm-staging.clmcloud.app\/es\/wp-json\/wp\/v2\/types\/page"}],"author":[{"embeddable":true,"href":"https:\/\/steinberglawfirm-staging.clmcloud.app\/es\/wp-json\/wp\/v2\/users\/1"}],"replies":[{"embeddable":true,"href":"https:\/\/steinberglawfirm-staging.clmcloud.app\/es\/wp-json\/wp\/v2\/comments?post=23907"}],"version-history":[{"count":8,"href":"https:\/\/steinberglawfirm-staging.clmcloud.app\/es\/wp-json\/wp\/v2\/pages\/23907\/revisions"}],"predecessor-version":[{"id":30714,"href":"https:\/\/steinberglawfirm-staging.clmcloud.app\/es\/wp-json\/wp\/v2\/pages\/23907\/revisions\/30714"}],"up":[{"embeddable":true,"href":"https:\/\/steinberglawfirm-staging.clmcloud.app\/es\/wp-json\/wp\/v2\/pages\/3406"}],"wp:featuredmedia":[{"embeddable":true,"href":"https:\/\/steinberglawfirm-staging.clmcloud.app\/es\/wp-json\/wp\/v2\/media\/23911"}],"wp:attachment":[{"href":"https:\/\/steinberglawfirm-staging.clmcloud.app\/es\/wp-json\/wp\/v2\/media?parent=23907"}],"curies":[{"name":"wp","href":"https:\/\/api.w.org\/{rel}","templated":true}]}}