{"id":23875,"date":"2023-01-17T18:43:31","date_gmt":"2023-01-17T18:43:31","guid":{"rendered":"https:\/\/www.steinberglawfirm.com\/?page_id=23875"},"modified":"2024-03-12T22:09:23","modified_gmt":"2024-03-12T22:09:23","slug":"south-carolina-car-accidents-due-to-dropped-cargo-on-the-road","status":"publish","type":"page","link":"https:\/\/steinberglawfirm-staging.clmcloud.app\/es\/lesiones-personales\/accidentes-de-trafico-2\/accidentes-de-trafico-en-carolina-del-sur-por-carga-abandonada-en-la-carretera\/","title":{"rendered":"South Carolina Accidentes de tr\u00e1fico por ca\u00edda de carga en carretera"},"content":{"rendered":"<h1 class=\"wp-block-heading\">South Carolina Ca\u00edda de carga en la carretera Abogado de accidente de coche<\/h1>\n\n\n\n<h2 class=\"wp-block-heading\"><em>Abogados de lesiones para casos relacionados con escombros de la carretera en Charleston, Goose Creek, y Summerville<\/em><\/h2>\n\n\n\n<p>En todo el pa\u00eds, las carreteras son compartidas por coches, autobuses, camiones, motocicletas, peatones, animales y otros viajeros. Seg\u00fan los Centros para el Control y la Prevenci\u00f3n de Enfermedades (CDC), <a href=\"https:\/\/www.steinberglawfirm.com\/personal-injury\/auto-accidents\/\" target=\"_blank\" rel=\"noopener\">accidentes de tr\u00e1fico<\/a> son uno de los <a href=\"https:\/\/www.steinberglawfirm.com\/personal-injury\/auto-accidents\/fatal-car-accident\/\" target=\"_blank\" rel=\"noopener\">principales causas de muerte<\/a> en Estados Unidos. En un estudio realizado recientemente por la Asociaci\u00f3n Americana del Autom\u00f3vil durante un periodo de tres a\u00f1os, se produjeron m\u00e1s de doscientos mil accidentes relacionados con escombros en las carreteras estadounidenses.<\/p>\n\n\n\n<p>Mientras que algunos accidentes son inevitables, muchos accidentes de escombros South Carolina se pueden prevenir si los transportistas de carga y los conductores siguen los protocolos de seguridad de la Administraci\u00f3n Federal de Seguridad de Autotransportes (FMCSA). <a href=\"https:\/\/www.steinberglawfirm.com\/personal-injury\/truck-accidents\/container-truck-accident-attorney\/\" target=\"_blank\" rel=\"noopener\">Accidentes con carga no asegurada<\/a> son consecuencia de que el conductor no utilice, utilice incorrectamente o falle las cadenas, los flejes de acero, las cuerdas de alambre y las cinchas sint\u00e9ticas.<\/p>\n\n\n\n<p>Si ha sufrido lesiones graves en un accidente de tr\u00e1fico en el que se ha ca\u00eddo la carga de un cami\u00f3n u otro veh\u00edculo, debe buscar atenci\u00f3n m\u00e9dica lo antes posible. A continuaci\u00f3n, debe consultar con un <a href=\"https:\/\/www.steinberglawfirm.com\/personal-injury\/personal-injury-lawyers\/\" target=\"_blank\" rel=\"noopener\">South Carolina abogado de lesiones personales<\/a> en el <a href=\"https:\/\/www.steinberglawfirm.com\/\" target=\"_blank\" rel=\"noopener\">Steinberg Law Firm<\/a>. Le explicaremos sus derechos legales y empezaremos a elaborar un caso convincente en su nombre.<\/p>\n\n\n\n<h3 class=\"wp-block-heading\">Accidentes con escombros y cargas ca\u00eddas en South Carolina<\/h3>\n\n\n\n<p>El Departamento de Seguridad P\u00fablica de South Carolina (SCDPS) publica un libro de datos sobre colisiones de tr\u00e1fico que describe las caracter\u00edsticas, causas y efectos de los accidentes de tr\u00e1fico en South Carolina. Los resultados m\u00e1s recientes indican que se produce una colisi\u00f3n de tr\u00e1fico cada 4 minutos, un accidente mortal cada 9,1 horas, una colisi\u00f3n con heridos cada 16 minutos y una colisi\u00f3n con da\u00f1os materiales cada 6 minutos en el estado.<\/p>\n\n\n\n<p>El informe clasificaba cada accidente en uno de los cinco factores contribuyentes principales. Los principales factores contribuyentes son los siguientes:<\/p>\n\n\n\n<ul class=\"wp-block-list\">\n<li><strong>Error del conductor<\/strong>: Incluidas conductas como distracci\u00f3n del conductor, no ceder el paso, enviar mensajes de texto, dar volantazos, conducci\u00f3n agresiva e impedimentos.<\/li>\n\n\n\n<li><strong>Carretera<\/strong>: Escombros, trabajos no relacionados con la carretera, roderas, falta de dispositivos de control del tr\u00e1fico y zona de obras.<\/li>\n\n\n\n<li><strong>No motorista<\/strong>: Incluida la falta de atenci\u00f3n de un no motorista, el cruce indebido, el piquete o el no ceder el paso.<\/li>\n\n\n\n<li><strong>Medio ambiente<\/strong>: Por ejemplo, un animal en la carretera, un deslumbramiento, un obst\u00e1culo u otro factor ambiental.<\/li>\n\n\n\n<li><strong>Defecto del veh\u00edculo<\/strong>: Incluyendo frenos, direcci\u00f3n, neum\u00e1ticos, luces y carga defectuosos.<\/li>\n<\/ul>\n\n\n\n<p>Adem\u00e1s, el estudio de tres a\u00f1os de la Fundaci\u00f3n AAA descubri\u00f3 que estos incidentes provocaron casi 40.000 heridos y m\u00e1s de 500 muertos. Estos accidentes pueden imponer costes econ\u00f3micos y no econ\u00f3micos a los conductores de South Carolina que sufren lesiones en un accidente de carga ca\u00edda.<\/p>\n\n\n\n<h3 class=\"wp-block-heading\">Por qu\u00e9 se producen accidentes por ca\u00edda de carga en South Carolina<\/h3>\n\n\n\n<p>Hay varias medidas que las empresas de camiones, los equipos de carreteras y los conductores individuales deben tomar para evitar que se caiga la carga en la carretera. El informe de Accidentes de Transporte por Modo de la Oficina de Transporte revel\u00f3 que en 2020 se produjeron 3.801.180 accidentes de camiones ligeros y 439.207 accidentes de camiones grandes. Los camiones ligeros incluyen camiones que pesan 10,000 libras con una clasificaci\u00f3n de peso bruto del veh\u00edculo o menos, incluidas furgonetas, camionetas, veh\u00edculos utilitarios y vagones de estaci\u00f3n basados en camiones.<\/p>\n\n\n\n<p>Los conductores de camionetas y otros camiones deben asegurarse de lo siguiente:<\/p>\n\n\n\n<p><strong>Mantenimiento de veh\u00edculos:<\/strong> Un mantenimiento adecuado y rutinario del veh\u00edculo puede evitar accidentes. Limpiar los faros, comprobar la presi\u00f3n de los neum\u00e1ticos, garantizar la seguridad de los frenos, inspeccionar las escobillas limpiaparabrisas y revisar los l\u00edquidos del veh\u00edculo pueden garantizar que un veh\u00edculo est\u00e9 equipado para manejar carga.<br><br><strong>Asegurar la carga de los veh\u00edculos:<\/strong> Seg\u00fan la FMCSA, la carga de un cami\u00f3n debe inmovilizarse con materiales sueltos, bolsas inflables para ayudar a sostener y proteger la carga, amarres y barras de apuntalamiento. Los conductores que transportan cargas pesadas deben asegurarse de que los art\u00edculos est\u00e1n debidamente asegurados. Asegurar correctamente una carga implica lo siguiente:<\/p>\n\n\n\n<ul class=\"wp-block-list\">\n<li>Atar objetos con correas, cuerdas o redes resistentes;<\/li>\n\n\n\n<li>Atar objetos grandes directamente al coche, cami\u00f3n o remolque;<\/li>\n\n\n\n<li>Cubrir toda la carga con una lona u otra cubierta protectora; y<\/li>\n\n\n\n<li>Asegurarse de que el veh\u00edculo puede soportar el peso de la carga.<\/li>\n<\/ul>\n\n\n\n<p>Adem\u00e1s, todos los conductores deben evitar ir detr\u00e1s de un veh\u00edculo que transporte una carga pesada. Los conductores que transporten grandes cargas deben mantener una velocidad segura y abstenerse de cambiar de carril o realizar otras conductas inseguras.<\/p>\n\n\n\n<h3 class=\"wp-block-heading\">Responsabilidad por accidentes de ca\u00edda de carga<\/h3>\n\n\n\n<p>La FMCSA mantiene requisitos sobre c\u00f3mo debe cargarse y asegurarse la carga de los camiones. Los reglamentos indican que la carga debe distribuirse uniformemente para evitar obstaculizar la capacidad del conductor o de otros automovilistas para operar su veh\u00edculo de manera segura. Las personas que sufren lesiones por la ca\u00edda de la carga, la ca\u00edda de escombros u otros obst\u00e1culos en la carretera pueden reclamar da\u00f1os y perjuicios a la parte culpable. En estos casos, una empresa de camiones, un conductor individual, una empresa de reparto o una entidad gubernamental pueden ser considerados responsables de los da\u00f1os derivados de su negligencia.<\/p>\n\n\n\n<h3 class=\"wp-block-heading\">Hable hoy mismo con un abogado especializado en lesiones personales South Carolina sobre sus lesiones, sin coste alguno para usted.<\/h3>\n\n\n\n<p>Si has estado <a href=\"https:\/\/www.steinberglawfirm.com\/personal-injury\/auto-accidents\/\" target=\"_blank\" rel=\"noopener\">herido en un accidente de coche South Carolina<\/a> causada por los escombros de la carretera, es crucial que usted entienda que tiene derecho a reclamar una indemnizaci\u00f3n por sus lesiones. En el <a href=\"https:\/\/www.steinberglawfirm.com\/\" target=\"_blank\" rel=\"noopener\">Steinberg Law Firm<\/a>tenemos <a href=\"https:\/\/www.steinberglawfirm.com\/about-us\/\" target=\"_blank\" rel=\"noopener\">m\u00e1s de 95 a\u00f1os de experiencia pr\u00e1ctica<\/a> ayudar a los automovilistas lesionados a obtener la indemnizaci\u00f3n que necesitan para empezar a rehacer sus vidas. Dada nuestra amplia experiencia, conocemos todos los trucos de las compa\u00f1\u00edas de seguros. Podemos ayudarle a navegar eficazmente su reclamo a trav\u00e9s del proceso de recuperaci\u00f3n, asegurando que usted recupere la compensaci\u00f3n que necesita y merece. Para obtener m\u00e1s informaci\u00f3n sobre el Steinberg Law Firm y para <a href=\"https:\/\/www.steinberglawfirm.com\/free-consultation\/\" target=\"_blank\" rel=\"noopener\">programar una consulta gratuita<\/a> con un <a href=\"https:\/\/www.steinberglawfirm.com\/locations\/charleston\/car-accident-lawyers\/\" target=\"_blank\" rel=\"noopener\">Charleston abogado de accidente de coche<\/a> hoy, <a href=\"tel:1-843-720-2800\">llame al 843-720-2800<\/a>. Llamar es gratis, y porque <a href=\"https:\/\/www.steinberglawfirm.com\/no-fee-unless-you-win\/\" target=\"_blank\" rel=\"noopener\">aceptamos casos en base a contingencias<\/a>Nunca le pediremos que pague por nuestros servicios legales a menos que podamos recuperar la compensaci\u00f3n en su nombre.<\/p>","protected":false},"excerpt":{"rendered":"<p>South Carolina Carga Ca\u00edda en la Carretera Abogado de Accidente de Coche Abogados de Lesiones para Casos que Implican Escombros en la Carretera en Charleston, Goose Creek, y Summerville En toda la naci\u00f3n, las carreteras son compartidas por coches, autobuses, camiones, motocicletas, peatones, animales y otros viajeros. Seg\u00fan los Centros para el Control y la Prevenci\u00f3n de Enfermedades (CDC), los accidentes de...<\/p>","protected":false},"author":1,"featured_media":23889,"parent":760,"menu_order":0,"comment_status":"closed","ping_status":"closed","template":"","meta":{"_acf_changed":false,"footnotes":""},"class_list":["post-23875","page","type-page","status-publish","has-post-thumbnail","hentry"],"acf":[],"_links":{"self":[{"href":"https:\/\/steinberglawfirm-staging.clmcloud.app\/es\/wp-json\/wp\/v2\/pages\/23875"}],"collection":[{"href":"https:\/\/steinberglawfirm-staging.clmcloud.app\/es\/wp-json\/wp\/v2\/pages"}],"about":[{"href":"https:\/\/steinberglawfirm-staging.clmcloud.app\/es\/wp-json\/wp\/v2\/types\/page"}],"author":[{"embeddable":true,"href":"https:\/\/steinberglawfirm-staging.clmcloud.app\/es\/wp-json\/wp\/v2\/users\/1"}],"replies":[{"embeddable":true,"href":"https:\/\/steinberglawfirm-staging.clmcloud.app\/es\/wp-json\/wp\/v2\/comments?post=23875"}],"version-history":[{"count":12,"href":"https:\/\/steinberglawfirm-staging.clmcloud.app\/es\/wp-json\/wp\/v2\/pages\/23875\/revisions"}],"predecessor-version":[{"id":30720,"href":"https:\/\/steinberglawfirm-staging.clmcloud.app\/es\/wp-json\/wp\/v2\/pages\/23875\/revisions\/30720"}],"up":[{"embeddable":true,"href":"https:\/\/steinberglawfirm-staging.clmcloud.app\/es\/wp-json\/wp\/v2\/pages\/760"}],"wp:featuredmedia":[{"embeddable":true,"href":"https:\/\/steinberglawfirm-staging.clmcloud.app\/es\/wp-json\/wp\/v2\/media\/23889"}],"wp:attachment":[{"href":"https:\/\/steinberglawfirm-staging.clmcloud.app\/es\/wp-json\/wp\/v2\/media?parent=23875"}],"curies":[{"name":"wp","href":"https:\/\/api.w.org\/{rel}","templated":true}]}}