{"id":23750,"date":"2023-01-03T22:48:16","date_gmt":"2023-01-03T22:48:16","guid":{"rendered":"https:\/\/www.steinberglawfirm.com\/?page_id=23750"},"modified":"2023-01-04T19:32:51","modified_gmt":"2023-01-04T19:32:51","slug":"burn-injury-lawyer","status":"publish","type":"page","link":"https:\/\/steinberglawfirm-staging.clmcloud.app\/es\/lesiones-personales\/abogados-de-lesiones-personales\/quemar-lesionar-abogado\/","title":{"rendered":"Quemaduras"},"content":{"rendered":"<h1 class=\"wp-block-heading\">Charleston Abogado de lesiones por quemaduras<\/h1>\n\n\n\n<h2 class=\"wp-block-heading\"><em>Abogados de lesiones personales al servicio de los condados de Berkeley y Dorchester durante m\u00e1s de 95 a\u00f1os<\/em><\/h2>\n\n\n\n<p>Las lesiones por quemaduras pueden crear discapacidades f\u00edsicas permanentes y tener un efecto devastador en la autoestima. Aunque las quemaduras de primer grado pueden ser leves, las de segundo, tercero y cuarto grado requieren un examen y tratamiento m\u00e1s exhaustivos. Las quemaduras tienen altas tasas de morbilidad y mortalidad, e incluso las quemaduras no mortales pueden provocar afecciones debilitantes de por vida. A <a href=\"https:\/\/www.steinberglawfirm.com\/personal-injury\/personal-injury-lawyers\/\" target=\"_blank\" rel=\"noopener\">Charleston abogado de lesiones por quemaduras<\/a> puede ayudar a las v\u00edctimas de quemaduras a recuperar los da\u00f1os sufridos y a superar el traum\u00e1tico incidente.<\/p>\n\n\n\n<h3 class=\"wp-block-heading\">Estad\u00edsticas recientes sobre causas de quemaduras graves<\/h3>\n\n\n\n<p>Los datos m\u00e1s recientes de la American Burn Association (ABA) revelan que las lesiones por quemaduras son una de las principales causas de muerte no intencionada en Estados Unidos. En colaboraci\u00f3n con el Centro Nacional de Prevenci\u00f3n de Lesiones y los CDC, la ABA inform\u00f3 de que, entre 2011 y 2015, casi 500.000 lesiones por fuego o quemaduras requirieron una visita a urgencias.<\/p>\n\n\n\n<p>Adem\u00e1s, en 2016 se produjeron 3.390 muertes de civiles relacionadas con incendios. Muchas de estas muertes y lesiones graves se produjeron en incendios de estructuras residenciales, incendios de estructuras no residenciales e incendios de veh\u00edculos. Asimismo, las lesiones por quemaduras y las afecciones subsiguientes pueden derivarse de productos defectuosos, negligencias m\u00e9dicas e incidentes laborales.<\/p>\n\n\n\n<p>Adem\u00e1s de determinar la causa de una lesi\u00f3n por quemadura, determinar la clasificaci\u00f3n de gravedad basada en la profundidad y el tama\u00f1o es vital en un caso legal de lesi\u00f3n por quemadura. Estas determinaciones son cruciales para un abogado a la hora de evaluar los da\u00f1os que un superviviente de una lesi\u00f3n por quemadura puede recuperar.<\/p>\n\n\n\n<h3 class=\"wp-block-heading\">\u00bfCu\u00e1les son los s\u00edntomas de las quemaduras?<\/h3>\n\n\n\n<p>Las lesiones por quemaduras implican la destrucci\u00f3n de tejidos y pueden estar relacionadas con diversas respuestas fisiol\u00f3gicas. Tras una quemadura, el cuerpo desencadena una respuesta de estr\u00e9s inmediata y local. Una v\u00edctima de quemaduras puede notar la aparici\u00f3n de dolor intenso, ampollas, enrojecimiento, hinchaz\u00f3n y piel negra carbonizada.<\/p>\n\n\n\n<p>Las lesiones resultantes de una quemadura var\u00edan en funci\u00f3n del tipo de quemadura y de la duraci\u00f3n de la exposici\u00f3n. Por ejemplo, la grasa caliente puede causar una quemadura profunda inmediata, mientras que las quemaduras por descamaci\u00f3n pueden causar s\u00f3lo lesiones superficiales. Por otra parte, las quemaduras \u00e1cidas provocan co\u00e1gulos de sangre, mientras que las lesiones el\u00e9ctricas pueden causar da\u00f1os profundos en los tejidos. En algunos casos, las lesiones por quemaduras pueden provocar traumatismos relacionados, como lesiones cerebrales traum\u00e1ticas, lesiones abdominales o lesiones en la cavidad tor\u00e1cica.<\/p>\n\n\n\n<p>El ciclo inflamatorio puede ser complejo, y la creaci\u00f3n de un plan de tratamiento eficaz con un m\u00e9dico es fundamental. El m\u00e9dico tendr\u00e1 que determinar el grado de la quemadura para discutir los siguientes pasos para la recuperaci\u00f3n.<\/p>\n\n\n\n<h3 class=\"wp-block-heading\">Diferentes grados de lesiones por quemaduras<\/h3>\n\n\n\n<p>La clasificaci\u00f3n de las quemaduras depende de la profundidad y gravedad con que penetran en la superficie de la piel. El grado de las quemaduras incluye:<\/p>\n\n\n\n<ul class=\"wp-block-list\">\n<li><strong>Quemaduras de primer grado<\/strong>: Estas quemaduras afectan a la capa m\u00e1s superficial de la piel y suelen ser superficiales. Estas quemaduras suelen producir enrojecimiento de la piel y el dolor suele ser de duraci\u00f3n limitada.<\/li>\n\n\n\n<li><strong>Quemaduras de segundo grado<\/strong>: Estas quemaduras son superficiales pero suelen ir acompa\u00f1adas de dolor y requieren vendajes y cuidados de la herida. Aunque estas quemaduras no suelen requerir cirug\u00eda, pueden dejar cicatrices.<\/li>\n\n\n\n<li><strong>Quemaduras de tercer grado<\/strong>: Estas quemaduras se extienden por toda la dermis (la segunda capa de la piel) y requieren protecci\u00f3n frente a la infecci\u00f3n.<\/li>\n\n\n\n<li><strong>Quemaduras de cuarto grado<\/strong>: Estas quemaduras afectan a los tejidos profundos y pueden provocar la p\u00e9rdida de la parte del cuerpo quemada.<\/li>\n<\/ul>\n\n\n\n<p>En muchos casos, la gravedad o el grado de una quemadura no se aprecian con facilidad, sino que el alcance total de la lesi\u00f3n puede desarrollarse a lo largo de varios d\u00edas.<\/p>\n\n\n\n<h3 class=\"wp-block-heading\">Tipos comunes de lesiones por quemaduras<\/h3>\n\n\n\n<p>Las quemaduras acompa\u00f1adas de una respuesta inflamatoria, cambios metab\u00f3licos o shock pueden ser dif\u00edciles de tratar. Las categor\u00edas de quemaduras m\u00e1s comunes incluyen:<\/p>\n\n\n\n<ul class=\"wp-block-list\">\n<li><strong>Radiaci\u00f3n<\/strong> - Las quemaduras por radiaci\u00f3n pueden ser consecuencia de procedimientos m\u00e9dicos, como la radioterapia y la tecnolog\u00eda m\u00e9dica de diagn\u00f3stico por imagen. La gravedad de una quemadura por radiaci\u00f3n depende del tipo de radiaci\u00f3n. Por ejemplo, la sobreexposici\u00f3n a los rayos gamma provoca quemaduras intensas, mientras que la sobreexposici\u00f3n a las ondas beta crea quemaduras menos profundas.<\/li>\n\n\n\n<li><strong>T\u00e9rmico<\/strong> - Las quemaduras t\u00e9rmicas se producen por la exposici\u00f3n a un calor extremo. El ejemplo m\u00e1s com\u00fan es cuando entras en <a href=\"https:\/\/www.steinberglawfirm.com\/articles\/first-aid-for-flame-burns\/\" target=\"_blank\" rel=\"noopener\">contacto con una llama abierta<\/a>. Cuanto m\u00e1s caliente est\u00e9 el objeto que entra en contacto con la piel, cuanto m\u00e1s prolongado sea el contacto, m\u00e1s grave ser\u00e1 la quemadura.<\/li>\n\n\n\n<li><strong>El\u00e9ctrico<\/strong> - Las quemaduras el\u00e9ctricas se producen cuando una corriente el\u00e9ctrica entra en contacto con el cuerpo o penetra en \u00e9l. Cuando la electricidad entra en el cuerpo humano, la corriente el\u00e9ctrica se ralentiza, lo que provoca la acumulaci\u00f3n de calor y puede dar lugar a <a href=\"https:\/\/www.steinberglawfirm.com\/articles\/first-aid-for-electrical-burns\/\" target=\"_blank\" rel=\"noopener\">lesiones internas graves<\/a>. La mayor\u00eda de las quemaduras el\u00e9ctricas se producen en el lugar de trabajo.<\/li>\n\n\n\n<li><strong>Inhalaci\u00f3n<\/strong> - Las quemaduras por inhalaci\u00f3n son el resultado de la inhalaci\u00f3n de una sustancia caliente o t\u00f3xica. Estas quemaduras tambi\u00e9n pueden clasificarse como quemaduras por escaldadura o quemaduras qu\u00edmicas.<\/li>\n\n\n\n<li><strong>Qu\u00edmica<\/strong> - Las quemaduras qu\u00edmicas se producen despu\u00e9s de <a href=\"https:\/\/www.steinberglawfirm.com\/articles\/first-aid-for-chemical-burns\/\" target=\"_blank\" rel=\"noopener\">encuentro con sustancias qu\u00edmicas t\u00f3xicas<\/a>. Muchas quemaduras qu\u00edmicas est\u00e1n causadas por productos de limpieza, y la mayor\u00eda de las quemaduras qu\u00edmicas se producen en el hogar o en el lugar de trabajo.<\/li>\n<\/ul>\n\n\n\n<p>Cada una de estas quemaduras puede causar da\u00f1os musculares, pulmonares, cerebrales y p\u00e9rdida de movilidad. Como resultado, las v\u00edctimas de lesiones por quemaduras a menudo se enfrentan a enormes gastos m\u00e9dicos y limitaciones f\u00edsicas. Interponer una demanda por lesiones por quemaduras puede ayudar a compensar a las v\u00edctimas por los gastos relacionados con el accidente y el impacto que el incidente tuvo en su vida.<\/p>\n\n\n\n<h3 class=\"wp-block-heading\">Reclamaciones por responsabilidad civil por productos defectuosos y lesiones por quemaduras<\/h3>\n\n\n\n<p>En algunos casos, las lesiones por quemaduras y la muerte pueden deberse a la negligencia de una empresa, un fabricante o un minorista. En Charleston, South Carolina, estas entidades pueden ser responsables de lesiones por quemaduras y muerte si dise\u00f1an, comercializan, producen o distribuyen negligentemente un producto que causa una quemadura.<\/p>\n\n\n\n<p><a href=\"https:\/\/www.steinberglawfirm.com\/personal-injury\/dangerous-products\/\" target=\"_blank\" rel=\"noopener\">Productos defectuosos<\/a> pueden causar quemaduras el\u00e9ctricas, qu\u00edmicas y por inhalaci\u00f3n. Algunos ejemplos de c\u00f3mo un producto defectuoso puede provocar lesiones por quemaduras son:<\/p>\n\n\n\n<ul class=\"wp-block-list\">\n<li>Calefactores el\u00e9ctricos defectuosos;<\/li>\n\n\n\n<li>Ropa infantil fabricada con material inflamable propenso a prenderse fuego;<\/li>\n\n\n\n<li>Dispositivo m\u00e9dico o medicamento defectuoso que quema la piel de una persona;<\/li>\n\n\n\n<li>Productos cosm\u00e9ticos peligrosos;<\/li>\n\n\n\n<li>Explosi\u00f3n de bater\u00edas en tel\u00e9fonos m\u00f3viles, coches, carritos de golf y cigarrillos electr\u00f3nicos;<\/li>\n\n\n\n<li>Piezas de autom\u00f3vil defectuosas que pueden sobrecalentarse y explotar a altas temperaturas.<\/li>\n<\/ul>\n\n\n\n<p>Estos incidentes pueden dejar a una persona con da\u00f1os f\u00edsicos y psicol\u00f3gicos de por vida, afectando a su potencial para ganarse la vida y realizar sus actividades cotidianas habituales.<\/p>\n\n\n\n<h3 class=\"wp-block-heading\">Lesiones por quemaduras relacionadas con el trabajo<\/h3>\n\n\n\n<p>Las quemaduras son una de las principales causas de accidentes laborales, con m\u00e1s de 14.000 personas que pierden al menos un d\u00eda de trabajo debido a una lesi\u00f3n por quemadura. Aunque los trabajadores de muchas ocupaciones pueden sufrir una lesi\u00f3n por quemadura, algunos de los campos m\u00e1s peligrosos cuando se trata de quemaduras incluyen:<\/p>\n\n\n\n<ul class=\"wp-block-list\">\n<li>Servicios de alojamiento y alimentaci\u00f3n,<\/li>\n\n\n\n<li>Fabricaci\u00f3n,<\/li>\n\n\n\n<li>Construcci\u00f3n, y<\/li>\n\n\n\n<li>Asistencia sanitaria y social.<\/li>\n<\/ul>\n\n\n\n<p>Las quemaduras en el lugar de trabajo pueden producirse por fuego, electricidad, productos qu\u00edmicos, vapor y fricci\u00f3n. En estos casos, la v\u00edctima debe <a href=\"https:\/\/www.steinberglawfirm.com\/contact-us\/\" target=\"_blank\" rel=\"noopener\">p\u00f3ngase en contacto con un abogado especializado en quemaduras Charleston<\/a> para hablar de sus derechos y recursos ante la ley.<\/p>\n\n\n\n<p>Un abogado con experiencia en lesiones por quemaduras Charleston, South Carolina puede ayudar a las v\u00edctimas a determinar la culpa y repartir la responsabilidad. En algunos casos, quienes sufren una <a href=\"https:\/\/www.steinberglawfirm.com\/workers-compensation\/workers-compensation-for-an-employee-who-suffers-a-burn-injury\/\" target=\"_blank\" rel=\"noopener\">quemaduras en el trabajo<\/a> pueden reclamar una indemnizaci\u00f3n laboral. Sin embargo, el sistema de compensaci\u00f3n de los trabajadores a menudo no proporciona a las v\u00edctimas de lesiones por quemaduras una compensaci\u00f3n suficiente para cubrir todos los gastos relacionados con el accidente, y mucho menos les proporciona una indemnizaci\u00f3n suficiente por todo lo que han pasado.<\/p>\n\n\n\n<h3 class=\"wp-block-heading\">Tipos de da\u00f1os y perjuicios en una demanda por quemaduras South Carolina<\/h3>\n\n\n\n<p>En el South Carolina, una v\u00edctima de quemaduras puede reclamar ciertos da\u00f1os y perjuicios por sus lesiones y p\u00e9rdidas. Estos da\u00f1os incluyen da\u00f1os econ\u00f3micos o da\u00f1os no econ\u00f3micos.<\/p>\n\n\n\n<p>Los da\u00f1os econ\u00f3micos se refieren a las p\u00e9rdidas y gastos financieros que experimenta una v\u00edctima a causa de la negligencia de la parte responsable. Se trata de p\u00e9rdidas tangibles, como facturas m\u00e9dicas, gastos de reparaci\u00f3n y salarios perdidos.<\/p>\n\n\n\n<p>Los da\u00f1os no econ\u00f3micos suelen ser p\u00e9rdidas intangibles y no monetarias causadas por el siniestro. Estos da\u00f1os incluyen dolor y sufrimiento, angustia mental, angustia emocional y p\u00e9rdida de consorcio.<\/p>\n\n\n\n<p>Los da\u00f1os punitivos rara vez se aplican y est\u00e1n dise\u00f1ados para castigar a la parte responsable por una conducta particularmente atroz o maliciosa. Aunque el South Carolina permite estas indemnizaciones en casos de accidente, la ley impone ciertas limitaciones.<\/p>\n\n\n\n<h3 class=\"wp-block-heading\">Qu\u00e9 son las tapas de da\u00f1os en South Carolina<\/h3>\n\n\n\n<p>Seg\u00fan la ley South Carolina, las v\u00edctimas pueden reclamar da\u00f1os econ\u00f3micos, no econ\u00f3micos y punitivos; sin embargo, existen l\u00edmites financieros espec\u00edficos para la indemnizaci\u00f3n. No hay l\u00edmites a los da\u00f1os monetarios, pero los demandantes deben poder presentar pruebas de sus p\u00e9rdidas.<\/p>\n\n\n\n<p>Adem\u00e1s, existen l\u00edmites m\u00e1ximos de indemnizaci\u00f3n por da\u00f1os no econ\u00f3micos en los casos de negligencia m\u00e9dica. El l\u00edmite de indemnizaci\u00f3n por <a href=\"https:\/\/www.steinberglawfirm.com\/personal-injury\/medical-malpractice\/\" target=\"_blank\" rel=\"noopener\">reclamaciones por negligencia m\u00e9dica<\/a> depende de la naturaleza de la demanda. South Carolina ley limita los da\u00f1os punitivos al triple del valor de los da\u00f1os compensatorios o $500.000.<\/p>\n\n\n\n<p>Es importante se\u00f1alar que los l\u00edmites m\u00e1ximos de da\u00f1os del Estado est\u00e1n sujetos a cambios y se ajustar\u00e1n en funci\u00f3n del \u00cdndice de Precios al Consumo (IPC). Al final del a\u00f1o fiscal, el Consejo de Asesores Econ\u00f3micos revisa el IPC para determinar si debe haber alg\u00fan cambio en los l\u00edmites.<\/p>\n\n\n\n<h3 class=\"wp-block-heading\">C\u00f3mo se aplican las leyes de negligencia comparativa a las lesiones por quemaduras<\/h3>\n\n\n\n<p>Tambi\u00e9n es esencial que las v\u00edctimas de lesiones entiendan c\u00f3mo las leyes de negligencia comparativa del estado se aplican a sus accidentes por quemaduras. South Carolina sigue la teor\u00eda de la negligencia comparativa modificada. Seg\u00fan este planteamiento, la culpa o responsabilidad de una v\u00edctima puede reducir la indemnizaci\u00f3n a que da derecho la ley. Las v\u00edctimas pueden recibir una indemnizaci\u00f3n si tienen menos de 51% de culpa en el accidente que caus\u00f3 sus lesiones. Por ejemplo, si una v\u00edctima es responsable en un 10% del accidente y sus da\u00f1os ascienden a $200.000, recuperar\u00eda $180.000 ($200.000 menos el 10%). Sin embargo, si la misma persona fuera declarada responsable en un 55%, no recibir\u00eda indemnizaci\u00f3n alguna.<\/p>\n\n\n\n<p>Los casos de lesiones laborales son diferentes. En un <a href=\"https:\/\/www.steinberglawfirm.com\/workers-compensation\/\" target=\"_blank\" rel=\"noopener\">caso de indemnizaci\u00f3n de los trabajadores<\/a>no existe responsabilidad ni parte negligente. Si se lesiona en el trabajo, aunque haya cometido un error que le haya causado la lesi\u00f3n, sigue teniendo derecho a cobrar una indemnizaci\u00f3n en virtud del sistema de compensaci\u00f3n de los trabajadores South Carolina.<\/p>\n\n\n\n<h3 class=\"wp-block-heading\">P\u00f3ngase en contacto con un abogado especializado en lesiones por quemaduras Charleston para obtener asistencia inmediata con su reclamaci\u00f3n.<\/h3>\n\n\n\n<p>Si usted o alguien cercano a usted <a href=\"https:\/\/www.steinberglawfirm.com\/personal-injury\/auto-accidents\/burn-injury\/\" target=\"_blank\" rel=\"noopener\">sufri\u00f3 quemaduras graves relacionadas con un coche<\/a> accidente laboral o se quem\u00f3 con un producto peligroso o defectuoso, p\u00f3ngase en contacto con los abogados especializados en quemaduras Charleston del bufete de abogados <a href=\"https:\/\/www.steinberglawfirm.com\/\" target=\"_blank\" rel=\"noopener\">Steinberg Law Firm<\/a>.<\/p>\n\n\n\n<p>El <a href=\"https:\/\/www.steinberglawfirm.com\/personal-injury\/personal-injury-lawyers\/\" target=\"_blank\" rel=\"noopener\">abogados especializados en lesiones personales South Carolina<\/a> en el Steinberg Law Firm puede ayudarle a comprender sus derechos y a exigir responsabilidades econ\u00f3micas a las partes responsables de sus lesiones.<\/p>\n\n\n\n<p>Hemos servido al \u00e1rea metropolitana Charleston durante casi 100 a\u00f1os y consideramos un honor continuar nuestra larga tradici\u00f3n de proporcionar una representaci\u00f3n excepcional a aquellos que m\u00e1s lo necesitan. Para obtener m\u00e1s informaci\u00f3n y <a href=\"https:\/\/www.steinberglawfirm.com\/free-consultation\/\" target=\"_blank\" rel=\"noopener\">programar una consulta gratuita<\/a> con un abogado de lesiones por quemadura Charleston, <a href=\"tel:1-843-720-2800\">llame al 843-720-2800<\/a> hoy mismo. Tambi\u00e9n puede ponerse en contacto con nosotros a trav\u00e9s de <a href=\"https:\/\/www.steinberglawfirm.com\/contact-us\/\" target=\"_blank\" rel=\"noopener\">formulario de contacto en l\u00ednea<\/a>.<\/p>","protected":false},"excerpt":{"rendered":"<p>Charleston Abogado de Lesiones por Quemaduras Abogados de Lesiones Personales Sirviendo a los Condados de Berkeley y Dorchester Por M\u00e1s de 95 A\u00f1os Las lesiones por quemaduras pueden crear impedimentos f\u00edsicos permanentes y tener un efecto devastador en la autoestima de uno. Aunque las quemaduras de primer grado pueden ser leves, las quemaduras de segundo, tercer y cuarto grado requieren un examen y tratamiento adicionales. Las quemaduras tienen altas tasas de morbilidad y mortalidad, y...<\/p>","protected":false},"author":1,"featured_media":23766,"parent":9348,"menu_order":0,"comment_status":"closed","ping_status":"closed","template":"","meta":{"_acf_changed":false,"footnotes":""},"class_list":["post-23750","page","type-page","status-publish","has-post-thumbnail","hentry"],"acf":[],"_links":{"self":[{"href":"https:\/\/steinberglawfirm-staging.clmcloud.app\/es\/wp-json\/wp\/v2\/pages\/23750"}],"collection":[{"href":"https:\/\/steinberglawfirm-staging.clmcloud.app\/es\/wp-json\/wp\/v2\/pages"}],"about":[{"href":"https:\/\/steinberglawfirm-staging.clmcloud.app\/es\/wp-json\/wp\/v2\/types\/page"}],"author":[{"embeddable":true,"href":"https:\/\/steinberglawfirm-staging.clmcloud.app\/es\/wp-json\/wp\/v2\/users\/1"}],"replies":[{"embeddable":true,"href":"https:\/\/steinberglawfirm-staging.clmcloud.app\/es\/wp-json\/wp\/v2\/comments?post=23750"}],"version-history":[{"count":19,"href":"https:\/\/steinberglawfirm-staging.clmcloud.app\/es\/wp-json\/wp\/v2\/pages\/23750\/revisions"}],"predecessor-version":[{"id":23849,"href":"https:\/\/steinberglawfirm-staging.clmcloud.app\/es\/wp-json\/wp\/v2\/pages\/23750\/revisions\/23849"}],"up":[{"embeddable":true,"href":"https:\/\/steinberglawfirm-staging.clmcloud.app\/es\/wp-json\/wp\/v2\/pages\/9348"}],"wp:featuredmedia":[{"embeddable":true,"href":"https:\/\/steinberglawfirm-staging.clmcloud.app\/es\/wp-json\/wp\/v2\/media\/23766"}],"wp:attachment":[{"href":"https:\/\/steinberglawfirm-staging.clmcloud.app\/es\/wp-json\/wp\/v2\/media?parent=23750"}],"curies":[{"name":"wp","href":"https:\/\/api.w.org\/{rel}","templated":true}]}}