{"id":2304,"date":"2017-08-16T01:48:03","date_gmt":"2017-08-16T01:48:03","guid":{"rendered":"https:\/\/www.steinberglawfirm.com\/?page_id=2304"},"modified":"2018-10-09T19:56:16","modified_gmt":"2018-10-09T19:56:16","slug":"news","status":"publish","type":"page","link":"https:\/\/steinberglawfirm-staging.clmcloud.app\/es\/noticias\/","title":{"rendered":"Noticias"},"content":{"rendered":"<h1>Noticias<\/h1>\n<p>Estamos aqu\u00ed para servirle, y nuestros experimentados abogados trabajan duro para conseguir la justicia y la compensaci\u00f3n que usted merece seg\u00fan la ley. Tambi\u00e9n creemos que es nuestra obligaci\u00f3n mantener a nuestros clientes informados sobre temas relacionados con las lesiones personales, la compensaci\u00f3n de los trabajadores, el trabajo y las lesiones de la construcci\u00f3n, as\u00ed como las noticias sobre la firma.<\/p>\n<p>Para ello, hemos reunido esta lista de nuevos recursos para usted mientras navega por el proceso de lesiones personales. Si tiene preguntas sobre un \u00e1rea espec\u00edfica de la ley o un asunto que le afecta, no dude en llamarnos al (843) 720-2800. <\/p>\n<ul class=\"list-pages-shortcode child-pages\"><li class=\"page_item page-item-2681\"><a href=\"https:\/\/steinberglawfirm-staging.clmcloud.app\/es\/noticias\/la-primera-vez-que-me-nombraron-para-representar-a-un-acusado-de-pena-de-muerte\/\">\"La primera vez que me designaron para representar a un acusado de pena de muerte\"<\/a><\/li>\n<li class=\"page_item page-item-2683\"><a href=\"https:\/\/steinberglawfirm-staging.clmcloud.app\/es\/noticias\/abogado-van-slambrook-nombrado-presidente-del-barrio-de-berkeley\/\">El abogado Van Slambrook es nombrado presidente del Colegio de Abogados del Condado de Berkeley<\/a><\/li>\n<li class=\"page_item page-item-2711\"><a href=\"https:\/\/steinberglawfirm-staging.clmcloud.app\/es\/noticias\/crosland-pearlman-white-incluido-en-los-mejores-abogados-de-america-para-2014\/\">Crosland, Pearlman White incluidos en The Best Lawyers in America para 2014<\/a><\/li>\n<li class=\"page_item page-item-2685\"><a href=\"https:\/\/steinberglawfirm-staging.clmcloud.app\/es\/noticias\/el-abogado-steinberg-es-nombrado-para-el-comite-de-compensacion-de-los-trabajadores-del-estado\/\">Abogado de Steinberg nombrado para el Comit\u00e9 de Compensaci\u00f3n de Trabajadores del Estado<\/a><\/li>\n<li class=\"page_item page-item-2687\"><a href=\"https:\/\/steinberglawfirm-staging.clmcloud.app\/es\/noticias\/steinberg-law-firm-celebracion-de-los-80-anos-de-servicio-prestando-ocho-meses-de-servicio-a-organizaciones-beneficas-locales\/\">Steinberg Law Firm Celebra 80 a\u00f1os de servicio prestando ocho meses de servicio a organizaciones ben\u00e9ficas locales<\/a><\/li>\n<li class=\"page_item page-item-2689\"><a href=\"https:\/\/steinberglawfirm-staging.clmcloud.app\/es\/noticias\/steinberg-law-firm-creates-novel-program-for-helping-to-feeding-lowcountry-residents\/\">Steinberg Law Firm crea un novedoso programa para ayudar a alimentar a los habitantes de los bajos fondos<\/a><\/li>\n<li class=\"page_item page-item-2691\"><a href=\"https:\/\/steinberglawfirm-staging.clmcloud.app\/es\/noticias\/steinberg-law-firm-expands-summerville-team\/\">Steinberg Law Firm ampl\u00eda el equipo Summerville<\/a><\/li>\n<li class=\"page_item page-item-2693\"><a href=\"https:\/\/steinberglawfirm-staging.clmcloud.app\/es\/noticias\/steinberg-law-firm-listed-in-u-s-news-best-law-firms-of-2015\/\">Steinberg Law Firm Aparece en la lista de los \"mejores bufetes\" de 2015 de U.S. News<\/a><\/li>\n<li class=\"page_item page-item-2695\"><a href=\"https:\/\/steinberglawfirm-staging.clmcloud.app\/es\/noticias\/steinberg-law-firm-named-best-in-state-for-workers-compensation-advocacy\/\">Steinberg Law Firm nombrado el mejor del estado en defensa de la compensaci\u00f3n de los trabajadores<\/a><\/li>\n<li class=\"page_item page-item-2697\"><a href=\"https:\/\/steinberglawfirm-staging.clmcloud.app\/es\/noticias\/steinberg-law-firm-partner-honored-for-keeping-dream-alive\/\">Un socio de Steinberg Law Firm es premiado por mantener vivo su sue\u00f1o<\/a><\/li>\n<li class=\"page_item page-item-2699\"><a href=\"https:\/\/steinberglawfirm-staging.clmcloud.app\/es\/noticias\/steinberg-law-firm-proud-to-announce-1-9m-verdict-in-auto-tort-case\/\">Steinberg Law Firm Orgulloso de anunciar un veredicto de $1,9M en un caso de da\u00f1os a autom\u00f3viles<\/a><\/li>\n<li class=\"page_item page-item-2701\"><a href=\"https:\/\/steinberglawfirm-staging.clmcloud.app\/es\/noticias\/steinberg-law-firms-david-pearlman-earns-se-ubica-en-el-ranking-nacional-de-los-mejores-abogados\/\">Steinberg Law Firms David Pearlman se sit\u00faa en el ranking nacional de los mejores abogados<\/a><\/li>\n<li class=\"page_item page-item-2705\"><a href=\"https:\/\/steinberglawfirm-staging.clmcloud.app\/es\/noticias\/la-verdadera-razon-para-el-mayor-precio-de-los-trabajadores\/\">La verdadera raz\u00f3n del aumento de las primas de la compensaci\u00f3n de los trabajadores<\/a><\/li>\n<li class=\"page_item page-item-2306\"><a href=\"https:\/\/steinberglawfirm-staging.clmcloud.app\/es\/noticias\/tres-abogados-mejores-abogados\/\">Tres abogados del Steinberg Law Firm figuran entre los mejores del pa\u00eds<\/a><\/li>\n<li class=\"page_item page-item-2709\"><a href=\"https:\/\/steinberglawfirm-staging.clmcloud.app\/es\/noticias\/dos-socios-de-la-firma-de-abogados-steinberg-nombrados-como-los-mejores-abogados-de-estados-unidos\/\">Dos socios de Steinberg Law Firm nombrados entre los mejores abogados de Estados Unidos<\/a><\/li>\n<\/ul>","protected":false},"excerpt":{"rendered":"<p>Noticias Estamos aqu\u00ed para servirle, y nuestros experimentados abogados trabajan duro para conseguir la justicia y la compensaci\u00f3n que usted merece seg\u00fan la ley. Tambi\u00e9n creemos que es nuestra obligaci\u00f3n mantener a nuestros clientes informados sobre temas relacionados con las lesiones personales, la compensaci\u00f3n de los trabajadores, el trabajo y las lesiones de la construcci\u00f3n, as\u00ed como las noticias...<\/p>","protected":false},"author":1,"featured_media":0,"parent":0,"menu_order":0,"comment_status":"closed","ping_status":"closed","template":"","meta":{"_acf_changed":false,"footnotes":""},"class_list":["post-2304","page","type-page","status-publish","hentry"],"acf":[],"_links":{"self":[{"href":"https:\/\/steinberglawfirm-staging.clmcloud.app\/es\/wp-json\/wp\/v2\/pages\/2304"}],"collection":[{"href":"https:\/\/steinberglawfirm-staging.clmcloud.app\/es\/wp-json\/wp\/v2\/pages"}],"about":[{"href":"https:\/\/steinberglawfirm-staging.clmcloud.app\/es\/wp-json\/wp\/v2\/types\/page"}],"author":[{"embeddable":true,"href":"https:\/\/steinberglawfirm-staging.clmcloud.app\/es\/wp-json\/wp\/v2\/users\/1"}],"replies":[{"embeddable":true,"href":"https:\/\/steinberglawfirm-staging.clmcloud.app\/es\/wp-json\/wp\/v2\/comments?post=2304"}],"version-history":[{"count":0,"href":"https:\/\/steinberglawfirm-staging.clmcloud.app\/es\/wp-json\/wp\/v2\/pages\/2304\/revisions"}],"wp:attachment":[{"href":"https:\/\/steinberglawfirm-staging.clmcloud.app\/es\/wp-json\/wp\/v2\/media?parent=2304"}],"curies":[{"name":"wp","href":"https:\/\/api.w.org\/{rel}","templated":true}]}}