{"id":2297,"date":"2017-08-16T01:42:20","date_gmt":"2017-08-16T01:42:20","guid":{"rendered":"https:\/\/www.steinberglawfirm.com\/?page_id=2297"},"modified":"2022-04-19T00:44:22","modified_gmt":"2022-04-19T00:44:22","slug":"distracted-driving-and-auto-accidents","status":"publish","type":"page","link":"https:\/\/steinberglawfirm-staging.clmcloud.app\/es\/lesiones-personales\/accidentes-de-trafico-2\/conduccion-distraida-y-accidentes-de-trafico-2\/","title":{"rendered":"Accidentes por distracci\u00f3n al volante"},"content":{"rendered":"<h1 class=\"wp-block-heading\">Accidentes por distracci\u00f3n al volante<\/h1>\n\n\n\n<div style=\"height:15px\" aria-hidden=\"true\" class=\"wp-block-spacer\"><\/div>\n\n\n\n<p>Con la tecnolog\u00eda actual, hay numerosas fuentes de distracci\u00f3n todo el tiempo, incluso cuando se est\u00e1 conduciendo. A pesar de lo que ciertas leyes permiten y no permiten, la conducci\u00f3n distra\u00edda sigue siendo una causa de accidentes automovil\u00edsticos.<\/p>\n\n\n\n<p>Algunas de las fuentes m\u00e1s comunes de distracci\u00f3n al volante son:<\/p>\n\n\n\n<ul class=\"wp-block-list\"><li>Hablar con un dispositivo m\u00f3vil<\/li><li>Mensajes de texto<\/li><li>Utilizar un GPS o un sistema de infoentretenimiento en el salpicadero<\/li><li>Comer y beber<\/li><li>Conversaci\u00f3n con los pasajeros<\/li><li>Leer<\/li><li>Aseo personal<\/li><\/ul>\n\n\n\n<p>La distracci\u00f3n puede ser visual, manual o cognitiva. Cualquier cosa que aleje los ojos, las manos o la mente de la tarea de conducir es una distracci\u00f3n. Pasar por delante de los accidentes en la carretera puede ser incluso una distracci\u00f3n tal que los conductores provoquen otro accidente.<\/p>\n\n\n\n<p>Si cree que el accidente de coche que le lesion\u00f3 fue causado por un conductor distra\u00eddo, entonces puede considerar la posibilidad de presentar una demanda adem\u00e1s de la indemnizaci\u00f3n de su seguro.<\/p>\n\n\n\n<div style=\"height:20px\" aria-hidden=\"true\" class=\"wp-block-spacer\"><\/div>\n\n\n\n<div style=\"height:20px\" aria-hidden=\"true\" class=\"wp-block-spacer\"><\/div>\n\n\n\n<h2 class=\"has-text-align-left wp-block-heading\">Contacto con el Steinberg Law Firm <\/h2>\n\n\n\n<p>Cuando se conduce por una autopista con mucho tr\u00e1fico, es importante que todos los que circulan por ella mantengan un rango com\u00fan de velocidades. Todos sabemos que un coche que va demasiado r\u00e1pido en las autopistas de South Carolina puede causar un&nbsp;<a href=\"https:\/\/www.steinberglawfirm.com\/practice-areas\/auto-accidents\/\" target=\"_blank\" rel=\"noopener\">accidente de tr\u00e1fico<\/a>Pero es f\u00e1cil olvidar que los coches que van demasiado despacio tambi\u00e9n pueden ser un peligro. Si un coche que circula por el l\u00edmite de velocidad ve bloqueada su trayectoria por un coche que circula por debajo del l\u00edmite de velocidad, es posible que no pueda reducir la velocidad a tiempo para evitar un accidente.<\/p>\n\n\n\n<p>Teniendo esto en cuenta, la C\u00e1mara de Representantes South Carolina aprob\u00f3 recientemente un proyecto de ley destinado a animar a los conductores m\u00e1s lentos a permanecer en el carril derecho en las carreteras interestatales. El proyecto de ley a\u00f1adir\u00eda mensajes a las se\u00f1ales digitales de carretera para recordar a los conductores esta norma.<\/p>\n\n\n\n<p>En South Carolina, los coches est\u00e1n obligados por ley a permanecer en el carril derecho a menos que:<\/p>\n\n\n\n<ul class=\"wp-block-list\"><li>Est\u00e1n pasando a un coche m\u00e1s lento<\/li><li>Un equipo de construcci\u00f3n ha cerrado el carril derecho<\/li><li>Un coche u otro obst\u00e1culo bloquea el carril derecho<\/li><li>Hay un veh\u00edculo de emergencia estacionado justo al lado del carril derecho<\/li><\/ul>\n\n\n\n<p>En todos los dem\u00e1s casos, los conductores South Carolina deben permanecer en el carril derecho, y pueden pagar un precio si no lo hacen. La Patrulla de Carreteras del estado informa de que ha puesto m\u00e1s de 1.000 multas a conductores que conduc\u00edan por debajo del l\u00edmite m\u00ednimo de velocidad, que circulaban por el carril izquierdo sin motivo, o ambas cosas. En general, la culpa de una colisi\u00f3n por detr\u00e1s la tiene el conductor que va detr\u00e1s, pero si la colisi\u00f3n no se pudo evitar por una imprudencia o&nbsp;<a href=\"https:\/\/www.steinberglawfirm.com\/practice-areas\/auto-accidents\/distracted-driving-and-auto-accidents\/\" target=\"_blank\" rel=\"noopener\">conductor distra\u00eddo<\/a>&nbsp;va demasiado lento, el caso puede ser m\u00e1s complicado.<\/p>\n\n\n\n<p>Si ha sufrido un accidente de tr\u00e1fico con un conductor que iba por debajo del l\u00edmite de velocidad y que ha provocado una obstrucci\u00f3n en la carretera, p\u00f3ngase en contacto con los abogados especializados en accidentes de tr\u00e1fico del bufete Steinberg Law Firm. Se puede contactar con nosotros en l\u00ednea o por tel\u00e9fono en&nbsp;<strong><a href=\"tel: 18437202800\">843-720-2800<\/a><\/strong>y atender a los clientes en Charleston, South Carolina y las comunidades circundantes.<\/p>","protected":false},"excerpt":{"rendered":"<p>Accidentes por conducci\u00f3n distra\u00edda Con la tecnolog\u00eda actual, hay numerosas fuentes de distracci\u00f3n todo el tiempo, incluso cuando se est\u00e1 conduciendo. A pesar de lo que ciertas leyes permiten y no permiten, la conducci\u00f3n distra\u00edda sigue siendo una causa de accidentes automovil\u00edsticos. Algunas de las fuentes m\u00e1s comunes de conducci\u00f3n distra\u00edda son Hablar por un dispositivo m\u00f3vil Enviar mensajes de texto Usar un...<\/p>","protected":false},"author":1,"featured_media":15188,"parent":760,"menu_order":0,"comment_status":"closed","ping_status":"closed","template":"","meta":{"_acf_changed":false,"footnotes":""},"class_list":["post-2297","page","type-page","status-publish","has-post-thumbnail","hentry"],"acf":[],"_links":{"self":[{"href":"https:\/\/steinberglawfirm-staging.clmcloud.app\/es\/wp-json\/wp\/v2\/pages\/2297"}],"collection":[{"href":"https:\/\/steinberglawfirm-staging.clmcloud.app\/es\/wp-json\/wp\/v2\/pages"}],"about":[{"href":"https:\/\/steinberglawfirm-staging.clmcloud.app\/es\/wp-json\/wp\/v2\/types\/page"}],"author":[{"embeddable":true,"href":"https:\/\/steinberglawfirm-staging.clmcloud.app\/es\/wp-json\/wp\/v2\/users\/1"}],"replies":[{"embeddable":true,"href":"https:\/\/steinberglawfirm-staging.clmcloud.app\/es\/wp-json\/wp\/v2\/comments?post=2297"}],"version-history":[{"count":3,"href":"https:\/\/steinberglawfirm-staging.clmcloud.app\/es\/wp-json\/wp\/v2\/pages\/2297\/revisions"}],"predecessor-version":[{"id":19890,"href":"https:\/\/steinberglawfirm-staging.clmcloud.app\/es\/wp-json\/wp\/v2\/pages\/2297\/revisions\/19890"}],"up":[{"embeddable":true,"href":"https:\/\/steinberglawfirm-staging.clmcloud.app\/es\/wp-json\/wp\/v2\/pages\/760"}],"wp:featuredmedia":[{"embeddable":true,"href":"https:\/\/steinberglawfirm-staging.clmcloud.app\/es\/wp-json\/wp\/v2\/media\/15188"}],"wp:attachment":[{"href":"https:\/\/steinberglawfirm-staging.clmcloud.app\/es\/wp-json\/wp\/v2\/media?parent=2297"}],"curies":[{"name":"wp","href":"https:\/\/api.w.org\/{rel}","templated":true}]}}