{"id":2295,"date":"2017-08-16T01:40:50","date_gmt":"2017-08-16T01:40:50","guid":{"rendered":"https:\/\/www.steinberglawfirm.com\/?page_id=2295"},"modified":"2023-05-01T15:52:08","modified_gmt":"2023-05-01T15:52:08","slug":"insurance","status":"publish","type":"page","link":"https:\/\/steinberglawfirm-staging.clmcloud.app\/es\/lesiones-personales\/accidentes-de-trafico-2\/seguro\/","title":{"rendered":"El seguro y su accidente de tr\u00e1fico"},"content":{"rendered":"<h1 class=\"wp-block-heading\">El seguro y su accidente de tr\u00e1fico<\/h1>\n\n\n\n<div style=\"height:15px\" aria-hidden=\"true\" class=\"wp-block-spacer\"><\/div>\n\n\n\n<p>Si usted <a href=\"https:\/\/www.steinberglawfirm.com\/personal-injury\/auto-accidents\/\" target=\"_blank\" rel=\"noopener\">tener un accidente de tr\u00e1fico con otro conductor en South Carolina<\/a>Existen tres formas de solicitar una indemnizaci\u00f3n por da\u00f1os y perjuicios.<br>1. Puede presentar una reclamaci\u00f3n a su compa\u00f1\u00eda de seguros.<br>2. Puedes presentar una reclamaci\u00f3n a la compa\u00f1\u00eda de seguros del otro conductor.<br>3. Puedes presentar una demanda contra el otro conductor.<\/p>\n\n\n\n<p>En la pr\u00e1ctica, esto lleva a un mont\u00f3n de acusaciones. El otro conductor y las dos compa\u00f1\u00edas de seguros suelen intentar negar la responsabilidad y dejarte con la factura.<\/p>\n\n\n\n<p>En <a href=\"https:\/\/www.steinberglawfirm.com\/\" target=\"_blank\" rel=\"noopener\">Steinberg Law Firm<\/a>Nuestros abogados de accidentes de coche tienen mucha experiencia tratando con compa\u00f1\u00edas de seguros y conductores culpables que son reacios a pagar. Por <a href=\"https:\/\/www.steinberglawfirm.com\/contact-us\/\" target=\"_blank\" rel=\"noopener\">contratarnos para representar sus intereses<\/a>ganar\u00e1 un defensor incansable que luchar\u00e1 por conseguir la indemnizaci\u00f3n que se merece.<\/p>\n\n\n\n<h3 class=\"wp-block-heading\">Negociar con peritos de seguros<\/h3>\n\n\n\n<p>Lo ideal es que la v\u00edctima de un accidente de coche sea indemnizada por la totalidad de los costes m\u00e9dicos, financieros y emocionales del accidente. Una de las formas en que las compa\u00f1\u00edas de seguros tratan de evitar el pago de esta cantidad total es ofreci\u00e9ndole una cantidad menor de dinero al principio del proceso, posiblemente incluso antes de que usted sepa cu\u00e1les van a ser los costes totales. Esta es s\u00f3lo una de las formas en que los ajustadores tratan de pagarle menos.<\/p>\n\n\n\n<p>Algunas reglas que hay que seguir al hablar con los peritos de seguros:<\/p>\n\n\n\n<ul class=\"wp-block-list\">\n<li>No aceptes la oferta inicial del perito<\/li>\n\n\n\n<li>Establezca l\u00edmites a sus llamadas con los peritos de seguros<\/li>\n\n\n\n<li>Tome notas de sus conversaciones<\/li>\n\n\n\n<li>No firme nada de la compa\u00f1\u00eda de seguros del otro conductor<\/li>\n\n\n\n<li>Obtenga representaci\u00f3n legal lo antes posible<\/li>\n<\/ul>\n\n\n\n<p>Esa \u00faltima regla es la m\u00e1s importante: la mejor manera de evitar ser presionado en un acuerdo por los ajustadores sin escr\u00fapulos es tener a alguien familiarizado con la ley de accidentes de auto que lo represente. En lugar de tratar de trabajar a trav\u00e9s de un sistema con el que no est\u00e1 familiarizado, dejar las negociaciones a la <a href=\"https:\/\/www.steinberglawfirm.com\/attorney\/\" target=\"_blank\" rel=\"noopener\">experiencia legal de nuestros abogados de accidentes de auto<\/a>.<\/p>\n\n\n\n<h2 class=\"wp-block-heading\">Reclamaci\u00f3n por conductor con seguro insuficiente o sin seguro<\/h2>\n\n\n\n<p>Siempre existe la posibilidad de que el otro conductor en un accidente de tr\u00e1fico no tenga seguro, o tenga <a href=\"https:\/\/www.steinberglawfirm.com\/blog\/what-happens-if-the-person-at-fault-in-a-south-carolina-car-accident-is-underinsured\/\" target=\"_blank\" rel=\"noopener\">seguro insuficiente para cubrir el accidente<\/a>. South Carolina ley obliga a todos los propietarios de autom\u00f3viles a contratar un seguro de motorista sin seguro para estas situaciones, pero si el motorista est\u00e1 simplemente infrasegurado, obtener una indemnizaci\u00f3n adecuada puede resultar dif\u00edcil.<\/p>\n\n\n\n<p>Siempre es una buena idea tener un seguro de motorista con seguro insuficiente incluido en su paquete de seguros. Sin embargo, si no lo tiene, nuestro <a href=\"https:\/\/www.steinberglawfirm.com\/personal-injury\/auto-accidents\/\" target=\"_blank\" rel=\"noopener\">abogados de accidentes de tr\u00e1fico<\/a> har\u00e1 todo lo posible para que reciba lo suficiente para cubrir los gastos del accidente.<\/p>\n\n\n\n<h2 class=\"wp-block-heading\">Representaci\u00f3n de v\u00edctimas de accidentes de tr\u00e1fico<\/h2>\n\n\n\n<p><a href=\"https:\/\/www.steinberglawfirm.com\/\" target=\"_blank\" rel=\"noopener\">Steinberg Law Firm<\/a> vela por sus intereses. Con un <a href=\"https:\/\/www.steinberglawfirm.com\/attorney\/\" target=\"_blank\" rel=\"noopener\">galardonado equipo jur\u00eddico de abogados tenaces y experimentados<\/a>Hemos construido nuestra reputaci\u00f3n tratando a cada cliente con el mismo nivel de respeto y profesionalidad, sin importar el tama\u00f1o de su caso.<\/p>","protected":false},"excerpt":{"rendered":"<p>El seguro y su accidente de coche Si tiene un accidente de coche con otro conductor en South Carolina, hay tres maneras de pedir una indemnizaci\u00f3n por da\u00f1os y perjuicios.1. Puede presentar una reclamaci\u00f3n a su compa\u00f1\u00eda de seguros.2. Puede presentar una reclamaci\u00f3n a la compa\u00f1\u00eda de seguros del otro conductor.3. Puede presentar una demanda contra el otro conductor. Puede presentar una reclamaci\u00f3n a su compa\u00f1\u00eda de seguros.2. Puede presentar una reclamaci\u00f3n a la compa\u00f1\u00eda de seguros del otro conductor.3. Puede presentar una demanda contra el otro conductor. En...<\/p>","protected":false},"author":1,"featured_media":0,"parent":760,"menu_order":0,"comment_status":"closed","ping_status":"closed","template":"","meta":{"_acf_changed":false,"footnotes":""},"class_list":["post-2295","page","type-page","status-publish","hentry"],"acf":[],"_links":{"self":[{"href":"https:\/\/steinberglawfirm-staging.clmcloud.app\/es\/wp-json\/wp\/v2\/pages\/2295"}],"collection":[{"href":"https:\/\/steinberglawfirm-staging.clmcloud.app\/es\/wp-json\/wp\/v2\/pages"}],"about":[{"href":"https:\/\/steinberglawfirm-staging.clmcloud.app\/es\/wp-json\/wp\/v2\/types\/page"}],"author":[{"embeddable":true,"href":"https:\/\/steinberglawfirm-staging.clmcloud.app\/es\/wp-json\/wp\/v2\/users\/1"}],"replies":[{"embeddable":true,"href":"https:\/\/steinberglawfirm-staging.clmcloud.app\/es\/wp-json\/wp\/v2\/comments?post=2295"}],"version-history":[{"count":3,"href":"https:\/\/steinberglawfirm-staging.clmcloud.app\/es\/wp-json\/wp\/v2\/pages\/2295\/revisions"}],"predecessor-version":[{"id":24589,"href":"https:\/\/steinberglawfirm-staging.clmcloud.app\/es\/wp-json\/wp\/v2\/pages\/2295\/revisions\/24589"}],"up":[{"embeddable":true,"href":"https:\/\/steinberglawfirm-staging.clmcloud.app\/es\/wp-json\/wp\/v2\/pages\/760"}],"wp:attachment":[{"href":"https:\/\/steinberglawfirm-staging.clmcloud.app\/es\/wp-json\/wp\/v2\/media?parent=2295"}],"curies":[{"name":"wp","href":"https:\/\/api.w.org\/{rel}","templated":true}]}}