{"id":2289,"date":"2017-08-16T01:33:22","date_gmt":"2017-08-16T01:33:22","guid":{"rendered":"https:\/\/www.steinberglawfirm.com\/?page_id=2289"},"modified":"2022-08-12T18:37:28","modified_gmt":"2022-08-12T18:37:28","slug":"pedestrian-accident","status":"publish","type":"page","link":"https:\/\/steinberglawfirm-staging.clmcloud.app\/es\/lesiones-personales\/accidentes-de-trafico-2\/accidente-de-peaton\/","title":{"rendered":"Accidentes de peatones"},"content":{"rendered":"<h1 class=\"wp-block-heading\">Charleston, South Carolina Abogado de accidentes de peatones<\/h1>\n\n\n\n<div style=\"height:20px\" aria-hidden=\"true\" class=\"wp-block-spacer\"><\/div>\n\n\n\n<p>Cuando un veh\u00edculo colisiona con un peat\u00f3n desprotegido, el balance de da\u00f1os y lesiones es muy diferente al de la mayor\u00eda de los accidentes de tr\u00e1fico. Los da\u00f1os del coche tienden a ser m\u00ednimos, mientras que las lesiones del peat\u00f3n tienden a ser graves. Es habitual que el tribunal declare culpable al conductor en estos casos.<\/p>\n\n\n\n<p><strong>NEGLIGENCIA COMPARATIVA EN LA LEY DE CAROLINA DEL SUR<\/strong><\/p>\n\n\n\n<p>Todav\u00eda es posible que la persona golpeada por el coche sea parcialmente culpable del accidente. En South Carolina esto se refleja en su pol\u00edtica de negligencia comparativa para los casos de lesiones personales. Si usted salt\u00f3 delante de un veh\u00edculo de forma inesperada, no estaba en un paso de peatones o no tuvo un cuidado razonable, un tribunal puede considerar que usted tuvo parte de la culpa y s\u00f3lo le indemnizar\u00e1 por un porcentaje del total de los gastos m\u00e9dicos.<\/p>\n\n\n\n<p>La negligencia comparativa tambi\u00e9n puede aplicarse a otros factores que pueden haber contribuido al accidente. Si el paso de peatones estaba colocado cerca de una esquina ciega o una farola no funcionaba bien en el lugar en el que usted fue atropellado, es probable que el municipio que mantiene las carreteras sea, al menos, parcialmente responsable del accidente.<\/p>\n\n\n\n<h2 class=\"wp-block-heading\">Principales razones por las que la Charleston es una ciudad peligrosa para los peatones<\/h2>\n\n\n<div class=\"wp-block-image\">\n<figure class=\"aligncenter size-full\"><a href=\"https:\/\/www.steinberglawfirm.com\/personal-injury\/auto-accidents\/pedestrian-accident\/why-charleston-is-a-dangerous-city-for-pedestrians-infographic\/\" target=\"_blank\" rel=\"noopener\"><img loading=\"lazy\" decoding=\"async\" width=\"5002\" height=\"2531\" src=\"https:\/\/www.steinberglawfirm.com\/wp-content\/uploads\/2022\/04\/Steinberg-Charleston-Dangerous-Pedestrians-Thumbnail.png\" alt=\"Charleston abogado de accidentes de peatones\" class=\"wp-image-21345\" title=\"\" srcset=\"https:\/\/steinberglawfirm-staging.clmcloud.app\/wp-content\/uploads\/2022\/04\/Steinberg-Charleston-Dangerous-Pedestrians-Thumbnail.png 5002w, https:\/\/steinberglawfirm-staging.clmcloud.app\/wp-content\/uploads\/2022\/04\/Steinberg-Charleston-Dangerous-Pedestrians-Thumbnail-300x152.png 300w, https:\/\/steinberglawfirm-staging.clmcloud.app\/wp-content\/uploads\/2022\/04\/Steinberg-Charleston-Dangerous-Pedestrians-Thumbnail-1024x518.png 1024w, https:\/\/steinberglawfirm-staging.clmcloud.app\/wp-content\/uploads\/2022\/04\/Steinberg-Charleston-Dangerous-Pedestrians-Thumbnail-768x389.png 768w, https:\/\/steinberglawfirm-staging.clmcloud.app\/wp-content\/uploads\/2022\/04\/Steinberg-Charleston-Dangerous-Pedestrians-Thumbnail-1536x777.png 1536w, https:\/\/steinberglawfirm-staging.clmcloud.app\/wp-content\/uploads\/2022\/04\/Steinberg-Charleston-Dangerous-Pedestrians-Thumbnail-2048x1036.png 2048w, https:\/\/steinberglawfirm-staging.clmcloud.app\/wp-content\/uploads\/2022\/04\/Steinberg-Charleston-Dangerous-Pedestrians-Thumbnail-500x253.png 500w, https:\/\/steinberglawfirm-staging.clmcloud.app\/wp-content\/uploads\/2022\/04\/Steinberg-Charleston-Dangerous-Pedestrians-Thumbnail-800x405.png 800w, https:\/\/steinberglawfirm-staging.clmcloud.app\/wp-content\/uploads\/2022\/04\/Steinberg-Charleston-Dangerous-Pedestrians-Thumbnail-150x76.png 150w\" sizes=\"(max-width: 5002px) 100vw, 5002px\" \/><\/a><\/figure><\/div>","protected":false},"excerpt":{"rendered":"<p>Charleston, South Carolina Abogado de Accidentes de Peatones Cuando un veh\u00edculo colisiona con un peat\u00f3n desprotegido, el balance de da\u00f1os y lesiones es muy diferente a la mayor\u00eda de los tipos de accidentes automovil\u00edsticos. Los da\u00f1os del coche tienden a ser m\u00ednimos mientras que las lesiones del peat\u00f3n tienden a ser graves. Es com\u00fan que el tribunal encuentre al conductor...<\/p>","protected":false},"author":1,"featured_media":19664,"parent":760,"menu_order":0,"comment_status":"closed","ping_status":"closed","template":"","meta":{"_acf_changed":false,"footnotes":""},"class_list":["post-2289","page","type-page","status-publish","has-post-thumbnail","hentry"],"acf":[],"_links":{"self":[{"href":"https:\/\/steinberglawfirm-staging.clmcloud.app\/es\/wp-json\/wp\/v2\/pages\/2289"}],"collection":[{"href":"https:\/\/steinberglawfirm-staging.clmcloud.app\/es\/wp-json\/wp\/v2\/pages"}],"about":[{"href":"https:\/\/steinberglawfirm-staging.clmcloud.app\/es\/wp-json\/wp\/v2\/types\/page"}],"author":[{"embeddable":true,"href":"https:\/\/steinberglawfirm-staging.clmcloud.app\/es\/wp-json\/wp\/v2\/users\/1"}],"replies":[{"embeddable":true,"href":"https:\/\/steinberglawfirm-staging.clmcloud.app\/es\/wp-json\/wp\/v2\/comments?post=2289"}],"version-history":[{"count":18,"href":"https:\/\/steinberglawfirm-staging.clmcloud.app\/es\/wp-json\/wp\/v2\/pages\/2289\/revisions"}],"predecessor-version":[{"id":22428,"href":"https:\/\/steinberglawfirm-staging.clmcloud.app\/es\/wp-json\/wp\/v2\/pages\/2289\/revisions\/22428"}],"up":[{"embeddable":true,"href":"https:\/\/steinberglawfirm-staging.clmcloud.app\/es\/wp-json\/wp\/v2\/pages\/760"}],"wp:featuredmedia":[{"embeddable":true,"href":"https:\/\/steinberglawfirm-staging.clmcloud.app\/es\/wp-json\/wp\/v2\/media\/19664"}],"wp:attachment":[{"href":"https:\/\/steinberglawfirm-staging.clmcloud.app\/es\/wp-json\/wp\/v2\/media?parent=2289"}],"curies":[{"name":"wp","href":"https:\/\/api.w.org\/{rel}","templated":true}]}}