{"id":2285,"date":"2017-08-16T01:31:19","date_gmt":"2017-08-16T01:31:19","guid":{"rendered":"https:\/\/www.steinberglawfirm.com\/?page_id=2285"},"modified":"2021-04-22T00:54:19","modified_gmt":"2021-04-22T00:54:19","slug":"wrongful-death","status":"publish","type":"page","link":"https:\/\/steinberglawfirm-staging.clmcloud.app\/es\/lesiones-personales\/accidentes-de-trafico-2\/muerte-por-negligencia-2\/","title":{"rendered":"Charleston Abogados de Muerte Injusta"},"content":{"rendered":"<h1>Charleston Abogados de Muerte Injusta Abogado<\/h1>\n<p>La muerte por negligencia de un ser querido puede ser una experiencia devastadora para tratar de superar. Mientras que la p\u00e9rdida de alguien cercano puede ser extraordinariamente desafiante en cualquier situaci\u00f3n, los casos de muerte injusta pueden ser especialmente dif\u00edciles de superar debido al conocimiento de que esta tragedia podr\u00eda haberse evitado.<\/p>\n<p>Adem\u00e1s del incre\u00edble dolor y la p\u00e9rdida que las familias pueden experimentar tras la p\u00e9rdida de un ser querido, el fallecimiento inesperado de un miembro de la familia tambi\u00e9n puede conllevar importantes cargas financieras. Sin embargo, es posible que quienes han sufrido esta tr\u00e1gica p\u00e9rdida puedan&nbsp;<a href=\"https:\/\/www.steinberglawfirm.com\/results\/\" target=\"_blank\" rel=\"noopener\">recuperar la indemnizaci\u00f3n<\/a>&nbsp;que pueden ayudarles a hacer frente a los costes financieros de la muerte por negligencia de un ser querido.<\/p>\n<p>Si usted ha sufrido la muerte por negligencia de un ser querido en Charleston, los abogados de muerte por negligencia en Steinberg Law Firm entienden lo que usted puede estar pasando, y estamos comprometidos a ayudar a las familias en estas situaciones, ya que buscan la compensaci\u00f3n y el cierre.<br \/>\n<strong><br \/>\nUNA S\u00d3LIDA REPRESENTACI\u00d3N DE LAS FAMILIAS AFECTADAS POR LA MUERTE POR NEGLIGENCIA<\/strong><br \/>\nEn el Steinberg Law Firm tenemos una gran experiencia en la representaci\u00f3n de las familias de las v\u00edctimas de muerte por negligencia en una serie de circunstancias, incluyendo los casos que implican:<\/p>\n<p>- <a href=\"https:\/\/www.steinberglawfirm.com\/practice-areas\/auto-accidents\/\" target=\"_blank\" rel=\"noopener\">Accidentes de tr\u00e1fico<\/a><br \/>\n- <a href=\"https:\/\/www.steinberglawfirm.com\/practice-areas\/truck-accidents\/\" target=\"_blank\" rel=\"noopener\">Accidentes de camiones<\/a><br \/>\n- <a href=\"https:\/\/www.steinberglawfirm.com\/practice-areas\/medical-malpractice\/\" target=\"_blank\" rel=\"noopener\">Negligencia m\u00e9dica<\/a><br \/>\n- <a href=\"https:\/\/www.steinberglawfirm.com\/practice-areas\/nursing-home-abuse\/\" target=\"_blank\" rel=\"noopener\">Abuso en residencias de ancianos<\/a><br \/>\n- <a href=\"https:\/\/www.steinberglawfirm.com\/practice-areas\/premises-liability\/\" target=\"_blank\" rel=\"noopener\">Responsabilidad de los locales<\/a><br \/>\n- <a href=\"https:\/\/www.steinberglawfirm.com\/practice-areas\/dangerous-products\/\" target=\"_blank\" rel=\"noopener\">Productos peligrosos<\/a><\/p>\n<p>Aunque no hay nada que pueda compensar la p\u00e9rdida que ha sufrido, emprender una acci\u00f3n legal contra la parte responsable de esta p\u00e9rdida puede ayudarle a obtener la ayuda financiera que necesita en este momento, y puede ser capaz de aportar alguna medida de cierre a esta situaci\u00f3n incre\u00edblemente dif\u00edcil.<\/p>\n<h2>Abogados de lesiones personales que representan a Charleston y \u00e1reas cercanas de South Carolina<\/h2>\n<p><strong>CONTACTAR CON UN ABOGADO DE MUERTE POR NEGLIGENCIA EN CHARLESTON<\/strong><br \/>\nSi usted ha perdido a un familiar como resultado de la imprudencia o negligencia de otros, queremos ayudarle. P\u00f3ngase en contacto con el equipo legal compasivo en el Steinberg Law Firm hoy en 843-720-2800 para hablar con un profesional legal sobre su situaci\u00f3n y aprender m\u00e1s acerca de lo que podemos hacer para usted y su familia en este momento dif\u00edcil.<\/p>","protected":false},"excerpt":{"rendered":"<p>Charleston Abogados de muerte injusta La muerte injusta de un ser querido puede ser una experiencia devastadora para tratar de superar. Mientras que la p\u00e9rdida de alguien cercano a usted puede ser extraordinariamente desafiante en cualquier situaci\u00f3n, los casos de muerte injusta pueden ser especialmente dif\u00edciles de superar debido al conocimiento de que esta tragedia podr\u00eda haber...<\/p>","protected":false},"author":1,"featured_media":15174,"parent":760,"menu_order":0,"comment_status":"closed","ping_status":"closed","template":"","meta":{"_acf_changed":false,"footnotes":""},"class_list":["post-2285","page","type-page","status-publish","has-post-thumbnail","hentry"],"acf":[],"_links":{"self":[{"href":"https:\/\/steinberglawfirm-staging.clmcloud.app\/es\/wp-json\/wp\/v2\/pages\/2285"}],"collection":[{"href":"https:\/\/steinberglawfirm-staging.clmcloud.app\/es\/wp-json\/wp\/v2\/pages"}],"about":[{"href":"https:\/\/steinberglawfirm-staging.clmcloud.app\/es\/wp-json\/wp\/v2\/types\/page"}],"author":[{"embeddable":true,"href":"https:\/\/steinberglawfirm-staging.clmcloud.app\/es\/wp-json\/wp\/v2\/users\/1"}],"replies":[{"embeddable":true,"href":"https:\/\/steinberglawfirm-staging.clmcloud.app\/es\/wp-json\/wp\/v2\/comments?post=2285"}],"version-history":[{"count":1,"href":"https:\/\/steinberglawfirm-staging.clmcloud.app\/es\/wp-json\/wp\/v2\/pages\/2285\/revisions"}],"predecessor-version":[{"id":15203,"href":"https:\/\/steinberglawfirm-staging.clmcloud.app\/es\/wp-json\/wp\/v2\/pages\/2285\/revisions\/15203"}],"up":[{"embeddable":true,"href":"https:\/\/steinberglawfirm-staging.clmcloud.app\/es\/wp-json\/wp\/v2\/pages\/760"}],"wp:featuredmedia":[{"embeddable":true,"href":"https:\/\/steinberglawfirm-staging.clmcloud.app\/es\/wp-json\/wp\/v2\/media\/15174"}],"wp:attachment":[{"href":"https:\/\/steinberglawfirm-staging.clmcloud.app\/es\/wp-json\/wp\/v2\/media?parent=2285"}],"curies":[{"name":"wp","href":"https:\/\/api.w.org\/{rel}","templated":true}]}}