{"id":2279,"date":"2017-08-16T01:27:33","date_gmt":"2017-08-16T01:27:33","guid":{"rendered":"https:\/\/www.steinberglawfirm.com\/?page_id=2279"},"modified":"2022-04-18T17:46:21","modified_gmt":"2022-04-18T17:46:21","slug":"theft-or-fraud","status":"publish","type":"page","link":"https:\/\/steinberglawfirm-staging.clmcloud.app\/es\/lesiones-personales\/abuso-en-hogares-de-ancianos\/robo-o-fraude\/","title":{"rendered":"Robo o fraude en residencias de ancianos"},"content":{"rendered":"<h1 class=\"wp-block-heading\">Robo o fraude en residencias de ancianos<\/h1>\n\n\n\n<div style=\"height:15px\" aria-hidden=\"true\" class=\"wp-block-spacer\"><\/div>\n\n\n\n<p>Usted conf\u00eda en que las residencias de ancianos proporcionen a sus seres queridos la mejor calidad de cuidados y seguridad. Las residencias de ancianos pueden suponer una gran diferencia para las familias cuando un miembro de la familia necesita cuidados y tratamientos m\u00e9dicos las 24 horas del d\u00eda para poder vivir c\u00f3modamente y felizmente. Desgraciadamente, no todas las residencias de ancianos est\u00e1n a la altura de las expectativas. En Charleston, el robo o el fraude en residencias de ancianos son formas graves de&nbsp;<a href=\"https:\/\/www.steinberglawfirm.com\/practice-areas\/nursing-home-abuse\/\" target=\"_blank\" rel=\"noopener\">abuso en residencias de ancianos<\/a>&nbsp;que mucha gente ni siquiera piensa en que les ocurra a sus seres queridos.<\/p>\n\n\n\n<p>A diferencia de lo que ocurre con el maltrato f\u00edsico, a menudo no hay signos externos cuando se ha cometido un robo o un fraude. El residente de la residencia de ancianos puede no tener ni idea de que se ha cometido un delito y de que ha sido v\u00edctima. Una vez que se descubra la p\u00e9rdida, el peaje emocional puede ser tan devastador como la p\u00e9rdida financiera.<\/p>\n\n\n\n<p>En el Steinberg Law Firm, nuestros abogados especializados en abusos en residencias de ancianos se toman muy en serio tanto los da\u00f1os emocionales como los econ\u00f3micos. Trabajamos incansablemente para hacer justicia a nuestros clientes y sus familias.<\/p>\n\n\n\n<p><strong>Ejemplos de robo y fraude<\/strong><\/p>\n\n\n\n<p>Las oportunidades de robo o fraude para violar la residencia de ancianos&nbsp;<a href=\"https:\/\/www.steinberglawfirm.com\/practice-areas\/nursing-home-abuse\/residents-bill-of-rights\/\" target=\"_blank\" rel=\"noopener\">carta de derechos de los pacientes<\/a>&nbsp;son numerosas. Los empleados de las residencias de ancianos, otros pacientes o la propia residencia de ancianos pueden cometer robos o fraudes:<\/p>\n\n\n\n<ul class=\"wp-block-list\"><li>Tomar personalmente el dinero pagado a la residencia de ancianos para el cuidado de los pacientes<\/li><li>Sobrecarga<\/li><li>Robo de objetos personales de los residentes<\/li><li>Extorsi\u00f3n a residentes por dinero o bienes<\/li><li>Documentaci\u00f3n de falsificaci\u00f3n<\/li><li>Fraude en cuentas bancarias<\/li><\/ul>\n\n\n\n<h2 class=\"wp-block-heading\">Abogados de lesiones personales que representan a Charleston y \u00e1reas cercanas de South Carolina<\/h2>\n\n\n\n<p>Si su ser querido ha sido v\u00edctima de un robo o fraude en una residencia de ancianos, podemos ayudarle a defenderse. Para saber m\u00e1s sobre lo que nuestros experimentados abogados de abuso en residencias de ancianos Charleston pueden hacer en casos de robo o fraude en residencias de ancianos, por favor&nbsp;<a href=\"https:\/\/www.steinberglawfirm.com\/contact-us\/\" target=\"_blank\" rel=\"noopener\">contactar con el Steinberg Law Firm<\/a>&nbsp;hoy llamando al 843-720-2800 para hablar con un profesional legal cualificado.<\/p>","protected":false},"excerpt":{"rendered":"<p>Robo o fraude en residencias de ancianos Usted conf\u00eda en las residencias de ancianos para que proporcionen a sus seres queridos la mejor calidad de atenci\u00f3n y seguridad. Las residencias de ancianos pueden suponer una gran diferencia para las familias cuando un miembro de la familia necesita cuidados y tratamientos m\u00e9dicos las 24 horas del d\u00eda para poder vivir de forma c\u00f3moda y feliz. Por desgracia, no todas las residencias de ancianos...<\/p>","protected":false},"author":1,"featured_media":15273,"parent":782,"menu_order":0,"comment_status":"closed","ping_status":"closed","template":"","meta":{"_acf_changed":false,"footnotes":""},"class_list":["post-2279","page","type-page","status-publish","has-post-thumbnail","hentry"],"acf":[],"_links":{"self":[{"href":"https:\/\/steinberglawfirm-staging.clmcloud.app\/es\/wp-json\/wp\/v2\/pages\/2279"}],"collection":[{"href":"https:\/\/steinberglawfirm-staging.clmcloud.app\/es\/wp-json\/wp\/v2\/pages"}],"about":[{"href":"https:\/\/steinberglawfirm-staging.clmcloud.app\/es\/wp-json\/wp\/v2\/types\/page"}],"author":[{"embeddable":true,"href":"https:\/\/steinberglawfirm-staging.clmcloud.app\/es\/wp-json\/wp\/v2\/users\/1"}],"replies":[{"embeddable":true,"href":"https:\/\/steinberglawfirm-staging.clmcloud.app\/es\/wp-json\/wp\/v2\/comments?post=2279"}],"version-history":[{"count":2,"href":"https:\/\/steinberglawfirm-staging.clmcloud.app\/es\/wp-json\/wp\/v2\/pages\/2279\/revisions"}],"predecessor-version":[{"id":19849,"href":"https:\/\/steinberglawfirm-staging.clmcloud.app\/es\/wp-json\/wp\/v2\/pages\/2279\/revisions\/19849"}],"up":[{"embeddable":true,"href":"https:\/\/steinberglawfirm-staging.clmcloud.app\/es\/wp-json\/wp\/v2\/pages\/782"}],"wp:featuredmedia":[{"embeddable":true,"href":"https:\/\/steinberglawfirm-staging.clmcloud.app\/es\/wp-json\/wp\/v2\/media\/15273"}],"wp:attachment":[{"href":"https:\/\/steinberglawfirm-staging.clmcloud.app\/es\/wp-json\/wp\/v2\/media?parent=2279"}],"curies":[{"name":"wp","href":"https:\/\/api.w.org\/{rel}","templated":true}]}}