{"id":2277,"date":"2017-08-16T01:25:59","date_gmt":"2017-08-16T01:25:59","guid":{"rendered":"https:\/\/www.steinberglawfirm.com\/?page_id=2277"},"modified":"2022-04-18T17:08:51","modified_gmt":"2022-04-18T17:08:51","slug":"emotional-abuse","status":"publish","type":"page","link":"https:\/\/steinberglawfirm-staging.clmcloud.app\/es\/lesiones-personales\/abuso-en-hogares-de-ancianos\/abuso-emocional\/","title":{"rendered":"Abuso emocional de los residentes de residencias de ancianos"},"content":{"rendered":"<h1 class=\"wp-block-heading\">Abuso emocional de los residentes de residencias de ancianos<\/h1>\n\n\n\n<div style=\"height:15px\" aria-hidden=\"true\" class=\"wp-block-spacer\"><\/div>\n\n\n\n<p>No todos los casos de&nbsp;<a href=\"https:\/\/www.steinberglawfirm.com\/practice-areas\/nursing-home-abuse\/\" target=\"_blank\" rel=\"noopener\">abuso en residencias de ancianos<\/a>&nbsp;deja una marca f\u00edsica. El maltrato emocional es una de las formas de maltrato en residencias de ancianos m\u00e1s frecuentes y m\u00e1s dif\u00edciles de detectar. A menudo no se denuncia, e incluso cuando se presencian de primera mano, la gente puede tender a desestimarlo. Esto significa que depende de usted y de su abogado luchar por el bienestar emocional de su ser querido.<\/p>\n\n\n\n<p>Si descubre pruebas de que un ser querido o un familiar en una residencia de ancianos es v\u00edctima de abusos emocionales, llame de inmediato a los abogados especializados en abusos en residencias de ancianos de Steinberg Law Firm. Puede comunicarse con nosotros en el 843-720-2800.<\/p>\n\n\n\n<p><strong>\u00bfQU\u00c9 ES EL ABUSO EMOCIONAL?<\/strong><br>El maltrato emocional o psicol\u00f3gico se define generalmente como la actuaci\u00f3n que causa dolor y sufrimiento emocional a un paciente de una residencia de ancianos. Cuando sus seres queridos sufren maltrato emocional por parte de los m\u00e9dicos o del personal de una residencia de ancianos, pueden sentir miedo, tristeza o ansiedad.<\/p>\n\n\n\n<p>Algunos ejemplos de abuso emocional o psicol\u00f3gico:<\/p>\n\n\n\n<ul class=\"wp-block-list\"><li>Intimidar a un paciente<\/li><li>Amenazar a un paciente con violencia<\/li><li>Gritar a un paciente<\/li><li>Causar a un paciente una angustia emocional<\/li><li>Insultar o ridiculizar a un paciente<\/li><li>Aislar a un paciente de su familia o de sus compa\u00f1eros de residencia<\/li><li>Ignorar las necesidades del paciente<\/li><li>Amenazar con retener medicamentos, alimentos u otras necesidades<\/li><\/ul>\n\n\n\n<p>Cuando se enfrenta a las pruebas de maltrato emocional, un miembro del personal puede intentar explicar sus acciones diciendo que ese comportamiento es necesario para mantener al paciente tranquilo, o incluso que el paciente no puede ser herido porque no sabe lo que est\u00e1 pasando. No acepte estas excusas. El maltrato emocional nunca es necesario, y puede causar verdadero sufrimiento f\u00edsico y emocional.<\/p>\n\n\n\n<p><strong>SIGNOS DE ABUSO EMOCIONAL<\/strong><br>El maltrato en las residencias de ancianos es sorprendentemente frecuente. Los residentes tienen un contacto limitado con el mundo exterior, y el personal de una residencia de ancianos tiene mucho poder sobre los residentes. Esto les da muchas oportunidades para aprovecharse de su poder, y depende de ti detectar las se\u00f1ales antes de que sea demasiado tarde.<\/p>\n\n\n\n<p>Su ser querido puede estar mostrando signos de maltrato emocional o psicol\u00f3gico si es as\u00ed:<\/p>\n\n\n\n<ul class=\"wp-block-list\"><li>Actuar con depresi\u00f3n o retraimiento<\/li><li>Negarse a hablar o interactuar<\/li><li>Aparece f\u00e1cilmente agitado, con cambios de movimiento repentinos<\/li><li>Parecer excesivamente temeroso de usted, de los asistentes, de los dem\u00e1s<\/li><li>Mostrar comportamientos inusuales y compulsivos<\/li><li>No comer o dormir regularmente<\/li><li>Negarse a tomar los medicamentos<\/li><li>Perder peso<\/li><\/ul>\n\n\n\n<p>Si nota algunos de estos signos, debe ponerse en contacto con un abogado lo antes posible. Tambi\u00e9n es posible que desee retirar a su ser querido o a su familiar de la residencia de ancianos y denunciar el maltrato a las autoridades competentes.<\/p>\n\n\n\n<h2 class=\"wp-block-heading\">Abogados de lesiones personales que representan a Charleston y \u00e1reas cercanas de South Carolina<\/h2>\n\n\n\n<p><strong>ENCUENTRE UN ABOGADO DE ABUSO EMOCIONAL HOY MISMO<\/strong><br>Los abogados especializados en abusos en residencias de ancianos de Steinberg Law Firm conocen los signos de abuso emocional y pueden ayudarle a probar su caso. Los ancianos se encuentran entre los miembros m\u00e1s vulnerables de la sociedad, y si quiere proteger a su familiar o ser querido, necesita la habilidad y experiencia de nuestro equipo legal de su lado.<\/p>\n\n\n\n<p>Para ponerse en contacto con los abogados especializados en abusos en residencias de ancianos Charleston, rellene un formulario en esta p\u00e1gina web o llame al 843-720-2800.<\/p>","protected":false},"excerpt":{"rendered":"<p>Abuso emocional de los residentes de residencias de ancianos No todos los casos de abuso en residencias de ancianos dejan una marca f\u00edsica. El abuso emocional es una de las formas m\u00e1s frecuentes y m\u00e1s dif\u00edciles de rastrear. A menudo no se denuncian, e incluso cuando se presencian de primera mano, la gente tiende a descartarlos. Esto significa que depende de usted...<\/p>","protected":false},"author":1,"featured_media":19836,"parent":782,"menu_order":0,"comment_status":"closed","ping_status":"closed","template":"","meta":{"_acf_changed":false,"footnotes":""},"class_list":["post-2277","page","type-page","status-publish","has-post-thumbnail","hentry"],"acf":[],"_links":{"self":[{"href":"https:\/\/steinberglawfirm-staging.clmcloud.app\/es\/wp-json\/wp\/v2\/pages\/2277"}],"collection":[{"href":"https:\/\/steinberglawfirm-staging.clmcloud.app\/es\/wp-json\/wp\/v2\/pages"}],"about":[{"href":"https:\/\/steinberglawfirm-staging.clmcloud.app\/es\/wp-json\/wp\/v2\/types\/page"}],"author":[{"embeddable":true,"href":"https:\/\/steinberglawfirm-staging.clmcloud.app\/es\/wp-json\/wp\/v2\/users\/1"}],"replies":[{"embeddable":true,"href":"https:\/\/steinberglawfirm-staging.clmcloud.app\/es\/wp-json\/wp\/v2\/comments?post=2277"}],"version-history":[{"count":2,"href":"https:\/\/steinberglawfirm-staging.clmcloud.app\/es\/wp-json\/wp\/v2\/pages\/2277\/revisions"}],"predecessor-version":[{"id":19839,"href":"https:\/\/steinberglawfirm-staging.clmcloud.app\/es\/wp-json\/wp\/v2\/pages\/2277\/revisions\/19839"}],"up":[{"embeddable":true,"href":"https:\/\/steinberglawfirm-staging.clmcloud.app\/es\/wp-json\/wp\/v2\/pages\/782"}],"wp:featuredmedia":[{"embeddable":true,"href":"https:\/\/steinberglawfirm-staging.clmcloud.app\/es\/wp-json\/wp\/v2\/media\/19836"}],"wp:attachment":[{"href":"https:\/\/steinberglawfirm-staging.clmcloud.app\/es\/wp-json\/wp\/v2\/media?parent=2277"}],"curies":[{"name":"wp","href":"https:\/\/api.w.org\/{rel}","templated":true}]}}