{"id":22763,"date":"2022-11-03T21:12:35","date_gmt":"2022-11-03T21:12:35","guid":{"rendered":"https:\/\/www.steinberglawfirm.com\/?page_id=22763"},"modified":"2022-11-03T22:08:26","modified_gmt":"2022-11-03T22:08:26","slug":"malnutrition-dehydration","status":"publish","type":"page","link":"https:\/\/steinberglawfirm-staging.clmcloud.app\/es\/lesiones-personales\/negligencia-en-residencias-de-ancianos\/desnutricion-deshidratacion\/","title":{"rendered":"Negligencia en residencias de ancianos - Desnutrici\u00f3n y deshidrataci\u00f3n"},"content":{"rendered":"<h1 class=\"wp-block-heading\">South Carolina Abogados de negligencia en residencias de ancianos por desnutrici\u00f3n y deshidrataci\u00f3n<\/h1>\n\n\n\n<h2 class=\"wp-block-heading\"><em>Charleston, South Carolina Los abogados especializados en el cuidado de ancianos luchan contra la negligencia en los hogares de ancianos<\/em><\/h2>\n\n\n\n<p>Ingresar a un ser querido en una residencia de ancianos es una decisi\u00f3n dif\u00edcil. La familia puede investigar sobre las residencias de ancianos leyendo opiniones en Internet, escuchando recomendaciones de otras personas en las que conf\u00edan y planificando una visita a las instalaciones. Tambi\u00e9n pueden consultar las calificaciones y menciones m\u00e1s recientes del estado sobre las residencias de ancianos que est\u00e1n considerando.<\/p>\n\n\n\n<p>Los residentes de las residencias de ancianos se enfrentan a muchos riesgos para la salud, como la desnutrici\u00f3n y la deshidrataci\u00f3n. En el Steinberg Law Firm, nuestro <a href=\"https:\/\/www.steinberglawfirm.com\/personal-injury\/nursing-home-neglect\/\" target=\"_blank\" rel=\"noopener\">South Carolina abogados de negligencia en residencias de ancianos<\/a> ayudar a los residentes y a sus familias a responsabilizar a las residencias de ancianos negligentes por sus acciones y su falta de atenci\u00f3n.<\/p>\n\n\n\n<h3 class=\"wp-block-heading\">Signos de desnutrici\u00f3n y deshidrataci\u00f3n<\/h3>\n\n\n\n<p>Los residentes de residencias de ancianos privados de comida o agua muestran inmediatamente s\u00edntomas de desnutrici\u00f3n o deshidrataci\u00f3n. Los familiares que ven a su ser querido ocasionalmente deben estar atentos a los cambios en su aspecto o estado. Algunos de los s\u00edntomas m\u00e1s comunes de deshidrataci\u00f3n y desnutrici\u00f3n son:<\/p>\n\n\n\n<ul class=\"wp-block-list\"><li>P\u00e9rdida de peso inexplicable;<\/li><li>Fatiga;<\/li><li>Falta de apetito;<\/li><li>Retenci\u00f3n de agua;<\/li><li>Mareos;<\/li><li>Sensaci\u00f3n frecuente de fr\u00edo;<\/li><li>Dificultad para tragar;<\/li><li>Vientre distendido;<\/li><li>Infecciones m\u00e1s frecuentes; y<\/li><li>Estre\u00f1imiento o diarrea.<\/li><\/ul>\n\n\n\n<p>Los familiares de los residentes en una residencia de ancianos South Carolina deben estar atentos a los signos y s\u00edntomas de deshidrataci\u00f3n y desnutrici\u00f3n. Deben <a href=\"https:\/\/www.steinberglawfirm.com\/contact-us\/\" target=\"_blank\" rel=\"noopener\">actuar de inmediato<\/a> cuando su ser querido parece haber sido descuidado por el personal.<\/p>\n\n\n\n<h3 class=\"wp-block-heading\">\u00bfC\u00f3mo de com\u00fan es la desnutrici\u00f3n y la deshidrataci\u00f3n en las residencias de ancianos?<\/h3>\n\n\n\n<p>Proporcionar alimentos y agua a los residentes es uno de los deberes m\u00e1s fundamentales <a href=\"https:\/\/www.steinberglawfirm.com\/personal-injury\/nursing-home-abuse\/residents-bill-of-rights\/\" target=\"_blank\" rel=\"noopener\">una residencia de ancianos debe a sus residentes<\/a>. Las residencias de ancianos pueden ser consideradas responsables si los miembros del personal no prestan los servicios de atenci\u00f3n esenciales. Las residencias de ancianos pueden enfrentarse a reacciones adversas si se descubre que un residente est\u00e1 desnutrido o deshidratado y no se toman medidas para aliviar la situaci\u00f3n. Si un residente descuidado se cae mientras camina y es hospitalizado por una lesi\u00f3n, los profesionales m\u00e9dicos pueden evaluar al individuo y determinar si est\u00e1 desnutrido, deshidratado o ambos. En estos casos, un residente de una residencia de ancianos o sus seres queridos pueden presentar una reclamaci\u00f3n por negligencia en una residencia de ancianos.<\/p>\n\n\n\n<p>Seg\u00fan un estudio de 2015, un impactante veinte por ciento de los residentes de residencias de ancianos sufr\u00eda desnutrici\u00f3n. Dado que el estudio no defini\u00f3 el t\u00e9rmino \"desnutrido\", los investigadores se\u00f1alaron que la cifra podr\u00eda llegar al sesenta y seis por ciento. Otro estudio descubri\u00f3 que la ingesta diaria de l\u00edquidos de los residentes de residencias de ancianos era sumamente inadecuada, ya que el noventa y siete por ciento de todos los residentes que participaron en el estudio consum\u00edan menos de cincuenta onzas de agua al d\u00eda.<\/p>\n\n\n\n<p>A menudo, las personas mayores con problemas de memoria o cognitivos pueden no reconocer cu\u00e1ndo tienen hambre o sed. Los residentes de las residencias de ancianos dependen totalmente de sus cuidadores para que les proporcionen su nutrici\u00f3n e hidrataci\u00f3n diarias, ya que no pueden conseguir comida o agua de forma independiente por su cuenta. Las razones t\u00edpicas por las que una persona mayor necesita ayuda son porque est\u00e1 postrada en una cama, necesita acceso a un andador o necesita ayuda en una silla de ruedas.<\/p>\n\n\n\n<h3 class=\"wp-block-heading\">\u00bfCu\u00e1ntos alimentos necesitan los residentes de las residencias para mantenerse sanos?<\/h3>\n\n\n\n<p>Los residentes de una residencia de ancianos deben consumir una determinada cantidad diaria de alimentos y agua para mantenerse sanos. El gobierno federal establece las directrices que deben seguir las residencias de ancianos a la hora de elaborar el plan de comidas de los residentes. En <a href=\"https:\/\/www.ecfr.gov\/current\/title-42\/chapter-IV\/subchapter-G\/part-483\/subpart-B\/section-483.60\" target=\"_blank\" rel=\"noreferrer noopener\">42 CFR \u00a7 483.60<\/a>En el caso de las residencias de ancianos, el centro debe ofrecer a sus residentes una dieta nutritiva y equilibrada que satisfaga las necesidades nutricionales diarias recomendadas. Adem\u00e1s, el men\u00fa de una residencia de ancianos:<\/p>\n\n\n\n<ul class=\"wp-block-list\"><li>Debe prepararse con antelaci\u00f3n para que los residentes se hagan una idea de lo que hay en el men\u00fa;<\/li><li>Debe reflejar las necesidades religiosas, culturales y \u00e9tnicas de la poblaci\u00f3n residente;<\/li><li>Debe seguirse una vez establecido;<\/li><li>Debe actualizarse peri\u00f3dicamente; y<\/li><li>El dietista del centro debe revisarlo regularmente para asegurarse de que satisface las necesidades de los residentes.<\/li><\/ul>\n\n\n\n<p>Las residencias de ancianos tambi\u00e9n deben proporcionar comidas alternativas a los residentes que requieran una dieta especializada debido a sus condiciones m\u00e9dicas. Un residente que necesita una dieta terap\u00e9utica debe tener su dieta creada y revisada por un m\u00e9dico. En cuanto a la frecuencia de las comidas, los residentes deben recibir al menos tres comidas diarias, en consonancia con los horarios t\u00edpicos de las comidas. Una residencia de ancianos no puede permitir que un residente pase m\u00e1s de catorce horas sin comer.<\/p>\n\n\n\n<h3 class=\"wp-block-heading\">La deshidrataci\u00f3n y la desnutrici\u00f3n son signos frecuentes de negligencia en las residencias de ancianos<\/h3>\n\n\n\n<p>De hecho, hay situaciones en las que los miembros abusivos del personal de la residencia de ancianos privan intencionadamente a un residente de comida y agua. Sin embargo, la mayor\u00eda de los hogares de ancianos South Carolina no retiran deliberadamente la comida o el agua. Los hogares de ancianos a menudo no permiten a sabiendas que un residente se deshidrate o se desnutra. En cambio, los residentes suelen sufrir deshidrataci\u00f3n o desnutrici\u00f3n debido a medidas de ahorro, como <a href=\"https:\/\/www.steinberglawfirm.com\/personal-injury\/nursing-home-neglect\/nursing-home-staffing-issue\/\" target=\"_blank\" rel=\"noopener\">reducir el n\u00famero de miembros del personal<\/a> que proporcionan los cuidados. Las residencias de ancianos buscan formas de ahorrar dinero porque cada d\u00f3lar no gastado se queda en el centro.<\/p>\n\n\n\n<p>Muchos centros asistenciales tienen \u00e1nimo de lucro, y la comida y el personal pueden ser dos partidas de gran presupuesto. Reducir la calidad y la cantidad de la comida para los residentes o proporcionar alimentos con calor\u00edas vac\u00edas y poco valor nutritivo suele ser menos costoso. La reducci\u00f3n o subestimaci\u00f3n del personal da lugar a una gran proporci\u00f3n de personal entre los residentes y las residencias, lo que significa que los residentes pueden no recibir una atenci\u00f3n y unos cuidados excelentes.<\/p>\n\n\n\n<h3 class=\"wp-block-heading\">\u00bfPuede una residencia de ancianos ser responsable de la deshidrataci\u00f3n o desnutrici\u00f3n de un residente?<\/h3>\n\n\n\n<p>S\u00ed, las residencias de ancianos que descuidan las necesidades diet\u00e9ticas de un residente pueden ser consideradas financieramente responsables de cualquier lesi\u00f3n resultante para un residente a trav\u00e9s de una demanda por negligencia en residencias de ancianos. Estas demandas son un tipo de <a href=\"https:\/\/www.steinberglawfirm.com\/personal-injury\/personal-injury-lawyers\/\" target=\"_blank\" rel=\"noopener\">caso de da\u00f1os personales<\/a> en el que un residente o su ser querido busca una compensaci\u00f3n monetaria por los fallos de la residencia de ancianos y su impacto en la vida del residente.<\/p>\n\n\n\n<p>Para muchos residentes de residencias de ancianos, una dieta saludable es la primera defensa contra otras condiciones de salud. Cuando los residentes no ingieren los nutrientes y la hidrataci\u00f3n adecuados, su salud se deteriora r\u00e1pidamente. Si un residente deja de comer o tiene problemas para comer, y su cambio de comportamiento pasa desapercibido, a menudo puede ser demasiado tarde para remediar la situaci\u00f3n. Es posible que un residente tenga que ser llevado a urgencias para tratar sus lesiones, pero puede fallecer debido a su avanzada edad y a su mal estado de salud.<\/p>\n\n\n\n<p>Al hablar con nuestro <a href=\"https:\/\/www.steinberglawfirm.com\/personal-injury\/nursing-home-neglect\/\" target=\"_blank\" rel=\"noopener\">equipo experimentado de abogados especializados en negligencia en residencias de ancianos<\/a>Podemos ayudar a identificar los momentos cr\u00edticos en los que un miembro del personal de una residencia de ancianos descuida injustamente a un ser querido. A trav\u00e9s de una investigaci\u00f3n exhaustiva desde la admisi\u00f3n inicial, el descubrimiento y la preparaci\u00f3n para la mediaci\u00f3n o el juicio, nuestro equipo est\u00e1 aqu\u00ed para ayudarle a obtener la justicia que su ser querido merece.<\/p>\n\n\n\n<h3 class=\"wp-block-heading\">Lesiones derivadas de la desnutrici\u00f3n y la deshidrataci\u00f3n<\/h3>\n\n\n\n<p>Quienes tienen seres queridos en residencias de ancianos saben que uno de los principales objetivos del plan de salud de un residente es mantener un peso saludable. Los residentes que sufren desnutrici\u00f3n y deshidrataci\u00f3n tienden a perder peso, sobre todo masa muscular. Debido a esto, un residente corre un alto riesgo de caerse, lo que lleva a fracturas de huesos, lesiones en la cabeza, fracturas de cadera y otras lesiones corporales.<\/p>\n\n\n\n<p>Los residentes desnutridos y subhidratados pueden experimentar problemas cognitivos, como confusi\u00f3n o p\u00e9rdida de memoria, lo que hace que el residente act\u00fae de forma err\u00e1tica y adopte comportamientos inesperados y potencialmente peligrosos. Adem\u00e1s, la ingesta de una cantidad baja de alimentos y agua aumenta el riesgo de infecci\u00f3n de un residente. Esto es especialmente preocupante para los residentes de residencias de ancianos con un alto riesgo de contraer otras enfermedades.<\/p>\n\n\n\n<p>Los residentes desnutridos pueden tener un camino mucho m\u00e1s largo hacia la recuperaci\u00f3n, ya que la capacidad de su cuerpo para sanar est\u00e1 significativamente comprometida. Nadie deber\u00eda pasar por esto solo, por lo que contratar a un <a href=\"https:\/\/www.steinberglawfirm.com\/personal-injury\/nursing-home-neglect\/\" target=\"_blank\" rel=\"noopener\">abogado de negligencia en residencias de ancianos<\/a> es fundamental para asegurar un plan de tratamiento para un residente lesionado.<\/p>\n\n\n\n<h3 class=\"wp-block-heading\">\u00bfLe preocupa la salud de un ser querido en una residencia de ancianos South Carolina?<\/h3>\n\n\n\n<p>Si tiene un familiar en una residencia de ancianos South Carolina y le preocupa que su salud est\u00e9 sufriendo desnutrici\u00f3n o deshidrataci\u00f3n, <a href=\"https:\/\/www.steinberglawfirm.com\/contact-us\/\" target=\"_blank\" rel=\"noopener\">llegar a la Steinberg Law Firm<\/a>. En el <a href=\"https:\/\/www.steinberglawfirm.com\/\" target=\"_blank\" rel=\"noopener\">Steinberg Law Firm<\/a>Tenemos 95 a\u00f1os de experiencia ayudando a nuestros clientes a perseguir la justicia contra aquellos que los perjudicaron.<\/p>\n\n\n\n<p>Podemos ayudarle a entender sus derechos y a preparar eficazmente un caso para responsabilizar a la residencia de ancianos negligente por el estado de deterioro de su ser querido. Para saber m\u00e1s y para <a href=\"https:\/\/www.steinberglawfirm.com\/free-consultation\/\" target=\"_blank\" rel=\"noopener\">programar una consulta gratuita<\/a> con un <a href=\"https:\/\/www.steinberglawfirm.com\/personal-injury\/nursing-home-neglect\/\" target=\"_blank\" rel=\"noopener\">Charleston abogado de negligencia en residencias de ancianos<\/a> hoy, <a href=\"tel:1-843-720-2800\">llame al (843) 720-2800<\/a>. Tambi\u00e9n puede conectarse con nosotros a trav\u00e9s de nuestro <a href=\"https:\/\/www.steinberglawfirm.com\/contact-us\/\" target=\"_blank\" rel=\"noopener\">formulario de contacto en l\u00ednea<\/a>.<\/p>","protected":false},"excerpt":{"rendered":"<p>South Carolina Desnutrici\u00f3n y Deshidrataci\u00f3n Abogados de Negligencia en Asilos de Ancianos Charleston, South Carolina Abogados de Cuidado de Ancianos Luchan contra la Negligencia en Asilos de Ancianos Colocar a un ser querido en un asilo de ancianos es una decisi\u00f3n dif\u00edcil. La familia puede investigar los hogares de ancianos mediante la lectura de comentarios en l\u00ednea, escuchar las recomendaciones de otras personas de confianza, y la planificaci\u00f3n de un recorrido por las instalaciones. Tambi\u00e9n pueden...<\/p>","protected":false},"author":1,"featured_media":22769,"parent":22753,"menu_order":0,"comment_status":"closed","ping_status":"closed","template":"","meta":{"_acf_changed":false,"footnotes":""},"class_list":["post-22763","page","type-page","status-publish","has-post-thumbnail","hentry"],"acf":[],"_links":{"self":[{"href":"https:\/\/steinberglawfirm-staging.clmcloud.app\/es\/wp-json\/wp\/v2\/pages\/22763"}],"collection":[{"href":"https:\/\/steinberglawfirm-staging.clmcloud.app\/es\/wp-json\/wp\/v2\/pages"}],"about":[{"href":"https:\/\/steinberglawfirm-staging.clmcloud.app\/es\/wp-json\/wp\/v2\/types\/page"}],"author":[{"embeddable":true,"href":"https:\/\/steinberglawfirm-staging.clmcloud.app\/es\/wp-json\/wp\/v2\/users\/1"}],"replies":[{"embeddable":true,"href":"https:\/\/steinberglawfirm-staging.clmcloud.app\/es\/wp-json\/wp\/v2\/comments?post=22763"}],"version-history":[{"count":6,"href":"https:\/\/steinberglawfirm-staging.clmcloud.app\/es\/wp-json\/wp\/v2\/pages\/22763\/revisions"}],"predecessor-version":[{"id":22785,"href":"https:\/\/steinberglawfirm-staging.clmcloud.app\/es\/wp-json\/wp\/v2\/pages\/22763\/revisions\/22785"}],"up":[{"embeddable":true,"href":"https:\/\/steinberglawfirm-staging.clmcloud.app\/es\/wp-json\/wp\/v2\/pages\/22753"}],"wp:featuredmedia":[{"embeddable":true,"href":"https:\/\/steinberglawfirm-staging.clmcloud.app\/es\/wp-json\/wp\/v2\/media\/22769"}],"wp:attachment":[{"href":"https:\/\/steinberglawfirm-staging.clmcloud.app\/es\/wp-json\/wp\/v2\/media?parent=22763"}],"curies":[{"name":"wp","href":"https:\/\/api.w.org\/{rel}","templated":true}]}}