{"id":22753,"date":"2022-11-03T17:24:26","date_gmt":"2022-11-03T17:24:26","guid":{"rendered":"https:\/\/www.steinberglawfirm.com\/?page_id=22753"},"modified":"2022-12-12T18:39:32","modified_gmt":"2022-12-12T18:39:32","slug":"nursing-home-neglect","status":"publish","type":"page","link":"https:\/\/steinberglawfirm-staging.clmcloud.app\/es\/lesiones-personales\/negligencia-en-residencias-de-ancianos\/","title":{"rendered":"Charleston Abogados de negligencia en hogares de ancianos"},"content":{"rendered":"<h1 class=\"wp-block-heading\">Charleston Abogados de negligencia en hogares de ancianos<\/h1>\n\n\n\n<h2 class=\"wp-block-heading\"><em>South Carolina Los abogados luchan contra el abuso de ancianos<\/em><\/h2>\n\n\n\n<p>Muchas familias South Carolina eligen la atenci\u00f3n en residencias de ancianos para sus seres queridos una vez que ya no pueden atender sus necesidades f\u00edsicas y de apoyo en casa. Al ingresar a su ser querido en una residencia de ancianos, usted conf\u00eda su cuidado a este centro. La residencia de ancianos tiene entonces el deber de proporcionar una atenci\u00f3n de excelente calidad a su ser querido.<\/p>\n\n\n\n<p>Cuando un centro de atenci\u00f3n no cumple con este deber de cuidado, el impacto en su ser querido puede ser f\u00edsica y emocionalmente devastador. Los ancianos fr\u00e1giles a menudo no tienen la capacidad de recuperaci\u00f3n de los incidentes de negligencia o abuso.<\/p>\n\n\n\n<p>En <a href=\"https:\/\/www.steinberglawfirm.com\/\" target=\"_blank\" rel=\"noopener\">Steinberg Law Firm<\/a>Nuestros abogados especializados en negligencia en residencias de ancianos luchan por proteger a los ancianos y a sus familias de las devastadoras consecuencias de la negligencia. Si usted sospecha de negligencia, <a href=\"https:\/\/www.steinberglawfirm.com\/contact-us\/\" target=\"_blank\" rel=\"noopener\">p\u00f3ngase en contacto con nuestros abogados expertos en lesiones en residencias de ancianos<\/a> para una consulta gratuita sobre su caso.<\/p>\n\n\n\n<h3 class=\"wp-block-heading\">\u00bfQu\u00e9 es la negligencia en las residencias de ancianos?<\/h3>\n\n\n\n<p>La normativa federal define la negligencia como el hecho de que un centro, sus empleados o los proveedores de servicios no proporcionen a un residente los bienes y servicios necesarios para evitar da\u00f1os f\u00edsicos, dolor, angustia emocional y angustia mental.<\/p>\n\n\n\n<p>Los Centros para el Control y la Prevenci\u00f3n de Enfermedades (CDC) definen la negligencia de forma similar. Los CDC definen la negligencia de los ancianos como el incumplimiento de las necesidades b\u00e1sicas de un adulto mayor, como agua, comida, refugio, ropa, higiene y atenci\u00f3n m\u00e9dica.<\/p>\n\n\n\n<p>En un estudio, un grupo de discusi\u00f3n de asistentes de enfermer\u00eda certificados (CNA) proporcion\u00f3 varios ejemplos de comportamientos que describir\u00edan como negligencia en residencias de ancianos. Por ejemplo, puede haber negligencia si un residente de una residencia de ancianos:<\/p>\n\n\n\n<ul class=\"wp-block-list\">\n<li>No recibe los cuidados dentales necesarios ni ayuda para la higiene bucal;<\/li>\n\n\n\n<li>No recibe asistencia para ir al ba\u00f1o o tiene que acostarse con la ropa sucia o la ropa de cama despu\u00e9s de un percance en el ba\u00f1o;<\/li>\n\n\n\n<li>No recibe el tratamiento m\u00e9dico necesario, como medicamentos, cuidado de heridas o ejercicios de fisioterapia;<\/li>\n\n\n\n<li>No recibe la asistencia individual necesaria para ba\u00f1arse, comer o beber;<\/li>\n\n\n\n<li>No recibe ayuda o \u00e9sta es inadecuada para ponerse de pie, caminar o trasladarse (por ejemplo, pasar de la cama a una silla); y<\/li>\n\n\n\n<li>No recibe atenci\u00f3n inmediata cuando se enciende una luz de llamada.<\/li>\n<\/ul>\n\n\n\n<p>En cada uno de estos ejemplos, las residencias de ancianos y su personal no hacen lo que los residentes necesitan para mantenerse f\u00edsica, mental y emocionalmente sanos.<\/p>\n\n\n\n<h3 class=\"wp-block-heading\">\u00bfEn qu\u00e9 se diferencia la negligencia del maltrato?<\/h3>\n\n\n\n<p>Tanto el abuso como la negligencia tienen un profundo impacto negativo en sus v\u00edctimas. El maltrato se produce cuando el agresor tiene poder sobre la v\u00edctima y lo utiliza para perjudicarla. La negligencia se produce cuando la v\u00edctima depende de otra persona para recibir unos cuidados que no se producen.<\/p>\n\n\n\n<p>Los t\u00e9rminos \"abuso\" y \"negligencia\" se utilizan a menudo en la misma conversaci\u00f3n sobre la protecci\u00f3n de las v\u00edctimas.<\/p>\n\n\n\n<ul class=\"wp-block-list\">\n<li><strong>Abuso<\/strong> se produce cuando las residencias de ancianos o su personal realizan una acci\u00f3n que causa un da\u00f1o f\u00edsico, mental, financiero o emocional.<\/li>\n\n\n\n<li><strong>Negligencia <\/strong>se produce cuando las residencias de ancianos o su personal <strong>falla<\/strong> tomar medidas para prevenir o reparar da\u00f1os f\u00edsicos, mentales o emocionales.<\/li>\n<\/ul>\n\n\n\n<p>No toda la negligencia es un acto intencionado. <a href=\"https:\/\/www.steinberglawfirm.com\/personal-injury\/nursing-home-neglect\/nursing-home-staffing-issue\/\" target=\"_blank\" rel=\"noopener\">La negligencia tambi\u00e9n se produce cuando las residencias de ancianos carecen de personal suficiente<\/a>. La falta de personal puede dar lugar a una falta general de atenci\u00f3n a los residentes de las residencias de ancianos, a pesar de los mejores esfuerzos de los miembros del personal.<\/p>\n\n\n\n<h3 class=\"wp-block-heading\">Estad\u00edsticas de abandono en residencias de ancianos<\/h3>\n\n\n\n<p>La negligencia es, por desgracia, demasiado com\u00fan entre los adultos mayores en el cuidado de hogares de ancianos. Un estudio de 2019 revel\u00f3 que hasta el 81% de los residentes de residencias de ancianos sufren negligencia.<\/p>\n\n\n\n<p>La falta de un debate transparente y de una formaci\u00f3n adecuada entre el personal y la direcci\u00f3n de las residencias de ancianos puede dar lugar a altos \u00edndices de negligencia. Un estudio realizado en 2020 sobre la comprensi\u00f3n del abuso y la negligencia por parte de los directivos de las residencias de ancianos revel\u00f3 que \u00e9stos ten\u00edan problemas para hablar de las situaciones con su personal. Esto se deb\u00eda a la falta de conocimiento de los directivos sobre el maltrato y la negligencia de los ancianos. Afirmaron que no ten\u00edan los conocimientos ni las estrategias necesarias para identificar y gestionar adecuadamente el maltrato y la negligencia que se producen en las residencias de ancianos.<\/p>\n\n\n\n<p><a><\/a>La falta de personal puede repercutir a menudo en la calidad de los cuidados. Seg\u00fan la ley South Carolina, las proporciones de personal de enfermer\u00eda no licenciado por paciente deben cumplir con lo siguiente:<\/p>\n\n\n\n<p>- Primer turno (7 a.m. a 3 p.m.): Nueve residentes por cada miembro del personal;<\/p>\n\n\n\n<p>- Segundo turno (de 15 a 23 horas): Trece residentes por cada miembro del personal; y<\/p>\n\n\n\n<p>- Tercer turno (11 p.m. a 7 a.m.): Veintid\u00f3s residentes por cada miembro.<\/p>\n\n\n\n<p>Si la direcci\u00f3n no planifica eficazmente los horarios de los empleados o los miembros del personal se dan de baja en el \u00faltimo momento, el equipo de atenci\u00f3n restante puede verse sobrecargado de trabajo y cometer graves errores.<\/p>\n\n\n\n<p>La falta de formaci\u00f3n tambi\u00e9n puede conducir a la negligencia. En South Carolina, los auxiliares de enfermer\u00eda se inscriben en el Registro de Auxiliares de Enfermer\u00eda de South Carolina. Un auxiliar de enfermer\u00eda no registrado puede trabajar hasta cuatro meses si est\u00e1 inscrito en un programa de formaci\u00f3n de auxiliares de enfermer\u00eda o ha terminado recientemente un programa de formaci\u00f3n.<\/p>\n\n\n\n<p>Los auxiliares de enfermer\u00eda en South Carolina deben tener al menos 16 horas de formaci\u00f3n en cinco \u00e1reas tem\u00e1ticas:<\/p>\n\n\n\n<ul class=\"wp-block-list\">\n<li>Control de infecciones;<\/li>\n\n\n\n<li>Procedimientos de seguridad y emergencia;<\/li>\n\n\n\n<li>Habilidades comunicativas e interpersonales;<\/li>\n\n\n\n<li>Respetar los derechos de los residentes; y<\/li>\n\n\n\n<li>Promover los derechos de los residentes.<\/li>\n<\/ul>\n\n\n\n<p>En una residencia de ancianos con escasez de personal, los auxiliares de enfermer\u00eda pueden ser llamados a realizar muchas tareas; pueden ser inexpertos y no estar formados. Por ejemplo, un auxiliar de enfermer\u00eda puede tener que administrar medicamentos a un paciente con el que nunca ha trabajado o no est\u00e1 familiarizado con los efectos secundarios del medicamento. La falta de formaci\u00f3n adecuada en esta situaci\u00f3n puede provocar da\u00f1os, como por ejemplo <a href=\"https:\/\/www.steinberglawfirm.com\/personal-injury\/nursing-home-neglect\/medication-error\/\" target=\"_blank\" rel=\"noopener\">administrar la medicaci\u00f3n incorrecta<\/a>La sobre-medicaci\u00f3n, la infra-medicaci\u00f3n o la administraci\u00f3n en el momento o al paciente equivocado.<\/p>\n\n\n\n<h3 class=\"wp-block-heading\">Conozca los s\u00edntomas de la negligencia en residencias Infograf\u00eda<\/h3>\n\n\n\n<figure class=\"wp-block-image size-large\"><a href=\"https:\/\/www.steinberglawfirm.com\/personal-injury\/nursing-home-neglect\/know-the-signs-of-nursing-home-neglect-infographic\/\" target=\"_blank\" rel=\"noopener\"><img loading=\"lazy\" decoding=\"async\" width=\"1024\" height=\"691\" src=\"https:\/\/www.steinberglawfirm.com\/wp-content\/uploads\/2022\/12\/2022-Steinberg-Signs-of-Nursing-Home-Neglect-Infographic_v2-THUMB-1024x691.jpg\" alt=\"Conozca los signos de negligencia en residencias de ancianos\" class=\"wp-image-22848\" title=\"\" srcset=\"https:\/\/steinberglawfirm-staging.clmcloud.app\/wp-content\/uploads\/2022\/12\/2022-Steinberg-Signs-of-Nursing-Home-Neglect-Infographic_v2-THUMB-1024x691.jpg 1024w, https:\/\/steinberglawfirm-staging.clmcloud.app\/wp-content\/uploads\/2022\/12\/2022-Steinberg-Signs-of-Nursing-Home-Neglect-Infographic_v2-THUMB-300x203.jpg 300w, https:\/\/steinberglawfirm-staging.clmcloud.app\/wp-content\/uploads\/2022\/12\/2022-Steinberg-Signs-of-Nursing-Home-Neglect-Infographic_v2-THUMB-768x518.jpg 768w, https:\/\/steinberglawfirm-staging.clmcloud.app\/wp-content\/uploads\/2022\/12\/2022-Steinberg-Signs-of-Nursing-Home-Neglect-Infographic_v2-THUMB-18x12.jpg 18w, https:\/\/steinberglawfirm-staging.clmcloud.app\/wp-content\/uploads\/2022\/12\/2022-Steinberg-Signs-of-Nursing-Home-Neglect-Infographic_v2-THUMB-444x300.jpg 444w, https:\/\/steinberglawfirm-staging.clmcloud.app\/wp-content\/uploads\/2022\/12\/2022-Steinberg-Signs-of-Nursing-Home-Neglect-Infographic_v2-THUMB-681x460.jpg 681w, https:\/\/steinberglawfirm-staging.clmcloud.app\/wp-content\/uploads\/2022\/12\/2022-Steinberg-Signs-of-Nursing-Home-Neglect-Infographic_v2-THUMB-150x101.jpg 150w, https:\/\/steinberglawfirm-staging.clmcloud.app\/wp-content\/uploads\/2022\/12\/2022-Steinberg-Signs-of-Nursing-Home-Neglect-Infographic_v2-THUMB.jpg 1194w\" sizes=\"(max-width: 1024px) 100vw, 1024px\" \/><\/a><\/figure>\n\n\n\n<h3 class=\"wp-block-heading\">\u00bfCu\u00e1les son los s\u00edntomas del abandono?<\/h3>\n\n\n\n<p>Los s\u00edntomas del abandono var\u00edan en funci\u00f3n del tipo de abandono que se produzca. Los miembros de la familia deben <a href=\"https:\/\/www.steinberglawfirm.com\/blog\/nursing-home-abuse-neglect-signs-south-carolina-attorney\/\" target=\"_blank\" rel=\"noopener\">busque las siguientes se\u00f1ales de advertencia<\/a> y p\u00f3ngase en contacto con un abogado experto en negligencia en el cuidado de ancianos lo antes posible.<\/p>\n\n\n\n<p><strong>Negligencia f\u00edsica o m\u00e9dica <\/strong>puede causar diversos problemas de salud o s\u00edntomas. Los signos de <a href=\"https:\/\/www.steinberglawfirm.com\/personal-injury\/nursing-home-abuse\/physical-abuse\/\" target=\"_blank\" rel=\"noopener\">abandono f\u00edsico o m\u00e9dico<\/a> podr\u00eda incluir:<\/p>\n\n\n\n<ul class=\"wp-block-list\">\n<li><a href=\"https:\/\/www.steinberglawfirm.com\/personal-injury\/nursing-home-abuse\/falls-and-fractures-in-south-carolina-nursing-homes\/\" target=\"_blank\" rel=\"noopener\">Lesiones frecuentes causadas por ca\u00eddas<\/a>;<\/li>\n\n\n\n<li><a href=\"https:\/\/www.steinberglawfirm.com\/personal-injury\/nursing-home-abuse\/bedsores-and-pressure-ulcers-in-nursing-home-patients\/\" target=\"_blank\" rel=\"noopener\">Llagas en la cama o \u00falceras por presi\u00f3n<\/a> causada por la falta de higiene adecuada o por no ayudar a la persona mayor a aliviar la presi\u00f3n girando y apoyando su posici\u00f3n corporal;<\/li>\n\n\n\n<li>Ropa sucia, ropa de cama sucia, residuos m\u00e9dicos u otras condiciones insalubres;<\/li>\n\n\n\n<li><a href=\"https:\/\/www.steinberglawfirm.com\/personal-injury\/nursing-home-neglect\/malnutrition-dehydration\/\" target=\"_blank\" rel=\"noopener\">Desnutrici\u00f3n o deshidrataci\u00f3n<\/a>;<\/li>\n\n\n\n<li>Se\u00f1ales de que la persona mayor no est\u00e1 recibiendo un tratamiento adecuado del dolor; y<\/li>\n\n\n\n<li>Afecciones m\u00e9dicas nuevas o que empeoran y no son tratadas.<\/li>\n<\/ul>\n\n\n\n<p><strong>Abandono psicol\u00f3gico o emocional <\/strong>tambi\u00e9n puede causar da\u00f1os. Los signos de <a href=\"https:\/\/www.steinberglawfirm.com\/personal-injury\/nursing-home-abuse\/emotional-abuse\/\" target=\"_blank\" rel=\"noopener\">abandono psicol\u00f3gico o emocional<\/a> puede incluir:<\/p>\n\n\n\n<ul class=\"wp-block-list\">\n<li>Angustia emocional, ira, agitaci\u00f3n o miedo;<\/li>\n\n\n\n<li>Retirada emocional o social o cierre;<\/li>\n\n\n\n<li>Un ser querido que no tiene nada que comentar cuando se le pregunta qu\u00e9 actividades ha realizado recientemente o qu\u00e9 amigos ha hecho;<\/li>\n\n\n\n<li>La aparici\u00f3n de conductas de autocalentamiento nuevas o m\u00e1s pronunciadas, como mecerse, chupar o morder;<\/li>\n\n\n\n<li>Rechazo a levantarse de la cama o cambio de h\u00e1bitos alimenticios;<\/li>\n\n\n\n<li>Comentarios que expresen desesperaci\u00f3n o inutilidad; y<\/li>\n\n\n\n<li>Indicios de que una condici\u00f3n mental o emocional normalmente controlada por la medicaci\u00f3n no se mantiene debido a un tratamiento inadecuado.<\/li>\n<\/ul>\n\n\n\n<p><strong>Descuido ambiental <\/strong>pueden suscitar preocupaci\u00f3n por las condiciones de seguridad e higiene que necesitan todos los residentes de las residencias de ancianos. Las condiciones ambientales inseguras incluyen:<\/p>\n\n\n\n<ul class=\"wp-block-list\">\n<li>Peligros evidentes para la seguridad, como barandillas rotas o inexistentes, moqueta rota, baldosas rotas, bordes afilados y mala iluminaci\u00f3n;<\/li>\n\n\n\n<li>Medidas de seguridad inadecuadas, como la falta de cinturones de seguridad para las transferencias entre sillas de ruedas, sillas de ruedas rotas o ausentes, andadores y otros equipos;<\/li>\n\n\n\n<li>Falta de supervisi\u00f3n para los residentes que necesitan ayuda con las recetas, para comer o para moverse;<\/li>\n\n\n\n<li>Botones de llamada rotos que se utilizan para el contacto directo entre el paciente y la enfermera;<\/li>\n\n\n\n<li>Derrame de alimentos o desechos humanos, agua estancada u olores desagradables, como el moho; y,<\/li>\n\n\n\n<li>Objetos personales y de cuidado insalubres, como ropa de cama sucia, ropa sucia o platos sucios.<\/li>\n<\/ul>\n\n\n\n<p>Las enfermeras licenciadas, las enfermeras tituladas y los auxiliares de enfermer\u00eda certificados deben prestar una atenci\u00f3n diaria continua a los residentes de edad avanzada. La falta de atenci\u00f3n puede hacer que no se satisfagan las necesidades de los residentes, lo que puede causar da\u00f1os graves.<\/p>\n\n\n\n<h3 class=\"wp-block-heading\">\u00bfC\u00f3mo puedo demostrar que un miembro de la familia est\u00e1 siendo abandonado?<\/h3>\n\n\n\n<p>Los seres queridos pueden tomar varias medidas para ayudar a reunir informaci\u00f3n. Si sospecha que su familiar anciano o un ser querido est\u00e1 sufriendo negligencia en una residencia de ancianos:<\/p>\n\n\n\n<ul class=\"wp-block-list\">\n<li><strong>Acost\u00fambrate a tomar notas. <\/strong>Cada vez que hable con un miembro del personal de la residencia de ancianos, anote la fecha y la hora, lo que habl\u00f3 y lo que le dijeron o prometieron. Del mismo modo, cuando visite a su ser querido, t\u00f3mese el tiempo necesario para anotar la fecha y la hora, su estado de \u00e1nimo y cualquier otro signo que observe que le haga sospechar de negligencia.<\/li>\n\n\n\n<li><strong>Habla. <\/strong>Es m\u00e1s dif\u00edcil para el personal de la residencia ocultar la negligencia si los familiares la se\u00f1alan. Si ves algo, com\u00e9ntaselo al equipo. Anote lo que prometieron hacer.<\/li>\n\n\n\n<li><strong>Acuda a proveedores m\u00e9dicos de confianza. <\/strong>El m\u00e9dico de su ser querido puede ayudar a diagnosticar y tratar problemas nuevos o que empeoran. En caso de emergencia m\u00e9dica, no dude en llamar al 911. Obtenga copias de todos los registros m\u00e9dicos para entreg\u00e1rselos a un abogado.<\/li>\n\n\n\n<li><strong>Visite a menudo y en diferentes momentos. <\/strong>Si no puede hacerlo, intente organizar que otras personas visiten a su ser querido de forma regular y le proporcionen su evaluaci\u00f3n.<\/li>\n\n\n\n<li><strong>P\u00f3ngase en contacto con un abogado con experiencia en negligencia en residencias de ancianos. <\/strong>Estos casos son complejos y requieren la habilidad y el conocimiento que viene de la experiencia. Aseg\u00farese de que su abogado haya manejado este tipo de casos.<\/li>\n<\/ul>\n\n\n\n<h3 class=\"wp-block-heading\">Qu\u00e9 ocurre en un caso de negligencia en una residencia de ancianos<\/h3>\n\n\n\n<p>Si usted sospecha que un ser querido est\u00e1 sufriendo la negligencia de un hogar de ancianos, hable con un abogado de negligencia en hogares de ancianos Charleston inmediatamente. Un abogado puede ayudarle a reunir pruebas, entender la ley y elegir los siguientes pasos para usted y su ser querido.<\/p>\n\n\n\n<p>Cuando te acercas a <a href=\"https:\/\/www.steinberglawfirm.com\/attorney\/\" target=\"_blank\" rel=\"noopener\">nuestro equipo de abogados<\/a>Comenzaremos pidi\u00e9ndole que describa lo que est\u00e1 sucediendo. Durante esta conversaci\u00f3n, haga cualquier pregunta que tenga, no s\u00f3lo sobre el estado de su ser querido, sino tambi\u00e9n sobre el proceso legal.<\/p>\n\n\n\n<p>Aunque en algunos casos, el mejor resultado es simplemente trasladar a su ser querido a un centro mejor y m\u00e1s cuidadoso, la desafortunada realidad es que los residentes a menudo se ven comprometidos, y su estado puede empeorar. La negligencia suele iniciar una reacci\u00f3n en cadena que hace que la salud del residente entre en una espiral descendente. En estas situaciones, la presentaci\u00f3n de una reclamaci\u00f3n legal contra la residencia de ancianos es quiz\u00e1s la \u00fanica manera en que un residente y su familia pueden obtener justicia por la mala actuaci\u00f3n de la residencia.<\/p>\n\n\n\n<p>Si decide presentar una demanda contra una residencia de ancianos, no significa que usted y su ser querido tengan que testificar en el juicio. La gran mayor\u00eda de estos casos se resuelven sin necesidad de un juicio. En parte, esto se debe a que las residencias de ancianos no quieren arriesgarse a perder en el juicio y recibir una sentencia desconocida en su contra. Muchas instalaciones est\u00e1n abiertas a un acuerdo previo al juicio una vez que se han establecido los m\u00e9ritos de un caso.<\/p>\n\n\n\n<p>Sin embargo, hay que tener en cuenta que las compa\u00f1\u00edas de seguros se defender\u00e1n agresivamente contra las reclamaciones de negligencia, a menudo citando condiciones preexistentes o culpando a la v\u00edctima. Tener un abogado con experiencia en negligencia en hogares de ancianos de su lado es fundamental para su caso.<\/p>\n\n\n\n<p>En el <a href=\"https:\/\/www.steinberglawfirm.com\/\" target=\"_blank\" rel=\"noopener\">Steinberg Law Firm<\/a>En el caso de las demandas por negligencia en residencias de ancianos, adoptamos un enfoque pr\u00e1ctico. Empezamos por escuchar sus preocupaciones y estructurar nuestra representaci\u00f3n en consecuencia. Nuestro <a href=\"https:\/\/www.steinberglawfirm.com\/personal-injury\/nursing-home-abuse\/\" target=\"_blank\" rel=\"noopener\">Charleston abogados de residencias de ancianos<\/a> est\u00e1n aqu\u00ed para usted y su familia y le ayudar\u00e1n a buscar el mejor resultado posible para su caso.<\/p>\n\n\n\n<h3 class=\"wp-block-heading\">P\u00f3ngase en contacto con un abogado con experiencia en negligencia en hogares de ancianos Charleston hoy<\/h3>\n\n\n\n<p>La negligencia se define como la falta de cuidado, ayuda y apoyo. Cuando usted se concentra en su ser querido, hace brillar una luz en la oscuridad de la negligencia - y puede ayudar a desterrarla de la vida de su ser querido. Un abogado experto en negligencia en residencias de ancianos South Carolina puede ayudarle.<\/p>\n\n\n\n<p>En el <a href=\"https:\/\/www.steinberglawfirm.com\/\" target=\"_blank\" rel=\"noopener\">Steinberg Law Firm<\/a>Estamos comprometidos a conseguir que las v\u00edctimas de la negligencia en los hogares de ancianos y otras personas que han sido lesionadas aseguren la compensaci\u00f3n financiera que merecen. Si un ser querido ha sufrido la negligencia de un hogar de ancianos, podemos ayudar a luchar para protegerlos y poner fin al sufrimiento que ellos, y posiblemente otros, han experimentado. <a href=\"tel:1-843-720-2800\">P\u00f3ngase en contacto con nosotros hoy mismo llamando al (843) 720-2800<\/a>.<\/p>","protected":false},"excerpt":{"rendered":"<p>Charleston Abogados de Negligencia en Asilos de Ancianos South Carolina Los abogados luchan contra el abuso de ancianos Muchas familias South Carolina eligen el cuidado en un asilo de ancianos para sus seres queridos de edad avanzada una vez que ya no pueden cuidar de sus necesidades f\u00edsicas y de apoyo en el hogar. Al ingresar a su ser querido en un hogar de ancianos, usted conf\u00eda su cuidado a este centro....<\/p>","protected":false},"author":1,"featured_media":22758,"parent":565,"menu_order":0,"comment_status":"closed","ping_status":"closed","template":"","meta":{"_acf_changed":false,"footnotes":""},"class_list":["post-22753","page","type-page","status-publish","has-post-thumbnail","hentry"],"acf":[],"_links":{"self":[{"href":"https:\/\/steinberglawfirm-staging.clmcloud.app\/es\/wp-json\/wp\/v2\/pages\/22753"}],"collection":[{"href":"https:\/\/steinberglawfirm-staging.clmcloud.app\/es\/wp-json\/wp\/v2\/pages"}],"about":[{"href":"https:\/\/steinberglawfirm-staging.clmcloud.app\/es\/wp-json\/wp\/v2\/types\/page"}],"author":[{"embeddable":true,"href":"https:\/\/steinberglawfirm-staging.clmcloud.app\/es\/wp-json\/wp\/v2\/users\/1"}],"replies":[{"embeddable":true,"href":"https:\/\/steinberglawfirm-staging.clmcloud.app\/es\/wp-json\/wp\/v2\/comments?post=22753"}],"version-history":[{"count":8,"href":"https:\/\/steinberglawfirm-staging.clmcloud.app\/es\/wp-json\/wp\/v2\/pages\/22753\/revisions"}],"predecessor-version":[{"id":22860,"href":"https:\/\/steinberglawfirm-staging.clmcloud.app\/es\/wp-json\/wp\/v2\/pages\/22753\/revisions\/22860"}],"up":[{"embeddable":true,"href":"https:\/\/steinberglawfirm-staging.clmcloud.app\/es\/wp-json\/wp\/v2\/pages\/565"}],"wp:featuredmedia":[{"embeddable":true,"href":"https:\/\/steinberglawfirm-staging.clmcloud.app\/es\/wp-json\/wp\/v2\/media\/22758"}],"wp:attachment":[{"href":"https:\/\/steinberglawfirm-staging.clmcloud.app\/es\/wp-json\/wp\/v2\/media?parent=22753"}],"curies":[{"name":"wp","href":"https:\/\/api.w.org\/{rel}","templated":true}]}}