{"id":2275,"date":"2017-08-16T01:23:41","date_gmt":"2017-08-16T01:23:41","guid":{"rendered":"https:\/\/www.steinberglawfirm.com\/?page_id=2275"},"modified":"2022-04-18T17:45:33","modified_gmt":"2022-04-18T17:45:33","slug":"physical-abuse","status":"publish","type":"page","link":"https:\/\/steinberglawfirm-staging.clmcloud.app\/es\/lesiones-personales\/abuso-en-hogares-de-ancianos\/abuso-fisico\/","title":{"rendered":"Maltrato f\u00edsico a los residentes de residencias de ancianos"},"content":{"rendered":"<h1 class=\"wp-block-heading\">Maltrato f\u00edsico a los residentes de residencias de ancianos<\/h1>\n\n\n\n<div style=\"height:15px\" aria-hidden=\"true\" class=\"wp-block-spacer\"><\/div>\n\n\n\n<p>La decisi\u00f3n de ingresar a un ser querido en una residencia de ancianos nunca es f\u00e1cil. Queremos lo mejor para nuestros familiares mayores, y sopesar la necesidad de cuidados frente a la p\u00e9rdida de independencia es algo emocional. Una vez tomada la decisi\u00f3n, descubrir los malos tratos es algo molesto y exasperante.<\/p>\n\n\n\n<p>Si cree que su ser querido puede ser v\u00edctima de&nbsp;<a href=\"https:\/\/www.steinberglawfirm.com\/practice-areas\/nursing-home-abuse\/\" target=\"_blank\" rel=\"noopener\">abuso en residencias de ancianos<\/a>Por favor, p\u00f3ngase en contacto con el Steinberg Law Firm hoy en 843-720-2800 para programar su consulta gratuita con un abogado de abuso f\u00edsico South Carolina.<\/p>\n\n\n\n<p><strong>\u00bfQu\u00e9 es el maltrato en las residencias de ancianos?<\/strong><\/p>\n\n\n\n<p>El maltrato en residencias de ancianos es cualquier tipo de abuso f\u00edsico, sexual, emocional o financiero que experimenta un residente de una residencia de ancianos mientras est\u00e1 al cuidado del centro. Aunque los abusos financieros y emocionales son intolerables, estos casos a veces pueden pasar desapercibidos debido a la falta de signos y s\u00edntomas inmediatamente aparentes. Pero en el caso del abuso f\u00edsico y sexual, las se\u00f1ales de advertencia pueden estar justo delante de nosotros si prestamos atenci\u00f3n.<\/p>\n\n\n\n<p><strong>Lesiones y s\u00edntomas comunes<\/strong><br>Los tipos de lesiones y s\u00edntomas m\u00e1s comunes que experimentan las v\u00edctimas de abusos f\u00edsicos y sexuales en las residencias de ancianos son los siguientes:<\/p>\n\n\n\n<ul class=\"wp-block-list\"><li>Huesos rotos, fracturados o dislocados<\/li><li>Moretones, cicatrices o ronchas sospechosas, especialmente las que aparecen en ambos lados del cuerpo.<\/li><li>Gafas rotas u otros objetos personales<\/li><li>Sobredosis de drogas o negativa a tomar la medicaci\u00f3n<\/li><li>Marcas de cuerda en las mu\u00f1ecas que sugieren que se ha producido una inmovilizaci\u00f3n<\/li><\/ul>\n\n\n\n<p>El maltrato f\u00edsico nunca es aceptable, y si un cuidador le niega alguna vez su petici\u00f3n de pasar tiempo a solas con su ser querido, debe sospechar que se trata de un maltrato. Puede que est\u00e9n tratando de ocultar algo.<\/p>\n\n\n\n<p><strong>C\u00f3mo son de responsables las residencias de ancianos<\/strong><\/p>\n\n\n\n<p>South Carolina ha establecido un&nbsp;<a href=\"https:\/\/www.steinberglawfirm.com\/practice-areas\/nursing-home-abuse\/residents-bill-of-rights\/\" target=\"_blank\" rel=\"noopener\">carta de derechos de los residentes<\/a>&nbsp;para los pacientes de las residencias de ancianos, que protege a los que reciben cuidados de larga duraci\u00f3n. Los administradores y el personal de las residencias de ancianos deben ser plenamente conscientes de la responsabilidad que tienen de cuidar a su ser querido. En concreto, la declaraci\u00f3n de derechos exige que los centros de cuidados de larga duraci\u00f3n<\/p>\n\n\n\n<ul class=\"wp-block-list\"><li>Proporcionar una calidad de vida adecuada a los residentes.<\/li><li>Proporcionar a los residentes servicios y actividades adecuados.<\/li><li>Permitir que los residentes y sus defensores participen en la administraci\u00f3n.<\/li><li>Permitir a los defensores del pueblo un acceso suficiente a los programas de las residencias de ancianos.<\/li><\/ul>\n\n\n\n<p>Los cuidadores de las residencias tienen la responsabilidad de tratar a los ancianos con cuidado y comprensi\u00f3n. Eso significa que no hay que restringirlos f\u00edsicamente de forma innecesaria, ni sacudirlos, ni apretarlos o pellizcarlos, ni hacerles da\u00f1o.<\/p>\n\n\n\n<h2 class=\"wp-block-heading\">Abogados de lesiones personales que representan a Charleston y \u00e1reas cercanas de South Carolina<\/h2>\n\n\n\n<p>Si sospecha que su ser querido puede estar sufriendo abusos f\u00edsicos mientras est\u00e1 al cuidado de un centro de atenci\u00f3n a largo plazo, es el momento de tomar medidas y evitar da\u00f1os mayores. Por favor,&nbsp;<a href=\"https:\/\/www.steinberglawfirm.com\/contact-us\/\" target=\"_blank\" rel=\"noopener\">contactar con<\/a>&nbsp;el Steinberg Law Firm hoy en 843-720-2800 para programar su consulta gratuita con uno de nuestros abogados de abuso f\u00edsico South Carolina.<\/p>","protected":false},"excerpt":{"rendered":"<p>Abuso f\u00edsico de los residentes de residencias de ancianos La decisi\u00f3n de ingresar a un ser querido en una residencia de ancianos nunca es f\u00e1cil. Queremos lo mejor para nuestros familiares mayores, y sopesar la necesidad de cuidados frente a la p\u00e9rdida de independencia es algo emocional. Una vez tomada la decisi\u00f3n, resulta molesto y exasperante...<\/p>","protected":false},"author":1,"featured_media":19842,"parent":782,"menu_order":0,"comment_status":"closed","ping_status":"closed","template":"","meta":{"_acf_changed":false,"footnotes":""},"class_list":["post-2275","page","type-page","status-publish","has-post-thumbnail","hentry"],"acf":[],"_links":{"self":[{"href":"https:\/\/steinberglawfirm-staging.clmcloud.app\/es\/wp-json\/wp\/v2\/pages\/2275"}],"collection":[{"href":"https:\/\/steinberglawfirm-staging.clmcloud.app\/es\/wp-json\/wp\/v2\/pages"}],"about":[{"href":"https:\/\/steinberglawfirm-staging.clmcloud.app\/es\/wp-json\/wp\/v2\/types\/page"}],"author":[{"embeddable":true,"href":"https:\/\/steinberglawfirm-staging.clmcloud.app\/es\/wp-json\/wp\/v2\/users\/1"}],"replies":[{"embeddable":true,"href":"https:\/\/steinberglawfirm-staging.clmcloud.app\/es\/wp-json\/wp\/v2\/comments?post=2275"}],"version-history":[{"count":2,"href":"https:\/\/steinberglawfirm-staging.clmcloud.app\/es\/wp-json\/wp\/v2\/pages\/2275\/revisions"}],"predecessor-version":[{"id":19847,"href":"https:\/\/steinberglawfirm-staging.clmcloud.app\/es\/wp-json\/wp\/v2\/pages\/2275\/revisions\/19847"}],"up":[{"embeddable":true,"href":"https:\/\/steinberglawfirm-staging.clmcloud.app\/es\/wp-json\/wp\/v2\/pages\/782"}],"wp:featuredmedia":[{"embeddable":true,"href":"https:\/\/steinberglawfirm-staging.clmcloud.app\/es\/wp-json\/wp\/v2\/media\/19842"}],"wp:attachment":[{"href":"https:\/\/steinberglawfirm-staging.clmcloud.app\/es\/wp-json\/wp\/v2\/media?parent=2275"}],"curies":[{"name":"wp","href":"https:\/\/api.w.org\/{rel}","templated":true}]}}