{"id":22745,"date":"2022-11-03T17:10:59","date_gmt":"2022-11-03T17:10:59","guid":{"rendered":"https:\/\/www.steinberglawfirm.com\/?page_id=22745"},"modified":"2024-04-12T21:34:00","modified_gmt":"2024-04-12T21:34:00","slug":"medication-error","status":"publish","type":"page","link":"https:\/\/steinberglawfirm-staging.clmcloud.app\/es\/lesiones-personales\/negligencia-en-residencias-de-ancianos\/error-de-medicacion\/","title":{"rendered":"Error de medicaci\u00f3n en una residencia de ancianos"},"content":{"rendered":"<h1 class=\"wp-block-heading\">South Carolina Abogados de errores de medicaci\u00f3n<\/h1>\n\n\n\n<h2 class=\"wp-block-heading\"><em>Abogados especializados en negligencia en hogares de ancianos que atienden los casos Charleston, Summerville y Goose Creek<\/em><\/h2>\n\n\n\n<p>Los medicamentos son una de las herramientas m\u00e1s poderosas de la medicina moderna. Sin embargo, los medicamentos s\u00f3lo tienen el poder de curar cuando se prescriben y se utilizan correctamente. Por desgracia, los m\u00e9dicos autorizados pueden recetar p\u00edldoras y cremas incorrectas, o un miembro del personal de la residencia de ancianos puede no proporcionar la dosis y el horario correctos para los medicamentos de sus residentes.<\/p>\n\n\n\n<p>Cuando los miembros del personal de la residencia de ancianos no dispensan las recetas correctamente, pueden producirse lesiones graves. No dar la medicaci\u00f3n, no comprobar que es la adecuada o no suministrar la dosis correcta puede formar un patr\u00f3n de negligencia con el tiempo.<\/p>\n\n\n\n<p>Los errores de medicaci\u00f3n son frecuentes en las residencias de ancianos. Un estudio revel\u00f3 que entre el 16 y el 27 por ciento de todos los residentes de residencias de ancianos experimentaron al menos un error de medicaci\u00f3n mientras viv\u00edan en una residencia. Cuando un residente era trasladado de una residencia a otra, el riesgo aumentaba en un 31 por ciento. Si sospecha que los errores de medicaci\u00f3n en una residencia de ancianos han perjudicado a un ser querido, hable con un <a href=\"https:\/\/www.steinberglawfirm.com\/personal-injury\/nursing-home-neglect\/\" target=\"_blank\" rel=\"noopener\">abogado con experiencia en negligencia en residencias de ancianos<\/a> hoy.<\/p>\n\n\n\n<h3 class=\"wp-block-heading\"><strong>\u00bfQu\u00e9 son los errores de medicaci\u00f3n?<\/strong><\/h3>\n\n\n\n<p>Un error de medicaci\u00f3n se produce cuando:<\/p>\n\n\n\n<ul class=\"wp-block-list\">\n<li>Un m\u00e9dico prescribe la medicaci\u00f3n equivocada a un paciente;<\/li>\n\n\n\n<li>Un m\u00e9dico prescribe la medicaci\u00f3n correcta, pero una farmacia da al paciente un medicamento diferente al prescrito;<\/li>\n\n\n\n<li>Una enfermera o un cuidador da a un paciente la medicaci\u00f3n o la dosis equivocada; o<\/li>\n\n\n\n<li>Una enfermera o un cuidador no cumple el horario de administraci\u00f3n de la medicaci\u00f3n a un paciente.<\/li>\n<\/ul>\n\n\n\n<p>Aunque el m\u00e9dico de un residente de una residencia de ancianos puede recetar la medicaci\u00f3n adecuada, y una farmacia puede rellenar esa receta correctamente, pueden producirse errores en el camino. A menudo, los residentes de las residencias de ancianos conf\u00edan en los miembros del personal para asegurarse de que cada residente recibe la cantidad correcta de medicamentos en el momento adecuado.<\/p>\n\n\n\n<p>El personal de la residencia de ancianos puede provocar un error de medicaci\u00f3n cuando:<\/p>\n\n\n\n<ul class=\"wp-block-list\">\n<li>Cortar o triturar las p\u00edldoras aunque la etiqueta diga que no se debe administrar el medicamento de esta manera;<\/li>\n\n\n\n<li>Combinar los medicamentos con los alimentos, el agua u otras drogas de manera que se produzcan interacciones peligrosas;<\/li>\n\n\n\n<li>Permitir que los pacientes tomen su medicaci\u00f3n de una manera que no est\u00e1 dise\u00f1ada para ser tomada - por ejemplo, dejando que un paciente trague una p\u00edldora que se supone que se disuelve bajo la lengua; y<\/li>\n\n\n\n<li>Dar medicamentos caducados, o dar el tipo o la potencia equivocada.<\/li>\n<\/ul>\n\n\n\n<p>El personal de la residencia de ancianos tambi\u00e9n puede provocar un error de medicaci\u00f3n al no::<\/p>\n\n\n\n<ul class=\"wp-block-list\">\n<li>Dar al paciente suficiente agua, comida o anti\u00e1cidos seg\u00fan el caso, lo que impide que el cuerpo del paciente absorba la medicaci\u00f3n correctamente;<\/li>\n\n\n\n<li>Preparar la medicaci\u00f3n correctamente. Algunos medicamentos deben romperse, agitarse o mezclarse. Cuando el personal de la residencia de ancianos se salta este paso, el paciente puede recibir una cantidad excesiva o insuficiente del principio activo;<\/li>\n\n\n\n<li>Tomarse el tiempo suficiente para controlar a sus pacientes y asegurarse de que los medicamentos se ingieren o absorben correctamente; y<\/li>\n\n\n\n<li>Anotar la documentaci\u00f3n correcta al administrar la medicaci\u00f3n.<\/li>\n<\/ul>\n\n\n\n<p>Coordinar la medicaci\u00f3n de varios residentes a la vez requiere una estricta atenci\u00f3n a los detalles. En una residencia de ancianos, el personal puede tener la tentaci\u00f3n de precipitarse u omitir pasos cr\u00edticos en su proceso diario. Hacerlo es una forma de negligencia. Los residentes conf\u00edan exclusivamente en que los miembros del personal presten atenci\u00f3n a las etiquetas de instrucciones de sus medicamentos. Cuando los miembros del personal no lo hacen, los residentes sufren lesiones adicionales y, en algunos casos, <a href=\"https:\/\/www.steinberglawfirm.com\/personal-injury\/nursing-home-neglect\/nursing-home-fatality-lawyers\/\" target=\"_blank\" rel=\"noopener\">muerte<\/a>.<\/p>\n\n\n\n<h3 class=\"wp-block-heading\">Tipos de lesiones causadas por errores de medicaci\u00f3n<\/h3>\n\n\n\n<p>Los medicamentos tratan diversas afecciones y modifican el flujo natural del cuerpo de una persona. Por ejemplo, algunos medicamentos se dirigen a las causas de la hinchaz\u00f3n para reducirla. Muchos medicamentos contra el c\u00e1ncer act\u00faan interrumpiendo la capacidad de reproducci\u00f3n de las c\u00e9lulas cancerosas.<\/p>\n\n\n\n<p>Los medicamentos pueden proporcionar importantes beneficios si se administra la dosis correcta a un paciente. Si se suministra una cantidad incorrecta de un f\u00e1rmaco, el medicamento no funcionar\u00e1 como se pretende y puede causar un da\u00f1o grave a una persona.<\/p>\n\n\n\n<p>Los residentes pueden sufrir si reciben una cantidad excesiva, una cantidad insuficiente o un tipo de medicaci\u00f3n equivocado. Los problemas m\u00e1s comunes causados por los errores de medicaci\u00f3n son:<\/p>\n\n\n\n<ul class=\"wp-block-list\">\n<li>Una condici\u00f3n m\u00e9dica que empeora;<\/li>\n\n\n\n<li>Una condici\u00f3n m\u00e9dica que se cura m\u00e1s lentamente de lo esperado;<\/li>\n\n\n\n<li>Nuevos s\u00edntomas o complicaciones;<\/li>\n\n\n\n<li>Da\u00f1os o fallos en los \u00f3rganos;<\/li>\n\n\n\n<li>Sobredosis al acumularse sustancias t\u00f3xicas en el cuerpo; y<\/li>\n\n\n\n<li>Dolor incontrolado.<\/li>\n<\/ul>\n\n\n\n<p>Los errores de medicaci\u00f3n derivados de la negligencia son inaceptables. Si usted o alguien que conoce ha experimentado complicaciones con un nuevo medicamento mientras viv\u00eda en una residencia de ancianos en South Carolina, <a href=\"https:\/\/www.steinberglawfirm.com\/contact-us\/\" target=\"_blank\" rel=\"noopener\">contacte con el Steinberg Law Firm hoy mismo<\/a>. Lo mejor es que su incidente o el de su ser querido sea evaluado y discutido con un <a href=\"https:\/\/www.steinberglawfirm.com\/personal-injury\/nursing-home-neglect\/\" target=\"_blank\" rel=\"noopener\">abogado con experiencia en negligencia en residencias de ancianos<\/a>. Nuestro <a href=\"https:\/\/www.steinberglawfirm.com\/attorney\/\" target=\"_blank\" rel=\"noopener\">equipo legal de abuso y negligencia en hogares de ancianos<\/a> trabajar\u00e1 con usted en la obtenci\u00f3n de documentaci\u00f3n para construir un caso s\u00f3lido contra el centro de enfermer\u00eda.<\/p>\n\n\n\n<h3 class=\"wp-block-heading\">C\u00f3mo abordar los errores de medicaci\u00f3n<\/h3>\n\n\n\n<p>Detectar los errores de medicaci\u00f3n puede ser un reto. <a href=\"https:\/\/www.steinberglawfirm.com\/personal-injury\/nursing-home-abuse\/signs-of-nursing-home-neglect-in-south-carolina\/\" target=\"_blank\" rel=\"noopener\">Identificar estos errores como una forma de negligencia<\/a> puede ser a\u00fan m\u00e1s dif\u00edcil.<\/p>\n\n\n\n<p>Los familiares y seres queridos pueden tomar medidas para detectar errores de medicaci\u00f3n y proteger a los residentes de las residencias de ancianos. Para luchar contra esta forma de negligencia:<\/p>\n\n\n\n<ul class=\"wp-block-list\">\n<li>Programe sus visitas para que est\u00e9 presente cuando su ser querido reciba su medicaci\u00f3n al menos una vez al d\u00eda;<\/li>\n\n\n\n<li>Hable con el m\u00e9dico de su ser querido y lea sobre sus medicamentos, para saber qu\u00e9 cantidad de medicamentos debe recibir su ser querido y en qu\u00e9 forma.<\/li>\n\n\n\n<li>Cuando la medicaci\u00f3n de un ser querido cambie, aseg\u00farese de que el personal de la residencia tiene las instrucciones del m\u00e9dico y del farmac\u00e9utico por escrito; y<\/li>\n\n\n\n<li>Observe a su ser querido para ver si hay efectos secundarios o s\u00edntomas cambiantes, como dolor incontrolado, nuevas enfermedades o complicaciones, falta de energ\u00eda o signos de que la medicaci\u00f3n no est\u00e1 haciendo lo que se le recet\u00f3.<\/li>\n<\/ul>\n\n\n\n<p>Si sospecha que hay errores de medicaci\u00f3n o negligencia, tambi\u00e9n puede tomar medidas para proteger a su ser querido.<\/p>\n\n\n\n<p>Algunos medicamentos aparecen con m\u00e1s frecuencia en los errores de medicaci\u00f3n que otros. Un estudio sobre errores de medicaci\u00f3n en residencias de ancianos en North Carolina descubri\u00f3 que m\u00e1s del 12% de todos los errores ten\u00edan que ver con analg\u00e9sicos. Los sedantes estaban implicados en algo m\u00e1s del 8 por ciento de todos los errores de medicaci\u00f3n. Los medicamentos para la diabetes representaron algo menos del 6 por ciento de los errores. Si su ser querido recibe estos medicamentos, puede ser necesaria una vigilancia adicional.<\/p>\n\n\n\n<h3 class=\"wp-block-heading\"><strong>Qu\u00e9 hacer si sospecha que hay negligencia en una residencia de ancianos<\/strong><\/h3>\n\n\n\n<p>Si cree que su ser querido est\u00e1 sufriendo errores de medicaci\u00f3n u otras formas de negligencia, hable con un <a href=\"https:\/\/www.steinberglawfirm.com\/personal-injury\/nursing-home-neglect\/\" target=\"_blank\" rel=\"noopener\">abogado con experiencia en negligencia en residencias de ancianos<\/a> hoy. En <a href=\"https:\/\/www.steinberglawfirm.com\/\" target=\"_blank\" rel=\"noopener\">Steinberg Law Firm<\/a>Nuestros abogados le escuchar\u00e1n mientras describe lo que ha visto y experimentado. Le ayudaremos a entender sus opciones legales y le apoyaremos mientras elige el siguiente paso para su ser querido. <a href=\"tel:1-843-720-2800\">P\u00f3ngase en contacto con nosotros hoy mismo en el (843) 720-2800<\/a> o <a href=\"https:\/\/www.steinberglawfirm.com\/contact-us\/\" target=\"_blank\" rel=\"noopener\">a trav\u00e9s de nuestro formulario de contacto en l\u00ednea<\/a>.<\/p>","protected":false},"excerpt":{"rendered":"<p>South Carolina Abogados de errores de medicaci\u00f3n Abogados de negligencia en hogares de ancianos Charleston, Summerville y Goose Creek La medicaci\u00f3n es una de las herramientas m\u00e1s poderosas de la medicina moderna. Sin embargo, los medicamentos s\u00f3lo tienen el poder de curar cuando se prescriben y utilizan correctamente. Desafortunadamente, los m\u00e9dicos autorizados pueden prescribir p\u00edldoras y cremas incorrectas, o un miembro del personal del hogar de ancianos puede...<\/p>","protected":false},"author":1,"featured_media":22761,"parent":22753,"menu_order":0,"comment_status":"closed","ping_status":"closed","template":"","meta":{"_acf_changed":false,"footnotes":""},"class_list":["post-22745","page","type-page","status-publish","has-post-thumbnail","hentry"],"acf":[],"_links":{"self":[{"href":"https:\/\/steinberglawfirm-staging.clmcloud.app\/es\/wp-json\/wp\/v2\/pages\/22745"}],"collection":[{"href":"https:\/\/steinberglawfirm-staging.clmcloud.app\/es\/wp-json\/wp\/v2\/pages"}],"about":[{"href":"https:\/\/steinberglawfirm-staging.clmcloud.app\/es\/wp-json\/wp\/v2\/types\/page"}],"author":[{"embeddable":true,"href":"https:\/\/steinberglawfirm-staging.clmcloud.app\/es\/wp-json\/wp\/v2\/users\/1"}],"replies":[{"embeddable":true,"href":"https:\/\/steinberglawfirm-staging.clmcloud.app\/es\/wp-json\/wp\/v2\/comments?post=22745"}],"version-history":[{"count":9,"href":"https:\/\/steinberglawfirm-staging.clmcloud.app\/es\/wp-json\/wp\/v2\/pages\/22745\/revisions"}],"predecessor-version":[{"id":30797,"href":"https:\/\/steinberglawfirm-staging.clmcloud.app\/es\/wp-json\/wp\/v2\/pages\/22745\/revisions\/30797"}],"up":[{"embeddable":true,"href":"https:\/\/steinberglawfirm-staging.clmcloud.app\/es\/wp-json\/wp\/v2\/pages\/22753"}],"wp:featuredmedia":[{"embeddable":true,"href":"https:\/\/steinberglawfirm-staging.clmcloud.app\/es\/wp-json\/wp\/v2\/media\/22761"}],"wp:attachment":[{"href":"https:\/\/steinberglawfirm-staging.clmcloud.app\/es\/wp-json\/wp\/v2\/media?parent=22745"}],"curies":[{"name":"wp","href":"https:\/\/api.w.org\/{rel}","templated":true}]}}