{"id":2273,"date":"2017-08-16T01:17:34","date_gmt":"2017-08-16T01:17:34","guid":{"rendered":"https:\/\/www.steinberglawfirm.com\/?page_id=2273"},"modified":"2022-04-18T17:44:14","modified_gmt":"2022-04-18T17:44:14","slug":"residents-bill-of-rights","status":"publish","type":"page","link":"https:\/\/steinberglawfirm-staging.clmcloud.app\/es\/lesiones-personales\/abuso-en-hogares-de-ancianos\/carta-de-derechos-de-los-residentes\/","title":{"rendered":"Carta de derechos de los residentes de residencias de ancianos"},"content":{"rendered":"<h1 class=\"wp-block-heading\">Carta de derechos de los residentes de residencias de ancianos<\/h1>\n\n\n\n<div style=\"height:15px\" aria-hidden=\"true\" class=\"wp-block-spacer\"><\/div>\n\n\n\n<p>El desamparo y el aislamiento que sufren muchos residentes de residencias de ancianos los convierten en un blanco f\u00e1cil para&nbsp;<a href=\"https:\/\/www.steinberglawfirm.com\/practice-areas\/nursing-home-abuse\/\" target=\"_blank\" rel=\"noopener\">abuso en residencias de ancianos<\/a>. A medida que el sector de las residencias de ancianos se hace m\u00e1s competitivo y las empresas recortan gastos para reducirlos, aumenta la posibilidad de que sus familiares resulten perjudicados por la negligencia o la malicia de un empleado de la residencia.<\/p>\n\n\n\n<p>Afortunadamente, usted puede responder a los abusos con acciones legales. South Carolina garantiza un nivel b\u00e1sico de derechos y protecci\u00f3n a todos los residentes de residencias de ancianos, y si los derechos de su familiar han sido violados, puede conseguir una compensaci\u00f3n para ellos con la ayuda de los abogados de Steinberg Law Firm. Llame al 843-720-2800 para obtener una revisi\u00f3n gratuita de su caso.<\/p>\n\n\n\n<p><strong>OBJETIVOS DE LA DECLARACI\u00d3N DE DERECHOS DE LOS RESIDENTES<\/strong><br>Cuando env\u00eda a un familiar a una residencia de ancianos, una de las ventajas es que gana en tranquilidad al saber que est\u00e1 siendo atendido por profesionales concienciados. Estos derechos garantizan que, en caso de que su familiar se enfrente alguna vez a un comportamiento abusivo por parte de la residencia de ancianos, usted podr\u00e1 solicitar una indemnizaci\u00f3n en su nombre.<\/p>\n\n\n\n<p>Los objetivos de los Derechos de los Residentes de Cuidados Prolongados de South Carolina son:<\/p>\n\n\n\n<ul class=\"wp-block-list\"><li>Garantizar una calidad de vida adecuada a los residentes de los cuidados de larga duraci\u00f3n.<\/li><li>Proporcionar a los residentes servicios y actividades adecuados.<\/li><li>Exigir que los centros permitan a los residentes y a sus defensores participar en la administraci\u00f3n.<\/li><li>Dar a los defensores del pueblo acceso suficiente a los programas de las residencias de ancianos.<\/li><\/ul>\n\n\n\n<p>Para alcanzar estos objetivos, los derechos de los residentes de South Carolina garantizan a los residentes de las residencias de ancianos (o a sus representantes legales) un gran grado de control sobre los servicios que se les permite recibir y las opciones que se les permiten.<\/p>\n\n\n\n<p><strong>DERECHOS DE LOS RESIDENTES DE LOS CENTROS DE ATENCI\u00d3N A LARGO PLAZO<\/strong><br>Es importante informarse sobre los derechos que le asisten a usted y a sus familiares en una residencia de ancianos. Cada uno de estos derechos, recogidos en la Ley South Carolina, viene acompa\u00f1ado de una serie de aclaraciones detalladas que un abogado puede explicarle.<\/p>\n\n\n\n<p>Los residentes de residencias de ancianos y otros centros de cuidados de larga duraci\u00f3n, o sus representantes legales, tienen los siguientes derechos:<\/p>\n\n\n\n<ul class=\"wp-block-list\"><li>El derecho a la autodeterminaci\u00f3n en los detalles de su atenci\u00f3n.<\/li><li>El derecho a la intimidad y a la elecci\u00f3n personal en todos los aspectos de su residencia.<\/li><li>El derecho a no sufrir ning\u00fan tipo de abuso f\u00edsico ni restricci\u00f3n innecesaria.<\/li><li>El derecho a la informaci\u00f3n sobre las instalaciones y los servicios.<\/li><li>El derecho a recibir visitas.<\/li><li>El derecho a permanecer en las instalaciones en condiciones normales.<\/li><li>El derecho a recibir una notificaci\u00f3n antes de ser dado de alta.<\/li><li>El derecho a proteger sus fondos personales.<\/li><\/ul>\n\n\n\n<h2 class=\"wp-block-heading\">Abogados de lesiones personales que representan a Charleston y \u00e1reas cercanas de South Carolina<\/h2>\n\n\n\n<p>Si cree que alguno de estos derechos ha sido violado o sigue siendo violado por una residencia de ancianos, necesita la ayuda de un abogado con experiencia en abusos en residencias de ancianos. Los abogados de Steinberg Law Firm est\u00e1n bien calificados para manejar su caso, y aportan un toque amistoso y personal a la relaci\u00f3n abogado-cliente.<\/p>\n\n\n\n<p><strong>PROTECCI\u00d3N DE LOS DERECHOS DE ATENCI\u00d3N A LARGO PLAZO EN CHARLESTON<\/strong><br>Con Steinberg Law Firm de su lado, obtendr\u00e1 un equipo de profesionales que manejar\u00e1 su caso de manera cuidadosa y profesional, asegurando que pueda obtener la compensaci\u00f3n que sus familiares o seres queridos merecen cuando sus derechos son violados por empresas de residencias de ancianos sin escr\u00fapulos. Para programar una revisi\u00f3n gratuita de su caso con nuestros abogados de Charleston,&nbsp;<a href=\"https:\/\/www.steinberglawfirm.com\/contact-us\/\" target=\"_blank\" rel=\"noopener\">contacto con nosotros<\/a>&nbsp;al 843-720-2800.<\/p>","protected":false},"excerpt":{"rendered":"<p>Declaraci\u00f3n de derechos de los residentes de residencias de ancianos El desamparo y el aislamiento que experimentan muchos residentes de residencias de ancianos los convierten en un blanco f\u00e1cil para el abuso en residencias de ancianos. A medida que la industria de las residencias de ancianos se vuelve m\u00e1s competitiva y las empresas recortan gastos para reducirlos, la posibilidad de que sus familiares puedan resultar perjudicados por la negligencia o la malicia de...<\/p>","protected":false},"author":1,"featured_media":19842,"parent":782,"menu_order":0,"comment_status":"closed","ping_status":"closed","template":"","meta":{"_acf_changed":false,"footnotes":""},"class_list":["post-2273","page","type-page","status-publish","has-post-thumbnail","hentry"],"acf":[],"_links":{"self":[{"href":"https:\/\/steinberglawfirm-staging.clmcloud.app\/es\/wp-json\/wp\/v2\/pages\/2273"}],"collection":[{"href":"https:\/\/steinberglawfirm-staging.clmcloud.app\/es\/wp-json\/wp\/v2\/pages"}],"about":[{"href":"https:\/\/steinberglawfirm-staging.clmcloud.app\/es\/wp-json\/wp\/v2\/types\/page"}],"author":[{"embeddable":true,"href":"https:\/\/steinberglawfirm-staging.clmcloud.app\/es\/wp-json\/wp\/v2\/users\/1"}],"replies":[{"embeddable":true,"href":"https:\/\/steinberglawfirm-staging.clmcloud.app\/es\/wp-json\/wp\/v2\/comments?post=2273"}],"version-history":[{"count":2,"href":"https:\/\/steinberglawfirm-staging.clmcloud.app\/es\/wp-json\/wp\/v2\/pages\/2273\/revisions"}],"predecessor-version":[{"id":19845,"href":"https:\/\/steinberglawfirm-staging.clmcloud.app\/es\/wp-json\/wp\/v2\/pages\/2273\/revisions\/19845"}],"up":[{"embeddable":true,"href":"https:\/\/steinberglawfirm-staging.clmcloud.app\/es\/wp-json\/wp\/v2\/pages\/782"}],"wp:featuredmedia":[{"embeddable":true,"href":"https:\/\/steinberglawfirm-staging.clmcloud.app\/es\/wp-json\/wp\/v2\/media\/19842"}],"wp:attachment":[{"href":"https:\/\/steinberglawfirm-staging.clmcloud.app\/es\/wp-json\/wp\/v2\/media?parent=2273"}],"curies":[{"name":"wp","href":"https:\/\/api.w.org\/{rel}","templated":true}]}}