{"id":2266,"date":"2017-08-16T01:12:18","date_gmt":"2017-08-16T01:12:18","guid":{"rendered":"https:\/\/www.steinberglawfirm.com\/?page_id=2266"},"modified":"2024-07-15T18:23:18","modified_gmt":"2024-07-15T18:23:18","slug":"helmet-laws-motorcycle-accidents","status":"publish","type":"page","link":"https:\/\/steinberglawfirm-staging.clmcloud.app\/es\/lesiones-personales\/accidentes-de-moto\/leyes-de-cascos-accidentes-de-motos\/","title":{"rendered":"Leyes sobre el casco y accidentes de moto"},"content":{"rendered":"<h1 class=\"wp-block-heading\">Leyes sobre el casco y accidentes de moto<\/h1>\n\n\n\n<div style=\"height:15px\" aria-hidden=\"true\" class=\"wp-block-spacer\"><\/div>\n\n\n\n<p>Los conductores de motocicletas est\u00e1n intr\u00ednsecamente en desventaja frente a los conductores de veh\u00edculos de pasajeros. El peque\u00f1o tama\u00f1o de una motocicleta y la falta de un cerramiento de protecci\u00f3n hacen que los conductores y pasajeros de motocicletas corran un riesgo mucho mayor de <a href=\"https:\/\/www.steinberglawfirm.com\/personal-injury\/motorcycle-accidents\/\" target=\"_blank\" rel=\"noopener\">lesiones catastr\u00f3ficas en caso de accidente<\/a>.<\/p>\n\n\n\n<p><a href=\"https:\/\/www.steinberglawfirm.com\/blog\/caring-for-your-motorcycle-helmet-replacement-borrowing-guidelines\/\" target=\"_blank\" rel=\"noopener\">Cascos<\/a> mejorar dr\u00e1sticamente las posibilidades de sobrevivir a un accidente, pero si usted decide usar uno o no, usted tiene el derecho a obtener una indemnizaci\u00f3n de una parte negligente. Para obtener m\u00e1s informaci\u00f3n sobre las leyes South Carolina casco, por favor <a href=\"https:\/\/www.steinberglawfirm.com\/contact-us\/\" target=\"_blank\" rel=\"noopener\">p\u00f3ngase en contacto con el Steinberg Law Firm<\/a>\u00a0hoy en\u00a0<a href=\"tel:1-843-720-2800\">843-720-2800<\/a>\u00a0a <a href=\"https:\/\/www.steinberglawfirm.com\/free-consultation\/\" target=\"_blank\" rel=\"noopener\">programe su consulta gratuita<\/a>.<\/p>\n\n\n\n<h3 class=\"wp-block-heading\">LEYES SOBRE EL CASCO EN CAROLINA DEL SUR<\/h3>\n\n\n\n<p>En el estado de South Carolina, todos los conductores de motocicletas y pasajeros menores de 21 a\u00f1os est\u00e1n obligados a llevar un casco aprobado por la Oficina de Seguridad Vial. Estos cascos deben incluir ciertas caracter\u00edsticas, como una correa para la barbilla o el cuello, y reflectores. Los conductores y pasajeros mayores de 21 a\u00f1os no est\u00e1n obligados a llevar casco.<\/p>\n\n\n\n<h3 class=\"wp-block-heading\">ESTAD\u00cdSTICAS DE ACCIDENTES DE MOTO<\/h3>\n\n\n\n<p>Aunque el South Carolina no exige a los automovilistas de 21 a\u00f1os o m\u00e1s el uso del casco, nuestro&nbsp;<a href=\"https:\/\/www.steinberglawfirm.com\/practice-areas\/motorcycle-accidents\/\" target=\"_blank\" rel=\"noopener\">abogados de accidentes de moto<\/a> siempre recomiendan que los operadores de motocicletas y los pasajeros lo hagan. Tenga en cuenta estas estad\u00edsticas de la Administraci\u00f3n Nacional de Seguridad Vial (NHTSA):<\/p>\n\n\n\n<ul class=\"wp-block-list\">\n<li>M\u00e1s del 80% de las colisiones de motocicletas tienen como resultado la lesi\u00f3n o la muerte del motociclista.<\/li>\n\n\n\n<li>El uso del casco reduce el riesgo de <a href=\"https:\/\/www.steinberglawfirm.com\/personal-injury\/auto-accidents\/fatal-car-accident\/\" target=\"_blank\" rel=\"noopener\">muerte en accidente de tr\u00e1fico<\/a>&nbsp;en casi un tercio.<\/li>\n\n\n\n<li>Los conductores de motocicletas que no llevan casco tienen un 40% m\u00e1s de probabilidades de sufrir una lesi\u00f3n mortal en la cabeza en un accidente que los que s\u00ed lo llevan.<\/li>\n<\/ul>\n\n\n\n<p>Pero no se trata s\u00f3lo de seguridad. El uso del casco puede ayudar a tu caso cuando presentas una demanda contra una parte descuidada que causa un accidente. Llevar un casco demuestra que eres un motorista responsable y puede ayudar a dirigir un caso a tu favor.<\/p>\n\n\n\n<p>Si decide no usar el casco y sufre&nbsp;<a href=\"https:\/\/www.steinberglawfirm.com\/practice-areas\/head-brain-and-spine-injuries\/\" target=\"_blank\" rel=\"noopener\">lesiones en la cabeza en un accidente de moto<\/a>Entonces es m\u00e1s f\u00e1cil para la otra parte argumentar que sus lesiones podr\u00edan haber sido menos graves si hubiera llevado protecci\u00f3n para la cabeza. Se trata de una maniobra cl\u00e1sica de los demandados para evitar pagar a las v\u00edctimas lo que merecen.<\/p>\n\n\n\n<h2 class=\"wp-block-heading\">Abogados de lesiones personales que representan a Charleston y \u00e1reas cercanas de South Carolina<\/h2>\n\n\n\n<p><strong>ABOGADO DE ACCIDENTES DE MOTO EN CHARLESTON<\/strong><br>El derecho de las motocicletas es una rama compleja del derecho South Carolina. Si ha sufrido lesiones en un accidente, necesita un <a href=\"https:\/\/www.steinberglawfirm.com\/personal-injury\/motorcycle-accidents\/\" target=\"_blank\" rel=\"noopener\">abogado cualificado en accidentes de moto<\/a> de su lado para ayudarle a recuperar todos los da\u00f1os y perjuicios a los que tiene derecho. Por favor&nbsp;<a href=\"https:\/\/www.steinberglawfirm.com\/contact-us\/\" target=\"_blank\" rel=\"noopener\">contactar con el Steinberg Law Firm<\/a>&nbsp;hoy en&nbsp;<a href=\"tel:1-843-720-2800\">843-720-2800<\/a>&nbsp;a s<a href=\"https:\/\/www.steinberglawfirm.com\/free-consultation\/\" target=\"_blank\" rel=\"noopener\">ealice su consulta gratuita<\/a> con uno de nuestros <a href=\"https:\/\/www.steinberglawfirm.com\/attorney\/\" target=\"_blank\" rel=\"noopener\">South Carolina abogados de la ley del casco<\/a>.<\/p>","protected":false},"excerpt":{"rendered":"<p>Leyes de cascos y accidentes de motocicleta Los conductores de motocicletas est\u00e1n intr\u00ednsecamente en desventaja en comparaci\u00f3n con los conductores de veh\u00edculos de pasajeros. El peque\u00f1o tama\u00f1o de una motocicleta y la falta de un recinto de protecci\u00f3n significan que los conductores de motocicletas y los pasajeros corren un riesgo mucho mayor de sufrir lesiones catastr\u00f3ficas cuando se ven involucrados en un accidente. Los cascos mejoran dr\u00e1sticamente las posibilidades de sobrevivir...<\/p>","protected":false},"author":1,"featured_media":19679,"parent":9701,"menu_order":0,"comment_status":"closed","ping_status":"closed","template":"","meta":{"_acf_changed":false,"footnotes":""},"class_list":["post-2266","page","type-page","status-publish","has-post-thumbnail","hentry"],"acf":[],"_links":{"self":[{"href":"https:\/\/steinberglawfirm-staging.clmcloud.app\/es\/wp-json\/wp\/v2\/pages\/2266"}],"collection":[{"href":"https:\/\/steinberglawfirm-staging.clmcloud.app\/es\/wp-json\/wp\/v2\/pages"}],"about":[{"href":"https:\/\/steinberglawfirm-staging.clmcloud.app\/es\/wp-json\/wp\/v2\/types\/page"}],"author":[{"embeddable":true,"href":"https:\/\/steinberglawfirm-staging.clmcloud.app\/es\/wp-json\/wp\/v2\/users\/1"}],"replies":[{"embeddable":true,"href":"https:\/\/steinberglawfirm-staging.clmcloud.app\/es\/wp-json\/wp\/v2\/comments?post=2266"}],"version-history":[{"count":4,"href":"https:\/\/steinberglawfirm-staging.clmcloud.app\/es\/wp-json\/wp\/v2\/pages\/2266\/revisions"}],"predecessor-version":[{"id":31259,"href":"https:\/\/steinberglawfirm-staging.clmcloud.app\/es\/wp-json\/wp\/v2\/pages\/2266\/revisions\/31259"}],"up":[{"embeddable":true,"href":"https:\/\/steinberglawfirm-staging.clmcloud.app\/es\/wp-json\/wp\/v2\/pages\/9701"}],"wp:featuredmedia":[{"embeddable":true,"href":"https:\/\/steinberglawfirm-staging.clmcloud.app\/es\/wp-json\/wp\/v2\/media\/19679"}],"wp:attachment":[{"href":"https:\/\/steinberglawfirm-staging.clmcloud.app\/es\/wp-json\/wp\/v2\/media?parent=2266"}],"curies":[{"name":"wp","href":"https:\/\/api.w.org\/{rel}","templated":true}]}}