{"id":22641,"date":"2022-09-16T21:33:12","date_gmt":"2022-09-16T21:33:12","guid":{"rendered":"https:\/\/www.steinberglawfirm.com\/?page_id=22641"},"modified":"2022-09-16T21:48:14","modified_gmt":"2022-09-16T21:48:14","slug":"rehabilitation-facility-injury","status":"publish","type":"page","link":"https:\/\/steinberglawfirm-staging.clmcloud.app\/es\/lesiones-personales\/mala-praxis-medica\/rehabilitacion-facilidad-lesion\/","title":{"rendered":"Lesi\u00f3n en el centro de rehabilitaci\u00f3n"},"content":{"rendered":"<h1 class=\"wp-block-heading\">South Carolina Abogado de lesiones en centros de rehabilitaci\u00f3n<\/h1>\n\n\n\n<h2 class=\"wp-block-heading\"><em>Charleston, South Carolina Abogados para lesiones en centros de rehabilitaci\u00f3n<\/em><\/h2>\n\n\n\n<p>Los centros de rehabilitaci\u00f3n proporcionan terapia y formaci\u00f3n para ayudar a los pacientes a desarrollar habilidades cr\u00edticas de autocuidado. Cuando los centros de rehabilitaci\u00f3n no cumplen las normas de atenci\u00f3n y un paciente sufre lesiones graves por negligencia, la <a href=\"https:\/\/www.steinberglawfirm.com\/personal-injury\/medical-malpractice\/\" target=\"_blank\" rel=\"noopener\">el paciente puede presentar una reclamaci\u00f3n por negligencia m\u00e9dica<\/a>.<\/p>\n\n\n\n<p>Seg\u00fan la Oficina de Estad\u00edsticas Laborales de EE.UU., los miembros del equipo de rehabilitaci\u00f3n trabajan con los pacientes para fortalecer sus capacidades mediante ejercicios y planes de tratamiento dise\u00f1ados por los m\u00e9dicos. Al conocer las limitaciones de cada paciente, los miembros del personal pueden analizar mejor a sus pacientes y proporcionarles una atenci\u00f3n excelente.<\/p>\n\n\n\n<p>Las enfermeras externas, las enfermeras tituladas (RN), las auxiliares de enfermer\u00eda certificadas (CNA), las enfermeras tituladas (LN) y los fisioterapeutas son algunos de los miembros del personal que trabajan con los pacientes en estos centros. Tanto si un miembro del personal tiene un turno de ma\u00f1ana, de mediod\u00eda o de noche, los empleados de rehabilitaci\u00f3n deben tratar a sus pacientes con el debido respeto y cuidado. En el <a href=\"https:\/\/www.steinberglawfirm.com\/\" target=\"_blank\" rel=\"noopener\">Steinberg Law Firm<\/a>luchamos por los derechos de los pacientes lesionados en centros de rehabilitaci\u00f3n en todo el South Carolina.<\/p>\n\n\n\n<h3 class=\"wp-block-heading\">\u00bfQu\u00e9 es un centro de rehabilitaci\u00f3n?<\/h3>\n\n\n\n<p>Un centro de rehabilitaci\u00f3n ayuda a los pacientes a desarrollar y practicar las habilidades de autocuidado necesarias. El personal debe adaptar la experiencia de cada paciente en rehabilitaci\u00f3n a sus necesidades espec\u00edficas. Un m\u00e9dico puede exigir que un paciente reciba terapias f\u00edsicas, ocupacionales, del habla y de otro tipo varias veces a la semana. Los pacientes tambi\u00e9n pueden necesitar asesoramiento psicol\u00f3gico, control del dolor y otros tratamientos en funci\u00f3n de la gravedad de su enfermedad.<\/p>\n\n\n\n<p>Los hospitales de rehabilitaci\u00f3n proporcionan cuidados a corto plazo a quienes se recuperan de lesiones, procedimientos m\u00e9dicos o enfermedades graves. Su objetivo es ayudar a estos pacientes a recuperar la fuerza y las habilidades que necesitan para volver a casa. Los principales centros de rehabilitaci\u00f3n en South Carolina incluyen:<\/p>\n\n\n\n<ul class=\"wp-block-list\"><li>Encompass Health, Hospital de Rehabilitaci\u00f3n de Columbia<\/li><li>Roger C. Peace Rehabilitaci\u00f3n, Prisma Health<\/li><li>Hospital de Rehabilitaci\u00f3n de MUSC Health<\/li><li>Centro de Rehabilitaci\u00f3n Florence, MUSC Health<\/li><\/ul>\n\n\n\n<p>Aunque las \u00e1reas de especializaci\u00f3n var\u00edan seg\u00fan el centro, las especialidades t\u00edpicas incluyen tratamientos para accidentes cerebrovasculares, <a href=\"https:\/\/www.steinberglawfirm.com\/personal-injury\/serious-injury-cases\/traumatic-brain-injury\/\" target=\"_blank\" rel=\"noopener\">lesiones cerebrales<\/a>, trastornos neurol\u00f3gicos, lesiones de la m\u00e9dula espinal, fracturas de cadera, <a href=\"https:\/\/www.steinberglawfirm.com\/personal-injury\/serious-injury-cases\/traumatic-amputation-injuries\/\" target=\"_blank\" rel=\"noopener\">amputaciones<\/a>...c\u00e1nceres y m\u00faltiples traumas.<\/p>\n\n\n\n<h3 class=\"wp-block-heading\">\u00bfQu\u00e9 causa la negligencia m\u00e9dica en un centro de rehabilitaci\u00f3n?<\/h3>\n\n\n\n<p>Los proveedores de servicios sanitarios tienen la obligaci\u00f3n legal de cumplir la norma de atenci\u00f3n cuando prestan servicios de rehabilitaci\u00f3n. El nivel de atenci\u00f3n es el nivel que un proveedor normalmente prudente habr\u00eda proporcionado en el mismo entorno.<\/p>\n\n\n\n<p>Un informe reciente del Departamento de Salud y Servicios Humanos de EE.UU. revel\u00f3 que alrededor del 29% de los beneficiarios de Medicare hab\u00edan sufrido da\u00f1os mientras recib\u00edan atenci\u00f3n de rehabilitaci\u00f3n. Entre los tipos de da\u00f1os mencionados en el informe se encuentran:<\/p>\n\n\n\n<ul class=\"wp-block-list\"><li>Estancias hospitalarias m\u00e1s largas;<\/li><li>Traslados a otros hospitales para recibir cuidados adicionales;<\/li><li>Lesiones o impedimentos permanentes; y<\/li><li>Necesidad de tratamiento m\u00e9dico para salvar la vida.<\/li><\/ul>\n\n\n\n<p>En algunos casos, <a href=\"https:\/\/www.steinberglawfirm.com\/personal-injury\/medical-malpractice\/\" target=\"_blank\" rel=\"noopener\">negligencia m\u00e9dica en un centro de rehabilitaci\u00f3n<\/a> caus\u00f3 un da\u00f1o que result\u00f3 en <a href=\"https:\/\/www.steinberglawfirm.com\/personal-injury\/wrongful-death\/\" target=\"_blank\" rel=\"noopener\">muerte por negligencia<\/a>. A menudo, estos sucesos pueden prevenirse con los protocolos y la supervisi\u00f3n adecuados de las instalaciones.<\/p>\n\n\n\n<p>Para probar la negligencia m\u00e9dica, una persona lesionada debe demostrar que:<\/p>\n\n\n\n<ul class=\"wp-block-list\"><li>El proveedor ten\u00eda la obligaci\u00f3n de cumplir la norma de atenci\u00f3n a la persona lesionada;<\/li><li>El proveedor no cumpli\u00f3 la norma de atenci\u00f3n;<\/li><li>El fallo del proveedor caus\u00f3 las lesiones de la persona; y<\/li><li>Las lesiones pueden ser indemnizadas por un tribunal.<\/li><\/ul>\n\n\n\n<p>Durante la estancia en un centro de rehabilitaci\u00f3n, los pacientes pueden ver a varios proveedores de atenci\u00f3n sanitaria, como m\u00e9dicos, enfermeras, auxiliares de enfermer\u00eda, farmac\u00e9uticos y terapeutas especializados. Cada interacci\u00f3n ofrece una oportunidad para que los pacientes progresen positivamente hacia la recuperaci\u00f3n, o una oportunidad para que se produzca una negligencia m\u00e9dica.<\/p>\n\n\n\n<p>Los tipos de negligencia m\u00e9dica que pueden ocurrir en un entorno de rehabilitaci\u00f3n incluyen:<\/p>\n\n\n\n<ul class=\"wp-block-list\"><li><strong>No abordar los s\u00edntomas nuevos o que empeoran. <\/strong>Si aparecen nuevos s\u00edntomas o los existentes empeoran, los proveedores de rehabilitaci\u00f3n deben intervenir para solucionar el problema. Si los proveedores interpretan err\u00f3neamente el estado del paciente o ignoran el tratamiento de los s\u00edntomas adicionales, pueden producirse graves da\u00f1os.<\/li><li><strong>Incumplimiento de los protocolos de seguridad para el traslado de pacientes. <\/strong>Los pacientes de rehabilitaci\u00f3n suelen tener un alto riesgo de ca\u00eddas. Adem\u00e1s de ense\u00f1ar a los pacientes a gestionar el riesgo de ca\u00eddas, los proveedores de rehabilitaci\u00f3n deben seguir protocolos de seguridad para prevenirlas.<\/li><li><strong>No se controla la salud mental de los pacientes. <\/strong>Muchas personas entran en rehabilitaci\u00f3n en un mundo que se ha vuelto del rev\u00e9s. Muchos se tambalean por los resultados de un accidente grave o una emergencia m\u00e9dica. Cuando los centros de rehabilitaci\u00f3n no tienen en cuenta la salud mental y emocional de los pacientes, \u00e9stos se enfrentan a un mayor riesgo de lesiones por autolesi\u00f3n.<\/li><li><strong>Errores de medicaci\u00f3n. <\/strong>Los medicamentos prescritos pueden formar parte del plan de tratamiento del paciente. Los m\u00e9dicos asignar\u00e1n cantidades de dosis espec\u00edficas, el horario de la medicaci\u00f3n e instrucciones adicionales. Los pacientes pueden sufrir da\u00f1os graves si se les administra el tipo de medicaci\u00f3n equivocado, si la dosis es excesiva o insuficiente, o si se saltan las dosis por completo.<\/li><li><strong>Descuidar las pol\u00edticas de salud y seguridad. <\/strong>Desde el lavado de la ropa de cama hasta el mantenimiento de los suelos libres de residuos, las medidas de salud y seguridad son esenciales para garantizar un entorno limpio y seguro. Un centro de rehabilitaci\u00f3n que descuida estas tareas b\u00e1sicas pone a los pacientes en alto riesgo de contraer enfermedades, infecciones y otras lesiones graves.<\/li><li><strong>Errores en el cuidado de las heridas y en el tratamiento m\u00e9dico. <\/strong>Los pacientes pueden llegar a un centro de rehabilitaci\u00f3n y necesitar cuidados para las heridas quir\u00fargicas, sondas de alimentaci\u00f3n o equipos de respiraci\u00f3n. Los miembros del personal son responsables de controlar y documentar la salud del paciente durante todo el proceso de recuperaci\u00f3n. Si se necesitan medicamentos adicionales, una prolongaci\u00f3n de la estancia o procedimientos adicionales, una enfermera u otro miembro del personal debe colaborar con los m\u00e9dicos para determinar los mejores tratamientos m\u00e9dicos para el paciente. Cuando la comunicaci\u00f3n y la asistencia son insuficientes, los pacientes de rehabilitaci\u00f3n son los que sufren.<\/li><\/ul>\n\n\n\n<p>Si usted o un ser querido ha sufrido da\u00f1os durante su estancia en un centro de rehabilitaci\u00f3n, lo mejor es <a href=\"https:\/\/www.steinberglawfirm.com\/contact-us\/\" target=\"_blank\" rel=\"noopener\">buscar la ayuda de un abogado de un centro de rehabilitaci\u00f3n South Carolina<\/a> lo antes posible. Un abogado local discutir\u00e1 sus derechos legales y determinar\u00e1 los siguientes pasos mejores para sus circunstancias injustas.<\/p>\n\n\n\n<h3 class=\"wp-block-heading\">\u00bfCu\u00e1les son los signos de la negligencia de un centro de rehabilitaci\u00f3n?<\/h3>\n\n\n\n<p>Si le ha ocurrido una negligencia m\u00e9dica a usted o a un ser querido, un abogado con experiencia en lesiones por negligencia evaluar\u00e1 los registros m\u00e9dicos, el tipo de atenci\u00f3n recibida y las pruebas adicionales para detectar qu\u00e9 violaciones de la ley se produjeron. Los signos de que los proveedores pueden estar cometiendo una negligencia incluyen:<\/p>\n\n\n\n<ul class=\"wp-block-list\"><li>Lesiones inexplicables, como magulladuras, ara\u00f1azos o fracturas \u00f3seas;<\/li><li>Lesiones o heridas que empeoran sin explicaci\u00f3n ni intervenci\u00f3n;<\/li><li>Ropa sucia, ropa de cama sucia y poca higiene;<\/li><li>Las escaras y las \u00falceras por presi\u00f3n que no reciben tratamiento;<\/li><li>S\u00edntomas emocionales de retraimiento, miedo, depresi\u00f3n y otros signos de trauma;<\/li><li>Episodios de ca\u00eddas o ca\u00eddas durante los traslados;<\/li><li>Faltar a las sesiones de terapia sin una explicaci\u00f3n; y<\/li><li>Medicamentos omitidos, pacientes que reciben la medicaci\u00f3n incorrecta o pacientes sobremedicados o inframedicados.<\/li><\/ul>\n\n\n\n<p>Las familias pueden ayudar a detectar signos de negligencia m\u00e9dica en los centros de rehabilitaci\u00f3n. Conocer los detalles del estado de un ser querido y sus objetivos de rehabilitaci\u00f3n puede ayudar a controlar su evoluci\u00f3n. Una vez que se plantean preocupaciones espec\u00edficas, el est\u00e1ndar de atenci\u00f3n de un proveedor se pone en duda y puede llevar a <a href=\"https:\/\/www.steinberglawfirm.com\/personal-injury\/medical-malpractice\/\" target=\"_blank\" rel=\"noopener\">presentar una reclamaci\u00f3n por negligencia m\u00e9dica<\/a> si se han producido lesiones graves.<\/p>\n\n\n\n<h3 class=\"wp-block-heading\">Plazos para presentar una demanda por negligencia m\u00e9dica relacionada con un centro de rehabilitaci\u00f3n<\/h3>\n\n\n\n<p>El South Carolina establece un plazo de tres a\u00f1os para las demandas por lesiones en centros de rehabilitaci\u00f3n. En la mayor\u00eda de los casos, su ser querido tendr\u00e1 tres a\u00f1os desde la fecha de la lesi\u00f3n para presentar una demanda en un tribunal estatal.<\/p>\n\n\n\n<p>Algunas lesiones son imposibles de identificar cuando se producen. En estos casos, el plazo de tres a\u00f1os empieza a correr en la fecha en que se descubri\u00f3 el da\u00f1o o cuando pudo haberse encontrado razonablemente.<\/p>\n\n\n\n<p>Entender c\u00f3mo se aplica este l\u00edmite de tiempo o \"estatuto de limitaciones\" a un caso espec\u00edfico puede ser un reto. Hablar con un <strong>abogado experto en lesiones en centros de rehabilitaci\u00f3n South Carolina<\/strong> puede ayudarle a elaborar un plan para usted o su ser querido. Un <a href=\"https:\/\/www.steinberglawfirm.com\/attorney\/\" target=\"_blank\" rel=\"noopener\">abogado de Steinberg Law Firm, LLC<\/a> determinar\u00e1 c\u00f3mo se aplica la prescripci\u00f3n al incidente y cu\u00e1les son los pasos a seguir. <a href=\"tel:1-843-720-2800\">P\u00f3ngase en contacto con nosotros hoy mismo en el (843) 720-2800<\/a>.<\/p>","protected":false},"excerpt":{"rendered":"<p>South Carolina Abogado de lesiones en centros de rehabilitaci\u00f3n Charleston, South Carolina Abogados de lesiones en centros de rehabilitaci\u00f3n Los centros de rehabilitaci\u00f3n proporcionan terapia y formaci\u00f3n para ayudar a los pacientes a desarrollar habilidades cr\u00edticas de autocuidado. Cuando los centros de rehabilitaci\u00f3n no cumplen con las normas de atenci\u00f3n y un paciente sufre lesiones graves debido a la negligencia, el paciente puede presentar una demanda por negligencia m\u00e9dica....<\/p>","protected":false},"author":1,"featured_media":22644,"parent":576,"menu_order":0,"comment_status":"closed","ping_status":"closed","template":"","meta":{"_acf_changed":false,"footnotes":""},"class_list":["post-22641","page","type-page","status-publish","has-post-thumbnail","hentry"],"acf":[],"_links":{"self":[{"href":"https:\/\/steinberglawfirm-staging.clmcloud.app\/es\/wp-json\/wp\/v2\/pages\/22641"}],"collection":[{"href":"https:\/\/steinberglawfirm-staging.clmcloud.app\/es\/wp-json\/wp\/v2\/pages"}],"about":[{"href":"https:\/\/steinberglawfirm-staging.clmcloud.app\/es\/wp-json\/wp\/v2\/types\/page"}],"author":[{"embeddable":true,"href":"https:\/\/steinberglawfirm-staging.clmcloud.app\/es\/wp-json\/wp\/v2\/users\/1"}],"replies":[{"embeddable":true,"href":"https:\/\/steinberglawfirm-staging.clmcloud.app\/es\/wp-json\/wp\/v2\/comments?post=22641"}],"version-history":[{"count":3,"href":"https:\/\/steinberglawfirm-staging.clmcloud.app\/es\/wp-json\/wp\/v2\/pages\/22641\/revisions"}],"predecessor-version":[{"id":22645,"href":"https:\/\/steinberglawfirm-staging.clmcloud.app\/es\/wp-json\/wp\/v2\/pages\/22641\/revisions\/22645"}],"up":[{"embeddable":true,"href":"https:\/\/steinberglawfirm-staging.clmcloud.app\/es\/wp-json\/wp\/v2\/pages\/576"}],"wp:featuredmedia":[{"embeddable":true,"href":"https:\/\/steinberglawfirm-staging.clmcloud.app\/es\/wp-json\/wp\/v2\/media\/22644"}],"wp:attachment":[{"href":"https:\/\/steinberglawfirm-staging.clmcloud.app\/es\/wp-json\/wp\/v2\/media?parent=22641"}],"curies":[{"name":"wp","href":"https:\/\/api.w.org\/{rel}","templated":true}]}}