{"id":2264,"date":"2017-08-16T01:11:20","date_gmt":"2017-08-16T01:11:20","guid":{"rendered":"https:\/\/www.steinberglawfirm.com\/?page_id=2264"},"modified":"2022-04-26T23:34:36","modified_gmt":"2022-04-26T23:34:36","slug":"birth-injury-attorneys","status":"publish","type":"page","link":"https:\/\/steinberglawfirm-staging.clmcloud.app\/es\/lesiones-personales\/abogados-especializados-en-lesiones-de-nacimiento-2\/","title":{"rendered":"Abogados de lesiones de nacimiento"},"content":{"rendered":"<h3 class=\"wp-block-heading\">\n\t\t\u00bfQu\u00e9 es una lesi\u00f3n de nacimiento?\n\t<\/h3>\n\n\n\n<p>Una lesi\u00f3n de nacimiento se produce cuando un m\u00e9dico u otro personal m\u00e9dico es negligente a la hora de proporcionar la atenci\u00f3n adecuada durante el nacimiento de su hijo, causando en \u00faltima instancia una lesi\u00f3n a su beb\u00e9. Las lesiones en el parto pueden deberse a la falta de ox\u00edgeno en el cerebro, a una infecci\u00f3n o a un traumatismo f\u00edsico durante el parto. Las lesiones resultantes pueden ir desde peque\u00f1os golpes y magulladuras hasta lesiones importantes que pueden durar toda la vida. Los tipos m\u00e1s comunes de lesiones en el parto son:<\/p>\n\n\n\n<ul class=\"wp-block-list\"><li>Da\u00f1os cerebrales (incluyendo hemorragias)<\/li><li>Par\u00e1lisis cerebral<\/li><li>Par\u00e1lisis de Erb<\/li><li>Nacimiento prematuro<\/li><li>Convulsiones<\/li><li>Infecciones<\/li><\/ul>\n\n\n\n<p>Estas lesiones se encuentran en el extremo m\u00e1s grave del espectro. Como resultado de estas lesiones, su hijo puede enfrentarse a retos y adversidades durante toda su vida, as\u00ed como a los gastos que conlleva vivir con este tipo de lesiones evitables. Nuestros experimentados y compasivos abogados est\u00e1n aqu\u00ed para usted. Abogaremos por usted y por su beb\u00e9.<\/p>\n\n\n\n<h3 class=\"wp-block-heading\">\n\t\tCausas de las lesiones de nacimiento\n\t<\/h3>\n\n\n\n<p>Los padres de un beb\u00e9 con lesiones de nacimiento, a pesar de la gravedad, pueden tener derecho a una indemnizaci\u00f3n por da\u00f1os emocionales, f\u00edsicos y econ\u00f3micos.<\/p>\n\n\n\n<p>La falta de ox\u00edgeno es una de las fuentes m\u00e1s comunes de lesiones en el parto. Pero hay otras causas de da\u00f1os permanentes en el reci\u00e9n nacido, como las siguientes:<\/p>\n\n\n\n<ul class=\"wp-block-list\"><li><a href=\"https:\/\/www.steinberglawfirm.com\/practice-areas\/medical-malpractice\/misdiagnosis\/\" target=\"_blank\" rel=\"noopener\">Diagn\u00f3stico err\u00f3neo o tratamiento incorrecto<\/a>&nbsp;infecci\u00f3n<\/li><li>Retrasar o no ordenar una ces\u00e1rea<\/li><li>Problemas anormales con el \u00fatero o la placenta<\/li><li>Problemas card\u00edacos fetales<\/li><li>Uso incorrecto de las pinzas<\/li><\/ul>\n\n\n\n<h3 class=\"wp-block-heading\">\n\t\tC\u00f3mo luchar\u00e1n por usted nuestros abogados especializados en lesiones de nacimiento\n\t<\/h3>\n\n\n\n<p>Estamos aqu\u00ed para usted. Como sus abogados, es nuestro deber proteger los derechos de su hijo as\u00ed como los suyos, todo mientras trabajamos para restaurar su vida siendo un defensor de la compensaci\u00f3n en su nombre, haciendo responsable al personal m\u00e9dico negligente y persiguiendo el pago por el efecto que la lesi\u00f3n ha tenido en la vida del ni\u00f1o. Nuestros h\u00e1biles abogados estudiar\u00e1n su caso, y har\u00e1n todo lo posible para luchar por una compensaci\u00f3n justa relacionada con la lesi\u00f3n de nacimiento, como por ejemplo<\/p>\n\n\n\n<ul class=\"wp-block-list\"><li>Dolor y sufrimiento<\/li><li>Futuros gastos m\u00e9dicos<\/li><li>Facturas m\u00e9dicas<\/li><li>Coste de la asistencia a domicilio<\/li><li>P\u00e9rdida de ingresos<\/li><li>P\u00e9rdida de las prestaciones del seguro<\/li><li>Tecnolog\u00eda adaptativa<\/li><li>Necesidades educativas especiales<\/li><\/ul>\n\n\n\n<h3 class=\"wp-block-heading\">\n\t\tContacto El Steinberg Law Firm\n\t<\/h3>\n\n\n\n<p>Si su beb\u00e9 ha sufrido una lesi\u00f3n en el parto, conf\u00ede en el Steinberg Law Firm para que le gu\u00ede en el proceso de lucha por sus derechos. Lidiar con una lesi\u00f3n en el parto es aterrador y agotador: perm\u00edtanos concentrarnos en luchar por la merecida justicia de su familia.<\/p>\n\n\n\n<p>Llame hoy a nuestro despacho de abogados al 843-720-2800 para hablar con uno de los miembros de nuestro experimentado equipo sobre lo que pueden hacer por usted nuestros abogados especializados en lesiones de nacimiento Charleston.<\/p>","protected":false},"excerpt":{"rendered":"<p>\u00bfQu\u00e9 es una lesi\u00f3n de nacimiento? Una lesi\u00f3n de nacimiento se produce cuando un m\u00e9dico u otro personal m\u00e9dico es negligente a la hora de proporcionar la atenci\u00f3n adecuada durante el nacimiento de su hijo, causando finalmente una lesi\u00f3n a su beb\u00e9. Las lesiones de nacimiento pueden ser causadas por la falta de ox\u00edgeno en el cerebro, por una infecci\u00f3n y por un traumatismo f\u00edsico durante el trabajo de parto y el parto....<\/p>","protected":false},"author":1,"featured_media":19941,"parent":565,"menu_order":0,"comment_status":"closed","ping_status":"closed","template":"","meta":{"_acf_changed":false,"footnotes":""},"class_list":["post-2264","page","type-page","status-publish","has-post-thumbnail","hentry"],"acf":[],"_links":{"self":[{"href":"https:\/\/steinberglawfirm-staging.clmcloud.app\/es\/wp-json\/wp\/v2\/pages\/2264"}],"collection":[{"href":"https:\/\/steinberglawfirm-staging.clmcloud.app\/es\/wp-json\/wp\/v2\/pages"}],"about":[{"href":"https:\/\/steinberglawfirm-staging.clmcloud.app\/es\/wp-json\/wp\/v2\/types\/page"}],"author":[{"embeddable":true,"href":"https:\/\/steinberglawfirm-staging.clmcloud.app\/es\/wp-json\/wp\/v2\/users\/1"}],"replies":[{"embeddable":true,"href":"https:\/\/steinberglawfirm-staging.clmcloud.app\/es\/wp-json\/wp\/v2\/comments?post=2264"}],"version-history":[{"count":8,"href":"https:\/\/steinberglawfirm-staging.clmcloud.app\/es\/wp-json\/wp\/v2\/pages\/2264\/revisions"}],"predecessor-version":[{"id":20357,"href":"https:\/\/steinberglawfirm-staging.clmcloud.app\/es\/wp-json\/wp\/v2\/pages\/2264\/revisions\/20357"}],"up":[{"embeddable":true,"href":"https:\/\/steinberglawfirm-staging.clmcloud.app\/es\/wp-json\/wp\/v2\/pages\/565"}],"wp:featuredmedia":[{"embeddable":true,"href":"https:\/\/steinberglawfirm-staging.clmcloud.app\/es\/wp-json\/wp\/v2\/media\/19941"}],"wp:attachment":[{"href":"https:\/\/steinberglawfirm-staging.clmcloud.app\/es\/wp-json\/wp\/v2\/media?parent=2264"}],"curies":[{"name":"wp","href":"https:\/\/api.w.org\/{rel}","templated":true}]}}