{"id":22634,"date":"2022-09-16T20:48:58","date_gmt":"2022-09-16T20:48:58","guid":{"rendered":"https:\/\/www.steinberglawfirm.com\/?page_id=22634"},"modified":"2024-04-12T21:34:47","modified_gmt":"2024-04-12T21:34:47","slug":"signs-of-nursing-home-neglect-in-south-carolina","status":"publish","type":"page","link":"https:\/\/steinberglawfirm-staging.clmcloud.app\/es\/lesiones-personales\/negligencia-en-residencias-de-ancianos\/signos-de-abandono-en-el-hogar-de-ancianos-en-carolina-del-sur\/","title":{"rendered":"Signos de negligencia en el hogar de ancianos en South Carolina"},"content":{"rendered":"<h1 class=\"wp-block-heading\">Signos de negligencia en el hogar de ancianos en South Carolina<\/h1>\n\n\n\n<h2 class=\"wp-block-heading\"><em>Charleston, SC Abogados de cuidado de ancianos para casos de negligencia en hogares de ancianos<\/em><\/h2>\n\n\n\n<p>La calidad de la atenci\u00f3n en las residencias de ancianos South Carolina ha ido en descenso desde 2014. Ya sea que la disminuci\u00f3n de la calidad de la atenci\u00f3n se deba a la falta de personal, a una formaci\u00f3n deficiente, a suministros inadecuados o a una mala gesti\u00f3n general, los centros de cuidados de larga duraci\u00f3n tienen el deber de cuidar a sus residentes ancianos. Los centros de asistencia son responsables de evaluar y supervisar el tipo y el nivel de atenci\u00f3n que deben proporcionar a sus residentes. Un centro debe comprender la posibilidad de que se produzcan acontecimientos adversos y ense\u00f1ar a los miembros del personal a notificar los incidentes para garantizar la seguridad de todos los residentes. Desgraciadamente, pueden producirse multitud de errores que pueden dejar a los residentes gravemente desatendidos.<\/p>\n\n\n\n<p>Si usted o alguien que conoce sospecha de negligencia en un hogar de ancianos, consulte con un <a href=\"https:\/\/www.steinberglawfirm.com\/personal-injury\/nursing-home-abuse\/\" target=\"_blank\" rel=\"noopener\">abogado con experiencia en negligencia en hogares de ancianos Charleston, South Carolina<\/a> para hablar de sus derechos y recursos legales. Los hogares de ancianos pueden -y deben- ser responsabilizados por la negligencia de los residentes vulnerables.<\/p>\n\n\n\n<h3 class=\"wp-block-heading\">\u00bfQu\u00e9 tan com\u00fan es la negligencia en los hogares de ancianos?<\/h3>\n\n\n\n<p>En 2020, se presentaron m\u00e1s de 15.000 denuncias de negligencia y abuso en los Estados Unidos ante los defensores del pueblo de las residencias de ancianos. Seg\u00fan el Departamento de Envejecimiento de South Carolina, hay m\u00e1s de 2.000 centros de atenci\u00f3n a largo plazo en el estado, con m\u00e1s de 43.000 camas. Todos los residentes de una residencia de ancianos tienen derechos garantizados por la Ley Federal de Reforma de las Residencias de Ancianos, incluido el derecho a la atenci\u00f3n y el derecho a la intimidad. Desgraciadamente, la negligencia y los abusos se producen con regularidad.<\/p>\n\n\n\n<p>Los datos de ProPublica Nursing Home Inspect siguen una matriz de riesgo de evaluaci\u00f3n para determinar la gravedad de las deficiencias. Las calificaciones van de la A a la L, siendo la A la menos grave y la L la m\u00e1s grave. Las calificaciones se clasifican como:<\/p>\n\n\n\n<ul class=\"wp-block-list\">\n<li>Clasificaciones A, B y C - No hay lesiones, pero existe la posibilidad de que se produzcan da\u00f1os menores.<\/li>\n\n\n\n<li>Clasificaciones D, E y F - Existe la posibilidad de que se produzcan lesiones graves en el futuro.<\/li>\n\n\n\n<li>Clasificaciones G, H e I - Hay lesiones conocidas que requieren seguimiento y tratamiento.<\/li>\n\n\n\n<li>Clasificaciones J, K y L - Hay lesiones graves que ponen en peligro la salud del residente.<\/li>\n<\/ul>\n\n\n\n<p>Los datos del hogar de ancianos revelaron que en el South Carolina se observan 1.988 deficiencias. Estas deficiencias recibieron una calificaci\u00f3n D, que indica la posibilidad de que se produzcan lesiones m\u00e1s graves en el futuro. Para todos los niveles de gravedad, se ha informado de un total de 3.266 deficiencias para el South Carolina.<\/p>\n\n\n\n<h3 class=\"wp-block-heading\">\u00bfQu\u00e9 es la negligencia en las residencias de ancianos?<\/h3>\n\n\n\n<p>Las residencias de ancianos, los centros de vida asistida y otros centros residenciales comunitarios (CRCF) proporcionan un \"<a href=\"https:\/\/www.steinberglawfirm.com\/personal-injury\/nursing-home-abuse\/residents-bill-of-rights\/\" target=\"_blank\" rel=\"noopener\">Declaraci\u00f3n de derechos de los residentes<\/a>El documento \"Derechos del residente\" explica los derechos legales del residente y las normas de atenci\u00f3n que el centro y sus empleados deben proporcionar por ley. Los derechos est\u00e1n dise\u00f1ados para adaptarse a las necesidades cambiantes de los residentes, al tiempo que se maximiza su dignidad, autonom\u00eda, privacidad y seguridad. El personal sanitario de estos centros tambi\u00e9n tiene la responsabilidad legal de proporcionar a los residentes protecci\u00f3n, seguridad y atenci\u00f3n m\u00e9dica adecuada. Adem\u00e1s, estos centros deben evitar conductas que puedan causar razonablemente un da\u00f1o grave.<\/p>\n\n\n\n<p>Seg\u00fan los Centros para el Control y la Prevenci\u00f3n de Enfermedades (CDC), los incidentes de negligencia en residencias de ancianos se producen cuando un residente de una residencia de ancianos o de una residencia asistida no recibe los cuidados adecuados, lo que provoca un da\u00f1o f\u00edsico o psicol\u00f3gico grave.<\/p>\n\n\n\n<p>En los casos de negligencia, el tribunal evaluar\u00e1 el incumplimiento de los cuidados razonables teniendo en cuenta factores como la salud del residente, sus necesidades m\u00e9dicas actuales y su historial m\u00e9dico. A menudo, los accidentes graves surgen debido a la negligencia. Los accidentes graves incluyen:<\/p>\n\n\n\n<ul class=\"wp-block-list\">\n<li>Una persona que necesita ir al ba\u00f1o pero nadie acude a responder al bot\u00f3n de llamada, por lo que la persona intenta ir por s\u00ed misma, se cae y sufre una fractura de cadera u otros huesos.<\/li>\n\n\n\n<li>Una persona se cae debido a una vigilancia inadecuada por parte del personal o a una dosis incorrecta de la medicaci\u00f3n, se golpea la cabeza y sufre un traumatismo craneoencef\u00e1lico.<\/li>\n\n\n\n<li>Desarrollando <a href=\"https:\/\/www.steinberglawfirm.com\/personal-injury\/nursing-home-abuse\/bedsores-and-pressure-ulcers-in-nursing-home-patients\/\" target=\"_blank\" rel=\"noopener\">\u00falceras de dec\u00fabito severas y \u00falceras por presi\u00f3n<\/a> de no ser reposicionado adecuadamente.<\/li>\n\n\n\n<li>Contraer infecciones o lesiones adicionales debido a la desnutrici\u00f3n y la deshidrataci\u00f3n.<\/li>\n<\/ul>\n\n\n\n<p>El residente lesionado, su tutor legal u otro familiar que desee representarlo, y su abogado deben demostrar que las lesiones graves sufridas se debieron a la negligencia del centro y de su personal.<\/p>\n\n\n\n<h3 class=\"wp-block-heading\">Tipos de negligencia en residencias de ancianos<\/h3>\n\n\n\n<p>La dependencia de la asistencia de los cuidadores hace que los residentes de las residencias de ancianos sean intr\u00ednsecamente m\u00e1s vulnerables a la negligencia. Varios factores de riesgo tambi\u00e9n contribuyen a la vulnerabilidad de un adulto mayor a la negligencia. Entre estos factores se encuentran el aislamiento social, las limitaciones f\u00edsicas, las enfermedades mentales, las enfermedades cognitivas o los problemas de memoria, y el envejecimiento en general. Estas caracter\u00edsticas tambi\u00e9n hacen que los signos de negligencia sean m\u00e1s dif\u00edciles de detectar. Los signos m\u00e1s comunes de negligencia en un hogar de ancianos incluyen:<\/p>\n\n\n\n<ul class=\"wp-block-list\">\n<li>Desnutrici\u00f3n\/ Deshidrataci\u00f3n<\/li>\n\n\n\n<li><a href=\"https:\/\/www.steinberglawfirm.com\/personal-injury\/nursing-home-abuse\/bedsores-and-pressure-ulcers-in-nursing-home-patients\/\" target=\"_blank\" rel=\"noopener\">Llagas de dec\u00fabito\/ \u00falceras por presi\u00f3n<\/a><\/li>\n\n\n\n<li><a href=\"https:\/\/www.steinberglawfirm.com\/personal-injury\/nursing-home-abuse\/falls-and-fractures-in-south-carolina-nursing-homes\/\" target=\"_blank\" rel=\"noopener\">Huesos rotos<\/a><\/li>\n\n\n\n<li>Moretones<\/li>\n\n\n\n<li>Nuevas infecciones<\/li>\n\n\n\n<li>Lesiones inexplicables<\/li>\n\n\n\n<li>Cambios de personalidad<\/li>\n\n\n\n<li>Cuestiones de higiene<\/li>\n\n\n\n<li>Insomnio<\/li>\n\n\n\n<li>Lesiones de la silla de ruedas<\/li>\n<\/ul>\n\n\n\n<p>Los tutores y los miembros de la familia tambi\u00e9n deben estar atentos a los indicadores adicionales de negligencia que un miembro del personal puede exudar, incluyendo:<\/p>\n\n\n\n<ul class=\"wp-block-list\">\n<li>Una actitud hostil o agresiva hacia los residentes o visitantes,<\/li>\n\n\n\n<li>Un patr\u00f3n de errores de medicaci\u00f3n,<\/li>\n\n\n\n<li>Una disminuci\u00f3n de la atenci\u00f3n higi\u00e9nica excelente para los pacientes; y<\/li>\n\n\n\n<li>Historial de ignorar las peticiones de atenci\u00f3n del paciente.<\/li>\n<\/ul>\n\n\n\n<p>Si se han producido estas situaciones, un abogado con experiencia en el cuidado de ancianos puede ayudar a reunir las pruebas pertinentes y presentar un caso s\u00f3lido en nombre del residente.<\/p>\n\n\n\n<h3 class=\"wp-block-heading\">Da\u00f1os y perjuicios en las demandas por negligencia en residencias de ancianos<\/h3>\n\n\n\n<p>La negligencia en los hogares de ancianos tiene muchas consecuencias f\u00edsicas, psicol\u00f3gicas y emocionales. Los cuidadores negligentes deben ser considerados responsables de los da\u00f1os que su negligencia ha causado. En el South Carolina, las v\u00edctimas de la negligencia en residencias de ancianos pueden tener derecho a da\u00f1os econ\u00f3micos, no econ\u00f3micos y punitivos.<\/p>\n\n\n\n<p>Los da\u00f1os econ\u00f3micos en un caso de negligencia en una residencia de ancianos pueden incluir la compensaci\u00f3n de p\u00e9rdidas como facturas de hospital, costes de rehabilitaci\u00f3n y gastos de tratamiento de salud mental relacionados con la negligencia. Los da\u00f1os no econ\u00f3micos pueden incluir el pago por el dolor y el sufrimiento, la angustia emocional y la p\u00e9rdida del disfrute de la vida.<\/p>\n\n\n\n<p>En raros casos, el tribunal puede permitir da\u00f1os punitivos destinados a castigar al infractor. Adem\u00e1s, si el <a href=\"https:\/\/www.steinberglawfirm.com\/personal-injury\/nursing-home-neglect\/nursing-home-fatality-lawyers\/\" target=\"_blank\" rel=\"noopener\">la negligencia provoc\u00f3 la muerte por negligencia de un ser querido<\/a>En el caso de las v\u00edctimas, puede haber da\u00f1os adicionales disponibles para los supervivientes.<\/p>\n\n\n\n<h3 class=\"wp-block-heading\">\u00bfSu ser querido est\u00e1 siendo abandonado en una residencia de ancianos South Carolina?<\/h3>\n\n\n\n<p>Si tiene un ser querido en una residencia de ancianos South Carolina y est\u00e1 preocupado por su seguridad, <a href=\"https:\/\/www.steinberglawfirm.com\/personal-injury\/nursing-home-abuse\/\" target=\"_blank\" rel=\"noopener\">contacte con los abogados de negligencia en residencias de ancianos<\/a> en el <a href=\"https:\/\/www.steinberglawfirm.com\/\" target=\"_blank\" rel=\"noopener\">Steinberg Law Firm<\/a>. Tenemos casi <a href=\"https:\/\/www.steinberglawfirm.com\/about-us\/\" target=\"_blank\" rel=\"noopener\">100 a\u00f1os de experiencia<\/a> ayudar a nuestros clientes a perseguir la justicia contra aquellos que los perjudicaron. Podemos ayudarle a entender sus derechos y a preparar eficazmente un caso para responsabilizar a la residencia de ancianos negligente por el deterioro de su ser querido. Para saber m\u00e1s y para <a href=\"https:\/\/www.steinberglawfirm.com\/free-consultation\/\" target=\"_blank\" rel=\"noopener\">programar una consulta gratuita<\/a> con un <a href=\"https:\/\/www.steinberglawfirm.com\/locations\/charleston\/nursing-home-abuse-and-negligence\/\" target=\"_blank\" rel=\"noopener\">Charleston abogado de negligencia en residencias de ancianos<\/a>Llama a <a href=\"tel:1-843-720-2800\">(843) 720-2800<\/a>. Tambi\u00e9n puede <a href=\"https:\/\/www.steinberglawfirm.com\/contact-us\/\" target=\"_blank\" rel=\"noopener\">con\u00e9ctese con nosotros a trav\u00e9s de nuestro formulario de contacto en l\u00ednea<\/a>.<\/p>","protected":false},"excerpt":{"rendered":"<p>Se\u00f1ales de negligencia en hogares de ancianos en South Carolina Charleston, SC Abogados de cuidado de ancianos Para casos de negligencia en hogares de ancianos La calidad de la atenci\u00f3n en los hogares de ancianos South Carolina ha estado en una pendiente descendente desde 2014. Ya sea que la disminuci\u00f3n de la calidad de la atenci\u00f3n se deba a la falta de personal, la capacitaci\u00f3n deficiente, los suministros inadecuados o la mala administraci\u00f3n general, los cuidados a largo plazo...<\/p>","protected":false},"author":1,"featured_media":22638,"parent":22753,"menu_order":0,"comment_status":"closed","ping_status":"closed","template":"","meta":{"_acf_changed":false,"footnotes":""},"class_list":["post-22634","page","type-page","status-publish","has-post-thumbnail","hentry"],"acf":[],"_links":{"self":[{"href":"https:\/\/steinberglawfirm-staging.clmcloud.app\/es\/wp-json\/wp\/v2\/pages\/22634"}],"collection":[{"href":"https:\/\/steinberglawfirm-staging.clmcloud.app\/es\/wp-json\/wp\/v2\/pages"}],"about":[{"href":"https:\/\/steinberglawfirm-staging.clmcloud.app\/es\/wp-json\/wp\/v2\/types\/page"}],"author":[{"embeddable":true,"href":"https:\/\/steinberglawfirm-staging.clmcloud.app\/es\/wp-json\/wp\/v2\/users\/1"}],"replies":[{"embeddable":true,"href":"https:\/\/steinberglawfirm-staging.clmcloud.app\/es\/wp-json\/wp\/v2\/comments?post=22634"}],"version-history":[{"count":5,"href":"https:\/\/steinberglawfirm-staging.clmcloud.app\/es\/wp-json\/wp\/v2\/pages\/22634\/revisions"}],"predecessor-version":[{"id":30805,"href":"https:\/\/steinberglawfirm-staging.clmcloud.app\/es\/wp-json\/wp\/v2\/pages\/22634\/revisions\/30805"}],"up":[{"embeddable":true,"href":"https:\/\/steinberglawfirm-staging.clmcloud.app\/es\/wp-json\/wp\/v2\/pages\/22753"}],"wp:featuredmedia":[{"embeddable":true,"href":"https:\/\/steinberglawfirm-staging.clmcloud.app\/es\/wp-json\/wp\/v2\/media\/22638"}],"wp:attachment":[{"href":"https:\/\/steinberglawfirm-staging.clmcloud.app\/es\/wp-json\/wp\/v2\/media?parent=22634"}],"curies":[{"name":"wp","href":"https:\/\/api.w.org\/{rel}","templated":true}]}}