{"id":22625,"date":"2022-09-15T18:13:11","date_gmt":"2022-09-15T18:13:11","guid":{"rendered":"https:\/\/www.steinberglawfirm.com\/?page_id=22625"},"modified":"2022-09-15T18:30:42","modified_gmt":"2022-09-15T18:30:42","slug":"serious-injuries-in-jails-and-detention-centers","status":"publish","type":"page","link":"https:\/\/steinberglawfirm-staging.clmcloud.app\/es\/lesiones-personales\/abogados-de-lesiones-personales\/lesiones-graves-en-carceles-y-centros-de-detencion\/","title":{"rendered":"Lesiones graves en c\u00e1rceles y centros de detenci\u00f3n"},"content":{"rendered":"<h1 class=\"wp-block-heading\">South Carolina Abogado de presos lesionados<\/h1>\n\n\n\n<h2 class=\"wp-block-heading\"><em>South Carolina Abogados para familias de presos y reclusos lesionados<\/em><\/h2>\n\n\n\n<p>El Departamento Correccional de South Carolina inform\u00f3 de un total de 15.541 reclusos para 2021. Los 5 principales condados de South Carolina de donde proceden los reclusos son Greenville, Spartanburg, Richland, Charleston y Horry. Aunque los organismos gubernamentales tienen el derecho de encarcelar a las personas que han cometido un delito, tambi\u00e9n asumen la responsabilidad de protegerlas.<\/p>\n\n\n\n<p>Una agencia gubernamental, como el Departamento Correccional South Carolina, tiene 21 instituciones correccionales. Estas instituciones pueden ser consideradas responsables cuando los reclusos sufren lesiones evitables. Una de las instituciones que se ha enfrentado recientemente al escrutinio es la Instituci\u00f3n Correccional Lee, situada en Bishopville, SC.<\/p>\n\n\n\n<p>Seg\u00fan el SCDC, cada instituci\u00f3n tiene varios niveles de seguridad que van desde la pre-liberaci\u00f3n basada en la comunidad, hasta la seguridad m\u00ednima, media y cerrada. Dependiendo de los tipos y la cantidad de condenas que tenga un recluso, esto suele determinar el centro en el que ser\u00e1 colocado.<\/p>\n\n\n\n<p>En el Steinberg Law Firm, nuestro <a href=\"https:\/\/www.steinberglawfirm.com\/personal-injury\/personal-injury-lawyers\/\" target=\"_blank\" rel=\"noopener\">South Carolina abogados de da\u00f1os personales<\/a> defender los derechos de las personas sometidas a abusos, negligencia y trato inhumano durante la custodia de una agencia gubernamental. Representamos a clientes que sufrieron lesiones graves en prisiones, c\u00e1rceles y centros de detenci\u00f3n. Trabajamos con nuestros clientes para ayudarles a obtener la justicia que merecen. <a href=\"https:\/\/www.steinberglawfirm.com\/contact-us\/\" target=\"_blank\" rel=\"noopener\">Contacte con nosotros hoy mismo<\/a> para hablar con un <strong>abogado con experiencia en reclusos lesionados South Carolina<\/strong> en <a href=\"tel:1-843-720-2800\">(843) 720-2800<\/a>.<\/p>\n\n\n\n<h3 class=\"wp-block-heading\">Qu\u00e9 pasa con los derechos de un preso bajo custodia del gobierno<\/h3>\n\n\n\n<p>Cuando se le condena por cometer un delito, una persona pierde muchas libertades pero sigue teniendo varios derechos. Leyes estatales y federales espec\u00edficas permiten a los reclusos South Carolina responsabilizar legalmente a los organismos gubernamentales por sus graves lesiones.<\/p>\n\n\n\n<h4 class=\"wp-block-heading\">Acciones del art\u00edculo 1983<\/h4>\n\n\n\n<p>La ley de Estados Unidos permite a los reclusos responsabilizar a los administradores de la prisi\u00f3n y a los funcionarios de prisiones cuando violan sus derechos constitucionales. Seg\u00fan <a href=\"https:\/\/www.law.cornell.edu\/uscode\/text\/42\/1983\" target=\"_blank\" rel=\"noreferrer noopener\">42 USC 1983<\/a>Si se violan los derechos constitucionales de un recluso, \u00e9ste puede presentar una demanda contra los municipios, los funcionarios estatales, los funcionarios locales y cualquier otra persona que act\u00fae \"bajo el color de la ley estatal\".<\/p>\n\n\n\n<p>En otras palabras, esto significa que un funcionario abus\u00f3 o hizo mal uso de sus derechos de autoridad. Cualquier acci\u00f3n que un guardia o administrador de la prisi\u00f3n haya realizado hacia un recluso est\u00e1 bajo el color de la ley estatal. Para <a href=\"https:\/\/www.steinberglawfirm.com\/personal-injury\/personal-injury-lawyers\/1983-actions-stemming-from-serious-injuries-and-deaths-in-jails-and-detention-centers\/\" target=\"_blank\" rel=\"noopener\">presentar una demanda en virtud del art\u00edculo 1983<\/a>La informaci\u00f3n que se proporcione debe incorporar los siguientes elementos:<\/p>\n\n\n\n<ol class=\"wp-block-list\"><li>El acusado actu\u00f3 bajo el color de la ley estatal; y<\/li><li>El demandado priv\u00f3 al recluso de un derecho en virtud de la Constituci\u00f3n de los Estados Unidos o de otra ley federal.<\/li><\/ol>\n\n\n\n<p>Un recluso debe demostrar que una instituci\u00f3n ha violado sus derechos en virtud de la Constituci\u00f3n de los Estados Unidos o de la Ley Federal. Por ejemplo, <a href=\"https:\/\/www.steinberglawfirm.com\/personal-injury\/personal-injury-lawyers\/1983-actions-stemming-from-serious-injuries-and-deaths-in-jails-and-detention-centers\/\" target=\"_blank\" rel=\"noopener\">un recluso puede presentar una demanda en virtud del art\u00edculo 1983<\/a> contra un funcionario de prisiones bas\u00e1ndose en su derecho a no sufrir castigos crueles e inusuales seg\u00fan la <a href=\"https:\/\/constitution.congress.gov\/constitution\/amendment-8\/\" target=\"_blank\" rel=\"noreferrer noopener\">8\u00aa Enmienda<\/a>.<\/p>\n\n\n\n<h4 class=\"wp-block-heading\">Ejemplos de reclamaciones de \u00a7 1983<\/h4>\n\n\n\n<p>El art\u00edculo 1983 se aplica en muchos casos de lesiones graves en c\u00e1rceles y centros de detenci\u00f3n. A continuaci\u00f3n se exponen algunos ejemplos en los que una acci\u00f3n en virtud del art\u00edculo 1983 puede permitir a un recluso recuperar una compensaci\u00f3n monetaria:<\/p>\n\n\n\n<ul class=\"wp-block-list\"><li>Agresi\u00f3n sexual a un recluso por parte de un funcionario de prisiones<\/li><li>Maltrato f\u00edsico a un recluso por parte de un funcionario de prisiones<\/li><li>Denegaci\u00f3n de tratamiento m\u00e9dico necesario<\/li><\/ul>\n\n\n\n<p>Adem\u00e1s, los funcionarios de prisiones pueden ser responsables de lesiones graves derivadas de acciones deliberadas e injustas. Por ejemplo, supongamos que la administraci\u00f3n penitenciaria coloca a un recluso en una celda con otra persona conocida por ser violenta. En ese caso, la prisi\u00f3n puede ser responsable si el compa\u00f1ero de celda ataca al recluso.<\/p>\n\n\n\n<h3 class=\"wp-block-heading\">C\u00f3mo se aplica la Ley de Reclamaciones por Agravios Estatal y Federal<\/h3>\n\n\n\n<p>La Constituci\u00f3n de EE.UU. no ofrece una v\u00eda clara para que los ciudadanos privados puedan exigir responsabilidades a las entidades gubernamentales por la negligencia de sus empleados. Sin embargo, la aprobaci\u00f3n de la <a href=\"https:\/\/www.epa.gov\/ogc\/federal-tort-claims-act-ftca\" target=\"_blank\" rel=\"noreferrer noopener\">Ley federal de reclamaciones por da\u00f1os y perjuicios<\/a> y el <a href=\"https:\/\/www.scstatehouse.gov\/code\/t15c078.php\" target=\"_blank\" rel=\"noreferrer noopener\">South Carolina Ley de reclamaciones por da\u00f1os y perjuicios<\/a> cambi\u00f3 esto. Ambos actos pueden ayudar a los reclusos a exigir responsabilidades a los funcionarios y a las instituciones.<\/p>\n\n\n\n<p>Una entidad gubernamental puede ser considerada econ\u00f3micamente responsable de las lesiones sufridas por un funcionario negligente en determinadas situaciones. La Ley de Reclamaciones por Agravios permite a los reclusos presentar una demanda contra una c\u00e1rcel o un centro de detenci\u00f3n que puede no alcanzar el nivel de denegaci\u00f3n de un derecho constitucional, como por ejemplo <a href=\"https:\/\/www.steinberglawfirm.com\/personal-injury\/personal-injury-lawyers\/\" target=\"_blank\" rel=\"noopener\">casos de da\u00f1os personales en general<\/a>. Por ejemplo, si un recluso sufre lesiones graves tras tropezar con un peligro no se\u00f1alado mientras est\u00e1 detenido, podr\u00eda presentar una reclamaci\u00f3n en virtud de la Ley de Reclamaciones por Agravios.<\/p>\n\n\n\n<p>Las leyes que rodean la responsabilidad del gobierno por lesiones graves en las prisiones son notoriamente complejas y requieren la asistencia de un abogado con experiencia. <a href=\"https:\/\/www.steinberglawfirm.com\/contact-us\/\" target=\"_blank\" rel=\"noopener\">P\u00f3ngase en contacto con el Steinberg Law Firm con nuestro formulario en l\u00ednea<\/a> si tiene un familiar que ha sufrido una lesi\u00f3n grave o <a href=\"https:\/\/www.steinberglawfirm.com\/personal-injury\/serious-injury-cases\/traumatic-brain-injury\/\" target=\"_blank\" rel=\"noopener\">traumatismo craneoencef\u00e1lico<\/a>.<\/p>\n\n\n\n<h3 class=\"wp-block-heading\">Pr\u00f3ximos pasos para los reclusos que han sufrido lesiones graves en una instituci\u00f3n del SCDC<\/h3>\n\n\n\n<p>Si conoce a un recluso que haya sufrido recientemente lesiones corporales durante su custodia en una instituci\u00f3n South Carolina, p\u00f3ngase en contacto con el <a href=\"https:\/\/www.steinberglawfirm.com\/personal-injury\/personal-injury-lawyers\/\" target=\"_blank\" rel=\"noopener\">South Carolina abogados de lesiones personales en el Steinberg Law Firm<\/a> para obtener asistencia inmediata.<\/p>\n\n\n\n<p>Durante m\u00e1s de 95 a\u00f1os, hemos <a href=\"https:\/\/www.steinberglawfirm.com\/results\/\" target=\"_blank\" rel=\"noopener\">ayud\u00f3 a las v\u00edctimas de lesiones a obtener una indemnizaci\u00f3n justa<\/a> por sus lesiones. Llamarnos es gratis, y porque <a href=\"https:\/\/www.steinberglawfirm.com\/no-fee-unless-you-win\/\" target=\"_blank\" rel=\"noopener\">aceptamos todos los casos sobre la base de la contingencia<\/a>No le pediremos que nos pague por nuestros servicios legales a menos que podamos obtener una compensaci\u00f3n en su nombre.<\/p>\n\n\n\n<p>Para saber m\u00e1s y para <a href=\"https:\/\/www.steinberglawfirm.com\/free-consultation\/\" target=\"_blank\" rel=\"noopener\">programar una consulta gratuita<\/a>, llegue a la Steinberg Law Firm por <a href=\"tel:1-843-720-2800\">llamando al (843) 720-2800<\/a>. Tambi\u00e9n puede <a href=\"https:\/\/www.steinberglawfirm.com\/contact-us\/\" target=\"_blank\" rel=\"noopener\">con\u00e9ctese con nosotros a trav\u00e9s de nuestro formulario de contacto en l\u00ednea<\/a>.<\/p>","protected":false},"excerpt":{"rendered":"<p>South Carolina Abogado de Reclusos Heridos South Carolina Abogados para Familias de Reclusos y Prisioneros Heridos El Departamento Correccional de South Carolina report\u00f3 un total de 15,541 reclusos para 2021. Los 5 principales condados de South Carolina de donde provienen los reclusos fueron Greenville, Spartanburg, Richland, Charleston y Horry. Aunque las agencias gubernamentales tienen el derecho de encarcelar a las personas...<\/p>","protected":false},"author":1,"featured_media":22631,"parent":9348,"menu_order":0,"comment_status":"closed","ping_status":"closed","template":"","meta":{"_acf_changed":false,"footnotes":""},"class_list":["post-22625","page","type-page","status-publish","has-post-thumbnail","hentry"],"acf":[],"_links":{"self":[{"href":"https:\/\/steinberglawfirm-staging.clmcloud.app\/es\/wp-json\/wp\/v2\/pages\/22625"}],"collection":[{"href":"https:\/\/steinberglawfirm-staging.clmcloud.app\/es\/wp-json\/wp\/v2\/pages"}],"about":[{"href":"https:\/\/steinberglawfirm-staging.clmcloud.app\/es\/wp-json\/wp\/v2\/types\/page"}],"author":[{"embeddable":true,"href":"https:\/\/steinberglawfirm-staging.clmcloud.app\/es\/wp-json\/wp\/v2\/users\/1"}],"replies":[{"embeddable":true,"href":"https:\/\/steinberglawfirm-staging.clmcloud.app\/es\/wp-json\/wp\/v2\/comments?post=22625"}],"version-history":[{"count":5,"href":"https:\/\/steinberglawfirm-staging.clmcloud.app\/es\/wp-json\/wp\/v2\/pages\/22625\/revisions"}],"predecessor-version":[{"id":22630,"href":"https:\/\/steinberglawfirm-staging.clmcloud.app\/es\/wp-json\/wp\/v2\/pages\/22625\/revisions\/22630"}],"up":[{"embeddable":true,"href":"https:\/\/steinberglawfirm-staging.clmcloud.app\/es\/wp-json\/wp\/v2\/pages\/9348"}],"wp:featuredmedia":[{"embeddable":true,"href":"https:\/\/steinberglawfirm-staging.clmcloud.app\/es\/wp-json\/wp\/v2\/media\/22631"}],"wp:attachment":[{"href":"https:\/\/steinberglawfirm-staging.clmcloud.app\/es\/wp-json\/wp\/v2\/media?parent=22625"}],"curies":[{"name":"wp","href":"https:\/\/api.w.org\/{rel}","templated":true}]}}