{"id":22620,"date":"2022-09-15T17:37:04","date_gmt":"2022-09-15T17:37:04","guid":{"rendered":"https:\/\/www.steinberglawfirm.com\/?page_id=22620"},"modified":"2023-04-20T23:09:14","modified_gmt":"2023-04-20T23:09:14","slug":"roundabout-car-accident","status":"publish","type":"page","link":"https:\/\/steinberglawfirm-staging.clmcloud.app\/es\/lesiones-personales\/accidentes-de-trafico-2\/rotonda-accidente-de-coche\/","title":{"rendered":"Accidente de coche en una rotonda"},"content":{"rendered":"<h1 class=\"wp-block-heading\">Charleston, SC Abogados de accidentes en rotondas<\/h1>\n\n\n\n<h2 class=\"wp-block-heading\"><em>Bufete de abogados con experiencia en accidentes de tr\u00e1fico South Carolina que atiende a clientes en Charleston y alrededores<\/em><\/h2>\n\n\n\n<p>Las intersecciones son uno de los lugares m\u00e1s comunes de los accidentes de tr\u00e1fico. Seg\u00fan el Departamento de Transporte de los Estados Unidos, m\u00e1s de la mitad de los accidentes de tr\u00e1fico con resultado de lesiones o muerte se producen en las intersecciones o cerca de ellas.<\/p>\n\n\n\n<p>Para disminuir el n\u00famero de accidentes, las ciudades de South Carolina, incluida Charleston, han sustituido las intersecciones tradicionales por rotondas. Nuestro <a href=\"https:\/\/www.steinberglawfirm.com\/personal-injury\/auto-accidents\/\" target=\"_blank\" rel=\"noopener\">Charleston abogados de accidentes de coche<\/a> en el <a href=\"https:\/\/www.steinberglawfirm.com\/\" target=\"_blank\" rel=\"noopener\">Steinberg Law Firm<\/a> representar a personas y a sus familiares en <a href=\"https:\/\/www.steinberglawfirm.com\/personal-injury\/personal-injury-lawyers\/\" target=\"_blank\" rel=\"noopener\">demandas por da\u00f1os personales<\/a> derivados de los accidentes de la rotonda Charleston.<\/p>\n\n\n\n<p>Aunque los estudios demuestran que las rotondas son una alternativa m\u00e1s segura, muchos conductores no est\u00e1n familiarizados con la forma de circular por una rotonda de forma segura. <a href=\"https:\/\/www.steinberglawfirm.com\/personal-injury\/auto-accidents\/pedestrian-accident\/\" target=\"_blank\" rel=\"noopener\">Accidentes graves de peatones<\/a>, <a href=\"https:\/\/www.steinberglawfirm.com\/personal-injury\/motorcycle-accidents\/\" target=\"_blank\" rel=\"noopener\">motociclistas<\/a>, <a href=\"https:\/\/www.steinberglawfirm.com\/personal-injury\/bicycle-accidents\/\" target=\"_blank\" rel=\"noopener\">ciclistas<\/a>y otros automovilistas puede ocurrir si un conductor comete un error cognitivo, tiene problemas de visi\u00f3n o est\u00e1 bajo los efectos del alcohol.<\/p>\n\n\n\n<h3 class=\"wp-block-heading\">\u00bfQu\u00e9 son las rotondas?<\/h3>\n\n\n\n<p>La mayor\u00eda de las intersecciones implican carreteras que se cruzan en un \u00e1ngulo de 90 grados. Cuando los automovilistas se acercan a la intersecci\u00f3n, deben seguir el sem\u00e1foro o la se\u00f1al de stop, si los hay, o confiar en las reglas tradicionales de qui\u00e9n tiene el derecho de paso.<\/p>\n\n\n\n<p>Seg\u00fan el informe 672 del NCHRP, las rotondas se clasifican en tres tipos:<\/p>\n\n\n\n<p>1. Mini rotondas (15 a 20 mph)<\/p>\n\n\n\n<p>2. Rotondas de un solo carril (20 a 25 mph)<\/p>\n\n\n\n<p>3. Rotondas de varios carriles (25 a 30 mph)<\/p>\n\n\n\n<p>Una rotonda es bastante diferente, ya que se elimina la \"caja\" de la intersecci\u00f3n y se sustituye por una v\u00eda de forma circular. Los conductores deben entrar en la rotonda con seguridad, ceder el paso a los peatones y a otros conductores, y luego circular hasta llegar a la v\u00eda deseada. Algunas rotondas, pero no todas, tienen sem\u00e1foros que controlan la entrada del tr\u00e1fico. Las que no tienen sem\u00e1foros exigen que los automovilistas cedan el paso a los que ya est\u00e1n en la rotonda antes de entrar.<\/p>\n\n\n\n<h3 class=\"wp-block-heading\">\u00bfSon las rotondas m\u00e1s seguras que las intersecciones tradicionales?<\/h3>\n\n\n\n<p>Seg\u00fan el Departamento de Transporte de South Carolina, las rotondas son m\u00e1s seguras que las intersecciones tradicionales porque pueden reducir los accidentes de tr\u00e1fico en un 35%. Las rotondas son eficaces para disminuir el n\u00famero de accidentes de tr\u00e1fico graves porque influyen en los conductores para que conduzcan m\u00e1s despacio y con m\u00e1s cuidado. El Insurance Institute of Highway Safety informa de que las rotondas reducen el \u00edndice de accidentes con heridos hasta en un 80%. Seg\u00fan un an\u00e1lisis de 12 rotondas en South Carolina, <a href=\"https:\/\/www.steinberglawfirm.com\/personal-injury\/auto-accidents\/fatal-car-accident\/\" target=\"_blank\" rel=\"noopener\">accidentes mortales<\/a> se redujeron entre un 79% y un 100%. <\/p>\n\n\n\n<p>Sin embargo, un estudio reciente ha descubierto que la eficacia de las rotondas para reducir la siniestralidad aumenta con el tiempo. Cuando se instala una rotonda por primera vez, los conductores no est\u00e1n familiarizados con el nuevo patr\u00f3n de tr\u00e1fico y pueden cometer errores al navegar por la rotonda.<\/p>\n\n\n\n<p>Sin embargo, cuando se trata de la seguridad de los peatones, los resultados son contradictorios. Por ejemplo, un estudio de 2012 revel\u00f3 que los conductores que sal\u00edan de una rotonda eran menos propensos a ceder el paso a los peatones, <a href=\"https:\/\/www.steinberglawfirm.com\/personal-injury\/auto-accidents\/pedestrian-accident\/\" target=\"_blank\" rel=\"noopener\">aumentar el riesgo de accidente de los peatones<\/a>.<\/p>\n\n\n\n<h3 class=\"wp-block-heading\">C\u00f3mo circular con seguridad por una rotonda<\/h3>\n\n\n\n<p>Las rotondas son un elemento habitual en las carreteras de todo el mundo desde hace d\u00e9cadas; sin embargo, s\u00f3lo recientemente se han popularizado en Estados Unidos. En Monck's Corner se ha instalado recientemente una rotonda en Ryle Road y Sangaree Parkway. Sin embargo, la mayor\u00eda de los conductores del South Carolina no est\u00e1n familiarizados con la navegaci\u00f3n segura por una rotonda.<\/p>\n\n\n\n<p>El Departamento de Transporte South Carolina anima a los conductores a seguir estos pasos:<\/p>\n\n\n\n<ol class=\"wp-block-list\">\n<li>Reduzca la velocidad al acercarse a una rotonda.<\/li>\n\n\n\n<li>Encuentre el carril correcto al acercarse a la rotonda.<\/li>\n\n\n\n<li>Al entrar en la rotonda, compruebe que la zona est\u00e1 libre de peatones.<\/li>\n\n\n\n<li>Ceda el paso a otros conductores dentro de la rotonda. Si una rotonda tiene varios carriles, los conductores que entren en ella deben ceder el paso a los conductores de ambos carriles.<\/li>\n\n\n\n<li>No cambie de carril ni adelante a otros veh\u00edculos mientras est\u00e9 dentro de una rotonda.<\/li>\n\n\n\n<li>No detenga su veh\u00edculo cuando circule por una rotonda.<\/li>\n\n\n\n<li>Siempre que sea posible, evite circular junto a grandes camiones en una rotonda.<\/li>\n\n\n\n<li>Utilice el intermitente al salir de una rotonda.<\/li>\n\n\n\n<li>Si un veh\u00edculo de emergencia entra en una rotonda, salga de inmediato y tire hacia la derecha.<\/li>\n<\/ol>\n\n\n\n<h3 class=\"wp-block-heading\">\u00bfQu\u00e9 causa los accidentes en las rotondas en Charleston?<\/h3>\n\n\n\n<p>Cuando se instala una rotonda por primera vez, los accidentes de tr\u00e1fico pueden aumentar debido a que los conductores no est\u00e1n familiarizados con esta caracter\u00edstica del tr\u00e1fico. Algunos conductores se adaptan mejor a sus comportamientos de conducci\u00f3n, mientras que otros siguen conduciendo de forma insegura y, en algunos casos, temeraria.<\/p>\n\n\n\n<p><strong>Las siguientes son las causas comunes de los accidentes en las rotondas South Carolina:<\/strong><\/p>\n\n\n\n<p><strong>Acerc\u00e1ndose demasiado r\u00e1pido<\/strong> - Una de las ventajas m\u00e1s significativas de las rotondas es que los conductores entran en ellas a una velocidad mucho menor. Si se produce un accidente a una velocidad inferior, normalmente no implica un impacto directo. Si un <a href=\"https:\/\/www.steinberglawfirm.com\/personal-injury\/auto-accidents\/speeding-car-accidents\/\" target=\"_blank\" rel=\"noopener\">el conductor se acerca demasiado r\u00e1pido a una rotonda<\/a>No s\u00f3lo es m\u00e1s probable que provoquen un accidente, sino que las consecuencias de \u00e9ste suelen ser mucho m\u00e1s graves.<\/p>\n\n\n\n<p><strong>Utilizar el carril equivocado<\/strong> - En las rotondas de varios carriles, los conductores deben entrar en la funci\u00f3n de tr\u00e1fico por el carril correcto. Si un conductor opta por cambiar de carril mientras circula por la rotonda, podr\u00eda producirse un peligroso accidente. Los automovilistas que planean salir de la rotonda inmediatamente deben entrar por el carril derecho.<\/p>\n\n\n\n<p><strong>Parada dentro de la rotonda<\/strong> - Los conductores nunca deben detenerse dentro de una rotonda, salvo en casos de emergencia. Los conductores nerviosos que no est\u00e1n familiarizados con la conducci\u00f3n en las rotondas pueden tener la tentaci\u00f3n de hacer un cambio de carril equivocado o detener sus veh\u00edculos. Esto es incre\u00edblemente peligroso, ya que la mayor\u00eda de las rotondas exigen un flujo de tr\u00e1fico continuo.<\/p>\n\n\n\n<p><strong>No ceder el paso a los peatones y ciclistas<\/strong> - Al entrar en una rotonda, los conductores pueden perder la concentraci\u00f3n en su propia capacidad de conducci\u00f3n y mirar a los dem\u00e1s veh\u00edculos que les rodean. Esto supone un riesgo elevado para los peatones y los ciclistas, ya que pueden ser atropellados por los coches que giran a la derecha o a la izquierda sin protecci\u00f3n.<\/p>\n\n\n\n<p><strong>Cambio de carril en una rotonda<\/strong> - Las rotondas obligan a los conductores a cambiar de carril y permiten a los automovilistas entrar o salir por otra v\u00eda. Los conductores que est\u00e1n familiarizados con los patrones de tr\u00e1fico de las rotondas no esperan que otros automovilistas cambien de carril dentro de la rotonda, y hacerlo puede confundirlos, aumentando la probabilidad de un accidente.<\/p>\n\n\n\n<p><strong>Camiones en las rotondas <\/strong>- Navegar por las carreteras de los alrededores <a href=\"https:\/\/www.steinberglawfirm.com\/personal-injury\/truck-accidents\/semi-truck-accident-injury-attorney\/\" target=\"_blank\" rel=\"noopener\">semirremolques<\/a> y otros veh\u00edculos comerciales de gran tama\u00f1o requiere un cuidado especial. <a href=\"https:\/\/www.steinberglawfirm.com\/personal-injury\/truck-accidents\/\" target=\"_blank\" rel=\"noopener\">Los camiones pueden bloquear la vista de un automovilista<\/a>Adem\u00e1s, su gran radio de giro exige que se les proporcione un espacio extra para poder circular con seguridad por una rotonda. A pesar de la tentaci\u00f3n de adelantar a un cami\u00f3n lento, hacerlo es extremadamente peligroso.<\/p>\n\n\n\n<p><strong>Veh\u00edculos de emergencia<\/strong> - Todos los conductores conocen sus obligaciones cuando un veh\u00edculo de emergencia se acerca por detr\u00e1s. Sin embargo, los conductores a menudo se confunden y se apartan inmediatamente mientras conducen dentro de una rotonda. Esto crea un peligro para el conductor del veh\u00edculo de emergencia y para los dem\u00e1s que circulan por la rotonda. Cuando un veh\u00edculo de emergencia entra con sus luces o sirenas encendidas, lo correcto es salir de la rotonda en la siguiente oportunidad y luego apartarse a un lado de la carretera.<\/p>\n\n\n\n<p>Otros factores que pueden causar accidentes graves en una rotonda son el dise\u00f1o del veh\u00edculo, las normas de derecho de paso, el paisaje y la iluminaci\u00f3n. Si se producen lesiones graves o un <a href=\"https:\/\/www.steinberglawfirm.com\/personal-injury\/wrongful-death\/\" target=\"_blank\" rel=\"noopener\">la muerte por negligencia surge de un grave accidente en una rotonda<\/a>Es crucial documentar a trav\u00e9s de fotos, registros m\u00e9dicos, y para <a href=\"https:\/\/www.steinberglawfirm.com\/contact-us\/\" target=\"_blank\" rel=\"noopener\">contratar a un abogado con experiencia en el Charleston<\/a>. Despu\u00e9s de evaluar los detalles de un caso, un abogado puede determinar qu\u00e9 tipos de da\u00f1os pueden ser compensados.<\/p>\n\n\n\n<h3 class=\"wp-block-heading\">Da\u00f1os en un accidente en una rotonda Charleston<\/h3>\n\n\n\n<p>Esos <a href=\"https:\/\/www.steinberglawfirm.com\/personal-injury\/personal-injury-lawyers\/\" target=\"_blank\" rel=\"noopener\">Los heridos en un accidente en una rotonda Charleston pueden presentar una demanda por da\u00f1os personales<\/a> contra el conductor responsable de la colisi\u00f3n. Si tiene \u00e9xito, un motorista lesionado puede recuperar los da\u00f1os econ\u00f3micos y no econ\u00f3micos relacionados con el accidente.<\/p>\n\n\n\n<p>Los da\u00f1os econ\u00f3micos incluyen los gastos de bolsillo en los que incurri\u00f3 debido al accidente. Tambi\u00e9n incluyen cualquier ingreso que usted hubiera hecho pero no pudo debido a sus lesiones. Los tipos de da\u00f1os econ\u00f3micos despu\u00e9s de un accidente de coche rotonda incluyen:<\/p>\n\n\n\n<ul class=\"wp-block-list\">\n<li>Gastos m\u00e9dicos anteriores,<\/li>\n\n\n\n<li>Futuros gastos m\u00e9dicos,<\/li>\n\n\n\n<li>Salarios perdidos; y<\/li>\n\n\n\n<li>Da\u00f1os a la propiedad.<\/li>\n<\/ul>\n\n\n\n<p>Adem\u00e1s, las v\u00edctimas de accidentes pueden recuperar los da\u00f1os no econ\u00f3micos. Los da\u00f1os no econ\u00f3micos compensan a las v\u00edctimas de accidentes por el impacto emocional y psicol\u00f3gico de sus lesiones en sus vidas. Los da\u00f1os no econ\u00f3micos de los accidentes de rotonda pueden incluir:<\/p>\n\n\n\n<ul class=\"wp-block-list\">\n<li>Angustia emocional,<\/li>\n\n\n\n<li>Incapacidad para completar las tareas diarias,<\/li>\n\n\n\n<li>P\u00e9rdida de compa\u00f1\u00eda,<\/li>\n\n\n\n<li>P\u00e9rdida de disfrute en la vida,<\/li>\n\n\n\n<li>Cicatrices o desfiguraciones permanentes,<\/li>\n\n\n\n<li>Discapacidad f\u00edsica o mental; y<\/li>\n\n\n\n<li>Dolor y sufrimiento.<\/li>\n<\/ul>\n\n\n\n<p>En el <a href=\"https:\/\/www.steinberglawfirm.com\/\" target=\"_blank\" rel=\"noopener\">Steinberg Law Firm<\/a>, nuestro <a href=\"https:\/\/www.steinberglawfirm.com\/personal-injury\/auto-accidents\/\" target=\"_blank\" rel=\"noopener\">abogados especializados en accidentes de tr\u00e1fico Charleston<\/a> tienen m\u00e1s de 95 a\u00f1os de experiencia ayudando a las v\u00edctimas de accidentes y a sus familias <a href=\"https:\/\/www.steinberglawfirm.com\/results\/\" target=\"_blank\" rel=\"noopener\">buscar una compensaci\u00f3n justa<\/a> por lo que han pasado. Nos centramos en las necesidades \u00fanicas de cada cliente, asegur\u00e1ndonos de atender sus preocupaciones durante todo el proceso. A trav\u00e9s de este proceso, podemos identificar el alcance total de los da\u00f1os que ha sufrido, lo que le permite decidir sobre cualquier oferta de acuerdo extendida por una compa\u00f1\u00eda de seguros. Y, como somos litigantes experimentados adem\u00e1s de negociadores, nunca se sentir\u00e1 forzado a aceptar una oferta de acuerdo que no crea que le compensa adecuadamente.<\/p>\n\n\n\n<h3 class=\"wp-block-heading\">Ac\u00e9rquese al Steinberg Law Firm para hablar de su reclamaci\u00f3n por accidente en la rotonda Charleston<\/h3>\n\n\n\n<p>Si usted o un ser querido ha sufrido recientemente lesiones graves en un accidente en una rotonda, el Charleston puede ayudarle. <a href=\"https:\/\/www.steinberglawfirm.com\/free-consultation\/\" target=\"_blank\" rel=\"noopener\">Ofrecemos a todos los posibles clientes una consulta gratuita<\/a>durante el cual responderemos a sus preguntas en t\u00e9rminos claros y comprensibles para que pueda tomar la mejor decisi\u00f3n para las necesidades de su familia.<\/p>\n\n\n\n<p>Para saber m\u00e1s y para <a href=\"https:\/\/www.steinberglawfirm.com\/free-consultation\/\" target=\"_blank\" rel=\"noopener\">programar una consulta gratuita<\/a> hoy, p\u00f3ngase en contacto con el Steinberg Law Firm en <a href=\"tel:1-843-720-2800\">(843) 720-2800<\/a>. Tambi\u00e9n puede conectarse con nuestro <a href=\"https:\/\/www.steinberglawfirm.com\/personal-injury\/auto-accidents\/\" target=\"_blank\" rel=\"noopener\">Charleston abogados de accidentes de tr\u00e1fico<\/a> por <a href=\"https:\/\/www.steinberglawfirm.com\/contact-us\/\" target=\"_blank\" rel=\"noopener\">completando nuestro formulario de contacto en l\u00ednea<\/a>.<\/p>","protected":false},"excerpt":{"rendered":"<p>Charleston, SC Abogados de accidentes en rotondas Bufete de abogados con experiencia en accidentes automovil\u00edsticos South Carolina sirviendo a clientes en y alrededor de Charleston Las intersecciones son uno de los lugares m\u00e1s comunes para los accidentes de tr\u00e1fico. Seg\u00fan el Departamento de Transporte de los Estados Unidos, m\u00e1s de la mitad de todos los accidentes de coche que resultan en lesiones o muertes ocurren en o cerca de las intersecciones. Para...<\/p>","protected":false},"author":1,"featured_media":22624,"parent":760,"menu_order":0,"comment_status":"closed","ping_status":"closed","template":"","meta":{"_acf_changed":false,"footnotes":""},"class_list":["post-22620","page","type-page","status-publish","has-post-thumbnail","hentry"],"acf":[],"_links":{"self":[{"href":"https:\/\/steinberglawfirm-staging.clmcloud.app\/es\/wp-json\/wp\/v2\/pages\/22620"}],"collection":[{"href":"https:\/\/steinberglawfirm-staging.clmcloud.app\/es\/wp-json\/wp\/v2\/pages"}],"about":[{"href":"https:\/\/steinberglawfirm-staging.clmcloud.app\/es\/wp-json\/wp\/v2\/types\/page"}],"author":[{"embeddable":true,"href":"https:\/\/steinberglawfirm-staging.clmcloud.app\/es\/wp-json\/wp\/v2\/users\/1"}],"replies":[{"embeddable":true,"href":"https:\/\/steinberglawfirm-staging.clmcloud.app\/es\/wp-json\/wp\/v2\/comments?post=22620"}],"version-history":[{"count":4,"href":"https:\/\/steinberglawfirm-staging.clmcloud.app\/es\/wp-json\/wp\/v2\/pages\/22620\/revisions"}],"predecessor-version":[{"id":24565,"href":"https:\/\/steinberglawfirm-staging.clmcloud.app\/es\/wp-json\/wp\/v2\/pages\/22620\/revisions\/24565"}],"up":[{"embeddable":true,"href":"https:\/\/steinberglawfirm-staging.clmcloud.app\/es\/wp-json\/wp\/v2\/pages\/760"}],"wp:featuredmedia":[{"embeddable":true,"href":"https:\/\/steinberglawfirm-staging.clmcloud.app\/es\/wp-json\/wp\/v2\/media\/22624"}],"wp:attachment":[{"href":"https:\/\/steinberglawfirm-staging.clmcloud.app\/es\/wp-json\/wp\/v2\/media?parent=22620"}],"curies":[{"name":"wp","href":"https:\/\/api.w.org\/{rel}","templated":true}]}}