{"id":2262,"date":"2017-08-16T01:10:02","date_gmt":"2017-08-16T01:10:02","guid":{"rendered":"https:\/\/www.steinberglawfirm.com\/?page_id=2262"},"modified":"2022-04-20T19:51:17","modified_gmt":"2022-04-20T19:51:17","slug":"delayed-treatment","status":"publish","type":"page","link":"https:\/\/steinberglawfirm-staging.clmcloud.app\/es\/lesiones-personales\/mala-praxis-medica\/tratamiento-diferido\/","title":{"rendered":"Retraso en el tratamiento"},"content":{"rendered":"<h1 class=\"wp-block-heading\">Retraso en el tratamiento<\/h1>\n\n\n\n<div style=\"height:15px\" aria-hidden=\"true\" class=\"wp-block-spacer\"><\/div>\n\n\n\n<p>En muchas situaciones m\u00e9dicas, el tratamiento oportuno puede marcar una diferencia crucial en los resultados del paciente. Cuando los efectos de una enfermedad o lesi\u00f3n se magnifican por el retraso en el tratamiento, las personas se ven a menudo obligadas a faltar al trabajo mientras se acumulan las grandes facturas m\u00e9dicas. No hay duda de que el retraso en el tratamiento es a menudo una forma de&nbsp;<a href=\"https:\/\/www.steinberglawfirm.com\/practice-areas\/medical-malpractice\/\" target=\"_blank\" rel=\"noopener\">negligencia m\u00e9dica<\/a>.<\/p>\n\n\n\n<p>Si ha sido v\u00edctima de un retraso en el diagn\u00f3stico, puede ser necesaria una reclamaci\u00f3n por negligencia m\u00e9dica para obtener una indemnizaci\u00f3n por la p\u00e9rdida de trabajo, los costes de un tratamiento adicional o el equipo que necesita para recuperar su vida. En el Steinberg Law Firm, nuestro abogado especializado en diagn\u00f3sticos retrasados del Charleston le ayudar\u00e1 a conseguir justicia. Para una revisi\u00f3n gratuita de su caso, ll\u00e1menos al 843-720-2800.<\/p>\n\n\n\n<p><strong>CONSECUENCIAS DEL RETRASO EN EL TRATAMIENTO<\/strong><br>Las lesiones por negligencia m\u00e9dica provocan cada a\u00f1o casi un cuarto de mill\u00f3n de muertes en Estados Unidos. Casi la mitad de estas muertes se producen por errores o negligencias en los servicios de urgencias. El retraso en el tratamiento es una de las razones m\u00e1s comunes, donde incluso minutos de espera pueden significar la diferencia entre una recuperaci\u00f3n completa y una lesi\u00f3n permanente o la muerte.<\/p>\n\n\n\n<p>Los tiempos de espera en las salas de urgencias de los hospitales de todo el pa\u00eds est\u00e1n aumentando de forma alarmante, pero el retraso en el tratamiento no se limita a la mala praxis de las salas de urgencias. Cuando el tratamiento se retrasa, los pacientes pueden sufrir crecientes complicaciones y enfermedades o lesiones de las que tardan mucho m\u00e1s en recuperarse.&nbsp;<a href=\"https:\/\/www.steinberglawfirm.com\/practice-areas\/medical-malpractice\/misdiagnosis\/\" target=\"_blank\" rel=\"noopener\">Diagn\u00f3stico err\u00f3neo<\/a>&nbsp;o el retraso en el diagn\u00f3stico suele impedir el tratamiento oportuno o correcto tambi\u00e9n en los consultorios y cl\u00ednicas.<\/p>\n\n\n\n<p>Las consecuencias del retraso en el diagn\u00f3stico o en el tratamiento pueden dar lugar a graves complicaciones, como por ejemplo<\/p>\n\n\n\n<ul class=\"wp-block-list\"><li>Lesi\u00f3n o enfermedad persistente<\/li><li>Aumento de las complicaciones<\/li><li>Invalidez permanente<\/li><li>Empeoramiento de la salud<\/li><li>Infecciones secundarias<\/li><li>Muerte<\/li><\/ul>\n\n\n\n<p><strong>QU\u00c9 HACER TRAS EL RETRASO EN EL TRATAMIENTO<\/strong><br>Si un retraso en el tratamiento o el diagn\u00f3stico le lleva a cualquiera de estas situaciones, tiene opciones legales. Una demanda por negligencia m\u00e9dica puede ser la mejor manera de recuperar los salarios perdidos, pagar los cuidados prolongados o las crecientes facturas m\u00e9dicas, o hacer las adaptaciones necesarias en su hogar. Para conocer sus opciones, y todos los requisitos legales para un caso s\u00f3lido, es importante hablar con un abogado con experiencia en el diagn\u00f3stico tard\u00edo del Charleston.<\/p>\n\n\n\n<h2 class=\"wp-block-heading\">Abogados de lesiones personales que representan a Charleston y \u00e1reas cercanas de South Carolina<\/h2>\n\n\n\n<p><a href=\"https:\/\/www.steinberglawfirm.com\/contact-us\/\" target=\"_blank\" rel=\"noopener\">Contacto con el Steinberg Law Firm<\/a>&nbsp;hoy mismo para hablar con uno de nuestros abogados altamente cualificados en diagn\u00f3sticos tard\u00edos. Puede contactar con nuestras oficinas de Charleston para concertar una revisi\u00f3n gratuita de su caso por tel\u00e9fono en el 843-720-2800, o utilizando el formulario de nuestra p\u00e1gina web.<\/p>","protected":false},"excerpt":{"rendered":"<p>Retraso en el tratamiento En muchas situaciones m\u00e9dicas, el tratamiento oportuno puede marcar una diferencia crucial en los resultados del paciente. Cuando los efectos de una enfermedad o lesi\u00f3n se ven agravados por el retraso en el tratamiento, las personas suelen verse obligadas a faltar al trabajo mientras se acumulan las facturas m\u00e9dicas. No cabe duda de que el retraso en el tratamiento es a menudo una forma de mala praxis m\u00e9dica....<\/p>","protected":false},"author":1,"featured_media":20411,"parent":576,"menu_order":0,"comment_status":"closed","ping_status":"closed","template":"","meta":{"_acf_changed":false,"footnotes":""},"class_list":["post-2262","page","type-page","status-publish","has-post-thumbnail","hentry"],"acf":[],"_links":{"self":[{"href":"https:\/\/steinberglawfirm-staging.clmcloud.app\/es\/wp-json\/wp\/v2\/pages\/2262"}],"collection":[{"href":"https:\/\/steinberglawfirm-staging.clmcloud.app\/es\/wp-json\/wp\/v2\/pages"}],"about":[{"href":"https:\/\/steinberglawfirm-staging.clmcloud.app\/es\/wp-json\/wp\/v2\/types\/page"}],"author":[{"embeddable":true,"href":"https:\/\/steinberglawfirm-staging.clmcloud.app\/es\/wp-json\/wp\/v2\/users\/1"}],"replies":[{"embeddable":true,"href":"https:\/\/steinberglawfirm-staging.clmcloud.app\/es\/wp-json\/wp\/v2\/comments?post=2262"}],"version-history":[{"count":3,"href":"https:\/\/steinberglawfirm-staging.clmcloud.app\/es\/wp-json\/wp\/v2\/pages\/2262\/revisions"}],"predecessor-version":[{"id":20410,"href":"https:\/\/steinberglawfirm-staging.clmcloud.app\/es\/wp-json\/wp\/v2\/pages\/2262\/revisions\/20410"}],"up":[{"embeddable":true,"href":"https:\/\/steinberglawfirm-staging.clmcloud.app\/es\/wp-json\/wp\/v2\/pages\/576"}],"wp:featuredmedia":[{"embeddable":true,"href":"https:\/\/steinberglawfirm-staging.clmcloud.app\/es\/wp-json\/wp\/v2\/media\/20411"}],"wp:attachment":[{"href":"https:\/\/steinberglawfirm-staging.clmcloud.app\/es\/wp-json\/wp\/v2\/media?parent=2262"}],"curies":[{"name":"wp","href":"https:\/\/api.w.org\/{rel}","templated":true}]}}