{"id":2258,"date":"2017-08-16T01:06:45","date_gmt":"2017-08-16T01:06:45","guid":{"rendered":"https:\/\/www.steinberglawfirm.com\/?page_id=2258"},"modified":"2022-04-20T19:45:48","modified_gmt":"2022-04-20T19:45:48","slug":"spinal-column-injuries","status":"publish","type":"page","link":"https:\/\/steinberglawfirm-staging.clmcloud.app\/es\/lesiones-personales\/lesiones-en-la-cabeza-el-cerebro-y-la-columna-vertebral\/lesiones-de-la-columna-vertebral-2\/","title":{"rendered":"Lesiones de la columna vertebral"},"content":{"rendered":"<h1 class=\"wp-block-heading\">Charleston, South Carolina Abogado especialista en lesiones de la columna vertebral<\/h1>\n\n\n\n<div style=\"height:15px\" aria-hidden=\"true\" class=\"wp-block-spacer\"><\/div>\n\n\n\n<p>Las lesiones de la columna vertebral adoptan diversas formas. Las m\u00e1s graves implican una lesi\u00f3n de la m\u00e9dula espinal, a menudo debida a la fuerza f\u00edsica. Cuando la m\u00e9dula espinal se lesiona puede producirse una par\u00e1lisis temporal, y a veces permanente. Otros s\u00edntomas de las lesiones de la m\u00e9dula espinal son<\/p>\n\n\n\n<ul class=\"wp-block-list\"><li>P\u00e9rdida de control de la vejiga<\/li><li>Cambios en la funci\u00f3n sexual<\/li><li>Dolor en los nervios<\/li><li>P\u00e9rdida de sensibilidad en todo el cuerpo<\/li><\/ul>\n\n\n\n<p>La columna vertebral va desde la base del cr\u00e1neo hasta la parte baja de la espalda y es la encargada de llevar las se\u00f1ales nerviosas del cerebro a los m\u00fasculos de todo el cuerpo. La columna vertebral est\u00e1 formada por m\u00e1s de 30 huesos individuales, las v\u00e9rtebras, por las que pasa la m\u00e9dula espinal. Entre cada hueso hay discos intervertebrales que ayudan a mantener las v\u00e9rtebras unidas y evitan que se rocen entre s\u00ed. Estos discos intervertebrales tambi\u00e9n ayudan a amortiguar el impacto del movimiento.<\/p>\n\n\n\n<p>Con frecuencia, los m\u00e9dicos pueden no comprender inicialmente el alcance de una lesi\u00f3n de la columna vertebral y pueden no ser capaces de pronosticar con precisi\u00f3n la probabilidad de recuperaci\u00f3n de una v\u00edctima de accidente. Unos diez d\u00edas despu\u00e9s de la lesi\u00f3n, los m\u00e9dicos pueden realizar un examen neurol\u00f3gico para determinar el alcance de la lesi\u00f3n y si es \"completa\" o \"incompleta\". Una lesi\u00f3n incompleta es aquella en la que la parte afectada de la m\u00e9dula espinal todav\u00eda puede enviar y recibir mensajes del cerebro. Las lesiones completas impiden todas las transmisiones nerviosas en el lugar de la lesi\u00f3n y por debajo de \u00e9l.<\/p>\n\n\n\n<p><strong>Causas de las lesiones de la columna vertebral <\/strong><\/p>\n\n\n\n<p>Las lesiones de la columna vertebral pueden producirse despu\u00e9s de casi cualquier tipo de accidente. A continuaci\u00f3n se presenta una lista de los tipos m\u00e1s comunes de lesiones de la columna vertebral:<\/p>\n\n\n\n<p><a href=\"https:\/\/www.steinberglawfirm.com\/practice-areas\/auto-accidents\/\" target=\"_blank\" rel=\"noopener\"><strong>Accidentes de tr\u00e1fico:<\/strong><\/a> Muchos accidentes de tr\u00e1fico provocan que el ocupante sea sacudido de delante a atr\u00e1s o de lado a lado. Cualquiera de estos movimientos puede da\u00f1ar gravemente la columna vertebral y la m\u00e9dula espinal. Incluso en los casos menos graves de latigazo cervical, pueden producirse lesiones permanentes.<\/p>\n\n\n\n<p><a href=\"https:\/\/www.steinberglawfirm.com\/practice-areas\/premises-liability\/slip-and-fall\/\" target=\"_blank\" rel=\"noopener\"><strong>Accidentes por resbalones y ca\u00eddas:<\/strong><\/a> Las ca\u00eddas son una de las principales causas de lesiones accidentales en South Carolina y en todo Estados Unidos, y causan aproximadamente el 25 por ciento de todas las lesiones de la columna vertebral. Dependiendo de c\u00f3mo se caiga la v\u00edctima de un accidente, un resbal\u00f3n puede acabar f\u00e1cilmente en una hernia discal o en una fractura de v\u00e9rtebra.<\/p>\n\n\n\n<p><strong>Lesiones deportivas:<\/strong> M\u00e1s de 3,5 millones de ni\u00f1os y adolescentes sufren cada a\u00f1o alg\u00fan tipo de lesi\u00f3n al practicar un deporte. Muchas de ellas son lesiones en la columna vertebral. Aunque cualquier deporte puede provocar una lesi\u00f3n grave, la gimnasia, el f\u00fatbol, el esqu\u00ed, el baloncesto y las animadoras son los m\u00e1s propensos a causar una lesi\u00f3n en la columna vertebral.<\/p>\n\n\n\n<p><a href=\"https:\/\/www.steinberglawfirm.com\/practice-areas\/workers-compensation\/\" target=\"_blank\" rel=\"noopener\"><strong>Accidentes laborales:<\/strong><\/a> Los estadounidenses pasan la mayor parte de sus horas de vigilia en el trabajo. Una lesi\u00f3n puede ocurrir en cualquier lugar de trabajo.<\/p>\n\n\n\n<p>Los da\u00f1os en la m\u00e9dula espinal, as\u00ed como otros tipos de lesiones en la espalda, suelen cambiar la vida de la v\u00edctima de un accidente. Se recomienda a los afectados por una lesi\u00f3n de la columna vertebral que <a href=\"https:\/\/www.steinberglawfirm.com\/\" target=\"_blank\" rel=\"noopener\">contacte con un abogado especializado en lesiones personales Charleston<\/a> para discutir su caso.<\/p>\n\n\n\n<p><strong>Estad\u00edsticas de lesiones en la columna vertebral <\/strong><\/p>\n\n\n\n<p>La columna vertebral es una de las estructuras m\u00e1s importantes del cuerpo humano, y los da\u00f1os que sufre suelen provocar lesiones graves e irreparables. La m\u00e9dula espinal es una estructura blanda y gelatinosa que va desde la base del cuello hasta la espalda. La m\u00e9dula espinal es la encargada de transmitir las se\u00f1ales nerviosas entre el cerebro y los m\u00fasculos de todo el cuerpo. Por lo tanto, las lesiones de la m\u00e9dula espinal suelen afectar a la capacidad de movimiento de la v\u00edctima del accidente, ya sea temporal o permanentemente.<\/p>\n\n\n\n<p>Se calcula que en Estados Unidos hay 450.000 personas con una lesi\u00f3n en la columna vertebral. Cada a\u00f1o, otras 17.000 personas sufren una lesi\u00f3n en la columna vertebral.<\/p>\n\n\n\n<p>Seg\u00fan los datos m\u00e1s recientes del Centro Nacional de Estad\u00edstica de la M\u00e9dula Espinal, las causas m\u00e1s comunes de las lesiones medulares son:<\/p>\n\n\n\n<ul class=\"wp-block-list\"><li>Accidente de veh\u00edculo - 38,5 por ciento<\/li><li>Accidentes por resbalones y ca\u00eddas: 31,6%.<\/li><li>Violencia - 13,8 por ciento<\/li><li>Accidentes relacionados con el deporte: 8,2%.<\/li><\/ul>\n\n\n\n<p>Las lesiones medulares son graves:<\/p>\n\n\n\n<ul class=\"wp-block-list\"><li>La duraci\u00f3n media de la estancia en el hospital es de 11 d\u00edas.<\/li><li>La duraci\u00f3n media de la estancia en un centro de rehabilitaci\u00f3n es de 34 d\u00edas.<\/li><li>Gracias a los avances en la atenci\u00f3n m\u00e9dica de las \u00faltimas d\u00e9cadas, estas cifras se redujeron de 24 y 98 d\u00edas, respectivamente.<\/li><\/ul>\n\n\n\n<p>En el momento del alta hospitalaria, menos del 1% de las personas experimentaron una recuperaci\u00f3n neurol\u00f3gica completa<\/p>\n\n\n\n<ul class=\"wp-block-list\"><li>El 58,7% experiment\u00f3 tetraplejia<\/li><li>El 40,6% experiment\u00f3 paraplejia<\/li><\/ul>\n\n\n\n<p>Aproximadamente el 30% de las v\u00edctimas de lesiones sine son rehospitalizadas en el plazo de un a\u00f1o, lo que supone una estancia media en el hospital de 22 d\u00edas.<\/p>\n\n\n\n<p>Despu\u00e9s de una lesi\u00f3n en la columna vertebral, la mayor\u00eda de las personas regresan a casa; sin embargo, aproximadamente el diez por ciento de las v\u00edctimas de lesiones en la columna vertebral son trasladadas a una residencia de ancianos, a una casa de acogida o a otro hospital.<\/p>\n\n\n\n<p>Aproximadamente entre el 20 y el 30 por ciento de las v\u00edctimas de lesiones medulares muestran signos de depresi\u00f3n cl\u00ednica.<\/p>\n\n\n\n<p>Casi el 60 por ciento de las v\u00edctimas de lesiones medulares no pueden trabajar y cobran el paro.<\/p>\n\n\n\n<p>Las personas con una lesi\u00f3n medular tienen entre dos y cinco veces m\u00e1s probabilidades de morir prematuramente que las que no tienen una lesi\u00f3n medular.<\/p>\n\n\n\n<h3 class=\"wp-block-heading\">P\u00f3ngase en contacto con un bufete de abogados de accidentes de coche South Carolina para obtener ayuda<\/h3>\n\n\n\n<p>En el <a href=\"https:\/\/www.steinberglawfirm.com\/\" target=\"_blank\" rel=\"noopener\">Steinberg Law Firm<\/a>representamos a clientes que han sufrido recientemente una lesi\u00f3n en la columna vertebral. Nuestro <a href=\"https:\/\/www.steinberglawfirm.com\/attorney\/\" target=\"_blank\" rel=\"noopener\">un equipo especializado de defensores de las lesiones<\/a> ayudar a los clientes a recuperar una compensaci\u00f3n justa por lo que han pasado, as\u00ed como por el impacto que el accidente tendr\u00e1 en el resto de su vida. Nos encargamos de <a href=\"https:\/\/www.steinberglawfirm.com\/practice-areas\/\" target=\"_blank\" rel=\"noopener\">todo tipo de casos de lesiones de la columna vertebral<\/a> a trav\u00e9s de South Carolina, incluyendo <a href=\"https:\/\/www.steinberglawfirm.com\/practice-areas\/auto-accidents\/\" target=\"_blank\" rel=\"noopener\">accidentes de tr\u00e1fico<\/a>lesiones deportivas y <a href=\"https:\/\/www.steinberglawfirm.com\/practice-areas\/premises-liability\/slip-and-fall\/\" target=\"_blank\" rel=\"noopener\">resbalones y ca\u00eddas<\/a>. A diferencia de otros bufetes de abogados que eligen s\u00f3lo los casos con los pagos potenciales m\u00e1s altos, nos enorgullecemos de ayudar a tantas personas como podamos a recuperar su vida despu\u00e9s de un accidente grave.<\/p>\n\n\n\n<p>Los abogados de Steinberg Law Firm son h\u00e1biles negociadores, as\u00ed como agresivos litigantes, lo que significa que no tendr\u00e1 que aceptar una oferta de acuerdo por menos de lo que merece. Para saber m\u00e1s sobre c\u00f3mo podemos ayudarle a reclamar una indemnizaci\u00f3n, llame al 843-720-2800, o <a href=\"https:\/\/www.steinberglawfirm.com\/contact-us\/\" target=\"_blank\" rel=\"noopener\">contacte con nosotros a trav\u00e9s de nuestro formulario online<\/a>. Tenemos oficinas en <a href=\"https:\/\/www.steinberglawfirm.com\/office-locations\/summerville-office\/\" target=\"_blank\" rel=\"noopener\">Summerville<\/a>, <a href=\"https:\/\/www.steinberglawfirm.com\/office-locations\/charleston-office\/\" target=\"_blank\" rel=\"noopener\">Charleston<\/a>, <a href=\"https:\/\/www.steinberglawfirm.com\/office-locations\/goose-creek-office\/\" target=\"_blank\" rel=\"noopener\">Goose Creek<\/a> y representamos a clientes en todo South Carolina. La llamada es gratuita, y como ofrecemos un <a href=\"https:\/\/www.steinberglawfirm.com\/no-fee-unless-you-win\/\" target=\"_blank\" rel=\"noopener\">Promesa de no cobrar<\/a>Usted no paga a menos que nosotros ganemos. Esperamos hablar con usted y ayudarle a usted y a su familia en el proceso de recuperaci\u00f3n.<\/p>","protected":false},"excerpt":{"rendered":"<p>Charleston, South Carolina Abogado especialista en lesiones de la columna vertebral Las lesiones de la columna vertebral adoptan diversas formas. Las m\u00e1s graves implican lesiones en la m\u00e9dula espinal, a menudo debidas a la fuerza f\u00edsica. Cuando la m\u00e9dula espinal se lesiona puede producirse una par\u00e1lisis temporal -y a veces permanente-. Otros s\u00edntomas de las lesiones de la m\u00e9dula espinal son P\u00e9rdida del control de la vejiga...<\/p>","protected":false},"author":1,"featured_media":19966,"parent":776,"menu_order":0,"comment_status":"closed","ping_status":"closed","template":"","meta":{"_acf_changed":false,"footnotes":""},"class_list":["post-2258","page","type-page","status-publish","has-post-thumbnail","hentry"],"acf":[],"_links":{"self":[{"href":"https:\/\/steinberglawfirm-staging.clmcloud.app\/es\/wp-json\/wp\/v2\/pages\/2258"}],"collection":[{"href":"https:\/\/steinberglawfirm-staging.clmcloud.app\/es\/wp-json\/wp\/v2\/pages"}],"about":[{"href":"https:\/\/steinberglawfirm-staging.clmcloud.app\/es\/wp-json\/wp\/v2\/types\/page"}],"author":[{"embeddable":true,"href":"https:\/\/steinberglawfirm-staging.clmcloud.app\/es\/wp-json\/wp\/v2\/users\/1"}],"replies":[{"embeddable":true,"href":"https:\/\/steinberglawfirm-staging.clmcloud.app\/es\/wp-json\/wp\/v2\/comments?post=2258"}],"version-history":[{"count":6,"href":"https:\/\/steinberglawfirm-staging.clmcloud.app\/es\/wp-json\/wp\/v2\/pages\/2258\/revisions"}],"predecessor-version":[{"id":20405,"href":"https:\/\/steinberglawfirm-staging.clmcloud.app\/es\/wp-json\/wp\/v2\/pages\/2258\/revisions\/20405"}],"up":[{"embeddable":true,"href":"https:\/\/steinberglawfirm-staging.clmcloud.app\/es\/wp-json\/wp\/v2\/pages\/776"}],"wp:featuredmedia":[{"embeddable":true,"href":"https:\/\/steinberglawfirm-staging.clmcloud.app\/es\/wp-json\/wp\/v2\/media\/19966"}],"wp:attachment":[{"href":"https:\/\/steinberglawfirm-staging.clmcloud.app\/es\/wp-json\/wp\/v2\/media?parent=2258"}],"curies":[{"name":"wp","href":"https:\/\/api.w.org\/{rel}","templated":true}]}}