{"id":2251,"date":"2017-08-16T01:01:47","date_gmt":"2017-08-16T01:01:47","guid":{"rendered":"https:\/\/www.steinberglawfirm.com\/?page_id=2251"},"modified":"2022-04-20T19:44:58","modified_gmt":"2022-04-20T19:44:58","slug":"dangerous-drugs","status":"publish","type":"page","link":"https:\/\/steinberglawfirm-staging.clmcloud.app\/es\/lesiones-personales\/productos-peligrosos\/drogas-peligrosas\/","title":{"rendered":"Productos farmac\u00e9uticos defectuosos"},"content":{"rendered":"<h1 class=\"wp-block-heading\">Charleston Abogado de Productos Farmac\u00e9uticos Defectuosos<\/h1>\n\n\n\n<div style=\"height:15px\" aria-hidden=\"true\" class=\"wp-block-spacer\"><\/div>\n\n\n\n<p>Un medicamento con receta o de venta libre que cause lesiones -ya sean f\u00edsicas, psicol\u00f3gicas o emocionales- puede considerarse un producto farmac\u00e9utico defectuoso. Incluso si las lesiones no son el resultado del medicamento en s\u00ed, sino que se deben a advertencias o etiquetado inadecuados, las leyes sobre medicamentos defectuosos pueden activarse. Los productos farmac\u00e9uticos defectuosos son otro tipo de&nbsp;<a href=\"https:\/\/www.steinberglawfirm.com\/practice-areas\/dangerous-products\/\" target=\"_blank\" rel=\"noopener\">producto peligroso<\/a>.<\/p>\n\n\n\n<p>Los medicamentos defectuosos pueden causar lesiones devastadoras que pueden tardar a\u00f1os en desarrollarse. Para las personas que sufren este tipo de lesiones, la acci\u00f3n legal es a menudo la \u00fanica manera de recibir justicia. Si se ha visto perjudicado por un medicamento peligroso, los abogados de medicamentos defectuosos de Charleston pueden ayudarle a buscar una compensaci\u00f3n por sus lesiones. Llame al 843-720-2800 para concertar una revisi\u00f3n gratuita de su caso.<br><strong><br>QUI\u00c9N ES EL RESPONSABLE<\/strong><br>La responsabilidad de la seguridad de los medicamentos recae en muchas entidades diferentes. Cada parte tiene un conjunto espec\u00edfico de responsabilidades y puede ser considerada responsable si no las cumple. Tanto los medicamentos de venta con receta como los de venta libre deben ser debidamente probados, comercializados, recetados y dispensados adecuadamente al paciente. Adem\u00e1s, el medicamento debe ir acompa\u00f1ado de todas las advertencias e instrucciones, y cualquier riesgo conocido debe quedar claro. El incumplimiento de todos los requisitos de seguridad puede ocurrir en cualquier punto de este proceso y la responsabilidad puede recaer en:<\/p>\n\n\n\n<ul class=\"wp-block-list\"><li>Fabricantes de medicamentos<\/li><li>La FDA<\/li><li>Hospitales<\/li><li>M\u00e9dicos prescriptores<\/li><li>Farmac\u00e9uticos<\/li><\/ul>\n\n\n\n<p>Para que un medicamento sea aprobado por la Administraci\u00f3n de Alimentos y Medicamentos (FDA), tiene que pasar por un proceso de pruebas, pero a menudo este proceso no tiene en cuenta todas las formas en las que se puede utilizar un medicamento, o los efectos a largo plazo. Adem\u00e1s del fabricante del f\u00e1rmaco, los m\u00e9dicos u hospitales que lo recetan y los farmac\u00e9uticos que lo dispensan tienen la responsabilidad de asegurarse de que el f\u00e1rmaco es seguro para cada paciente.<br><strong><br>DEMANDAS POR PRODUCTOS FARMAC\u00c9UTICOS DEFECTUOSOS<\/strong><br>Debido al alto nivel de competencia entre los fabricantes de f\u00e1rmacos, a veces los medicamentos se lanzan al mercado de forma precipitada y sin realizar pruebas exhaustivas. Una vez que esto ocurre, los efectos secundarios peligrosos o incluso mortales pueden afectar directamente al p\u00fablico antes de que la FDA tenga conocimiento de ellos.<\/p>\n\n\n\n<p>Cuando se sospecha que un medicamento causa lesiones, la FDA lleva a cabo una investigaci\u00f3n. Si la FDA determina que los efectos secundarios superan los beneficios del medicamento, \u00e9ste puede ser retirado del mercado. Las retiradas pueden hacer que un f\u00e1rmaco sea retirado del mercado por completo, o simplemente exigir que se impriman advertencias adicionales en la etiqueta o el prospecto.<\/p>\n\n\n\n<p>Las demandas por productos farmac\u00e9uticos defectuosos son muy complejas porque se basan en un conocimiento profundo de los detalles cient\u00edficos, y pueden corresponder a muchas \u00e1reas diferentes de la ley, incluyendo:<\/p>\n\n\n\n<ul class=\"wp-block-list\"><li><a href=\"https:\/\/www.steinberglawfirm.com\/practice-areas\/medical-malpractice\/\" target=\"_blank\" rel=\"noopener\">Negligencia m\u00e9dica<\/a><\/li><li><a href=\"https:\/\/www.steinberglawfirm.com\/practice-areas\/dangerous-products\/\" target=\"_blank\" rel=\"noopener\">Productos peligrosos<\/a><\/li><li><a href=\"https:\/\/www.steinberglawfirm.com\/practice-areas\/personal-injury\/\" target=\"_blank\" rel=\"noopener\">Da\u00f1os personales<\/a><\/li><\/ul>\n\n\n\n<h2 class=\"wp-block-heading\">Abogados de lesiones personales que representan a Charleston y \u00e1reas cercanas de South Carolina<\/h2>\n\n\n\n<p><strong>HABLE CON UN ABOGADO DE PRODUCTOS FARMAC\u00c9UTICOS DEFECTUOSOS DE CHARLESTON<\/strong><br>Si usted ha sido lesionado por un producto farmac\u00e9utico defectuoso, puede ser dif\u00edcil demostrar qui\u00e9n es el responsable. En el Steinberg Law Firm, tenemos muchos a\u00f1os de experiencia en el manejo de estos casos multifac\u00e9ticos. Podemos ayudarle a luchar por la justicia determinando qui\u00e9n es el culpable.&nbsp;<a href=\"https:\/\/www.steinberglawfirm.com\/contact-us\/\" target=\"_blank\" rel=\"noopener\">Contacto con el Steinberg Law Firm<\/a>&nbsp;hoy llamando al 843-720-2800 para <a href=\"https:\/\/www.steinberglawfirm.com\/free-consultation\/\" target=\"_blank\" rel=\"noopener\">programe una evaluaci\u00f3n gratuita de su caso<\/a>. Atendemos a clientes de la zona Charleston, as\u00ed como Goose Creek y Summerville, South Carolina.<\/p>\n\n\n\n<ul class=\"list-pages-shortcode child-pages\"><li class=\"page_item page-item-8100\"><a href=\"https:\/\/steinberglawfirm-staging.clmcloud.app\/es\/lesiones-personales\/productos-peligrosos\/drogas-peligrosas\/actos-farmaco-defectuoso\/\">Abogado de medicamentos defectuosos de Actos<\/a><\/li>\n<li class=\"page_item page-item-8504\"><a href=\"https:\/\/steinberglawfirm-staging.clmcloud.app\/es\/lesiones-personales\/productos-peligrosos\/drogas-peligrosas\/granuflo-y-naturalyte-defectivo-abogado\/\">Abogado de medicamentos defectuosos de GranuFlo y NaturaLyte<\/a><\/li>\n<li class=\"page_item page-item-8572\"><a href=\"https:\/\/steinberglawfirm-staging.clmcloud.app\/es\/lesiones-personales\/productos-peligrosos\/drogas-peligrosas\/abogado-de-medicamentos-defectuosos-januvia-y-byetta\/\">Abogado de medicamentos defectuosos de Januvia y Byetta<\/a><\/li>\n<li class=\"page_item page-item-8490\"><a href=\"https:\/\/steinberglawfirm-staging.clmcloud.app\/es\/lesiones-personales\/productos-peligrosos\/drogas-peligrosas\/abogado-de-medicamentos-defectuosos-lipitor\/\">Abogado de medicamentos defectuosos de Lipitor<\/a><\/li>\n<li class=\"page_item page-item-8079\"><a href=\"https:\/\/steinberglawfirm-staging.clmcloud.app\/es\/lesiones-personales\/productos-peligrosos\/drogas-peligrosas\/pradaxa-lesion\/\">Abogado de lesiones por Pradaxa<\/a><\/li>\n<li class=\"page_item page-item-8093\"><a href=\"https:\/\/steinberglawfirm-staging.clmcloud.app\/es\/lesiones-personales\/productos-peligrosos\/drogas-peligrosas\/prilosec-lesion\/\">Abogado de lesiones por Prilosec<\/a><\/li>\n<li class=\"page_item page-item-8483\"><a href=\"https:\/\/steinberglawfirm-staging.clmcloud.app\/es\/lesiones-personales\/productos-peligrosos\/drogas-peligrosas\/abogado-especialista-en-inhibidores-de-la-bomba-de-protones\/\">Abogado de lesiones por inhibidores de la bomba de protones<\/a><\/li>\n<li class=\"page_item page-item-8071\"><a href=\"https:\/\/steinberglawfirm-staging.clmcloud.app\/es\/lesiones-personales\/productos-peligrosos\/drogas-peligrosas\/ssri-defecto-de-nacimiento\/\">Abogado de defectos de nacimiento de SSRI<\/a><\/li>\n<li class=\"page_item page-item-8090\"><a href=\"https:\/\/steinberglawfirm-staging.clmcloud.app\/es\/lesiones-personales\/productos-peligrosos\/drogas-peligrosas\/taxotere-lesion\/\">Abogado de lesiones de Taxotere<\/a><\/li>\n<li class=\"page_item page-item-8495\"><a href=\"https:\/\/steinberglawfirm-staging.clmcloud.app\/es\/lesiones-personales\/productos-peligrosos\/drogas-peligrosas\/viagra-droga-derivada-abogado\/\">Abogado de medicamentos defectuosos de Viagra<\/a><\/li>\n<li class=\"page_item page-item-8085\"><a href=\"https:\/\/steinberglawfirm-staging.clmcloud.app\/es\/lesiones-personales\/productos-peligrosos\/drogas-peligrosas\/xarelto-lesion\/\">Abogados de lesiones por Xarelto<\/a><\/li>\n<li class=\"page_item page-item-8076\"><a href=\"https:\/\/steinberglawfirm-staging.clmcloud.app\/es\/lesiones-personales\/productos-peligrosos\/drogas-peligrosas\/yaz-lesion\/\">Abogado de lesiones de Yaz<\/a><\/li>\n<li class=\"page_item page-item-11841\"><a href=\"https:\/\/steinberglawfirm-staging.clmcloud.app\/es\/lesiones-personales\/productos-peligrosos\/drogas-peligrosas\/zantac-ranitidine-lawsuit\/\">Abogados de la demanda de Zantac<\/a><\/li>\n<li class=\"page_item page-item-8492\"><a href=\"https:\/\/steinberglawfirm-staging.clmcloud.app\/es\/lesiones-personales\/productos-peligrosos\/drogas-peligrosas\/zofran-droga-defectuosa-abogado\/\">Abogado de medicamentos defectuosos Zofran<\/a><\/li>\n<\/ul>","protected":false},"excerpt":{"rendered":"<p>Charleston Abogado de Productos Farmac\u00e9uticos Defectuosos Un medicamento recetado o de venta libre que cause lesiones -ya sean f\u00edsicas, psicol\u00f3gicas o emocionales- puede considerarse un producto farmac\u00e9utico defectuoso. Incluso si las lesiones no son el resultado de la droga en s\u00ed, sino debido a las advertencias o el etiquetado inadecuado, las leyes de medicamentos defectuosos pueden ser activadas. Los productos farmac\u00e9uticos defectuosos son otro tipo...<\/p>","protected":false},"author":1,"featured_media":20365,"parent":778,"menu_order":0,"comment_status":"closed","ping_status":"closed","template":"","meta":{"_acf_changed":false,"footnotes":""},"class_list":["post-2251","page","type-page","status-publish","has-post-thumbnail","hentry"],"acf":[],"_links":{"self":[{"href":"https:\/\/steinberglawfirm-staging.clmcloud.app\/es\/wp-json\/wp\/v2\/pages\/2251"}],"collection":[{"href":"https:\/\/steinberglawfirm-staging.clmcloud.app\/es\/wp-json\/wp\/v2\/pages"}],"about":[{"href":"https:\/\/steinberglawfirm-staging.clmcloud.app\/es\/wp-json\/wp\/v2\/types\/page"}],"author":[{"embeddable":true,"href":"https:\/\/steinberglawfirm-staging.clmcloud.app\/es\/wp-json\/wp\/v2\/users\/1"}],"replies":[{"embeddable":true,"href":"https:\/\/steinberglawfirm-staging.clmcloud.app\/es\/wp-json\/wp\/v2\/comments?post=2251"}],"version-history":[{"count":3,"href":"https:\/\/steinberglawfirm-staging.clmcloud.app\/es\/wp-json\/wp\/v2\/pages\/2251\/revisions"}],"predecessor-version":[{"id":20403,"href":"https:\/\/steinberglawfirm-staging.clmcloud.app\/es\/wp-json\/wp\/v2\/pages\/2251\/revisions\/20403"}],"up":[{"embeddable":true,"href":"https:\/\/steinberglawfirm-staging.clmcloud.app\/es\/wp-json\/wp\/v2\/pages\/778"}],"wp:featuredmedia":[{"embeddable":true,"href":"https:\/\/steinberglawfirm-staging.clmcloud.app\/es\/wp-json\/wp\/v2\/media\/20365"}],"wp:attachment":[{"href":"https:\/\/steinberglawfirm-staging.clmcloud.app\/es\/wp-json\/wp\/v2\/media?parent=2251"}],"curies":[{"name":"wp","href":"https:\/\/api.w.org\/{rel}","templated":true}]}}