{"id":22493,"date":"2022-08-22T20:46:29","date_gmt":"2022-08-22T20:46:29","guid":{"rendered":"https:\/\/www.steinberglawfirm.com\/?page_id=22493"},"modified":"2024-04-12T21:34:11","modified_gmt":"2024-04-12T21:34:11","slug":"neglect-sepsis","status":"publish","type":"page","link":"https:\/\/steinberglawfirm-staging.clmcloud.app\/es\/lesiones-personales\/negligencia-en-residencias-de-ancianos\/negligencia-sepsis\/","title":{"rendered":"Casos de sepsis en residencias de ancianos"},"content":{"rendered":"<h1 class=\"wp-block-heading\">South Carolina Abogado de negligencia en residencias de ancianos para casos de sepsis<\/h1>\n\n\n\n<h2 class=\"wp-block-heading\"><em>Summerville, South Carolina Los abogados especializados en el cuidado de ancianos luchan contra la negligencia en los hogares de ancianos<\/em><\/h2>\n\n\n\n<p>La sepsis es una reacci\u00f3n sist\u00e9mica a una infecci\u00f3n generalizada. La infecci\u00f3n que desencadena la sepsis puede comenzar en cualquier parte del cuerpo. El tracto gastrointestinal, el tracto urinario y el sistema respiratorio son \u00e1reas comunes de preocupaci\u00f3n.<\/p>\n\n\n\n<p>La sepsis es frecuente en pacientes de edad avanzada, pacientes con sistemas inmunitarios debilitados y pacientes con enfermedades cr\u00f3nicas. Las personas que necesitan ayuda para las tareas de higiene y cuidados preventivos, como las que est\u00e1n en residencias de ancianos, son m\u00e1s susceptibles de sufrir sepsis.<\/p>\n\n\n\n<p>Las consecuencias de la sepsis pueden ser mortales. Puede provocar insuficiencia cardiaca, insuficiencia renal, insuficiencia respiratoria, co\u00e1gulos sangu\u00edneos, amputaciones de miembros y <a href=\"https:\/\/www.steinberglawfirm.com\/personal-injury\/nursing-home-neglect\/nursing-home-fatality-lawyers\/\" target=\"_blank\" rel=\"noopener\">muerte<\/a>. Seg\u00fan la Sepsis Alliance, la tasa de mortalidad de los pacientes con sepsis es del treinta por ciento.<\/p>\n\n\n\n<h3 class=\"wp-block-heading\">\u00bfQu\u00e9 es la sepsis?<\/h3>\n\n\n\n<p>La sepsis es la respuesta hiperactiva del organismo a una infecci\u00f3n generalizada. A menudo, la sepsis se produce cuando el organismo ha luchado durante alg\u00fan tiempo contra bacterias, virus o un par\u00e1sito. Al no poder vencer la infecci\u00f3n por sus medios habituales, el sistema inmunitario aumenta sus esfuerzos hasta el punto de volverse contra s\u00ed mismo, causando un da\u00f1o generalizado.<\/p>\n\n\n\n<p>El diagn\u00f3stico y el tratamiento r\u00e1pidos son esenciales para los pacientes con sepsis. Seg\u00fan el Informe Mundial sobre la Epidemiolog\u00eda y la Carga de la Sepsis 2020 de la Organizaci\u00f3n Mundial de la Salud, uno de cada seis adultos obtuvo una morbilidad a largo plazo, uno de cada tres falleci\u00f3 en el plazo de un a\u00f1o y el cuarenta por ciento volvi\u00f3 a ser hospitalizado en el plazo de noventa d\u00edas.<\/p>\n\n\n\n<h3 class=\"wp-block-heading\">\u00bfSe puede prevenir la sepsis?<\/h3>\n\n\n\n<p>Si un miembro del personal sabe que un residente tiene una enfermedad o condici\u00f3n debilitante, que ha sufrido una lesi\u00f3n reciente, que ha sido sometido a una cirug\u00eda reciente o que tiene lesiones en la piel o piel agrietada, debe permanecer atento y ejecutar todas las medidas preventivas para evitar eficazmente la sepsis. Las actividades en las que un residente de una residencia de ancianos puede necesitar ayuda incluyen:<\/p>\n\n\n\n<ul class=\"wp-block-list\">\n<li>Tomar una ducha o un ba\u00f1o;<\/li>\n\n\n\n<li>Lavarse las manos regularmente;<\/li>\n\n\n\n<li>Cambiar y limpiar su ropa de cama y de vestir;<\/li>\n\n\n\n<li>Mantener las heridas limpias y cubiertas mientras se curan; y<\/li>\n\n\n\n<li>Estar al tanto de los calendarios de vacunaci\u00f3n seg\u00fan sea necesario.<\/li>\n<\/ul>\n\n\n\n<p>Los m\u00e9todos que el personal de las residencias de ancianos puede poner en pr\u00e1ctica para prevenir la sepsis incluyen<\/p>\n\n\n\n<ul class=\"wp-block-list\">\n<li>Practicar un excelente mantenimiento de la higiene;<\/li>\n\n\n\n<li>Siguiendo los protocolos de sanitizaci\u00f3n e higiene para evitar la transmisi\u00f3n de bacterias y virus entre los pacientes;<\/li>\n\n\n\n<li>Cumplir con los horarios y procedimientos para la higiene del paciente y el cuidado de las heridas;<\/li>\n\n\n\n<li>Administraci\u00f3n adecuada de los medicamentos;<\/li>\n\n\n\n<li>Evaluaci\u00f3n r\u00e1pida de las condiciones de salud nuevas o en desarrollo; y<\/li>\n\n\n\n<li>Conocer los signos y s\u00edntomas de la sepsis.<\/li>\n<\/ul>\n\n\n\n<p>Los miembros del personal de las residencias de ancianos tambi\u00e9n son responsables de vigilar las condiciones ambientales y otros factores que podr\u00edan provocar una sepsis. Dado que los residentes de las residencias de ancianos pueden tener dificultades para realizar las tareas de autocuidado, la diligencia de los miembros del personal es esencial para prevenir la sepsis en las residencias de ancianos.<\/p>\n\n\n\n<h3 class=\"wp-block-heading\">\u00bfQu\u00e9 factores aumentan el riesgo de sepsis?<\/h3>\n\n\n\n<p>La sepsis es m\u00e1s probable en:<\/p>\n\n\n\n<ul class=\"wp-block-list\">\n<li>Una persona enferma o lesionada que no puede ocuparse completamente de su estado;<\/li>\n\n\n\n<li>Una persona cuyo sistema inmunitario est\u00e1 debilitado por una enfermedad, una intervenci\u00f3n quir\u00fargica, un mal estado de salud general o la vejez; o<\/li>\n\n\n\n<li>Una situaci\u00f3n en la que se descuidan la higiene, el cuidado de las heridas y otras necesidades sanitarias y m\u00e9dicas similares.<\/li>\n<\/ul>\n\n\n\n<p>Porque los residentes de las residencias de ancianos conf\u00edan en el personal para que les ayude con la atenci\u00f3n sanitaria, la seguridad y las necesidades b\u00e1sicas, <a href=\"https:\/\/www.steinberglawfirm.com\/personal-injury\/nursing-home-abuse\/\" target=\"_blank\" rel=\"noopener\">la negligencia puede conducir f\u00e1cilmente a la sepsis<\/a>. La falta de cuidados adecuados por falta de personal, de formaci\u00f3n o de comunicaci\u00f3n puede introducir nuevos riesgos para la salud de los residentes si el centro de cuidados no tiene las operaciones en orden.<\/p>\n\n\n\n<h3 class=\"wp-block-heading\">C\u00f3mo reconocer la sepsis<\/h3>\n\n\n\n<p>Seg\u00fan los Centros de Control de Enfermedades (CDC), algunas infecciones producen muy pocos s\u00edntomas. Si no se reconocen los s\u00edntomas, y se <a href=\"https:\/\/www.steinberglawfirm.com\/blog\/nursing-home-abuse-neglect-signs-south-carolina-attorney\/\" target=\"_blank\" rel=\"noopener\">Si un miembro del personal de la residencia de ancianos descuida a un residente, puede producirse una sepsis<\/a>. Los signos de sepsis incluyen:<\/p>\n\n\n\n<ul class=\"wp-block-list\">\n<li>Escalofr\u00edos o sudoraci\u00f3n;<\/li>\n\n\n\n<li>Diarrea, v\u00f3mitos o n\u00e1useas;<\/li>\n\n\n\n<li>Fiebre o temperatura corporal baja;<\/li>\n\n\n\n<li>Enrojecimiento, dolor o hinchaz\u00f3n, especialmente en las zonas de las heridas;<\/li>\n\n\n\n<li>Piel descolorida o h\u00fameda; y<\/li>\n\n\n\n<li>Dolor severo.<\/li>\n<\/ul>\n\n\n\n<p>La Alianza contra la Sepsis utiliza el acr\u00f3nimo TIME para ayudar a la gente a recordar los signos y s\u00edntomas de la sepsis. La negligencia en las residencias de ancianos puede producirse si no se comprueba correctamente lo siguiente:<\/p>\n\n\n\n<ul class=\"wp-block-list\">\n<li><strong>La temperatura. <\/strong>Una temperatura superior o inferior a la media puede ser un signo de sepsis.<\/li>\n\n\n\n<li><strong>Infecci\u00f3n. <\/strong>Si los s\u00edntomas de la infecci\u00f3n no se reconocen r\u00e1pidamente, es m\u00e1s probable que se produzca una sepsis.<\/li>\n\n\n\n<li><strong>Decaimiento mental. <\/strong>Una persona con sepsis puede parecer confusa, somnolienta o \"fuera de s\u00ed\".<\/li>\n\n\n\n<li><strong>Enfermedad extrema. <\/strong>Puede haber dolor intenso, dificultad para respirar y otros signos de infecci\u00f3n grave.<\/li>\n<\/ul>\n\n\n\n<p>Si un residente se descuida y desarrolla una sepsis, \u00e9sta puede poner en peligro su vida. Los pacientes ancianos con diabetes, sistemas inmunitarios debilitados o enfermedades hep\u00e1ticas o renales cr\u00f3nicas son m\u00e1s susceptibles de sufrir co\u00e1gulos. Los cambios en el flujo sangu\u00edneo pueden provocar complicaciones renales, card\u00edacas o cerebrales. Cuando la presi\u00f3n arterial de una persona desciende, el residente puede sufrir un shock s\u00e9ptico. Los s\u00edntomas del shock s\u00e9ptico incluyen baja temperatura corporal, respiraci\u00f3n r\u00e1pida, mareos y pulso acelerado.<\/p>\n\n\n\n<p>Un miembro del personal de la residencia de ancianos debe reconocer que si la presi\u00f3n arterial de una persona baja, debe trabajar con el personal m\u00e9dico para asegurarse de que la presi\u00f3n arterial es de 65 mm Hg o superior. Adem\u00e1s, si se encuentra \u00e1cido l\u00e1ctico en la sangre de un residente, su cuerpo no est\u00e1 produciendo suficiente ox\u00edgeno.<\/p>\n\n\n\n<h3 class=\"wp-block-heading\">Obtener un plan de tratamiento para la sepsis<\/h3>\n\n\n\n<p>La Alianza contra la Sepsis recomienda que toda persona con s\u00edntomas debe recibir atenci\u00f3n de urgencia inmediatamente. El riesgo de morir por sepsis aumenta con la edad. En un estudio, el 31% de los pacientes de entre 65 y 79 a\u00f1os y el 39% de los pacientes de 80 a\u00f1os o m\u00e1s murieron en el hospital debido a la sepsis. Sin embargo, para los residentes de residencias de ancianos, el riesgo es a\u00fan mayor. El estudio revel\u00f3 que el 48% de los residentes de residencias de ancianos con sepsis no sobrevivieron.<\/p>\n\n\n\n<p>Cuando la sepsis se reconoce a tiempo, el tratamiento puede ser tan sencillo como una ronda de antibi\u00f3ticos u otros medicamentos, junto con el descanso y los cuidados adecuados. El tratamiento de la sepsis incluye la recepci\u00f3n de un diagn\u00f3stico, el uso del medicamento correcto y el seguimiento de las instrucciones de dosificaci\u00f3n y almacenamiento de la medicaci\u00f3n.<\/p>\n\n\n\n<h3 class=\"wp-block-heading\">Qu\u00e9 hacer si sospecha que hay negligencia en una residencia de ancianos<\/h3>\n\n\n\n<p>Aunque algunos pacientes se recuperan de la sepsis, otros pueden sufrir el s\u00edndrome post sepsis. Los s\u00edntomas incluyen fatiga, disfunci\u00f3n de los \u00f3rganos del h\u00edgado, el coraz\u00f3n o los ri\u00f1ones, otras infecciones y dolor muscular o articular. Los s\u00edntomas psicol\u00f3gicos incluyen TEPT, deterioro de la memoria, ataques de p\u00e1nico y depresi\u00f3n.<\/p>\n\n\n\n<p>El personal de las residencias de ancianos debe prestar especial atenci\u00f3n a los pacientes que han sufrido sepsis o son propensos a las infecciones. Los residentes de las residencias de ancianos deben recibir excelentes cuidados tras la recuperaci\u00f3n, como s\u00e1banas nuevas, reposicionamiento de su cuerpo, cuidados higi\u00e9nicos rutinarios, dosificaci\u00f3n precisa de la medicaci\u00f3n y ejercicio recomendado.<\/p>\n\n\n\n<p>Si usted o alguien que conoce ha sufrido una atenci\u00f3n inadecuada en una residencia de ancianos, lo mejor es que se informe pronto sobre el proceso legal hablando con un <a href=\"https:\/\/www.steinberglawfirm.com\/personal-injury\/nursing-home-abuse\/\" target=\"_blank\" rel=\"noopener\">abogado con experiencia en negligencia en residencias de ancianos South Carolina<\/a>. Llame al 911 o lleve a su ser querido a la sala de emergencias m\u00e1s cercana si sospecha que su ser querido est\u00e1 sufriendo s\u00edntomas que ponen en peligro su vida. Una vez que su ser querido reciba atenci\u00f3n m\u00e9dica, el siguiente paso es buscar un defensor experimentado. A <a href=\"https:\/\/www.steinberglawfirm.com\/attorney\/\" target=\"_blank\" rel=\"noopener\">Steinberg Law Firm abogado de negligencia en residencias de ancianos<\/a> puede ayudarle a entender sus opciones legales. <a href=\"tel:1-843-720-2800\">Ll\u00e1menos hoy mismo al (843) 720-2800<\/a> o <a href=\"https:\/\/www.steinberglawfirm.com\/contact-us\/\" target=\"_blank\" rel=\"noopener\">utilice nuestro formulario de contacto en l\u00ednea<\/a>.<\/p>","protected":false},"excerpt":{"rendered":"<p>South Carolina Abogado de negligencia en hogares de ancianos para casos de sepsis Summerville, South Carolina Abogados de cuidado de ancianos luchan contra la negligencia en hogares de ancianos La sepsis es una reacci\u00f3n sist\u00e9mica a una infecci\u00f3n generalizada. Una infecci\u00f3n que desencadena la sepsis puede comenzar en cualquier parte del cuerpo. El tracto gastrointestinal, el tracto urinario y el sistema respiratorio son \u00e1reas comunes de preocupaci\u00f3n. La sepsis es com\u00fan...<\/p>","protected":false},"author":1,"featured_media":22501,"parent":22753,"menu_order":0,"comment_status":"closed","ping_status":"closed","template":"","meta":{"_acf_changed":false,"footnotes":""},"class_list":["post-22493","page","type-page","status-publish","has-post-thumbnail","hentry"],"acf":[],"_links":{"self":[{"href":"https:\/\/steinberglawfirm-staging.clmcloud.app\/es\/wp-json\/wp\/v2\/pages\/22493"}],"collection":[{"href":"https:\/\/steinberglawfirm-staging.clmcloud.app\/es\/wp-json\/wp\/v2\/pages"}],"about":[{"href":"https:\/\/steinberglawfirm-staging.clmcloud.app\/es\/wp-json\/wp\/v2\/types\/page"}],"author":[{"embeddable":true,"href":"https:\/\/steinberglawfirm-staging.clmcloud.app\/es\/wp-json\/wp\/v2\/users\/1"}],"replies":[{"embeddable":true,"href":"https:\/\/steinberglawfirm-staging.clmcloud.app\/es\/wp-json\/wp\/v2\/comments?post=22493"}],"version-history":[{"count":8,"href":"https:\/\/steinberglawfirm-staging.clmcloud.app\/es\/wp-json\/wp\/v2\/pages\/22493\/revisions"}],"predecessor-version":[{"id":30799,"href":"https:\/\/steinberglawfirm-staging.clmcloud.app\/es\/wp-json\/wp\/v2\/pages\/22493\/revisions\/30799"}],"up":[{"embeddable":true,"href":"https:\/\/steinberglawfirm-staging.clmcloud.app\/es\/wp-json\/wp\/v2\/pages\/22753"}],"wp:featuredmedia":[{"embeddable":true,"href":"https:\/\/steinberglawfirm-staging.clmcloud.app\/es\/wp-json\/wp\/v2\/media\/22501"}],"wp:attachment":[{"href":"https:\/\/steinberglawfirm-staging.clmcloud.app\/es\/wp-json\/wp\/v2\/media?parent=22493"}],"curies":[{"name":"wp","href":"https:\/\/api.w.org\/{rel}","templated":true}]}}