{"id":2249,"date":"2017-08-16T01:00:07","date_gmt":"2017-08-16T01:00:07","guid":{"rendered":"https:\/\/www.steinberglawfirm.com\/?page_id=2249"},"modified":"2024-02-02T22:47:54","modified_gmt":"2024-02-02T22:47:54","slug":"car-defects-or-malfunctions","status":"publish","type":"page","link":"https:\/\/steinberglawfirm-staging.clmcloud.app\/es\/lesiones-personales\/accidentes-de-trafico-2\/coche-defectos-o-funciones\/","title":{"rendered":"Charleston Abogados de Defectos de Coche"},"content":{"rendered":"<h1 class=\"wp-block-heading\">Charleston Abogados de Defectos de Coche<\/h1>\n\n\n\n<div style=\"height:15px\" aria-hidden=\"true\" class=\"wp-block-spacer\"><\/div>\n\n\n\n<h2 class=\"wp-block-heading\"><em>Abogados de lesiones personales que representan a Charleston y \u00e1reas cercanas de South Carolina <\/em><\/h2>\n\n\n\n<div style=\"height:15px\" aria-hidden=\"true\" class=\"wp-block-spacer\"><\/div>\n\n\n\n<p>Los autom\u00f3viles modernos son m\u00e1quinas inmensamente complejas, que requieren miles de piezas que deben trabajar juntas para funcionar. Si una sola pieza de un modelo concreto est\u00e1 mal dise\u00f1ada, fabricada o instalada, puede causar da\u00f1os irreparables. <a href=\"https:\/\/www.steinberglawfirm.com\/practice-areas\/auto-accidents\/\" target=\"_blank\" rel=\"noopener\">provocan miles de accidentes de tr\u00e1fico<\/a>&nbsp;y <a href=\"https:\/\/www.steinberglawfirm.com\/personal-injury\/auto-accidents\/fatal-car-accident\/\" target=\"_blank\" rel=\"noopener\">cientos de muertes<\/a>. En 2013, solo en South Carolina se produjeron 1.717 accidentes de tr\u00e1fico causados por equipos defectuosos, que causaron 423 heridos y 8 muertos, seg\u00fan el Departamento de Seguridad P\u00fablica.<\/p>\n\n\n\n<p>Si usted estuvo en un accidente automovil\u00edstico que ocurri\u00f3 cuando una pieza de equipo no funcion\u00f3 correctamente, el fabricante de ese equipo puede ser legalmente responsable de los da\u00f1os. Para obtener m\u00e1s informaci\u00f3n, llame a los abogados de accidentes de coche Charleston de Steinberg Law Firm en&nbsp;<a href=\"tel:1-843-720-2800\">843-720-2800<\/a>&nbsp;para una revisi\u00f3n gratuita del caso.<\/p>\n\n\n\n<p><iframe loading=\"lazy\" src=\"https:\/\/www.youtube.com\/embed\/3ejK36PvL9M?rel=0\" width=\"700\" height=\"394\" frameborder=\"0\" allowfullscreen=\"allowfullscreen\"><\/iframe><\/p>\n\n\n\n<h3 class=\"wp-block-heading\">Las retiradas de productos y su accidente de tr\u00e1fico <\/h3>\n\n\n\n<p>Nos gusta pensar que las empresas a las que pagamos por fabricar y reparar nuestros autom\u00f3viles son capaces de hacer las cosas bien a la primera, pero a menudo no es as\u00ed. Entre enero de 2014 y mayo de 2015, m\u00e1s de 100 millones de veh\u00edculos en Estados Unidos fueron retirados del mercado por defectos mec\u00e1nicos potencialmente mortales, como la explosi\u00f3n de los airbags y los interruptores de encendido que apagan los coches a altas velocidades.<\/p>\n\n\n\n<p>Las piezas del coche que suelen funcionar mal son:<\/p>\n\n\n\n<ul class=\"wp-block-list\">\n<li><a href=\"https:\/\/www.steinberglawfirm.com\/personal-injury\/auto-accidents\/car-defects-or-malfunctions\/defective-product-exploding-tire-attorneys\/\" target=\"_blank\" rel=\"noopener\">Neum\u00e1ticos<\/a><\/li>\n\n\n\n<li>Sistemas de frenado<\/li>\n\n\n\n<li>Cinturones de seguridad<\/li>\n\n\n\n<li>Airbags<\/li>\n\n\n\n<li>Sistemas de direcci\u00f3n<\/li>\n\n\n\n<li>Interruptores de encendido<\/li>\n\n\n\n<li>Alfombras que interfieren con los pedales<\/li>\n<\/ul>\n\n\n\n<h3 class=\"wp-block-heading\">Responsabilizar a los fabricantes <\/h3>\n\n\n\n<p>Cuando una empresa emite una llamada a revisi\u00f3n, debe ponerse en contacto con todos los propietarios del veh\u00edculo afectado por correo de primera clase para explicarles el problema e informarles de los pasos a seguir. Sin embargo, las empresas no siempre cumplen estas leyes. Si no retiran un veh\u00edculo que contiene una pieza defectuosa o que funciona mal, podr\u00edan ser declaradas responsables de cualquier lesi\u00f3n,&nbsp;<a href=\"https:\/\/www.steinberglawfirm.com\/practice-areas\/wrongful-death\/\" target=\"_blank\" rel=\"noopener\">muertes por negligencia<\/a>y otros da\u00f1os que se produzcan como consecuencia del mal funcionamiento.<\/p>\n\n\n\n<h3 class=\"wp-block-heading\">Responsabilidad por productos defectuosos y piezas de autom\u00f3vil defectuosas <\/h3>\n\n\n\n<p>Las reclamaciones legales por piezas de autom\u00f3vil defectuosas presentan muchas de las mismas complicaciones que las reclamaciones por piezas de autom\u00f3vil defectuosas.&nbsp;<a href=\"https:\/\/www.steinberglawfirm.com\/personal-injury\/dangerous-products\/\" target=\"_blank\" rel=\"noopener\">casos de responsabilidad por productos defectuosos<\/a>. La rotura de una pieza de autom\u00f3vil puede deberse a muchas causas diferentes, y hay muchas personas que podr\u00edan ser responsables. Dependiendo de las circunstancias, el fabricante, el concesionario, el mec\u00e1nico o el propietario pueden ser culpables de la aver\u00eda.<\/p>\n\n\n\n<p>Steinberg Law Firm tiene mucha experiencia tanto en casos de accidentes automovil\u00edsticos como en casos de responsabilidad de productos, lo que nos da una ventaja \u00fanica en esta \u00e1rea legal. Tenemos acceso a expertos que pueden determinar la raz\u00f3n exacta del defecto del producto, y podemos guiarle a trav\u00e9s del proceso legal con el beneficio de nuestra experiencia y conocimiento profesional.<\/p>\n\n\n\n<h4 class=\"wp-block-heading\">\n\t\tLas posibles causas de mal funcionamiento del equipo son\n\t<\/h4>\n\n\n\n<ul class=\"wp-block-list\">\n<li>Materiales endebles o baratos utilizados para fabricar los equipos<\/li>\n\n\n\n<li>Equipo mal reparado por el mec\u00e1nico<\/li>\n\n\n\n<li>Equipos instalados incorrectamente por un mec\u00e1nico<\/li>\n\n\n\n<li>Equipo que fue mantenido incorrectamente por el propietario<\/li>\n\n\n\n<li>Equipos mal montados de f\u00e1brica<\/li>\n\n\n\n<li>M\u00e9todos de prueba insuficientes o inadecuados utilizados para probar el equipo<\/li>\n\n\n\n<li>Equipos mal dise\u00f1ados<\/li>\n<\/ul>\n\n\n\n<h3 class=\"wp-block-heading\">\n\t\tEl equipo legal de accidentes de auto de Charleston\n\t<\/h3>\n\n\n\n<p><strong>Para una revisi\u00f3n gratuita de su caso, <a href=\"tel:1-843-720-2800\">ll\u00e1menos al 843-720-2800<\/a> <\/strong><\/p>\n\n\n\n<p>En <a href=\"https:\/\/www.steinberglawfirm.com\/\" target=\"_blank\" rel=\"noopener\">Steinberg Law Firm<\/a>Lucharemos para asegurarnos de que usted no se quede con la factura de un accidente del que una gran empresa es legalmente responsable. Para obtener una revisi\u00f3n gratuita del caso de <a href=\"https:\/\/www.steinberglawfirm.com\/attorney\/\" target=\"_blank\" rel=\"noopener\">nuestros abogados de accidentes de tr\u00e1fico<\/a> en Charleston hoy,&nbsp;<a href=\"https:\/\/www.steinberglawfirm.com\/contact-us\/\" target=\"_blank\" rel=\"noopener\">contacto con nosotros<\/a>&nbsp;en&nbsp;<a href=\"tel:1-843-720-2800\">843-720-2800<\/a>. Tambi\u00e9n servimos a <a href=\"https:\/\/www.steinberglawfirm.com\/office-locations\/summerville-office\/\" target=\"_blank\" rel=\"noopener\">Summerville<\/a>, <a href=\"https:\/\/www.steinberglawfirm.com\/office-locations\/goose-creek-office\/\" target=\"_blank\" rel=\"noopener\">Goose Creek<\/a>y <a href=\"https:\/\/www.steinberglawfirm.com\/locations\/\" target=\"_blank\" rel=\"noopener\">en cualquier otro lugar de South Carolina<\/a>.<\/p>","protected":false},"excerpt":{"rendered":"<p>Charleston Abogados de Defectos de Autom\u00f3viles Abogados de Lesiones Personales que Representan Charleston y \u00c1reas Cercanas de South Carolina Los autom\u00f3viles modernos son m\u00e1quinas inmensamente complejas, que requieren miles de piezas que deben trabajar todas juntas para funcionar. Si una sola pieza de un modelo en particular est\u00e1 mal dise\u00f1ada, construida o instalada, puede dar lugar a miles de...<\/p>","protected":false},"author":1,"featured_media":15169,"parent":760,"menu_order":0,"comment_status":"closed","ping_status":"closed","template":"","meta":{"_acf_changed":false,"footnotes":""},"class_list":["post-2249","page","type-page","status-publish","has-post-thumbnail","hentry"],"acf":[],"_links":{"self":[{"href":"https:\/\/steinberglawfirm-staging.clmcloud.app\/es\/wp-json\/wp\/v2\/pages\/2249"}],"collection":[{"href":"https:\/\/steinberglawfirm-staging.clmcloud.app\/es\/wp-json\/wp\/v2\/pages"}],"about":[{"href":"https:\/\/steinberglawfirm-staging.clmcloud.app\/es\/wp-json\/wp\/v2\/types\/page"}],"author":[{"embeddable":true,"href":"https:\/\/steinberglawfirm-staging.clmcloud.app\/es\/wp-json\/wp\/v2\/users\/1"}],"replies":[{"embeddable":true,"href":"https:\/\/steinberglawfirm-staging.clmcloud.app\/es\/wp-json\/wp\/v2\/comments?post=2249"}],"version-history":[{"count":6,"href":"https:\/\/steinberglawfirm-staging.clmcloud.app\/es\/wp-json\/wp\/v2\/pages\/2249\/revisions"}],"predecessor-version":[{"id":30507,"href":"https:\/\/steinberglawfirm-staging.clmcloud.app\/es\/wp-json\/wp\/v2\/pages\/2249\/revisions\/30507"}],"up":[{"embeddable":true,"href":"https:\/\/steinberglawfirm-staging.clmcloud.app\/es\/wp-json\/wp\/v2\/pages\/760"}],"wp:featuredmedia":[{"embeddable":true,"href":"https:\/\/steinberglawfirm-staging.clmcloud.app\/es\/wp-json\/wp\/v2\/media\/15169"}],"wp:attachment":[{"href":"https:\/\/steinberglawfirm-staging.clmcloud.app\/es\/wp-json\/wp\/v2\/media?parent=2249"}],"curies":[{"name":"wp","href":"https:\/\/api.w.org\/{rel}","templated":true}]}}