{"id":22422,"date":"2022-08-12T18:34:36","date_gmt":"2022-08-12T18:34:36","guid":{"rendered":"https:\/\/www.steinberglawfirm.com\/?page_id=22422"},"modified":"2022-08-12T18:35:56","modified_gmt":"2022-08-12T18:35:56","slug":"why-charleston-is-a-dangerous-city-for-pedestrians-infographic","status":"publish","type":"page","link":"https:\/\/steinberglawfirm-staging.clmcloud.app\/es\/lesiones-personales\/accidentes-de-trafico-2\/accidente-de-peaton\/sc-construction-defects-guide\/","title":{"rendered":"Por qu\u00e9 Charleston es una ciudad peligrosa para los peatones Infograf\u00eda"},"content":{"rendered":"<h3>\n\t\tPor qu\u00e9 Charleston es una ciudad peligrosa para los peatones Infograf\u00eda\n\t<\/h3>\n\t\t\t<a href=\"\/es\/contact\/\" target=\"_self\" role=\"button\" rel=\"noopener\">\n\t\t\t\t\t\t\tOBTENGA UNA CONSULTA GRATUITA\n\t\t\t\t\t<\/a>\n<h1>\n\t\tPor qu\u00e9 la Charleston es una ciudad peligrosa para los peatones\n\t<\/h1>\n\t\t\t\t<a href=\"https:\/\/www.steinberglawfirm.com\/personal-injury\/auto-accidents\/pedestrian-accident\/top-reasons-why-charleston-is-a-dangerous-city-for-pedestrians\/\" target=\"_self\" itemprop=\"url\" rel=\"noopener\">\n\t\t\t\t<img decoding=\"async\" src=\"https:\/\/www.steinberglawfirm.com\/wp-content\/uploads\/2022\/04\/Steinberg-Charleston-Dangerous-Pedestrians.png\" alt=\"Steinberg-Charleston-Pedestres-Peligrosos.png\" itemprop=\"image\" title=\"Steinberg-Charleston-Pedestres-Peligrosos.png\" onerror=\"this.style.display='none'\"  \/>\n\t\t\t\t<\/a>","protected":false},"excerpt":{"rendered":"<p>Por qu\u00e9 la Charleston es una ciudad peligrosa para los peatones Infograf\u00eda OBTENGA UNA CONSULTA GRATUITA Por qu\u00e9 la Charleston es una ciudad peligrosa para los peatones<\/p>","protected":false},"author":1,"featured_media":19679,"parent":2289,"menu_order":0,"comment_status":"closed","ping_status":"closed","template":"","meta":{"_acf_changed":false,"footnotes":""},"class_list":["post-22422","page","type-page","status-publish","has-post-thumbnail","hentry"],"acf":[],"_links":{"self":[{"href":"https:\/\/steinberglawfirm-staging.clmcloud.app\/es\/wp-json\/wp\/v2\/pages\/22422"}],"collection":[{"href":"https:\/\/steinberglawfirm-staging.clmcloud.app\/es\/wp-json\/wp\/v2\/pages"}],"about":[{"href":"https:\/\/steinberglawfirm-staging.clmcloud.app\/es\/wp-json\/wp\/v2\/types\/page"}],"author":[{"embeddable":true,"href":"https:\/\/steinberglawfirm-staging.clmcloud.app\/es\/wp-json\/wp\/v2\/users\/1"}],"replies":[{"embeddable":true,"href":"https:\/\/steinberglawfirm-staging.clmcloud.app\/es\/wp-json\/wp\/v2\/comments?post=22422"}],"version-history":[{"count":3,"href":"https:\/\/steinberglawfirm-staging.clmcloud.app\/es\/wp-json\/wp\/v2\/pages\/22422\/revisions"}],"predecessor-version":[{"id":22425,"href":"https:\/\/steinberglawfirm-staging.clmcloud.app\/es\/wp-json\/wp\/v2\/pages\/22422\/revisions\/22425"}],"up":[{"embeddable":true,"href":"https:\/\/steinberglawfirm-staging.clmcloud.app\/es\/wp-json\/wp\/v2\/pages\/2289"}],"wp:featuredmedia":[{"embeddable":true,"href":"https:\/\/steinberglawfirm-staging.clmcloud.app\/es\/wp-json\/wp\/v2\/media\/19679"}],"wp:attachment":[{"href":"https:\/\/steinberglawfirm-staging.clmcloud.app\/es\/wp-json\/wp\/v2\/media?parent=22422"}],"curies":[{"name":"wp","href":"https:\/\/api.w.org\/{rel}","templated":true}]}}