{"id":2241,"date":"2017-08-16T00:55:07","date_gmt":"2017-08-16T00:55:07","guid":{"rendered":"https:\/\/www.steinberglawfirm.com\/?page_id=2241"},"modified":"2022-04-20T22:55:03","modified_gmt":"2022-04-20T22:55:03","slug":"scarring-and-disfigurement","status":"publish","type":"page","link":"https:\/\/steinberglawfirm-staging.clmcloud.app\/es\/lesiones-personales\/abogados-de-lesiones-personales\/cicatrizacion-y-desfiguracion\/","title":{"rendered":"Cicatrices y desfiguraciones"},"content":{"rendered":"<h1 class=\"wp-block-heading\">Cicatrices y desfiguraciones<\/h1>\n\n\n\n<div style=\"height:15px\" aria-hidden=\"true\" class=\"wp-block-spacer\"><\/div>\n\n\n\n<p>En muchos casos de&nbsp;<a href=\"https:\/\/www.steinberglawfirm.com\/practice-areas\/personal-injury\/\" target=\"_blank\" rel=\"noopener\">da\u00f1os personales<\/a>La recuperaci\u00f3n total es posible con el tratamiento m\u00e9dico y el apoyo adecuados. Sin embargo, hay lesiones que pueden tener un impacto irreversible en la apariencia, la salud y el bienestar psicol\u00f3gico de una persona. En el caso de las personas que se enfrentan a una desfiguraci\u00f3n o cicatriz permanente, esto ocurre con demasiada frecuencia.<\/p>\n\n\n\n<p>Si est\u00e1 enfrentando el trauma emocional y f\u00edsico de una lesi\u00f3n que lo desfigura, encontrar un abogado con experiencia en desfiguraci\u00f3n Charleston es un paso cr\u00edtico para obtener la compensaci\u00f3n que merece. P\u00f3ngase en contacto con el Steinberg Law Firm en el centro de la ciudad Charleston para una revisi\u00f3n gratuita del caso llamando al 843-720-2800.<br><strong><br>CAUSAS COMUNES DE CICATRIZACI\u00d3N O DESFIGURACI\u00d3N<\/strong><br>Las cicatrices y la desfiguraci\u00f3n pueden ser el resultado de una amplia gama de situaciones de lesiones personales graves. Debido a que las causas de estas lesiones pueden variar en gran medida, es importante contar con una excelente representaci\u00f3n legal que entienda todos los detalles de la ley de lesiones personales. Los casos de lesiones personales que pueden incluir cicatrices o desfiguraci\u00f3n pueden incluir:<\/p>\n\n\n\n<p>- <a href=\"https:\/\/www.steinberglawfirm.com\/practice-areas\/auto-accidents\/\" target=\"_blank\" rel=\"noopener\">Accidentes de tr\u00e1fico<\/a><br>- <a href=\"https:\/\/www.steinberglawfirm.com\/practice-areas\/motorcycle-accidents\/\" target=\"_blank\" rel=\"noopener\">Accidentes de moto<\/a><br>- <a href=\"https:\/\/www.steinberglawfirm.com\/practice-areas\/truck-accidents\/\" target=\"_blank\" rel=\"noopener\">Accidentes de camiones<\/a><br>- <a href=\"https:\/\/www.steinberglawfirm.com\/practice-areas\/premises-liability\/\" target=\"_blank\" rel=\"noopener\">Locales peligrosos<\/a><br>- <a href=\"https:\/\/www.steinberglawfirm.com\/practice-areas\/dangerous-products\/\" target=\"_blank\" rel=\"noopener\">Productos peligrosos<\/a><br>- <a href=\"https:\/\/www.steinberglawfirm.com\/practice-areas\/dog-bites\/\" target=\"_blank\" rel=\"noopener\">Mordeduras de perro<\/a><br>- <a href=\"https:\/\/www.steinberglawfirm.com\/practice-areas\/medical-malpractice\/\" target=\"_blank\" rel=\"noopener\">Negligencia m\u00e9dica<\/a><br>- <a href=\"https:\/\/www.steinberglawfirm.com\/practice-areas\/workers-compensation\/\" target=\"_blank\" rel=\"noopener\">Accidentes laborales<\/a><\/p>\n\n\n\n<p>En el Steinberg Law Firm, nuestro abogado de desfiguraci\u00f3n Charleston tiene experiencia en todas las \u00e1reas de la ley de lesiones personales. Podemos proporcionarle la experiencia que necesita para luchar por una compensaci\u00f3n adecuada por sus cicatrices o desfiguraci\u00f3n sin importar c\u00f3mo se produjeron sus lesiones.<\/p>\n\n\n\n<h2 class=\"wp-block-heading\">Abogados de lesiones personales que representan a Charleston y \u00e1reas cercanas de South Carolina<\/h2>\n\n\n\n<p><strong>C\u00d3MO PUEDE AYUDARLE UN ABOGADO CON SUS CICATRICES Y DESFIGURACIONES<\/strong><br>Puede tener derecho a una indemnizaci\u00f3n por las facturas m\u00e9dicas, as\u00ed como por la angustia mental y las lesiones permanentes. El alcance y la ubicaci\u00f3n de las cicatrices y la desfiguraci\u00f3n se tienen en cuenta a la hora de conceder indemnizaciones en este tipo de casos.<\/p>\n\n\n\n<p>Si ha sufrido una desfiguraci\u00f3n o cicatriz permanente debido a la imprudencia o negligencia de otra persona, p\u00f3ngase en contacto con nosotros hoy mismo llamando al 843-720-2800 o utilizando nuestro&nbsp;<a href=\"https:\/\/www.steinberglawfirm.com\/contact-us\/\" target=\"_blank\" rel=\"noopener\">formulario de contacto<\/a>. Nuestros experimentados y compasivos abogados de lesiones personales sirven a clientes de Charleston, Goose Creek, Summerville y todas las \u00e1reas circundantes de South Carolina.<\/p>","protected":false},"excerpt":{"rendered":"<p>Cicatrices y desfiguraci\u00f3n En muchos casos de lesiones personales, es posible una recuperaci\u00f3n completa con el tratamiento m\u00e9dico y el apoyo adecuados. Sin embargo, hay lesiones que pueden tener un impacto irreversible en la apariencia, la salud y el bienestar psicol\u00f3gico de una persona. En el caso de las personas que se enfrentan a una desfiguraci\u00f3n o cicatriz permanente, esto es lo que ocurre con demasiada frecuencia. Si usted...<\/p>","protected":false},"author":1,"featured_media":20411,"parent":9348,"menu_order":0,"comment_status":"closed","ping_status":"closed","template":"","meta":{"_acf_changed":false,"footnotes":""},"class_list":["post-2241","page","type-page","status-publish","has-post-thumbnail","hentry"],"acf":[],"_links":{"self":[{"href":"https:\/\/steinberglawfirm-staging.clmcloud.app\/es\/wp-json\/wp\/v2\/pages\/2241"}],"collection":[{"href":"https:\/\/steinberglawfirm-staging.clmcloud.app\/es\/wp-json\/wp\/v2\/pages"}],"about":[{"href":"https:\/\/steinberglawfirm-staging.clmcloud.app\/es\/wp-json\/wp\/v2\/types\/page"}],"author":[{"embeddable":true,"href":"https:\/\/steinberglawfirm-staging.clmcloud.app\/es\/wp-json\/wp\/v2\/users\/1"}],"replies":[{"embeddable":true,"href":"https:\/\/steinberglawfirm-staging.clmcloud.app\/es\/wp-json\/wp\/v2\/comments?post=2241"}],"version-history":[{"count":2,"href":"https:\/\/steinberglawfirm-staging.clmcloud.app\/es\/wp-json\/wp\/v2\/pages\/2241\/revisions"}],"predecessor-version":[{"id":20437,"href":"https:\/\/steinberglawfirm-staging.clmcloud.app\/es\/wp-json\/wp\/v2\/pages\/2241\/revisions\/20437"}],"up":[{"embeddable":true,"href":"https:\/\/steinberglawfirm-staging.clmcloud.app\/es\/wp-json\/wp\/v2\/pages\/9348"}],"wp:featuredmedia":[{"embeddable":true,"href":"https:\/\/steinberglawfirm-staging.clmcloud.app\/es\/wp-json\/wp\/v2\/media\/20411"}],"wp:attachment":[{"href":"https:\/\/steinberglawfirm-staging.clmcloud.app\/es\/wp-json\/wp\/v2\/media?parent=2241"}],"curies":[{"name":"wp","href":"https:\/\/api.w.org\/{rel}","templated":true}]}}