{"id":2239,"date":"2017-08-16T00:47:27","date_gmt":"2017-08-16T00:47:27","guid":{"rendered":"https:\/\/www.steinberglawfirm.com\/?page_id=2239"},"modified":"2022-04-20T23:23:33","modified_gmt":"2022-04-20T23:23:33","slug":"traumatic-amputation-injuries","status":"publish","type":"page","link":"https:\/\/steinberglawfirm-staging.clmcloud.app\/es\/lesiones-personales\/casos-de-lesiones-graves\/lesiones-por-amputacion-traumatica\/","title":{"rendered":"Lesiones por amputaci\u00f3n traum\u00e1tica"},"content":{"rendered":"<h1 class=\"wp-block-heading\">Lesiones por amputaci\u00f3n traum\u00e1tica<\/h1>\n\n\n\n<div style=\"height:15px\" aria-hidden=\"true\" class=\"wp-block-spacer\"><\/div>\n\n\n\n<h2 class=\"wp-block-heading\">Abogados de lesiones personales que representan a Charleston y \u00e1reas cercanas de South Carolina<\/h2>\n\n\n\n<div style=\"height:15px\" aria-hidden=\"true\" class=\"wp-block-spacer\"><\/div>\n\n\n\n<p>Las lesiones que resultan en la amputaci\u00f3n de una parte del cuerpo, llamadas \"lesiones traum\u00e1ticas por amputaci\u00f3n\", crean un gran trauma f\u00edsico y emocional para la v\u00edctima. A menudo estas lesiones son el resultado de la negligencia de otra parte. Si ha sufrido un accidente de este tipo en South Carolina, encontrar un&nbsp;<a href=\"https:\/\/www.steinberglawfirm.com\/practice-areas\/personal-injury\/\" target=\"_blank\" rel=\"noopener\">abogado de lesiones personales<\/a>&nbsp;que le represente es un buen primer paso para conseguir una indemnizaci\u00f3n por su amputaci\u00f3n traum\u00e1tica.<\/p>\n\n\n\n<p>Situado en el centro de la ciudad Charleston, Steinberg Law Firm tiene un historial de representar con \u00e9xito a clientes en casos de lesiones personales, y queremos ayudarle a conseguir el acuerdo o la sentencia que se merece. Llame al 843-720-2800 para una revisi\u00f3n gratuita de su caso.<\/p>\n\n\n\n<p><strong>CONSECUENCIAS A LARGO PLAZO DE LA AMPUTACI\u00d3N TRAUM\u00c1TICA<\/strong><br>Las lesiones por amputaci\u00f3n no s\u00f3lo le limitan f\u00edsicamente para el resto de su vida, sino que tambi\u00e9n pueden provocar traumas mentales y problemas de identidad, especialmente cuando la parte del cuerpo perdida le impide volver a trabajar. La cantidad de cuidados posteriores y la terapia necesaria para recuperarse tanto de las heridas f\u00edsicas como de las mentales es significativa, y esto debe ser cubierto por la parte responsable de su condici\u00f3n.<\/p>\n\n\n\n<p>Los costes del tratamiento de una lesi\u00f3n traum\u00e1tica por amputaci\u00f3n incluyen:<\/p>\n\n\n\n<ul class=\"wp-block-list\"><li>Facturas m\u00e9dicas<\/li><li>Terapia f\u00edsica y rehabilitaci\u00f3n<\/li><li>Pr\u00f3tesis y otras ayudas ambulatorias<\/li><li>Asesoramiento psicol\u00f3gico<\/li><li>Salarios perdidos<\/li><li>Modificaciones necesarias en el espacio vital<\/li><\/ul>\n\n\n\n<p>Hay otros da\u00f1os m\u00e1s dif\u00edciles de definir que tambi\u00e9n deben tenerse en cuenta. La p\u00e9rdida de una extremidad reduce permanentemente su capacidad para realizar tareas que antes le resultaban f\u00e1ciles. Tambi\u00e9n hay que tener en cuenta el impacto negativo general en su calidad de vida, y los abogados de Steinberg Law Firm saben c\u00f3mo calcularlo de manera que el tribunal lo acepte.<\/p>\n\n\n\n<p><strong>RESPONSABILIDAD EN CASOS DE LESIONES POR AMPUTACI\u00d3N<\/strong><br>Otra cuesti\u00f3n importante a tener en cuenta es c\u00f3mo ocurri\u00f3 el accidente. Si la amputaci\u00f3n se produjo en el desempe\u00f1o de sus funciones laborales, en la mayor\u00eda de los casos (pero no en todos) se tratar\u00eda de una indemnizaci\u00f3n por accidente de trabajo. Si se produjo en un&nbsp;<a href=\"https:\/\/www.steinberglawfirm.com\/practice-areas\/auto-accidents\/\" target=\"_blank\" rel=\"noopener\">accidente de coche<\/a>&nbsp;o alguna otra situaci\u00f3n que tenga poco que ver con el trabajo, usted presentar\u00eda una reclamaci\u00f3n contra la parte responsable.<\/p>\n\n\n\n<p>Si su amputaci\u00f3n se produjo como resultado de un&nbsp;<a href=\"https:\/\/www.steinberglawfirm.com\/practice-areas\/workers-compensation\/\" target=\"_blank\" rel=\"noopener\">accidente de trabajo<\/a>&nbsp;o la negligencia de otra parte, Steinberg Law Firm est\u00e1 bien calificado para representarlo. Tenemos la experiencia y el conocimiento para determinar si su caso cae bajo la ley de compensaci\u00f3n de los trabajadores, y tenemos acceso a los expertos que pueden averiguar la parte culpable en su caso de lesiones personales.<\/p>\n\n\n\n<p><strong>LEY DE DA\u00d1OS PERSONALES EN CAROLINA DEL SUR<\/strong><br>Si desea saber lo que el Steinberg Law Firm puede hacer para ayudar a su caso, \u00a1no se demore! Llame al 843-720-2800 o&nbsp;<a href=\"https:\/\/www.steinberglawfirm.com\/contact-us\/\" target=\"_blank\" rel=\"noopener\">contacto con nosotros<\/a>&nbsp;en l\u00ednea para su revisi\u00f3n gratuita del caso hoy. Nuestros abogados de lesiones personales atienden a clientes en Charleston, Summerville, Goose Creek, y en todo South Carolina.<\/p>","protected":false},"excerpt":{"rendered":"<p>Lesiones por amputaci\u00f3n traum\u00e1tica Abogados de lesiones personales que representan a Charleston y \u00e1reas cercanas de South Carolina Las lesiones que resultan en la amputaci\u00f3n de una parte del cuerpo, llamadas \"lesiones por amputaci\u00f3n traum\u00e1tica\", crean una gran cantidad de trauma f\u00edsico y emocional para la v\u00edctima. A menudo estas lesiones son el resultado de la negligencia de otra parte. Si usted ha sufrido este tipo de...<\/p>","protected":false},"author":1,"featured_media":19449,"parent":587,"menu_order":0,"comment_status":"closed","ping_status":"closed","template":"","meta":{"_acf_changed":false,"footnotes":""},"class_list":["post-2239","page","type-page","status-publish","has-post-thumbnail","hentry"],"acf":[],"_links":{"self":[{"href":"https:\/\/steinberglawfirm-staging.clmcloud.app\/es\/wp-json\/wp\/v2\/pages\/2239"}],"collection":[{"href":"https:\/\/steinberglawfirm-staging.clmcloud.app\/es\/wp-json\/wp\/v2\/pages"}],"about":[{"href":"https:\/\/steinberglawfirm-staging.clmcloud.app\/es\/wp-json\/wp\/v2\/types\/page"}],"author":[{"embeddable":true,"href":"https:\/\/steinberglawfirm-staging.clmcloud.app\/es\/wp-json\/wp\/v2\/users\/1"}],"replies":[{"embeddable":true,"href":"https:\/\/steinberglawfirm-staging.clmcloud.app\/es\/wp-json\/wp\/v2\/comments?post=2239"}],"version-history":[{"count":2,"href":"https:\/\/steinberglawfirm-staging.clmcloud.app\/es\/wp-json\/wp\/v2\/pages\/2239\/revisions"}],"predecessor-version":[{"id":20494,"href":"https:\/\/steinberglawfirm-staging.clmcloud.app\/es\/wp-json\/wp\/v2\/pages\/2239\/revisions\/20494"}],"up":[{"embeddable":true,"href":"https:\/\/steinberglawfirm-staging.clmcloud.app\/es\/wp-json\/wp\/v2\/pages\/587"}],"wp:featuredmedia":[{"embeddable":true,"href":"https:\/\/steinberglawfirm-staging.clmcloud.app\/es\/wp-json\/wp\/v2\/media\/19449"}],"wp:attachment":[{"href":"https:\/\/steinberglawfirm-staging.clmcloud.app\/es\/wp-json\/wp\/v2\/media?parent=2239"}],"curies":[{"name":"wp","href":"https:\/\/api.w.org\/{rel}","templated":true}]}}