{"id":2237,"date":"2017-08-16T00:45:49","date_gmt":"2017-08-16T00:45:49","guid":{"rendered":"https:\/\/www.steinberglawfirm.com\/?page_id=2237"},"modified":"2023-02-02T18:33:03","modified_gmt":"2023-02-02T18:33:03","slug":"traumatic-brain-injury","status":"publish","type":"page","link":"https:\/\/steinberglawfirm-staging.clmcloud.app\/es\/lesiones-personales\/casos-de-lesiones-graves\/lesion-cerebral-traumatica\/","title":{"rendered":"Da\u00f1o cerebral traum\u00e1tico"},"content":{"rendered":"<h1 class=\"wp-block-heading\">Abogado de lesiones cerebrales traum\u00e1ticas<\/h1>\n\n\n\n<div style=\"height:15px\" aria-hidden=\"true\" class=\"wp-block-spacer\"><\/div>\n\n\n\n<h2 class=\"wp-block-heading\">Abogados de lesiones personales que representan a Charleston y \u00e1reas cercanas de South Carolina<\/h2>\n\n\n\n<div style=\"height:15px\" aria-hidden=\"true\" class=\"wp-block-spacer\"><\/div>\n\n\n\n<p><a href=\"https:\/\/www.steinberglawfirm.com\/personal-injury\/head-brain-and-spine-injuries\/\" target=\"_blank\" rel=\"noopener\">Sufrir una lesi\u00f3n cerebral grave<\/a> puede ser un acontecimiento que altere su vida. Si fue causado por la negligencia de otra persona, usted merece toda la indemnizaci\u00f3n que necesite para reponer sus p\u00e9rdidas y pagar el sufrimiento que ha padecido. La \u00fanica forma de saber si tiene una\u00a0<a href=\"https:\/\/www.steinberglawfirm.com\/practice-areas\/personal-injury\/\" target=\"_blank\" rel=\"noopener\">caso de lesiones personales<\/a> es consultar con nuestros abogados expertos en lesiones cerebrales Charleston, South Carolina. <a href=\"https:\/\/www.steinberglawfirm.com\/free-consultation\/\" target=\"_blank\" rel=\"noopener\">Ofrecemos evaluaciones gratuitas de casos<\/a> 24 horas al d\u00eda, 7 d\u00edas a la semana. Por favor, <a href=\"tel:1-843-720-2800\">llame al Steinberg Law Firm al 843-720-2800<\/a>.<\/p>\n\n\n\n<h3 class=\"wp-block-heading\">S\u00cdNTOMAS DE LESIONES CEREBRALES<\/h3>\n\n\n\n<p><a href=\"https:\/\/www.steinberglawfirm.com\/practice-areas\/head-brain-and-spine-injuries\/\" target=\"_blank\" rel=\"noopener\">Lesiones en la cabeza, el cerebro y la columna vertebral<\/a>\u00a0puede causar s\u00edntomas muy dolorosos y graves. En cuesti\u00f3n de horas o d\u00edas tras la lesi\u00f3n inicial, pueden aparecer algunos de los siguientes s\u00edntomas de lesi\u00f3n cerebral grave:<\/p>\n\n\n\n<ul class=\"wp-block-list\">\n<li>Dolores de cabeza que no desaparecen<\/li>\n\n\n\n<li>P\u00e9rdida de conocimiento<\/li>\n\n\n\n<li>N\u00e1useas y v\u00f3mitos<\/li>\n\n\n\n<li>Adormecimiento de los dedos de las manos y de los pies<\/li>\n\n\n\n<li>Mala coordinaci\u00f3n f\u00edsica<\/li>\n\n\n\n<li>Cambios de personalidad<\/li>\n\n\n\n<li>Cambios de comportamiento<\/li>\n\n\n\n<li>Sentimientos de depresi\u00f3n o ansiedad<\/li>\n\n\n\n<li>Problemas de memoria y cognici\u00f3n<\/li>\n\n\n\n<li>Problemas de habla<\/li>\n<\/ul>\n\n\n\n<p>En un caso t\u00edpico de da\u00f1os personales que implique una lesi\u00f3n cerebral, el accidente puede haber sido causado por un\u00a0<a href=\"https:\/\/www.steinberglawfirm.com\/practice-areas\/auto-accidents\/\" target=\"_blank\" rel=\"noopener\">accidente de tr\u00e1fico<\/a>, un\u00a0<a href=\"https:\/\/www.steinberglawfirm.com\/practice-areas\/premises-liability\/\" target=\"_blank\" rel=\"noopener\">locales inseguros<\/a>, un <a href=\"https:\/\/www.steinberglawfirm.com\/workers-compensation\/\" target=\"_blank\" rel=\"noopener\">accidente laboral<\/a> o muchos <a href=\"https:\/\/www.steinberglawfirm.com\/personal-injury\/\" target=\"_blank\" rel=\"noopener\">otros tipos de incidentes<\/a>. Si la causa de su lesi\u00f3n puede atribuirse a la negligencia o descuido de otra persona, es probable que tenga motivos para reclamar una indemnizaci\u00f3n.<\/p>\n\n\n\n<h3 class=\"wp-block-heading\">POSIBLES CONSECUENCIAS A LARGO PLAZO<\/h3>\n\n\n\n<p>Una lesi\u00f3n cerebral puede tener ramificaciones que van m\u00e1s all\u00e1 del accidente inicial. El resultado potencial que altera la vida de este tipo de lesi\u00f3n incluye:<\/p>\n\n\n\n<ul class=\"wp-block-list\">\n<li>Incapacidad para desempe\u00f1ar sus funciones laborales<\/li>\n\n\n\n<li>Invalidez permanente o de larga duraci\u00f3n<\/li>\n\n\n\n<li>Rehabilitaci\u00f3n f\u00edsica continua<\/li>\n\n\n\n<li>Gastos m\u00e9dicos continuos<\/li>\n<\/ul>\n\n\n\n<p>Es posible que no pueda mantenerse a s\u00ed mismo ni a los miembros de su familia como consecuencia de su lesi\u00f3n cerebral. Adem\u00e1s de los problemas econ\u00f3micos y f\u00edsicos, es posible que tenga que hacer frente a un sufrimiento mental y emocional abrumador.<\/p>\n\n\n\n<p>Nuestro <a href=\"https:\/\/www.steinberglawfirm.com\/personal-injury\/head-brain-and-spine-injuries\/\" target=\"_blank\" rel=\"noopener\">abogados expertos en lesiones cerebrales<\/a> saben qu\u00e9 esperar de este tipo de casos y pueden elaborar estrategias en consecuencia. Tenemos a\u00f1os de experiencia <a href=\"https:\/\/www.steinberglawfirm.com\/personal-injury\/personal-injury-lawyers\/\" target=\"_blank\" rel=\"noopener\">representaci\u00f3n de v\u00edctimas de da\u00f1os corporales<\/a>y lucharemos incansablemente para maximizar la indemnizaci\u00f3n que pueda recibir.<\/p>\n\n\n\n<p>Si est\u00e1 buscando un abogado con experiencia en lesiones cerebrales Charleston para luchar agresivamente en su nombre, <a href=\"https:\/\/www.steinberglawfirm.com\/contact-us\/\" target=\"_blank\" rel=\"noopener\">por favor, p\u00f3ngase en contacto con el Steinberg Law Firm, LLC<\/a>para una consulta gratuita. Podemos ser alcanzados para las evaluaciones libres del caso 24 horas al d\u00eda, 7 d\u00edas a la semana en<a href=\"tel:1-843-720-2800\">\u00a0843-720-2800<\/a>.<\/p>","protected":false},"excerpt":{"rendered":"<p>Abogado de lesiones cerebrales traum\u00e1ticas Abogados de lesiones personales que representan a Charleston y \u00e1reas cercanas de South Carolina Sufrir una lesi\u00f3n cerebral severa puede ser un evento que altera la vida. Si fue causada por la negligencia de otra persona, entonces usted merece toda la compensaci\u00f3n que necesita para reemplazar sus p\u00e9rdidas y pagar por el sufrimiento que ha soportado. La \u00fanica...<\/p>","protected":false},"author":1,"featured_media":19966,"parent":587,"menu_order":0,"comment_status":"closed","ping_status":"closed","template":"","meta":{"_acf_changed":false,"footnotes":""},"class_list":["post-2237","page","type-page","status-publish","has-post-thumbnail","hentry"],"acf":[],"_links":{"self":[{"href":"https:\/\/steinberglawfirm-staging.clmcloud.app\/es\/wp-json\/wp\/v2\/pages\/2237"}],"collection":[{"href":"https:\/\/steinberglawfirm-staging.clmcloud.app\/es\/wp-json\/wp\/v2\/pages"}],"about":[{"href":"https:\/\/steinberglawfirm-staging.clmcloud.app\/es\/wp-json\/wp\/v2\/types\/page"}],"author":[{"embeddable":true,"href":"https:\/\/steinberglawfirm-staging.clmcloud.app\/es\/wp-json\/wp\/v2\/users\/1"}],"replies":[{"embeddable":true,"href":"https:\/\/steinberglawfirm-staging.clmcloud.app\/es\/wp-json\/wp\/v2\/comments?post=2237"}],"version-history":[{"count":4,"href":"https:\/\/steinberglawfirm-staging.clmcloud.app\/es\/wp-json\/wp\/v2\/pages\/2237\/revisions"}],"predecessor-version":[{"id":23996,"href":"https:\/\/steinberglawfirm-staging.clmcloud.app\/es\/wp-json\/wp\/v2\/pages\/2237\/revisions\/23996"}],"up":[{"embeddable":true,"href":"https:\/\/steinberglawfirm-staging.clmcloud.app\/es\/wp-json\/wp\/v2\/pages\/587"}],"wp:featuredmedia":[{"embeddable":true,"href":"https:\/\/steinberglawfirm-staging.clmcloud.app\/es\/wp-json\/wp\/v2\/media\/19966"}],"wp:attachment":[{"href":"https:\/\/steinberglawfirm-staging.clmcloud.app\/es\/wp-json\/wp\/v2\/media?parent=2237"}],"curies":[{"name":"wp","href":"https:\/\/api.w.org\/{rel}","templated":true}]}}