{"id":22297,"date":"2022-07-26T20:40:54","date_gmt":"2022-07-26T20:40:54","guid":{"rendered":"https:\/\/www.steinberglawfirm.com\/?page_id=22297"},"modified":"2024-03-12T22:10:11","modified_gmt":"2024-03-12T22:10:11","slug":"longshoremen-harbor-workers-injury-compensation-lawyers","status":"publish","type":"page","link":"https:\/\/steinberglawfirm-staging.clmcloud.app\/es\/indemnizacion-de-los-trabajadores\/estibadores-trabajadores-abogados-de-indemnizacion-por-lesiones\/","title":{"rendered":"South Carolina Abogados especialistas en compensaci\u00f3n de da\u00f1os a estibadores y trabajadores portuarios"},"content":{"rendered":"<h1 class=\"wp-block-heading\">South Carolina Abogados especialistas en compensaci\u00f3n de da\u00f1os a estibadores y trabajadores portuarios<\/h1>\n\n\n\n<h2 class=\"wp-block-heading\">Abogados de los trabajadores lesionados en el puerto de Charleston, SC<\/h2>\n\n\n\n<p>Mientras que la mayor\u00eda de los <a href=\"https:\/\/www.steinberglawfirm.com\/workers-compensation\/\" target=\"_blank\" rel=\"noopener\">trabajadores en South Carolina<\/a> est\u00e1n cubiertos por el sistema estatal de compensaci\u00f3n de los trabajadores, los trabajadores portuarios est\u00e1n cubiertos por un segundo programa federal establecido por la <a href=\"https:\/\/www.dol.gov\/agencies\/owcp\/dlhwc\/lhwca\" target=\"_blank\" rel=\"noreferrer noopener\">Ley de indemnizaci\u00f3n de estibadores y trabajadores portuarios de 1927<\/a>.<\/p>\n\n\n\n<h3 class=\"wp-block-heading\">Historia de la LHWCA<\/h3>\n\n\n\n<p>Antes de que se creara la LHWCA, no exist\u00edan leyes de compensaci\u00f3n laboral que protegieran a quienes trabajaban en barcos o buques en Estados Unidos. Esta ley federal pretend\u00eda originalmente dar cobertura a los trabajadores lesionados que trabajaban en cualquier agua navegable de los Estados Unidos, sin importar el estado en el que se encontraran. Los trabajadores desde California hasta la costa este estaban cubiertos.<\/p>\n\n\n\n<p>A lo largo de los a\u00f1os, se han introducido varias modificaciones en esta ley y, en la actualidad, la Longshore and Harbor Workers' Compensation Act ofrece cobertura a determinados trabajadores \"mar\u00edtimos\" y a los que trabajan en zonas adyacentes a las aguas navegables, como los muelles utilizados para la carga y descarga, y los almacenes de reparaci\u00f3n, construcci\u00f3n y almacenamiento de buques.<\/p>\n\n\n\n<p>El Departamento de Trabajo (DOL) administra la Ley de Compensaci\u00f3n de Trabajadores Mar\u00edtimos y Portuarios a trav\u00e9s de la Divisi\u00f3n de Compensaci\u00f3n de Trabajadores Mar\u00edtimos y Portuarios, que es un sector de la Oficina de Programas de Compensaci\u00f3n de Trabajadores.<\/p>\n\n\n\n<h3 class=\"wp-block-heading\">South Carolina Puertos<\/h3>\n\n\n\n<p>La Autoridad Portuaria de South Carolina (SCPA) se cre\u00f3 en 1942 y es propietaria y operadora de los puertos mar\u00edtimos de Charleston, Dillon, Georgetown y Greer, South Carolina. La SCPA facilita aproximadamente 225.000 puestos de trabajo en todo el estado y da empleo a unos 800 trabajadores en los puertos y terminales situados en el \u00e1rea metropolitana de Charleston.<\/p>\n\n\n\n<p>South Carolina es una pieza fundamental en la industria naviera mundial. Los puertos tambi\u00e9n contribuyen significativamente a la econom\u00eda y el mercado laboral de South Carolina. En <a href=\"https:\/\/www.steinberglawfirm.com\/personal-injury\/truck-accidents\/container-truck-accident-attorney\/\" target=\"_blank\" rel=\"noopener\">cajas de carga<\/a> a los veh\u00edculos que circulan por ellos, los puertos y terminales ferroviarios han registrado cifras r\u00e9cord de transporte mar\u00edtimo en los \u00faltimos a\u00f1os.<\/p>\n\n\n\n<h3 class=\"wp-block-heading\">Longshore y puerto <a href=\"https:\/\/www.steinberglawfirm.com\/workers-compensation-report\/\" target=\"_blank\" rel=\"noopener\">Estad\u00edsticas de lesiones laborales en South Carolina<\/a><\/h3>\n\n\n\n<p>Algunos de los trabajos m\u00e1s peligrosos del estado son los de estibador y trabajador portuario. Los trabajadores portuarios manejan y maniobran cargas pesadas que entran y salen de los puertos a gran velocidad a todas las horas del d\u00eda y de la noche. Entre el ajetreo y el bullicio de la gesti\u00f3n de un puerto, la maniobra de la carga dentro y fuera de los buques, el manejo de la maquinaria y el equipo, y la reparaci\u00f3n de los buques, pueden producirse lesiones.<\/p>\n\n\n\n<p>Seg\u00fan el informe del Censo Nacional de Lesiones Laborales Mortales de 2020 de la Oficina de Estad\u00edsticas Laborales (BLS), los trabajadores de las ocupaciones de transporte y movimiento de materiales representan el 47,4% de todas las lesiones laborales mortales. En South Carolina en 2020, el BLS informa que el grupo ocupacional de transporte y movimiento de materiales (que incluye a los trabajadores mar\u00edtimos) tuvo el mayor n\u00famero de lesiones laborales mortales entre todas las industrias. Aunque el sector del transporte y el movimiento de materiales no s\u00f3lo incluye a los trabajadores mar\u00edtimos y portuarios, sino que tambi\u00e9n incluye a los operadores de veh\u00edculos de motor, a los trabajadores del movimiento de materiales y a los conductores de tractores y remolques, esta estad\u00edstica demuestra a\u00fan m\u00e1s que se trata de un sector peligroso.<\/p>\n\n\n\n<h3 class=\"wp-block-heading\">Lesiones comunes mientras se trabaja en puertos y d\u00e1rsenas<\/h3>\n\n\n\n<p>Los peligros comunes que vemos con frecuencia en los casos que manejamos incluyen:<\/p>\n\n\n\n<ul class=\"wp-block-list\">\n<li>Mantenimiento o construcci\u00f3n de embarcaciones sin los debidos amarres de seguridad<\/li>\n\n\n\n<li>Carga ca\u00edda<\/li>\n\n\n\n<li>Funcionamiento defectuoso de la gr\u00faa<\/li>\n\n\n\n<li>Exceso de velocidad de los veh\u00edculos<\/li>\n\n\n\n<li>Ca\u00eddas de altura<\/li>\n\n\n\n<li>Atropello de veh\u00edculos<\/li>\n\n\n\n<li>Aver\u00edas mec\u00e1nicas<\/li>\n\n\n\n<li>Quemaduras por explosiones e incendios<\/li>\n<\/ul>\n\n\n\n<p>Vemos muchos tipos de accidentes y lesiones sufridas por los trabajadores portuarios. Algunos de los accidentes m\u00e1s comunes que vemos involucran camiones y perros de patio incluyendo <a href=\"https:\/\/www.steinberglawfirm.com\/personal-injury\/truck-accidents\/\" target=\"_blank\" rel=\"noopener\">trabajadores que han sido atropellados por un cami\u00f3n<\/a>Se han ca\u00eddo de un cami\u00f3n, han sido atropellados por un cami\u00f3n o se han lesionado mientras cargaban o descargaban un veh\u00edculo. Las lesiones que hemos manejado bajo la LHWCA incluyen:<\/p>\n\n\n\n<ul class=\"wp-block-list\">\n<li>Fracturas y huesos rotos<\/li>\n\n\n\n<li><a href=\"https:\/\/www.steinberglawfirm.com\/articles\/shoulder-dislocation\/\" target=\"_blank\" rel=\"noopener\">Lesiones en los hombros<\/a><\/li>\n\n\n\n<li><a href=\"https:\/\/www.steinberglawfirm.com\/personal-injury\/head-brain-and-spine-injuries\/\" target=\"_blank\" rel=\"noopener\">Traumatismo facial y craneal<\/a><\/li>\n\n\n\n<li><a href=\"https:\/\/www.steinberglawfirm.com\/personal-injury\/serious-injury-cases\/traumatic-brain-injury\/\" target=\"_blank\" rel=\"noopener\">Lesiones cerebrales<\/a><\/li>\n\n\n\n<li><a href=\"https:\/\/www.steinberglawfirm.com\/personal-injury\/serious-injury-cases\/traumatic-amputation-injuries\/\" target=\"_blank\" rel=\"noopener\">Amputaciones<\/a><\/li>\n\n\n\n<li><a href=\"https:\/\/www.steinberglawfirm.com\/workers-compensation\/workers-compensation-for-an-employee-who-suffers-a-burn-injury\/\" target=\"_blank\" rel=\"noopener\">Quemaduras<\/a><\/li>\n\n\n\n<li>Lesiones por aplastamiento<\/li>\n\n\n\n<li><a href=\"https:\/\/www.steinberglawfirm.com\/personal-injury\/wrongful-death\/\" target=\"_blank\" rel=\"noopener\">Muerte<\/a><\/li>\n<\/ul>\n\n\n\n<p>La LHWCA proporciona cobertura a los seres queridos en caso de que un <a href=\"https:\/\/www.steinberglawfirm.com\/personal-injury\/wrongful-death\/\" target=\"_blank\" rel=\"noopener\">muerte de trabajadores portuarios<\/a> se atribuye a su trabajo.<\/p>\n\n\n\n<p>Si usted o un ser querido se ha lesionado mientras trabajaba como estibador o trabajador portuario, puede ser confuso sobre c\u00f3mo proceder. Con dos demandas separadas, una estatal y otra federal, estos casos pueden complicarse r\u00e1pidamente. La gravedad de las lesiones a menudo asociadas con los accidentes en el puerto puede hacer que el caso sea complejo y dif\u00edcil. Contar con un <a href=\"https:\/\/www.steinberglawfirm.com\/attorney\/\" target=\"_blank\" rel=\"noopener\">un abogado con experiencia de su lado<\/a> puede darle tiempo para curarse y recuperarse mientras nos ocupamos de los detalles.<\/p>\n\n\n\n<p>Para un <a href=\"https:\/\/www.steinberglawfirm.com\/free-consultation\/\" target=\"_blank\" rel=\"noopener\">consulta gratuita<\/a> con uno de nuestros abogados, llame al <a href=\"tel:1-843-720-2800\">843-720-2800<\/a> o <a href=\"https:\/\/www.steinberglawfirm.com\/workers-compensation\/longshoremen-harbor-workers-injury-compensation-lawyers\/contact\/\" target=\"_blank\" rel=\"noopener\">contacte con nosotros a trav\u00e9s de nuestro formulario de contacto en l\u00ednea<\/a>. Nosotros <a href=\"https:\/\/www.steinberglawfirm.com\/no-fee-unless-you-win\/\" target=\"_blank\" rel=\"noopener\">no le cobraremos nada hasta que cobremos la indemnizaci\u00f3n<\/a> para ti.<\/p>","protected":false},"excerpt":{"rendered":"<p>South Carolina Estibadores y Trabajadores Portuarios Abogados de Compensaci\u00f3n para Trabajadores Lesionados en el Puerto de Charleston, SC Mientras que la mayor\u00eda de los trabajadores en South Carolina est\u00e1n cubiertos por el sistema de compensaci\u00f3n de los trabajadores del estado, los estibadores y trabajadores portuarios est\u00e1n cubiertos por un segundo programa federal establecido por la Ley de Compensaci\u00f3n de Estibadores y Trabajadores Portuarios de 1927. Historia...<\/p>","protected":false},"author":1,"featured_media":22302,"parent":8874,"menu_order":0,"comment_status":"closed","ping_status":"closed","template":"","meta":{"_acf_changed":false,"footnotes":""},"class_list":["post-22297","page","type-page","status-publish","has-post-thumbnail","hentry"],"acf":[],"_links":{"self":[{"href":"https:\/\/steinberglawfirm-staging.clmcloud.app\/es\/wp-json\/wp\/v2\/pages\/22297"}],"collection":[{"href":"https:\/\/steinberglawfirm-staging.clmcloud.app\/es\/wp-json\/wp\/v2\/pages"}],"about":[{"href":"https:\/\/steinberglawfirm-staging.clmcloud.app\/es\/wp-json\/wp\/v2\/types\/page"}],"author":[{"embeddable":true,"href":"https:\/\/steinberglawfirm-staging.clmcloud.app\/es\/wp-json\/wp\/v2\/users\/1"}],"replies":[{"embeddable":true,"href":"https:\/\/steinberglawfirm-staging.clmcloud.app\/es\/wp-json\/wp\/v2\/comments?post=22297"}],"version-history":[{"count":7,"href":"https:\/\/steinberglawfirm-staging.clmcloud.app\/es\/wp-json\/wp\/v2\/pages\/22297\/revisions"}],"predecessor-version":[{"id":30722,"href":"https:\/\/steinberglawfirm-staging.clmcloud.app\/es\/wp-json\/wp\/v2\/pages\/22297\/revisions\/30722"}],"up":[{"embeddable":true,"href":"https:\/\/steinberglawfirm-staging.clmcloud.app\/es\/wp-json\/wp\/v2\/pages\/8874"}],"wp:featuredmedia":[{"embeddable":true,"href":"https:\/\/steinberglawfirm-staging.clmcloud.app\/es\/wp-json\/wp\/v2\/media\/22302"}],"wp:attachment":[{"href":"https:\/\/steinberglawfirm-staging.clmcloud.app\/es\/wp-json\/wp\/v2\/media?parent=22297"}],"curies":[{"name":"wp","href":"https:\/\/api.w.org\/{rel}","templated":true}]}}