{"id":22290,"date":"2022-07-26T19:34:52","date_gmt":"2022-07-26T19:34:52","guid":{"rendered":"https:\/\/www.steinberglawfirm.com\/?page_id=22290"},"modified":"2022-08-03T19:51:57","modified_gmt":"2022-08-03T19:51:57","slug":"camp-lejeune-toxic-water-claim","status":"publish","type":"page","link":"https:\/\/steinberglawfirm-staging.clmcloud.app\/es\/lesiones-personales\/acciones-de-clase\/campamento-lejeune-agua-toxica-denuncia\/","title":{"rendered":"Abogados de la Ley de Justicia de Camp Lejeune para reclamaciones por da\u00f1os y perjuicios"},"content":{"rendered":"<h1 class=\"wp-block-heading\">Abogados de la Ley de Justicia de Camp Lejeune para reclamaciones por da\u00f1os y perjuicios<\/h1>\n\n\n\n<h2 class=\"wp-block-heading\"><em>M\u00e1s de un mill\u00f3n de militares y sus familias podr\u00edan haber estado expuestos a agua del grifo t\u00f3xica<\/em><\/h2>\n\n\n\n<p>Recientemente, el Congreso aprob\u00f3 la <a href=\"https:\/\/www.congress.gov\/bill\/117th-congress\/house-bill\/3967#:~:text=Camp%20Lejeune%20Justice%20Act%20of%202022\" target=\"_blank\" rel=\"noreferrer noopener\">Ley de Justicia de Camp Lejeune<\/a>que allana el camino para que las personas expuestas al agua t\u00f3xica del grifo en Camp Lejeune pidan una indemnizaci\u00f3n.<\/p>\n\n\n\n<p>La Ley se aplica a las personas expuestas al agua del grifo en la Base del Cuerpo de Marines en North Carolina entre 1953 y 1987 y que han sufrido graves problemas de salud o la muerte como consecuencia de ello. Si usted o alguien que conoce estuvo expuesto y est\u00e1 considerando presentar un caso, podemos ayudarle. <a href=\"https:\/\/www.steinberglawfirm.com\/attorney\/\" target=\"_blank\" rel=\"noopener\">Nuestros abogados<\/a> puede guiar su caso a trav\u00e9s de los canales adecuados durante el limitado tiempo disponible para presentar una reclamaci\u00f3n, que es de dos a\u00f1os a partir del d\u00eda en que se firma la Ley.<\/p>\n\n\n\n<p>Durante m\u00e1s de 30 a\u00f1os, los marines y sus familias en Camp Lejeune, as\u00ed como los civiles, reservistas y otras personas que trabajaron all\u00ed, ingirieron, se ba\u00f1aron, cocinaron y estuvieron expuestos de alguna manera a productos qu\u00edmicos peligrosos y nocivos. La Ley se aplica a cualquier persona, militar o civil, que haya vivido, trabajado o nacido en Camp Lejeune entre el 1 de agosto de 1953 y el 31 de diciembre de 1987. La persona debe haber estado expuesta al agua durante al menos 30 d\u00edas en ese per\u00edodo y haber sido diagnosticada con una de las siguientes condiciones de salud graves.<\/p>\n\n\n\n<p>Los Centros de Control de Enfermedades descubrieron en 2014 que el agua contaminada en Camp Lejeune aumentaba significativamente las posibilidades de desarrollar muchas enfermedades y afecciones graves, entre ellas:<\/p>\n\n\n\n<ul class=\"wp-block-list\"><li>Leucemia en adultos<\/li><li>Anemia apl\u00e1sica<\/li><li>Defecto de nacimiento<\/li><li>C\u00e1ncer de vejiga<\/li><li>C\u00e1ncer de m\u00e9dula \u00f3sea y otras enfermedades<\/li><li>C\u00e1ncer de mama<\/li><li>C\u00e1ncer de cuello uterino<\/li><li>C\u00e1ncer de es\u00f3fago<\/li><li>Infertilidad<\/li><li>C\u00e1ncer de ri\u00f1\u00f3n<\/li><li>Leucemia<\/li><li>C\u00e1ncer de h\u00edgado<\/li><li>Aborto involuntario<\/li><li>Mieloma m\u00faltiple<\/li><li>Linfoma no Hodgkin<\/li><li>Efecto neurocomportamental<\/li><li>Enfermedad de Parkinson<\/li><li>Toxicidad renal<\/li><\/ul>\n\n\n\n<p>Por desgracia, a pesar de su servicio a nuestro pa\u00eds, nuestros militares y sus familias suelen ser los menos cuidados y protegidos. El gobierno federal conoc\u00eda las sustancias t\u00f3xicas a trav\u00e9s de m\u00faltiples canales e ignor\u00f3 esta informaci\u00f3n. Ahora es el momento de pedir justicia.<\/p>\n\n\n\n<p>Si usted o un ser querido estuvo expuesto al agua contaminada en Camp Lejeune en North Carolina, <a href=\"https:\/\/www.steinberglawfirm.com\/contact-us\/\" target=\"_blank\" rel=\"noopener\">contacte con nuestros abogados<\/a> hoy. Es posible que tenga derecho a una ayuda e indemnizaci\u00f3n. <a href=\"https:\/\/www.steinberglawfirm.com\/free-consultation\/\" target=\"_blank\" rel=\"noopener\">Ofrecemos consultas gratuitas<\/a> y tienen una larga historia de apoyo a nuestros veteranos, incluso a trav\u00e9s de nuestra <a href=\"https:\/\/www.steinberglawfirm.com\/blog\/veterans-free-will-clinic-2022\/\" target=\"_blank\" rel=\"noopener\">cl\u00ednica del libre albedr\u00edo<\/a>. <a href=\"tel:1-843-720-2800\">Llamar al 843-720-2800<\/a> y pedir <a href=\"https:\/\/www.steinberglawfirm.com\/attorney\/michael-j-jordan\/\" target=\"_blank\" rel=\"noopener\">abogado Michael Jordan<\/a>.<\/p>","protected":false},"excerpt":{"rendered":"<p>Ley de Justicia de Camp Lejeune Abogados de reclamaciones por lesiones M\u00e1s de un mill\u00f3n de militares y familias pueden haber estado expuestos al agua del grifo t\u00f3xica Recientemente, el Congreso aprob\u00f3 la Ley de Justicia de Camp Lejeune, que allana el camino para que las personas expuestas al agua del grifo t\u00f3xica en Camp Lejeune puedan solicitar una indemnizaci\u00f3n. La Ley se aplica a las personas expuestas a...<\/p>","protected":false},"author":1,"featured_media":22293,"parent":15381,"menu_order":0,"comment_status":"closed","ping_status":"closed","template":"","meta":{"_acf_changed":false,"footnotes":""},"class_list":["post-22290","page","type-page","status-publish","has-post-thumbnail","hentry"],"acf":[],"_links":{"self":[{"href":"https:\/\/steinberglawfirm-staging.clmcloud.app\/es\/wp-json\/wp\/v2\/pages\/22290"}],"collection":[{"href":"https:\/\/steinberglawfirm-staging.clmcloud.app\/es\/wp-json\/wp\/v2\/pages"}],"about":[{"href":"https:\/\/steinberglawfirm-staging.clmcloud.app\/es\/wp-json\/wp\/v2\/types\/page"}],"author":[{"embeddable":true,"href":"https:\/\/steinberglawfirm-staging.clmcloud.app\/es\/wp-json\/wp\/v2\/users\/1"}],"replies":[{"embeddable":true,"href":"https:\/\/steinberglawfirm-staging.clmcloud.app\/es\/wp-json\/wp\/v2\/comments?post=22290"}],"version-history":[{"count":6,"href":"https:\/\/steinberglawfirm-staging.clmcloud.app\/es\/wp-json\/wp\/v2\/pages\/22290\/revisions"}],"predecessor-version":[{"id":22335,"href":"https:\/\/steinberglawfirm-staging.clmcloud.app\/es\/wp-json\/wp\/v2\/pages\/22290\/revisions\/22335"}],"up":[{"embeddable":true,"href":"https:\/\/steinberglawfirm-staging.clmcloud.app\/es\/wp-json\/wp\/v2\/pages\/15381"}],"wp:featuredmedia":[{"embeddable":true,"href":"https:\/\/steinberglawfirm-staging.clmcloud.app\/es\/wp-json\/wp\/v2\/media\/22293"}],"wp:attachment":[{"href":"https:\/\/steinberglawfirm-staging.clmcloud.app\/es\/wp-json\/wp\/v2\/media?parent=22290"}],"curies":[{"name":"wp","href":"https:\/\/api.w.org\/{rel}","templated":true}]}}