{"id":2225,"date":"2017-08-16T00:35:14","date_gmt":"2017-08-16T00:35:14","guid":{"rendered":"https:\/\/www.steinberglawfirm.com\/?page_id=2225"},"modified":"2023-04-04T18:28:53","modified_gmt":"2023-04-04T18:28:53","slug":"occupational-disease-lawyer","status":"publish","type":"page","link":"https:\/\/steinberglawfirm-staging.clmcloud.app\/es\/indemnizacion-de-los-trabajadores\/abogado-especialista-en-enfermedades-profesionales\/","title":{"rendered":"Enfermedades profesionales"},"content":{"rendered":"<h1>South Carolina Abogados especializados en enfermedades profesionales<\/h1>\n<p>Cuando se trabaja en el mismo puesto durante a\u00f1os y a\u00f1os, el entorno y las condiciones laborales pueden tener efectos a largo plazo que pueden ser perjudiciales para la salud. Si puede demostrar la relaci\u00f3n entre su trabajo y el deterioro de su salud, estas enfermedades profesionales pueden darle derecho a una indemnizaci\u00f3n, y debe hablar con un <a href=\"https:\/\/www.steinberglawfirm.com\/practice-areas\/workers-compensation\/\" target=\"_blank\" rel=\"noopener\">South Carolina abogado de accidentes de trabajo<\/a>.<\/p>\n<p>Las enfermedades profesionales pueden incluir muchas afecciones, desde la asbestosis hasta la\u00a0<a href=\"https:\/\/www.steinberglawfirm.com\/practice-areas\/workers-compensation\/repetitive-motion-injuries-south-carolina\/\" target=\"_blank\" rel=\"noopener\">lesiones por movimientos repetitivos<\/a>\u00a0a la enfermedad del pulm\u00f3n negro. Dado que los s\u00edntomas tardan mucho tiempo en manifestarse, puede resultar dif\u00edcil relacionar estas afecciones con el trabajo. <a href=\"tel:1-843-720-2800\">Llame al Steinberg Law Firm al 843-720-2800<\/a>\u00a0para programar una revisi\u00f3n gratuita de su caso si padece una enfermedad profesional.<\/p>\n<p><strong>ENFERMEDADES PROFESIONALES EN CAROLINA DEL SUR<\/strong><br \/>\nLas enfermedades profesionales pueden tener un efecto perjudicial sostenido en su bienestar personal. Por desgracia, la definici\u00f3n de enfermedad profesional del estado de South Carolina puede dificultar el \u00e9xito de una reclamaci\u00f3n de indemnizaci\u00f3n de los trabajadores por una enfermedad de larga duraci\u00f3n contra\u00edda en el trabajo.<\/p>\n<p>Seg\u00fan la ley South Carolina, las siguientes afecciones NO se consideran enfermedades profesionales:<\/p>\n<ul>\n<li>Una afecci\u00f3n que no puede vincularse directamente a los riesgos laborales<\/li>\n<li>Una condici\u00f3n que resulta del clima exterior<\/li>\n<li>Una enfermedad contagiosa que se adquiere de los compa\u00f1eros de trabajo<\/li>\n<li>Enfermedades a las que est\u00e1 expuesto el p\u00fablico en general<\/li>\n<li>Cualquier enfermedad card\u00edaca no causada por presi\u00f3n gaseosa o por la introducci\u00f3n de materias extra\u00f1as en el cuerpo<\/li>\n<li>Cualquier enfermedad cr\u00f3nica de las articulaciones, como la artritis<\/li>\n<\/ul>\n<p>La claridad de esta ley significa que tienes que hacer un buen trabajo para demostrar c\u00f3mo tu condici\u00f3n est\u00e1 directamente relacionada con tu enfermedad, y c\u00f3mo constituye un \"peligro que excede a los habituales en el trabajo\". En otras palabras, tiene que demostrar que sus condiciones de trabajo habituales le hicieron m\u00e1s propenso a contraer la enfermedad que alguien con un trabajo diferente.<\/p>\n<h2>Abogados de lesiones personales que representan a Charleston y \u00e1reas cercanas de South Carolina<\/h2>\n<p><strong>\u00bfPOR QU\u00c9 CONTRATAR A UN ABOGADO PARA SU RECLAMACI\u00d3N POR ENFERMEDAD PROFESIONAL?<\/strong><br \/>\nCuando\u00a0<a href=\"https:\/\/www.steinberglawfirm.com\/practice-areas\/workers-compensation\/how-to-file-workers-compensation-claim-south-carolina\/\" target=\"_blank\" rel=\"noopener\">presentar una reclamaci\u00f3n de indemnizaci\u00f3n por accidente de trabajo<\/a>\u00a0por una enfermedad de larga duraci\u00f3n, hay muchos factores que podr\u00edan impedirle recibir un pago. Su compa\u00f1\u00eda de seguros de accidentes de trabajo puede intentar argumentar que su condici\u00f3n es el resultado de sus propias elecciones de estilo de vida o de factores externos a su lugar de trabajo.<\/p>\n<p>Una buena <a href=\"https:\/\/www.steinberglawfirm.com\/workers-compensation-report\/\" target=\"_blank\" rel=\"noopener\">South Carolina indemnizaci\u00f3n laboral<\/a> abogado puede darle una mejor oportunidad de refutar estas reclamaciones y asegurar la compensaci\u00f3n que se merece. Con m\u00e1s de 170 a\u00f1os de experiencia combinada, los abogados de Steinberg Law Firm son una excelente opci\u00f3n para su caso de compensaci\u00f3n de trabajadores Charleston. <a href=\"https:\/\/www.steinberglawfirm.com\/contact-us\/\" target=\"_blank\" rel=\"noopener\">Contacto con nosotros<\/a>\u00a0al 843-720-2800 para la revisi\u00f3n gratuita de su caso.<\/p>","protected":false},"excerpt":{"rendered":"<p>South Carolina Abogados de enfermedades profesionales Cuando se trabaja en el mismo puesto durante a\u00f1os y a\u00f1os, el entorno y las condiciones laborales pueden tener efectos a largo plazo que pueden ser perjudiciales para la salud. Si puede demostrar una relaci\u00f3n entre su trabajo y el deterioro de su salud, estas enfermedades profesionales pueden darle derecho a una indemnizaci\u00f3n, y...<\/p>","protected":false},"author":1,"featured_media":0,"parent":8874,"menu_order":0,"comment_status":"closed","ping_status":"closed","template":"","meta":{"_acf_changed":false,"footnotes":""},"class_list":["post-2225","page","type-page","status-publish","hentry"],"acf":[],"_links":{"self":[{"href":"https:\/\/steinberglawfirm-staging.clmcloud.app\/es\/wp-json\/wp\/v2\/pages\/2225"}],"collection":[{"href":"https:\/\/steinberglawfirm-staging.clmcloud.app\/es\/wp-json\/wp\/v2\/pages"}],"about":[{"href":"https:\/\/steinberglawfirm-staging.clmcloud.app\/es\/wp-json\/wp\/v2\/types\/page"}],"author":[{"embeddable":true,"href":"https:\/\/steinberglawfirm-staging.clmcloud.app\/es\/wp-json\/wp\/v2\/users\/1"}],"replies":[{"embeddable":true,"href":"https:\/\/steinberglawfirm-staging.clmcloud.app\/es\/wp-json\/wp\/v2\/comments?post=2225"}],"version-history":[{"count":2,"href":"https:\/\/steinberglawfirm-staging.clmcloud.app\/es\/wp-json\/wp\/v2\/pages\/2225\/revisions"}],"predecessor-version":[{"id":24508,"href":"https:\/\/steinberglawfirm-staging.clmcloud.app\/es\/wp-json\/wp\/v2\/pages\/2225\/revisions\/24508"}],"up":[{"embeddable":true,"href":"https:\/\/steinberglawfirm-staging.clmcloud.app\/es\/wp-json\/wp\/v2\/pages\/8874"}],"wp:attachment":[{"href":"https:\/\/steinberglawfirm-staging.clmcloud.app\/es\/wp-json\/wp\/v2\/media?parent=2225"}],"curies":[{"name":"wp","href":"https:\/\/api.w.org\/{rel}","templated":true}]}}