{"id":2223,"date":"2017-08-16T00:33:27","date_gmt":"2017-08-16T00:33:27","guid":{"rendered":"https:\/\/www.steinberglawfirm.com\/?page_id=2223"},"modified":"2023-02-13T15:55:32","modified_gmt":"2023-02-13T15:55:32","slug":"repetitive-motion-injuries-south-carolina","status":"publish","type":"page","link":"https:\/\/steinberglawfirm-staging.clmcloud.app\/es\/indemnizacion-de-los-trabajadores\/lesiones-por-movimientos-repetitivos-en-carolina-del-sur\/","title":{"rendered":"Lesiones por movimientos repetitivos"},"content":{"rendered":"<h1 class=\"wp-block-heading\">Lesiones por movimientos repetitivos<\/h1>\n\n\n\n<p>Cuando se piensa en&nbsp;<a href=\"https:\/\/www.steinberglawfirm.com\/practice-areas\/workers-compensation\/\" target=\"_blank\" rel=\"noopener\">reclamaciones de indemnizaci\u00f3n de los trabajadores<\/a>Cuando se habla de lesiones, lo m\u00e1s probable es que se piense en lesiones repentinas y violentas que causan da\u00f1os inmediatos en el cuerpo. Sin embargo, ese no es el \u00fanico tipo de lesi\u00f3n indemnizable en virtud de las leyes de compensaci\u00f3n de los trabajadores. Tambi\u00e9n puede presentar una reclamaci\u00f3n por lesiones por movimientos repetitivos, como el s\u00edndrome del t\u00fanel carpiano.<\/p>\n\n\n\n<p>Las lesiones por movimientos repetitivos se rigen por normas ligeramente diferentes de las que se aplican a las lesiones por movimientos repetitivos. <a href=\"https:\/\/www.steinberglawfirm.com\/workers-compensation-report\/\" target=\"_blank\" rel=\"noopener\">lesiones por traumatismo inmediato seg\u00fan la ley South Carolina<\/a>. Si cree que padece una lesi\u00f3n por movimientos repetitivos o traumatismos repetitivos que da derecho a\u00a0<a href=\"https:\/\/www.steinberglawfirm.com\/practice-areas\/social-security-disability\/south-carolina-disability-benefits\/\" target=\"_blank\" rel=\"noopener\">pagos por discapacidad<\/a>P\u00f3ngase en contacto con los abogados de compensaci\u00f3n de trabajadores en Steinberg Law Firm llamando al 843-720-2800 hoy.<\/p>\n\n\n\n<h3 class=\"wp-block-heading\">Causas de las lesiones por movimientos repetitivos<\/h3>\n\n\n\n<p>Las lesiones por movimientos repetitivos pueden producirse en cualquier trabajo que requiera realizar el mismo movimiento una y otra vez. Suelen acumularse con el paso del tiempo y puede que no se manifiesten hasta que, tras semanas o meses de debilitamiento de los tejidos, no puedas realizar tus tareas laborales.<\/p>\n\n\n\n<p><strong>Las tareas que pueden causar lesiones por movimientos repetitivos incluyen<\/strong><\/p>\n\n\n\n<ul class=\"wp-block-list\">\n<li>Escribir en un teclado sin un soporte adecuado para la mu\u00f1eca<\/li>\n\n\n\n<li>Levantamiento repetido al cargar o descargar cajas de env\u00edo<\/li>\n\n\n\n<li>Realizar la misma acci\u00f3n una y otra vez en una l\u00ednea de f\u00e1brica<\/li>\n\n\n\n<li>Escanear art\u00edculos en la l\u00ednea de caja de un supermercado<\/li>\n\n\n\n<li>Sentarse en un escritorio que hace que la espalda se encorve<\/li>\n<\/ul>\n\n\n\n<p>El estr\u00e9s y la falta de descanso pueden agravar a\u00fan m\u00e1s tus lesiones por movimientos repetitivos. Tienes que informar a tu empleador de tu lesi\u00f3n en cuanto empieces a notarla, y acudir a un m\u00e9dico para que confirme la lesi\u00f3n.<\/p>\n\n\n\n<h3 class=\"wp-block-heading\">Plazos de notificaci\u00f3n de las lesiones por movimientos repetitivos<\/h3>\n\n\n\n<p>Los plazos de notificaci\u00f3n de las lesiones por movimientos repetitivos pueden ser un poco m\u00e1s permisivos que los de otros accidentes laborales. Sin embargo, la naturaleza gradual de las lesiones hace que sea a\u00fan m\u00e1s importante que comunique su lesi\u00f3n a su empleador lo antes posible.<\/p>\n\n\n\n<p>Plazos importantes para su lesi\u00f3n por movimientos repetitivos:<\/p>\n\n\n\n<ul class=\"wp-block-list\">\n<li>En el plazo de 90 d\u00edas desde que descubra su lesi\u00f3n, debe informar a su empleador de la misma.<\/li>\n\n\n\n<li>En el plazo de 2 a\u00f1os desde que se descubri\u00f3 la lesi\u00f3n, debe&nbsp;<a href=\"https:\/\/www.steinberglawfirm.com\/practice-areas\/workers-compensation\/how-to-file-workers-compensation-claim-south-carolina\/\" target=\"_blank\" rel=\"noopener\">presentar una reclamaci\u00f3n a la comisi\u00f3n de compensaci\u00f3n de los trabajadores<\/a>.<\/li>\n\n\n\n<li>Su reclamaci\u00f3n debe presentarse en un plazo de 7 a\u00f1os a partir de la \u00faltima fecha de exposici\u00f3n al da\u00f1o, tanto si conoc\u00eda la lesi\u00f3n por movimientos repetitivos como si no.<\/li>\n<\/ul>\n\n\n\n<p>Dado que las lesiones por movimientos repetitivos se producen de forma gradual, los plazos se fijan a partir del d\u00eda en que se descubri\u00f3 la lesi\u00f3n o, para ser m\u00e1s espec\u00edficos, a partir del d\u00eda en que se deber\u00eda haber descubierto la lesi\u00f3n si se hubiera actuado con una diligencia razonable. La vaguedad de esta redacci\u00f3n significa que siempre habr\u00e1 alg\u00fan debate sobre cu\u00e1ndo es realmente el plazo. Por eso es importante que informe a su empresa y presente una reclamaci\u00f3n lo antes posible.<\/p>\n\n\n\n<h2 class=\"wp-block-heading\">Abogados de lesiones personales que representan a Charleston y \u00e1reas cercanas de South Carolina <\/h2>\n\n\n\n<h3 class=\"wp-block-heading\">\n\t\tCompensaci\u00f3n de traumas repetitivos en Charleston, South Carolina\n\t<\/h3>\n\n\n\n<h5 class=\"wp-block-heading\">\n\t\tPara una revisi\u00f3n gratuita de su caso, ll\u00e1menos al 843-720-2800\n\t<\/h5>\n\n\n\n<p>Para que su lesi\u00f3n por movimientos repetitivos le d\u00e9 derecho a una indemnizaci\u00f3n por accidente de trabajo, un miembro de la comisi\u00f3n de indemnizaci\u00f3n por accidente de trabajo debe encontrar una preponderancia de pruebas que relacionen la lesi\u00f3n con su trabajo. Para poder demostrar tu reclamaci\u00f3n, es conveniente que te pongas en manos de un abogado que conozca el proceso de indemnizaci\u00f3n por accidente de trabajo.<\/p>\n\n\n\n<p>En Steinberg Law Firm, contamos con un n\u00famero de abogados completamente capacitados y con experiencia en la presentaci\u00f3n de casos ante la comisi\u00f3n de compensaci\u00f3n laboral. Para concertar una revisi\u00f3n gratuita de su caso para discutir su lesi\u00f3n por movimientos repetitivos,&nbsp;<a href=\"https:\/\/www.steinberglawfirm.com\/contact-us\/\" target=\"_blank\" rel=\"noopener\">contacto con nosotros<\/a> marcando el 843-720-2800 hoy. Servimos a los clientes en Charleston, South Carolina y las \u00e1reas circundantes.<\/p>","protected":false},"excerpt":{"rendered":"<p>Lesiones por movimientos repetitivos Cuando usted piensa en las reclamaciones de indemnizaci\u00f3n de los trabajadores, lo m\u00e1s probable es que piense en las lesiones repentinas y violentas que causan un da\u00f1o inmediato a su cuerpo. Sin embargo, ese no es el \u00fanico tipo de lesi\u00f3n que se puede compensar bajo las leyes de compensaci\u00f3n de los trabajadores. Tambi\u00e9n puedes presentar una reclamaci\u00f3n por lesiones por movimientos repetitivos, como el s\u00edndrome del t\u00fanel carpiano. Los movimientos repetitivos...<\/p>","protected":false},"author":1,"featured_media":15340,"parent":8874,"menu_order":0,"comment_status":"closed","ping_status":"closed","template":"","meta":{"_acf_changed":false,"footnotes":""},"class_list":["post-2223","page","type-page","status-publish","has-post-thumbnail","hentry"],"acf":[],"_links":{"self":[{"href":"https:\/\/steinberglawfirm-staging.clmcloud.app\/es\/wp-json\/wp\/v2\/pages\/2223"}],"collection":[{"href":"https:\/\/steinberglawfirm-staging.clmcloud.app\/es\/wp-json\/wp\/v2\/pages"}],"about":[{"href":"https:\/\/steinberglawfirm-staging.clmcloud.app\/es\/wp-json\/wp\/v2\/types\/page"}],"author":[{"embeddable":true,"href":"https:\/\/steinberglawfirm-staging.clmcloud.app\/es\/wp-json\/wp\/v2\/users\/1"}],"replies":[{"embeddable":true,"href":"https:\/\/steinberglawfirm-staging.clmcloud.app\/es\/wp-json\/wp\/v2\/comments?post=2223"}],"version-history":[{"count":2,"href":"https:\/\/steinberglawfirm-staging.clmcloud.app\/es\/wp-json\/wp\/v2\/pages\/2223\/revisions"}],"predecessor-version":[{"id":24100,"href":"https:\/\/steinberglawfirm-staging.clmcloud.app\/es\/wp-json\/wp\/v2\/pages\/2223\/revisions\/24100"}],"up":[{"embeddable":true,"href":"https:\/\/steinberglawfirm-staging.clmcloud.app\/es\/wp-json\/wp\/v2\/pages\/8874"}],"wp:featuredmedia":[{"embeddable":true,"href":"https:\/\/steinberglawfirm-staging.clmcloud.app\/es\/wp-json\/wp\/v2\/media\/15340"}],"wp:attachment":[{"href":"https:\/\/steinberglawfirm-staging.clmcloud.app\/es\/wp-json\/wp\/v2\/media?parent=2223"}],"curies":[{"name":"wp","href":"https:\/\/api.w.org\/{rel}","templated":true}]}}