{"id":2221,"date":"2017-08-16T00:31:29","date_gmt":"2017-08-16T00:31:29","guid":{"rendered":"https:\/\/www.steinberglawfirm.com\/?page_id=2221"},"modified":"2023-04-04T18:02:39","modified_gmt":"2023-04-04T18:02:39","slug":"construction-accidents","status":"publish","type":"page","link":"https:\/\/steinberglawfirm-staging.clmcloud.app\/es\/indemnizacion-de-los-trabajadores\/accidentes-de-construccion-en-charleston\/","title":{"rendered":"Accidentes en la construcci\u00f3n"},"content":{"rendered":"<h1 class=\"wp-block-heading\">Charleston Abogado de accidentes de la construcci\u00f3n<\/h1>\n\n\n\n<div style=\"height:20px\" aria-hidden=\"true\" class=\"wp-block-spacer\"><\/div>\n\n\n\n<h2 class=\"wp-block-heading\">Abogados de lesiones personales que representan a Charleston y \u00e1reas cercanas de South Carolina <\/h2>\n\n\n\n<p>Como nuestro&nbsp;<a href=\"https:\/\/www.steinberglawfirm.com\/practice-areas\/workers-compensation\/\" target=\"_blank\" rel=\"noopener\">abogados de accidentes de trabajo<\/a>&nbsp;han visto una y otra vez, un trabajo en la construcci\u00f3n puede ser una forma peligrosa de ganarse la vida. Un acto aparentemente insignificante de negligencia por parte de un supervisor o compa\u00f1ero de trabajo puede tener consecuencias que cambian la vida en un instante.<\/p>\n\n\n\n<p>Las v\u00edctimas de un accidente en la construcci\u00f3n normalmente <a href=\"https:\/\/www.steinberglawfirm.com\/workers-compensation-report\/\" target=\"_blank\" rel=\"noopener\">tener derecho a indemnizaci\u00f3n por accidente laboral<\/a>Pero a veces las compa\u00f1\u00edas de seguros se niegan a pagar o el empresario no clasifica el incidente como accidente laboral. En <a href=\"https:\/\/www.steinberglawfirm.com\/attorney\/\" target=\"_blank\" rel=\"noopener\">abogados de accidentes laborales en Steinberg Law Firm<\/a> est\u00e1n encantados de ayudar en estos casos. <a href=\"tel:1-843-720-2800\">Ll\u00e1menos al 843-720-2800<\/a>&nbsp;para una revisi\u00f3n gratuita del caso.<\/p>\n\n\n\n<p><iframe loading=\"lazy\" src=\"https:\/\/www.youtube.com\/embed\/3ejK36PvL9M?rel=0\" width=\"700\" height=\"394\" frameborder=\"0\" allowfullscreen=\"allowfullscreen\"><\/iframe><\/p>\n\n\n\n<h3 class=\"wp-block-heading\">Causas de los accidentes en la construcci\u00f3n<\/h3>\n\n\n\n<p>Un accidente en la construcci\u00f3n le da derecho a recibir una indemnizaci\u00f3n por accidente de trabajo si se produce en el transcurso de sus funciones laborales normales. La responsabilidad civil no suele entrar en&nbsp;<a href=\"https:\/\/www.steinberglawfirm.com\/practice-areas\/workers-compensation\/how-to-file-workers-compensation-claim-south-carolina\/\" target=\"_blank\" rel=\"noopener\">reclamaci\u00f3n de indemnizaci\u00f3n de los trabajadores<\/a>La indemnizaci\u00f3n por accidente de tr\u00e1fico: se le paga la misma cantidad, independientemente de qui\u00e9n haya tenido la culpa o qu\u00e9 haya causado el accidente.<\/p>\n\n\n\n<p>Estos accidentes pueden provocar lesiones graves o incluso&nbsp;<a href=\"https:\/\/www.steinberglawfirm.com\/practice-areas\/wrongful-death\/\" target=\"_blank\" rel=\"noopener\">muerte de trabajadores de la construcci\u00f3n<\/a>. En tales casos, contratar a un abogado es una forma inteligente de protegerse frente a aseguradoras o empresarios que intenten aprovecharse de usted en un momento vulnerable.<\/p>\n\n\n\n<h3 class=\"wp-block-heading\">\n\t\tAlgunos ejemplos comunes de accidentes en la construcci\u00f3n son\n\t<\/h3>\n\n\n\n<ul class=\"wp-block-list\">\n<li><a href=\"https:\/\/www.steinberglawfirm.com\/workers-compensation\/construction-accidents\/fall-from-roof-injury\/\" target=\"_blank\" rel=\"noopener\">Resbalar y caer de un andamio<\/a><\/li>\n\n\n\n<li><a href=\"https:\/\/www.steinberglawfirm.com\/articles\/dangers-of-electrocution\/\" target=\"_blank\" rel=\"noopener\">Electrocuci\u00f3n por cableado defectuoso<\/a><\/li>\n\n\n\n<li>Materiales que caen<\/li>\n\n\n\n<li><a href=\"https:\/\/www.steinberglawfirm.com\/workers-compensation\/workers-compensation-for-hand-tool-injuries-in-south-carolina\/\" target=\"_blank\" rel=\"noopener\">Lesiones por herramientas el\u00e9ctricas<\/a><\/li>\n\n\n\n<li><a href=\"https:\/\/www.steinberglawfirm.com\/personal-injury\/auto-accidents\/\" target=\"_blank\" rel=\"noopener\">Ser atropellado por un veh\u00edculo<\/a><\/li>\n\n\n\n<li>Vertidos qu\u00edmicos<\/li>\n\n\n\n<li>Explosiones<\/li>\n\n\n\n<li>Accidentes de gr\u00faa<\/li>\n\n\n\n<li>Colapso de la zanja<\/li>\n<\/ul>\n\n\n\n<h3 class=\"wp-block-heading\">Responsabilidad de terceros en accidentes de construcci\u00f3n <\/h3>\n\n\n\n<p>Si su empleador est\u00e1 de acuerdo en que su lesi\u00f3n estaba relacionada con el trabajo y le da la compensaci\u00f3n de los trabajadores, es dif\u00edcil seguir con \u00e9xito una demanda contra ellos en la mayor\u00eda de los casos. Sin embargo, otras partes del accidente podr\u00edan ser consideradas responsables de sus lesiones, y no est\u00e1n protegidas por las leyes de compensaci\u00f3n de los trabajadores.<\/p>\n\n\n\n<p><strong>Algunas partes que pueden ser parcialmente responsables de su accidente:<\/strong><\/p>\n\n\n\n<ul class=\"wp-block-list\">\n<li>Fabricantes de&nbsp;<a href=\"https:\/\/www.steinberglawfirm.com\/practice-areas\/dangerous-products\/\" target=\"_blank\" rel=\"noopener\">productos defectuosos<\/a>&nbsp;o equipos en la obra<\/li>\n\n\n\n<li>Subcontratistas o proveedores negligentes<\/li>\n\n\n\n<li>Arquitectos o ingenieros que han creado dise\u00f1os defectuosos<\/li>\n\n\n\n<li>Proveedores que no aseguran adecuadamente su producto<\/li>\n<\/ul>\n\n\n\n<p>Si \u00e9stas u otras partes causaron su lesi\u00f3n por acci\u00f3n directa o negligencia, usted puede tener una demanda contra ellas, y posiblemente tambi\u00e9n contra sus empleadores. Las obras de construcci\u00f3n son lugares muy concurridos, con muchas personas y equipos trabajando juntos, y puede ser dif\u00edcil decidir d\u00f3nde est\u00e1 la culpa realmente sin alguna ayuda externa.<\/p>\n\n\n\n<h3 class=\"wp-block-heading\">\n\t\tSouth Carolina's Abogados de lesiones en la construcci\u00f3n\n\t<\/h3>\n\n\n\n<p><strong> Para una revisi\u00f3n gratuita de su caso, ll\u00e1menos al 843-720-2800 <\/strong><\/p>\n\n\n\n<p>El <a href=\"https:\/\/www.steinberglawfirm.com\/\" target=\"_blank\" rel=\"noopener\">Steinberg Law Firm<\/a> tiene la experiencia jur\u00eddica necesaria con <a href=\"https:\/\/www.steinberglawfirm.com\/workers-compensation\/\" target=\"_blank\" rel=\"noopener\">indemnizaci\u00f3n por accidente de trabajo<\/a> y&nbsp;<a href=\"https:\/\/www.steinberglawfirm.com\/practice-areas\/personal-injury\/\" target=\"_blank\" rel=\"noopener\">derecho de da\u00f1os personales<\/a>&nbsp;para luchar por su justa indemnizaci\u00f3n seg\u00fan la ley. Cuando tienes que depender de empresas grandes y posiblemente deshonestas para la asistencia financiera que necesitas desesperadamente, es una buena idea tener profesionales en tu esquina, y queremos ser los profesionales que te ayudar\u00e1n a obtener lo que mereces.<\/p>\n\n\n\n<p>A <a href=\"https:\/\/www.steinberglawfirm.com\/free-consultation\/\" target=\"_blank\" rel=\"noopener\">solicite una revisi\u00f3n gratuita de su caso<\/a> con los abogados de accidentes de la construcci\u00f3n del Steinberg Law Firm, <a href=\"tel:1-843-720-2800\">ll\u00e1menos al 843-720-2800<\/a>&nbsp;o&nbsp;<a href=\"https:\/\/www.steinberglawfirm.com\/contact-us\/\" target=\"_blank\" rel=\"noopener\">contacto con nosotros<\/a>&nbsp;rellenando un formulario en l\u00ednea. Tenemos oficinas en <a href=\"https:\/\/www.steinberglawfirm.com\/office-locations\/charleston-office\/\" target=\"_blank\" rel=\"noopener\">Charleston<\/a>, <a href=\"https:\/\/www.steinberglawfirm.com\/office-locations\/summerville-office\/\" target=\"_blank\" rel=\"noopener\">Summerville<\/a>y <a href=\"https:\/\/www.steinberglawfirm.com\/office-locations\/goose-creek-office\/\" target=\"_blank\" rel=\"noopener\">Goose Creek<\/a>y estamos orgullosos de <a href=\"https:\/\/www.steinberglawfirm.com\/locations\/\" target=\"_blank\" rel=\"noopener\">atender a clientes en todo el estado de South Carolina<\/a>.<\/p>","protected":false},"excerpt":{"rendered":"<p>Charleston Abogado de accidentes de construcci\u00f3n Abogados de lesiones personales que representan Charleston y \u00e1reas cercanas de South Carolina Como nuestros abogados de accidentes de trabajo han visto una y otra vez, un trabajo en la construcci\u00f3n puede ser una forma peligrosa de ganarse la vida. Un acto aparentemente insignificante de negligencia por parte de un supervisor o compa\u00f1ero de trabajo puede tener consecuencias que cambian la vida ...<\/p>","protected":false},"author":1,"featured_media":24491,"parent":8874,"menu_order":0,"comment_status":"closed","ping_status":"closed","template":"","meta":{"_acf_changed":false,"footnotes":""},"class_list":["post-2221","page","type-page","status-publish","has-post-thumbnail","hentry"],"acf":[],"_links":{"self":[{"href":"https:\/\/steinberglawfirm-staging.clmcloud.app\/es\/wp-json\/wp\/v2\/pages\/2221"}],"collection":[{"href":"https:\/\/steinberglawfirm-staging.clmcloud.app\/es\/wp-json\/wp\/v2\/pages"}],"about":[{"href":"https:\/\/steinberglawfirm-staging.clmcloud.app\/es\/wp-json\/wp\/v2\/types\/page"}],"author":[{"embeddable":true,"href":"https:\/\/steinberglawfirm-staging.clmcloud.app\/es\/wp-json\/wp\/v2\/users\/1"}],"replies":[{"embeddable":true,"href":"https:\/\/steinberglawfirm-staging.clmcloud.app\/es\/wp-json\/wp\/v2\/comments?post=2221"}],"version-history":[{"count":6,"href":"https:\/\/steinberglawfirm-staging.clmcloud.app\/es\/wp-json\/wp\/v2\/pages\/2221\/revisions"}],"predecessor-version":[{"id":24503,"href":"https:\/\/steinberglawfirm-staging.clmcloud.app\/es\/wp-json\/wp\/v2\/pages\/2221\/revisions\/24503"}],"up":[{"embeddable":true,"href":"https:\/\/steinberglawfirm-staging.clmcloud.app\/es\/wp-json\/wp\/v2\/pages\/8874"}],"wp:featuredmedia":[{"embeddable":true,"href":"https:\/\/steinberglawfirm-staging.clmcloud.app\/es\/wp-json\/wp\/v2\/media\/24491"}],"wp:attachment":[{"href":"https:\/\/steinberglawfirm-staging.clmcloud.app\/es\/wp-json\/wp\/v2\/media?parent=2221"}],"curies":[{"name":"wp","href":"https:\/\/api.w.org\/{rel}","templated":true}]}}