{"id":2219,"date":"2017-08-16T00:29:59","date_gmt":"2017-08-16T00:29:59","guid":{"rendered":"https:\/\/www.steinberglawfirm.com\/?page_id=2219"},"modified":"2021-04-23T03:47:53","modified_gmt":"2021-04-23T03:47:53","slug":"south-carolina-disability-benefits","status":"publish","type":"page","link":"https:\/\/steinberglawfirm-staging.clmcloud.app\/es\/social-security-disability\/carolina-sur-prestaciones-de-invalidez\/","title":{"rendered":"Categor\u00edas de prestaciones por discapacidad"},"content":{"rendered":"<h1 class=\"wp-block-heading\">Categor\u00edas de prestaciones por incapacidad para la compensaci\u00f3n de los trabajadores<\/h1>\n\n\n\n<h2 class=\"wp-block-heading\">Abogados de lesiones personales que representan a Charleston y \u00e1reas cercanas de South Carolina<\/h2>\n\n\n\n<p>\nParte del acuerdo impl\u00edcito en cualquier&nbsp;<a href=\"https:\/\/www.steinberglawfirm.com\/practice-areas\/workers-compensation\/\" target=\"_blank\" rel=\"noopener\">indemnizaci\u00f3n por accidente de trabajo<\/a>&nbsp;es que el perjudicado sea debidamente indemnizado por cualquier incapacidad sufrida por un accidente de trabajo. En el South Carolina se utilizan dos criterios principales para determinar la indemnizaci\u00f3n: si su incapacidad es temporal o permanente, y si es parcial o total. Esta determinaci\u00f3n puede suponer una gran diferencia en lo que usted recibe.\n\nSi se ha lesionado en el transcurso de su trabajo y est\u00e1 pensando en presentar una reclamaci\u00f3n de indemnizaci\u00f3n laboral, los abogados especializados en lesiones laborales de Charleston est\u00e1n a su disposici\u00f3n. Desde&nbsp;<a href=\"https:\/\/www.steinberglawfirm.com\/practice-areas\/workers-compensation\/how-to-file-workers-compensation-claim-south-carolina\/\" target=\"_blank\" rel=\"noopener\">ayudarle a presentar su reclamaci\u00f3n<\/a>&nbsp;hasta representarlo en una audiencia, podemos ayudar con cada paso del proceso. Ll\u00e1menos al 843-720-2800 para una revisi\u00f3n gratuita de su caso.\n\n&nbsp;\n\n<\/p>\n\n\n\n<iframe loading=\"lazy\" src=\"https:\/\/www.youtube.com\/embed\/3ejK36PvL9M?rel=0\" width=\"700\" height=\"394\" frameborder=\"0\" allowfullscreen=\"allowfullscreen\"><\/iframe>\n\n\n\n<h3 class=\"wp-block-heading\">Salario medio semanal en South Carolina<\/h3>\n\n\n\n<p>\nEn el estado de South Carolina, sus prestaciones se calculan en funci\u00f3n de su salario medio semanal. El Estado determina su salario medio semanal calculando cu\u00e1nto ha ganado, de media, cada semana durante los \u00faltimos cuatro trimestres fiscales. Por lo general, se le pagar\u00e1n 2\/3 de su salario medio semanal durante el tiempo que est\u00e9 incapacitado.\n\nEl South Carolina impone dos restricciones al salario medio semanal. En primer lugar, si se calcula que su salario medio semanal es inferior a $75, se le pagar\u00e1 su salario completo mientras est\u00e9 incapacitado. En segundo lugar, si 2\/3 de su salario medio semanal son superiores al salario medio semanal del estado de South Carolina, su incapacidad se reducir\u00e1 para que s\u00f3lo se le pague la media del estado.\n\n<\/p>\n\n\n\n<h3 class=\"wp-block-heading\">Discapacidad total<\/h3>\n\n\n\n<p>\nCuando sus lesiones le impiden trabajar por completo, puede optar a la incapacidad total. La incapacidad total le proporciona 2\/3 de su salario medio semanal durante un m\u00e1ximo de 500 semanas. El alcance de sus lesiones tambi\u00e9n puede afectar a sus prestaciones. De acuerdo con la ley South Carolina, usted tiene derecho a las prestaciones por incapacidad total temporal si su lesi\u00f3n provoca alguna de las siguientes situaciones:\n<\/p>\n\n\n\n<ul class=\"wp-block-list\"><li>Perder el uso de ambas manos<\/li><li>Perder el uso de ambos brazos<\/li><li>Perder el uso de ambos pies<\/li><li>Perder el uso de ambas piernas<\/li><li>Perder el uso de ambas caderas<\/li><li>Perder la visi\u00f3n en ambos ojos<\/li><li>Perder dos de los anteriores (por ejemplo, el uso de una mano y un pie)<\/li><li>Perder el uso de ambos hombros<\/li><\/ul>\n\n\n\n<p>\nSi sus lesiones son permanentes, puede optar a las prestaciones totales permanentes y recibir 2\/3 de su salario medio semanal durante todo el periodo de 500 semanas. Sin embargo, si sus lesiones le han dejado&nbsp;<a href=\"https:\/\/www.steinberglawfirm.com\/practice-areas\/serious-injury-cases\/traumatic-brain-injury\/\" target=\"_blank\" rel=\"noopener\">da\u00f1os cerebrales<\/a>o le han dejado parapl\u00e9jico o tetrapl\u00e9jico, no hay l\u00edmite de tiempo: debe recibir las prestaciones durante el resto de su vida.\n<\/p>\n\n\n\n<h3 class=\"wp-block-heading\">Incapacidad parcial<\/h3>\n\n\n\n<p>\nAl igual que en el caso de la incapacidad total, las prestaciones por incapacidad parcial se pagan en funci\u00f3n de si las lesiones son permanentes o temporales. Dado que las incapacidades parciales permanentes suelen referirse a la p\u00e9rdida de alguna parte del cuerpo, ya sea por da\u00f1o nervioso o&nbsp;<a href=\"https:\/\/www.steinberglawfirm.com\/practice-areas\/serious-injury-cases\/traumatic-amputation-injuries\/\" target=\"_blank\" rel=\"noopener\">amputaci\u00f3n<\/a>Las leyes estatales especifican una indemnizaci\u00f3n por la p\u00e9rdida permanente de cada parte del cuerpo. Una vez m\u00e1s, los pagos por incapacidad se calculan como 2\/3 de su salario medio semanal.\n\n<strong>Algunos ejemplos de prestaciones por incapacidad permanente parcial son:<\/strong><\/p>\n\n\n\n<ul class=\"wp-block-list\"><li>65 semanas de pago por perder un pulgar<\/li><li>32 semanas para perder un dedo gordo del pie<\/li><li>10 semanas por perder cualquier otro dedo del pie<\/li><li>220 semanas por perder un brazo<\/li><li>195 semanas por perder una pierna<\/li><li>300 semanas para perder 1-49% del uso de la espalda<\/li><li>140 semanas por perder la visi\u00f3n en un ojo (o perder el ojo)<\/li><\/ul>\n\n\n\n<p>\nSi su incapacidad parcial es temporal, puede optar a las prestaciones por incapacidad parcial temporal. Estas prestaciones le pagan 2\/3 de su salario medio semanal durante un m\u00e1ximo de 340 semanas. Una vez que se recupere de su lesi\u00f3n, es posible que desee volver a trabajar por un salario completo, y sus pagos por incapacidad temporal cesar\u00e1n cuando empiece a trabajar de nuevo.\n<\/p>","protected":false},"excerpt":{"rendered":"<p>Categor\u00edas de beneficios por incapacidad para la compensaci\u00f3n de los trabajadores Abogados de lesiones personales que representan a Charleston y \u00e1reas cercanas de South Carolina Parte del acuerdo impl\u00edcito en cualquier caso de compensaci\u00f3n de los trabajadores es que la parte lesionada ser\u00e1 compensada adecuadamente por cualquier incapacidad incurrida por una lesi\u00f3n laboral. En South Carolina, se utilizan dos criterios principales para determinar la compensaci\u00f3n: si su...<\/p>","protected":false},"author":1,"featured_media":15040,"parent":173,"menu_order":0,"comment_status":"closed","ping_status":"closed","template":"","meta":{"_acf_changed":false,"footnotes":""},"class_list":["post-2219","page","type-page","status-publish","has-post-thumbnail","hentry"],"acf":[],"_links":{"self":[{"href":"https:\/\/steinberglawfirm-staging.clmcloud.app\/es\/wp-json\/wp\/v2\/pages\/2219"}],"collection":[{"href":"https:\/\/steinberglawfirm-staging.clmcloud.app\/es\/wp-json\/wp\/v2\/pages"}],"about":[{"href":"https:\/\/steinberglawfirm-staging.clmcloud.app\/es\/wp-json\/wp\/v2\/types\/page"}],"author":[{"embeddable":true,"href":"https:\/\/steinberglawfirm-staging.clmcloud.app\/es\/wp-json\/wp\/v2\/users\/1"}],"replies":[{"embeddable":true,"href":"https:\/\/steinberglawfirm-staging.clmcloud.app\/es\/wp-json\/wp\/v2\/comments?post=2219"}],"version-history":[{"count":3,"href":"https:\/\/steinberglawfirm-staging.clmcloud.app\/es\/wp-json\/wp\/v2\/pages\/2219\/revisions"}],"predecessor-version":[{"id":15298,"href":"https:\/\/steinberglawfirm-staging.clmcloud.app\/es\/wp-json\/wp\/v2\/pages\/2219\/revisions\/15298"}],"up":[{"embeddable":true,"href":"https:\/\/steinberglawfirm-staging.clmcloud.app\/es\/wp-json\/wp\/v2\/pages\/173"}],"wp:featuredmedia":[{"embeddable":true,"href":"https:\/\/steinberglawfirm-staging.clmcloud.app\/es\/wp-json\/wp\/v2\/media\/15040"}],"wp:attachment":[{"href":"https:\/\/steinberglawfirm-staging.clmcloud.app\/es\/wp-json\/wp\/v2\/media?parent=2219"}],"curies":[{"name":"wp","href":"https:\/\/api.w.org\/{rel}","templated":true}]}}