{"id":2217,"date":"2017-08-16T00:22:21","date_gmt":"2017-08-16T00:22:21","guid":{"rendered":"https:\/\/www.steinberglawfirm.com\/?page_id=2217"},"modified":"2023-08-10T23:23:47","modified_gmt":"2023-08-10T23:23:47","slug":"how-to-file-workers-compensation-claim-south-carolina","status":"publish","type":"page","link":"https:\/\/steinberglawfirm-staging.clmcloud.app\/es\/indemnizacion-de-los-trabajadores\/como-presentar-una-reclamacion-de-indemnizacion-laboral-en-carolina-del-sur\/","title":{"rendered":"C\u00f3mo presentar una reclamaci\u00f3n de indemnizaci\u00f3n laboral en South Carolina"},"content":{"rendered":"<h4>\n\t\t\t\tSin honorarios a menos que gane\n\t\t\t<\/h4>\n\t\t\t\t<img decoding=\"async\" src=\"https:\/\/www.steinberglawfirm.com\/wp-content\/uploads\/2021\/03\/quote-yellow.svg\" alt=\"Icono de comillas\" title=\"cita-amarilla\" itemprop=\"image\"\/>\n\t\t<h1>Presentar una reclamaci\u00f3n<\/h1>\t\t\t\n\t\t\t\t<p>Le digo a la gente cuando viene a mi oficina que tenemos cuatro objetivos, es darle la mejor atenci\u00f3n m\u00e9dica que podamos conseguir, para asegurarnos de que le tenemos protegido m\u00e9dicamente en el futuro, para que vuelva al trabajo, y maximizar su recuperaci\u00f3n. - Tom White<\/p>\n\t\t\t<a href=\"\" target=\"_self\" rel=\"noopener\">\n\t\t\t\t\t\t\tOBTENGA UNA CONSULTA GRATUITA\n\t\t\t\t\t<\/a>\n<h3>\n\t\tObtenci\u00f3n de resultados\n\t<\/h3>\n<h4>\n\t\t$3.2 Millones\n\t<\/h4>\n<h5>\n\t\tAcuerdo de indemnizaci\u00f3n por accidente de trabajo para un cliente paralizado tras ser operado por levantar una pesada balanza\n\t<\/h5>\n<h2>\n\t\tC\u00f3mo ayudamos\n\t<\/h2>\n\t<p>Las normas que rigen <a href=\"https:\/\/www.steinberglawfirm.com\/practice-areas\/workers-compensation\/\" target=\"_blank\" rel=\"noopener\">indemnizaci\u00f3n por accidente de trabajo<\/a>\u00a0var\u00edan de un estado a otro, y es importante saber c\u00f3mo funcionar\u00e1 el proceso para usted.<\/p>\n<h6>\n\t\tPara una revisi\u00f3n gratuita del caso, ll\u00e1menos al 843-720-2800.\n\t<\/h6>\n\t<h4>\n\t\t\t\tNuestra dedicaci\u00f3n se refleja en los resultados.\n\t\t\t<\/h4>\n<h3>\n\t\tUn equipo a su lado\n\t<\/h3>\n<h1>\n\t\tC\u00f3mo presentar una reclamaci\u00f3n de indemnizaci\u00f3n laboral en South Carolina\n\t<\/h1>\n<h2>\n\t\tAbogados de lesiones personales que representan a Charleston y \u00e1reas cercanas de South Carolina\n\t<\/h2>\n\t<meta itemprop=\"name\" content=\"Workers&#039; Comp Claims Are Complicated. Get The Firm Behind You\" \/><meta itemprop=\"uploadDate\" content=\"2023-08-10\" \/><meta itemprop=\"thumbnailUrl\" content=\"https:\/\/www.steinberglawfirm.com\/wp-content\/uploads\/2023\/08\/Workers-Comp-Claims-Are-Complicated-Get-The-Firm-Behind-You-YouTube.png\" \/><meta itemprop=\"description\" content=\"Workers&#039; compensation claims are complicated. They shouldn&#039;t be, but they are. People are afraid about what to do when they&#039;re injured on the job. The Steinberg Law Firm has been helping injured workers for almost 100 years. Don&#039;t be scared or ignored, we&#039;re here to help you. Call us, the consultation is always free and you don&#039;t pay anything unless you collect. Call the Steinberg Law Firm, and Get The Firm Behind You.\" \/><meta itemprop=\"contentUrl\" content=\"https:\/\/www.steinberglawfirm.com\/workers-compensation\/\" \/><meta itemprop=\"embedUrl\" content=\"https:\/\/www.youtube.com\/embed\/Y8Gp8slO0oE\" \/><iframe loading=\"lazy\" width=\"560\" height=\"315\" src=\"https:\/\/www.youtube.com\/embed\/Y8Gp8slO0oE\" title=\"Reproductor de v\u00eddeo de YouTube\" frameborder=\"0\" allow=\"accelerometer; autoplay; clipboard-write; encrypted-media; gyroscope; picture-in-picture; web-share\" allowfullscreen><\/iframe>\n\t\t\t\t<img decoding=\"async\" src=\"https:\/\/www.steinberglawfirm.com\/wp-content\/uploads\/2021\/03\/quote-blue-outline.svg\" alt=\"quote-blue-outline\" title=\"quote-blue-outline\" itemprop=\"image\"\/>\n\t\t<h5>Puede confiar en nuestros clientes:<\/h5>\t\t\t\n\t\t\t\t<p>Yo calificar\u00eda a Steinberg Law Firm como el n\u00famero uno. Su dedicaci\u00f3n y compromiso incansable con sus clientes es lo que un cliente necesita y espera cuando se trata de lesiones personales en el lugar de trabajo. Su experiencia con la compensaci\u00f3n de los trabajadores es invaluable y resulta en forzar al empleador y a su seguro a tratar al cliente de manera justa. - Debra<\/p>\n\t<p>En Steinberg Law Firm, nos ocupamos de la normativa de compensaci\u00f3n de los trabajadores de South Carolina todo el tiempo, y estamos encantados de compartir nuestros conocimientos con las personas que se han lesionado recientemente en el trabajo y necesitan presentar una reclamaci\u00f3n.<\/p>\n\t<p>Los pasos que se enumeran a continuaci\u00f3n proporcionan una buena idea de los plazos y las normas que debe esperar al solicitar la indemnizaci\u00f3n por accidente de trabajo. Sin embargo, es posible que las circunstancias de su caso hagan que el proceso sea m\u00e1s complicado. Para ayudarle a entender todas sus opciones, p\u00f3ngase en contacto con los abogados de compensaci\u00f3n de trabajadores de\u00a0<a href=\"https:\/\/www.steinberglawfirm.com\/attorneys\/\" target=\"_blank\" rel=\"noopener\">Steinberg Law Firm<\/a>\u00a0llamando al 843-720-2800. Revisaremos su caso de forma gratuita y le ayudaremos a decidir qu\u00e9 hacer a continuaci\u00f3n.<\/p>\n<h3>\n\t\tResponder a sus preguntas\n\t<\/h3>\n<h4>\n\t\tMe he lesionado en el trabajo. \u00bfQu\u00e9 debo hacer primero?\n\t<\/h4>\n\t\t\t\t<img decoding=\"async\" src=\"https:\/\/www.steinberglawfirm.com\/wp-content\/uploads\/2021\/03\/question-blue-outline.svg\" alt=\"question-blue-outline\" title=\"question-blue-outline\" itemprop=\"image\"\/>\n\t\t<h3>Informe a su empleador de su lesi\u00f3n<\/h3>\t\t\t\n\t\t\t\t<p>Si se ha lesionado en el trabajo, su primera prioridad es buscar tratamiento m\u00e9dico para su lesi\u00f3n. Una vez que su lesi\u00f3n haya recibido atenci\u00f3n m\u00e9dica, debe informar a su empleador lo antes posible, preferiblemente por escrito. South Carolina establece que debe informar a su empresario en un plazo de 90 d\u00edas desde la lesi\u00f3n para recibir las prestaciones.<\/p>\n<h3>\n\t\tInformar de un accidente de trabajo\n\t<\/h3>\n<h3>\n\t\tPuede tener m\u00e1s de 90 d\u00edas para informar de una lesi\u00f3n si:\n\t<\/h3>\n\t<ul>\n<li>Si la lesi\u00f3n te incapacit\u00f3 f\u00edsica o mentalmente (por ejemplo, si la lesi\u00f3n te dej\u00f3 en coma).<\/li>\n<listyle=\"margin-bottom:15px;\">Usted tiene un\u00a0<a href=\"https:\/\/www.steinberglawfirm.com\/repetitive-motion-injuries-south-carolina\" target=\"_blank\" rel=\"noopener\">lesi\u00f3n por movimientos repetitivos<\/a>\u00a0(por ejemplo, el s\u00edndrome del t\u00fanel carpiano).\n<li>Si puede demostrar que su empleador ya conoce el accidente.<\/li>\n<li>Si puede demostrar que se le impidi\u00f3 informar a su empleador mediante fraude.<\/li>\n<\/ul>\n\t<p>Si se lesion\u00f3 en el trabajo pero no notific\u00f3 a su empleador por alguna raz\u00f3n, debe visitar a un abogado especialista en compensaci\u00f3n laboral para ver cu\u00e1les son sus opciones. En general, muchas pruebas f\u00edsicas son \u00fatiles para su caso. Conserve copias de su historial m\u00e9dico tras el accidente y, si notifica a su empleador por escrito, guarde una copia de la carta.<\/p>\n\t<h4>\n\t\t\t\tSiempre al servicio de nuestros clientes\n\t\t\t<\/h4>\n<h3>\n\t\tPresentar una reclamaci\u00f3n tras un accidente laboral\n\t<\/h3>\n<h4>\n\t\tDespu\u00e9s de notificar a su empresa su lesi\u00f3n laboral, tendr\u00e1 dos a\u00f1os para presentar una reclamaci\u00f3n de indemnizaci\u00f3n por accidente de trabajo.\n\t<\/h4>\n\t<p>Sin embargo, lo ideal es que su empresa presente una reclamaci\u00f3n en su nombre. Dispone de 10 d\u00edas a partir del d\u00eda en que le informas de tu lesi\u00f3n para presentar una reclamaci\u00f3n a la Comisi\u00f3n de Compensaci\u00f3n de los Trabajadores. De lo contrario, la presentaci\u00f3n de una reclamaci\u00f3n depender\u00e1 de ti o de tu abogado.<\/p>\n<p>Es posible que tenga que presentar una reclamaci\u00f3n usted mismo si:<\/p>\n<ul>\n<li>Su empleador niega la responsabilidad de su lesi\u00f3n.<\/li>\n<li>Su empresa no informa de su lesi\u00f3n en el plazo de 10 d\u00edas.<\/li>\n<li>Cree que no ha recibido todas las prestaciones que le corresponden.<\/li>\n<\/ul>\n<h2>\n\t\tConsultas gratuitas\n\t<\/h2>\n\t<p><strong>No hay ning\u00fan inconveniente en que se respondan sus preguntas. La consulta inicial es gratuita.<\/strong><\/p>\n<p>Un abogado especialista en compensaci\u00f3n laboral es especialmente \u00fatil en los casos en los que su empleador cuestiona su lesi\u00f3n o se niega a informarla. Conseguir la compensaci\u00f3n de los trabajadores es dif\u00edcil cuando su empleador se niega a cooperar, pero una representaci\u00f3n legal efectiva puede asegurar que sus derechos bajo la ley estatal no sean violados.<\/p>\n\t\t\t<a href=\"\" target=\"_self\" rel=\"noopener\">\n\t\t\t\t\t\t\tDiscuta su caso\n\t\t\t\t\t<\/a>\n<h3>\n\t\tRecibir prestaciones por su lesi\u00f3n\n\t<\/h3>\n\t<p><strong>La mayor\u00eda de los empleados de South Carolina tienen beneficios de compensaci\u00f3n laboral.<\/strong><\/p>\n<p>Una vez recibida su reclamaci\u00f3n, se revisar\u00e1 y se le recompensar\u00e1n las prestaciones seg\u00fan la decisi\u00f3n de la comisi\u00f3n. Las prestaciones se calculan en funci\u00f3n de la naturaleza de la lesi\u00f3n que reciba, y hay un periodo de espera de siete d\u00edas antes de que pueda empezar a recibir las prestaciones.<\/p>\n<p>En general, las prestaciones cubren los gastos m\u00e9dicos y dos tercios del salario medio, y terminan despu\u00e9s de un tiempo determinado, seg\u00fan la lesi\u00f3n, o cuando el m\u00e9dico le autoriza a volver al trabajo.<\/p>\n<h3>Solicitar una audiencia de indemnizaci\u00f3n por accidente de trabajo<\/h3>\n<p>Cuando la Comisi\u00f3n de Indemnizaci\u00f3n por Accidentes de Trabajo le devuelve su reclamaci\u00f3n, las noticias pueden no ser buenas. La comisi\u00f3n puede haber subestimado sus lesiones o haber malinterpretado la naturaleza de su trabajo y haberle concedido menos de lo que usted cree que tiene derecho. En estos casos, tienes derecho a una audiencia en la que puedes argumentar tu caso ante la comisi\u00f3n.<\/p>\n<p>En una audiencia de indemnizaci\u00f3n de los trabajadores, un abogado con experiencia puede:<\/p>\n<ul>\n<li>Interrogar a los testigos en la audiencia<\/li>\n<li>Recopilar y presentar pruebas antes de la audiencia<\/li>\n<li>Guiarle en el proceso de declaraci\u00f3n<\/li>\n<li>Recurrir la decisi\u00f3n si la comisi\u00f3n decide en su contra<\/li>\n<li>Presentar a la comisi\u00f3n los discursos de apertura y de clausura<\/li>\n<li>Ayudarle a prepararse para la audiencia<\/li>\n<\/ul>\n<p>Aqu\u00ed es donde un buen abogado de compensaci\u00f3n de trabajadores puede ser realmente \u00fatil. En Steinberg Law Firm, nuestros abogados tienen mucha experiencia con las audiencias de compensaci\u00f3n de los trabajadores, y pueden ayudarle a reunir pruebas, presentar los formularios correctos, y presentar su caso ante la comisi\u00f3n.<\/p>\n<h3>\n\t\t\u00c1reas de pr\u00e1ctica\n\t<\/h3>\n<h3>\n\t\tResultados\n\t<\/h3>\n<h6>\n\t\tHEMOS RECUPERADO M\u00c1S DE $500 MILLONES PARA CLIENTES EN LOS \u00daLTIMOS 10 A\u00d1OS, INCLUYENDO:\n\t<\/h6>\n<h4>\n\t\t$1.0 Millones\n\t<\/h4>\n<h5>\n\t\tReclamaci\u00f3n de horas extras y salarios no pagados\n\t<\/h5>\n<h6>\n\t\tConfianza - The Steinberg Law Firm\n\t<\/h6>\n\t\t<img decoding=\"async\" src=\"https:\/\/www.steinberglawfirm.com\/wp-content\/uploads\/2021\/03\/play.svg\" alt=\"Bot\u00f3n de reproducci\u00f3n\" title=\"\">\n\t<h4>\n\t\t\t\tC\u00f3mo elegir el Steinberg Law Firm\n\t\t\t<\/h4>\n<h3>\n\t\tApelaci\u00f3n de una decisi\u00f3n\n\t<\/h3>\n\t<p>Por \u00faltimo, si no est\u00e1 de acuerdo con la decisi\u00f3n a la que llega la Comisi\u00f3n de Indemnizaci\u00f3n por Accidentes de Trabajo South Carolina para su caso, su abogado de indemnizaci\u00f3n por accidentes de trabajo puede ayudarle a apelar la decisi\u00f3n. Usted debe presentar esta apelaci\u00f3n dentro de los 14 d\u00edas siguientes a la recepci\u00f3n de la sentencia inicial de la comisi\u00f3n. Su apelaci\u00f3n se har\u00e1 ante un panel de tres comisionados.<\/p>\n<p>Es posible que ya haya intentado representarse a s\u00ed mismo en la audiencia, y haya tenido dificultades para exponer su caso de manera que la comisi\u00f3n lo encuentre persuasivo. Si a\u00fan no ha contratado un abogado para su caso de compensaci\u00f3n de trabajadores, es una buena idea hacerlo antes de su apelaci\u00f3n. Usted tiene un n\u00famero limitado de tribunales para apelar, y cuanto antes consiga un abogado para ayudar con su caso, mejores ser\u00e1n sus posibilidades de recibir una compensaci\u00f3n sustancial por su lesi\u00f3n laboral.<\/p>\n<h3>\n\t\tEl Steinberg Law Firm est\u00e1 aqu\u00ed para ayudar\n\t<\/h3>\n\t<p>Si usted quiere un abogado experimentado y profesional para estar a su lado durante todo el proceso de compensaci\u00f3n de los trabajadores, o si su reclamo de compensaci\u00f3n de los trabajadores est\u00e1 siendo retenido por un empleador, aseguradora, o solicitud de audiencia, Steinberg Law Firm traer\u00e1 nuestra considerable reputaci\u00f3n y experiencia para influir en su caso de compensaci\u00f3n de los trabajadores. Nos esforzamos por luchar por nuestros clientes y trataremos su reclamaci\u00f3n de indemnizaci\u00f3n como si nuestro propio futuro dependiera de ella.<\/p>\n<h3>\n\t\t<a href=\"https:\/\/www.steinberglawfirm.com\/wp-content\/uploads\/2019\/03\/steinberg_workers_compensation_infographic.png\" title=\"Want to learn more? VIEW OUR WORKERS&#039; COMP GRAPHIC  &gt;&gt;\" target=\"_self\" rel=\"noopener\">\n\t\t\u00bfQuiere saber m\u00e1s? VEA NUESTRO GR\u00c1FICO DE COMPENSACI\u00d3N LABORAL &gt;&gt;\n\t\t<\/a>\n\t<\/h3>\n\t\t\t\t<img loading=\"lazy\" decoding=\"async\" src=\"https:\/\/www.steinberglawfirm.com\/wp-content\/uploads\/2021\/04\/work-injury-graphic.jpg\" alt=\"Causas comunes de los accidentes de trabajo en South Carolina\" itemprop=\"image\" height=\"913\" width=\"602\" title=\"trabajo-gr\u00e1fico\" onerror=\"this.style.display='none'\"  \/>\n<h3>\n\t\tCharleston's Workers' Comp Attorneys - Here to Help\n\t<\/h3>\n<h6>\n\t\tPara una revisi\u00f3n gratuita de su caso, ll\u00e1menos al 843-720-2800\n\t<\/h6>\n\t<p>Con nuestros a\u00f1os de experiencia colectiva en la ley de empleo, los abogados de compensaci\u00f3n de los trabajadores en Steinberg Law Firm son su mejor opci\u00f3n cuando se necesita ayuda para presentar una reclamaci\u00f3n o tratar con los empleadores y las compa\u00f1\u00edas de seguros poco \u00fatiles. Sabemos que usted merece un trato justo despu\u00e9s de una lesi\u00f3n laboral, y haremos todo lo que est\u00e9 a nuestro alcance para garantizarlo.<\/p>\n<p>Para establecer una revisi\u00f3n gratuita del caso con los abogados de Charleston en Steinberg Law Firm,\u00a0<a href=\"https:\/\/www.steinberglawfirm.com\/contact-us\/\" target=\"_blank\" rel=\"noopener\">contacto con nosotros<\/a>\u00a0llamando al 843-720-2800. Servimos a clientes en Charleston, Summerville, Goose Creek, y en todo el estado de South Carolina.<\/p>\n\t<a href=\"https:\/\/steinberglawfirm-staging.clmcloud.app\/es\/auto-accident\/\" target=\"_self\" aria-label=\"Ir a \/blog\/category\/auto-accident\/\" rel=\"noopener\"><\/a>\n\t\t\t<h6>Noticias sobre la indemnizaci\u00f3n de los trabajadores<\/h6>\n\t\t\t\t\t\t<h3>\n\t\t\t\t<a href=\"https:\/\/www.steinberglawfirm.com\/blog\/case-results-two-charleston-harbor-workers-with-permanent-injuries-settle-cases\/\" title=\"Resultados de casos: Dos trabajadores portuarios del Charleston con lesiones permanentes llegan a un acuerdo.\" tabindex=\"0\">Resultados de casos: Dos trabajadores portuarios del Charleston con lesiones permanentes llegan a un acuerdo.<\/a>\t\t\t<\/h3>\n\t\t\t\t\t\t<h3>\n\t\t\t\t<a href=\"https:\/\/www.steinberglawfirm.com\/blog\/case-result-3-million-workers-compensation-settlement-for-16-year-old-worker\/\" title=\"Resultado del caso: $3 millones de indemnizaci\u00f3n por accidente laboral para un trabajador de 16 a\u00f1os\" tabindex=\"0\">Resultado del caso: $3 millones de indemnizaci\u00f3n por accidente laboral para un trabajador de 16 a\u00f1os<\/a>\t\t\t<\/h3>\n\t\t\t\t\t\t<h3>\n\t\t\t\t<a href=\"https:\/\/www.steinberglawfirm.com\/blog\/what-happens-during-a-south-carolina-workers-compensation-investigation\/\" title=\"\u00bfQu\u00e9 ocurre durante una investigaci\u00f3n de indemnizaci\u00f3n por accidente de trabajo South Carolina?\" tabindex=\"0\">\u00bfQu\u00e9 ocurre durante una investigaci\u00f3n de indemnizaci\u00f3n por accidente de trabajo South Carolina?<\/a>\t\t\t<\/h3>\n\t\t\t\t\t\t<h3>\n\t\t\t\t<a href=\"https:\/\/www.steinberglawfirm.com\/blog\/injured-at-work-you-may-need-a-workers-comp-lawyer-who-also-handles-personal-injury-cases\/\" title=\"\u00bfSe lesion\u00f3 en el trabajo? Es posible que necesite un abogado de accidentes de trabajo que tambi\u00e9n lleve casos de lesiones personales.\" tabindex=\"0\">\u00bfSe lesion\u00f3 en el trabajo? Es posible que necesite un abogado de accidentes de trabajo que tambi\u00e9n lleve casos de lesiones personales.<\/a>\t\t\t<\/h3>","protected":false},"excerpt":{"rendered":"<p>No hay honorarios a menos que usted gane la presentaci\u00f3n de una reclamaci\u00f3n Le digo a la gente cuando usted viene a mi oficina que tenemos cuatro objetivos, es para darle la mejor atenci\u00f3n m\u00e9dica que podemos conseguir, para asegurarse de que tenemos protegido m\u00e9dicamente en el futuro, para conseguir que volver al trabajo, y maximizar su recuperaci\u00f3n....<\/p>","protected":false},"author":1,"featured_media":0,"parent":8874,"menu_order":0,"comment_status":"closed","ping_status":"closed","template":"","meta":{"_acf_changed":false,"footnotes":""},"class_list":["post-2217","page","type-page","status-publish","hentry"],"acf":[],"_links":{"self":[{"href":"https:\/\/steinberglawfirm-staging.clmcloud.app\/es\/wp-json\/wp\/v2\/pages\/2217"}],"collection":[{"href":"https:\/\/steinberglawfirm-staging.clmcloud.app\/es\/wp-json\/wp\/v2\/pages"}],"about":[{"href":"https:\/\/steinberglawfirm-staging.clmcloud.app\/es\/wp-json\/wp\/v2\/types\/page"}],"author":[{"embeddable":true,"href":"https:\/\/steinberglawfirm-staging.clmcloud.app\/es\/wp-json\/wp\/v2\/users\/1"}],"replies":[{"embeddable":true,"href":"https:\/\/steinberglawfirm-staging.clmcloud.app\/es\/wp-json\/wp\/v2\/comments?post=2217"}],"version-history":[{"count":3,"href":"https:\/\/steinberglawfirm-staging.clmcloud.app\/es\/wp-json\/wp\/v2\/pages\/2217\/revisions"}],"predecessor-version":[{"id":26751,"href":"https:\/\/steinberglawfirm-staging.clmcloud.app\/es\/wp-json\/wp\/v2\/pages\/2217\/revisions\/26751"}],"up":[{"embeddable":true,"href":"https:\/\/steinberglawfirm-staging.clmcloud.app\/es\/wp-json\/wp\/v2\/pages\/8874"}],"wp:attachment":[{"href":"https:\/\/steinberglawfirm-staging.clmcloud.app\/es\/wp-json\/wp\/v2\/media?parent=2217"}],"curies":[{"name":"wp","href":"https:\/\/api.w.org\/{rel}","templated":true}]}}