{"id":2210,"date":"2017-08-16T00:12:37","date_gmt":"2017-08-16T00:12:37","guid":{"rendered":"https:\/\/www.steinberglawfirm.com\/?page_id=2210"},"modified":"2023-09-14T18:38:50","modified_gmt":"2023-09-14T18:38:50","slug":"goose-creek-office","status":"publish","type":"page","link":"https:\/\/steinberglawfirm-staging.clmcloud.app\/es\/oficinas-localizaciones\/goose-creek-office\/","title":{"rendered":"Goose Creek Oficina"},"content":{"rendered":"<h1 class=\"wp-block-heading\">La oficina Steinberg Law Firm - Goose Creek <\/h1>\n\n\n\n<p>118 S Goose Creek Blvd<br>Goose Creek, SC 29445<br>(843) 572-0700 (Tel\u00e9fono)<br>(843) 572-1871 (Fax)<br><a href=\"mailto:info@steinberglawfirm.com\">info@steinberglawfirm.com<\/a><\/p>\n\n\n\n<h4 class=\"wp-block-heading\">HORARIO DE OFICINA <\/h4>\n\n\n\n<p><strong>De lunes a jueves:<\/strong> 8:30 AM - 5:30 PM<br><strong>El viernes:<\/strong> 8:30 AM - 5:00 PM<br><strong>S\u00e1bado-domingo:<\/strong> Cerrado<a href=\"https:\/\/www.steinberglawfirm.com\/contact-us\/\" class=\"rank-math-link\" target=\"_blank\" rel=\"noopener\"> <\/a><br><a href=\"https:\/\/www.steinberglawfirm.com\/contact-us\/\" class=\"rank-math-link\" target=\"_blank\" rel=\"noopener\">TEL\u00c9FONOS ATENDIDOS 24\/7<\/a><\/p>\n\n\n\n<p><strong>GOOSE CREEK ABOGADO DE LESIONES PERSONALES<\/strong><br> <br>Despu\u00e9s de una lesi\u00f3n, muchas personas se ven obligadas a recoger los pedazos por su cuenta. Con las facturas m\u00e9dicas que se acumulan y las p\u00e9rdidas salariales que crean tensi\u00f3n financiera, una persona lesionada puede no saber qu\u00e9 hacer o a d\u00f3nde acudir. En el Steinberg Law Firm creemos que nadie deber\u00eda vivir as\u00ed. Nadie deber\u00eda tener que asumir cargas financieras debido a la negligencia o imprudencia de otra parte. <\/p>\n\n\n\n<p>Si usted est\u00e1 buscando justicia despu\u00e9s de una lesi\u00f3n, nuestros abogados experimentados pueden estar a su lado en la b\u00fasqueda de una compensaci\u00f3n financiera. Usted puede ser capaz de recuperar la indemnizaci\u00f3n por gastos m\u00e9dicos, salarios perdidos, y otros da\u00f1os y perjuicios. P\u00f3ngase en contacto con el Goose Creek\u00a0<a href=\"https:\/\/www.steinberglawfirm.com\/practice-areas\/personal-injury\/\" target=\"_blank\" rel=\"noopener\">da\u00f1os personales<\/a>\u00a0abogados del Steinberg Law Firm por <a href=\"tel:1-843-720-2800\">llamando al 843-720-2800<\/a>\u00a0hoy.<\/p>\n\n\n\n<p>Ya sea v\u00edctima de la negligencia de un profesional m\u00e9dico, de un automovilista o de otra parte, los problemas de nuestros clientes son nuestros problemas. Tomamos nuestros 80 a\u00f1os de experiencia legal y la ponemos a trabajar para nuestros clientes desde el primer d\u00eda. Nuestros representantes legales est\u00e1n listos para luchar por un cliente con los siguientes casos:<\/p>\n\n\n\n<ul class=\"wp-block-list\">\n<li><a href=\"https:\/\/www.steinberglawfirm.com\/personal-injury\/auto-accidents\/\" class=\"rank-math-link\" target=\"_blank\" rel=\"noopener\">Accidentes de tr\u00e1fico<\/a><\/li>\n\n\n\n<li><a href=\"https:\/\/www.steinberglawfirm.com\/personal-injury\/dangerous-products\/\" class=\"rank-math-link\" target=\"_blank\" rel=\"noopener\">Productos peligrosos<\/a><\/li>\n\n\n\n<li><a href=\"https:\/\/www.steinberglawfirm.com\/personal-injury\/dog-bites\/\" class=\"rank-math-link\" target=\"_blank\" rel=\"noopener\">Mordeduras de perro<\/a><\/li>\n\n\n\n<li><a href=\"https:\/\/www.steinberglawfirm.com\/personal-injury\/head-brain-and-spine-injuries\/\" class=\"rank-math-link\" target=\"_blank\" rel=\"noopener\">Lesiones de la cabeza y la columna vertebral<\/a><\/li>\n\n\n\n<li><a href=\"https:\/\/www.steinberglawfirm.com\/personal-injury\/medical-malpractice\/\" class=\"rank-math-link\" target=\"_blank\" rel=\"noopener\">Negligencia m\u00e9dica<\/a><\/li>\n\n\n\n<li><a href=\"https:\/\/www.steinberglawfirm.com\/personal-injury\/motorcycle-accidents\/\" class=\"rank-math-link\" target=\"_blank\" rel=\"noopener\">Accidentes de moto<\/a><\/li>\n\n\n\n<li><a href=\"https:\/\/www.steinberglawfirm.com\/personal-injury\/nursing-home-abuse\/\" class=\"rank-math-link\" target=\"_blank\" rel=\"noopener\">Abuso en residencias de ancianos<\/a><\/li>\n\n\n\n<li><a href=\"https:\/\/www.steinberglawfirm.com\/personal-injury\/personal-injury-lawyers\/\" class=\"rank-math-link\" target=\"_blank\" rel=\"noopener\">Lesiones personales<\/a><\/li>\n\n\n\n<li><a href=\"https:\/\/www.steinberglawfirm.com\/personal-injury\/premises-liability\/\" class=\"rank-math-link\" target=\"_blank\" rel=\"noopener\">Responsabilidad de los locales<\/a><\/li>\n\n\n\n<li><a href=\"https:\/\/www.steinberglawfirm.com\/\" class=\"rank-math-link\" target=\"_blank\" rel=\"noopener\">Discapacidad de la Seguridad Social<\/a><\/li>\n\n\n\n<li><a href=\"https:\/\/www.steinberglawfirm.com\/personal-injury\/truck-accidents\/\" class=\"rank-math-link\" target=\"_blank\" rel=\"noopener\">Accidentes de camiones<\/a><\/li>\n\n\n\n<li><a href=\"https:\/\/www.steinberglawfirm.com\/workers-compensation\/\" target=\"_blank\" rel=\"noopener\">Indemnizaci\u00f3n por accidente de trabajo<\/a><\/li>\n\n\n\n<li><a href=\"https:\/\/www.steinberglawfirm.com\/personal-injury\/wrongful-death\/\" class=\"rank-math-link\" target=\"_blank\" rel=\"noopener\">Muerte por negligencia<\/a><\/li>\n<\/ul>\n\n\n\n<p>Usted se merece una representaci\u00f3n legal cualificada, experimentada y comprometida, y eso es lo que le proporcionaremos.<\/p>\n\n\n\n<h4 class=\"wp-block-heading\">CONTACTAR CON NOSOTROS <\/h4>\n\n\n\n<p>Si se ha lesionado como consecuencia de la negligencia o imprudencia de otra persona u organizaci\u00f3n, podemos ayudarle. Para obtener m\u00e1s informaci\u00f3n sobre sus derechos y opciones legales, p\u00f3ngase en contacto con los abogados de lesiones personales del Goose Creek llamando al 843-720-2800 hoy mismo.<\/p>\n\n\n\n<h3 class=\"wp-block-heading\">Direcciones desde el centro de la ciudad Charleston <\/h3>\n\n\n\n<ul class=\"wp-block-list\">\n<li>Dir\u00edjase al oeste por la I-26 hacia la North Charleston\/US-52 W\/Rivers Ave.<\/li>\n\n\n\n<li>Tome la salida 209A-209B para Ashley Phosphate Rd y tome la salida 209A a la izquierda para US-52 hacia Goose Creek\/Moncks Corner.<\/li>\n\n\n\n<li>Contin\u00fae en la rampa e incorp\u00f3rese a la US-52 W\/Rivers Ave. Contin\u00fae siguiendo la US-52 W hacia Goose Creek por 2.4 millas. Nuestra oficina estar\u00e1 a la izquierda, junto a State Farm Insurance y Money Man Pawn. <\/li>\n<\/ul>\n\n\n\n<h3 class=\"wp-block-heading\">\n\t\tIndicaciones desde West Ashley\n\t<\/h3>\n\n\n\n<ul class=\"wp-block-list\">\n<li>Tome la I-526 Este hacia Mt. Pleasant.<\/li>\n\n\n\n<li>Tome la salida 17 hacia Columbia e incorp\u00f3rese a la I-26 West.<\/li>\n\n\n\n<li>Tome la salida 209A-209B para Ashley Phosphate Rd\/US-52 y tome la salida 209A a la izquierda para US-52 hacia Goose Creek\/Moncks Corner<\/li>\n\n\n\n<li>Contin\u00fae en la rampa e incorp\u00f3rese a la US-52 W\/Rivers Ave. Contin\u00fae siguiendo la US-52 W hacia Goose Creek por 2.4 millas. Nuestra oficina estar\u00e1 a la izquierda, junto a State Farm Insurance y Money Man Pawn. <\/li>\n<\/ul>\n\n\n\n<h3 class=\"wp-block-heading\">\n\t\tDirecciones desde Summerville\/Ladson\n\t<\/h3>\n\n\n\n<ul class=\"wp-block-list\">\n<li>Tome la carretera estatal S-10-881 hasta la US-78 E en Ladson y gire a la derecha en la US-78 East<\/li>\n\n\n\n<li>Contin\u00faa hacia N.A.D Rd; incorp\u00f3rate a US-52 W\/Rivers Ave por la rampa hacia Goose Creek\/Moncks Corner<\/li>\n\n\n\n<li>Contin\u00fae siguiendo la US-52 W hacia Goose Creek durante 2.4 millas. Nuestra oficina estar\u00e1 a la izquierda, junto a State Farm Insurance y Money Man Pawn.<\/li>\n<\/ul>\n\n\n\n<h2 class=\"wp-block-heading\">Abogados de lesiones personales que representan a Charleston y \u00e1reas cercanas de South Carolina <\/h2>","protected":false},"excerpt":{"rendered":"<p>The Steinberg Law Firm - Goose Creek Oficina 118 S Goose Creek BlvdGoose Creek, SC 29445(843) 572-0700 (Tel\u00e9fono)(843) 572-1871 (Fax)info@steinberglawfirm.com HORARIO DE OFICINA Lunes-Jueves: 8:30 AM - 5:30 PMViernes: 8:30 AM - 5:00 PMS\u00e1bado-Domingo: Cerrado RESPONDE A LOS TEL\u00c9FONOS 24 horas al d\u00eda, 7 d\u00edas a la semana GOOSE CREEK ABOGADO DE LESIONES PERSONALES Despu\u00e9s de una lesi\u00f3n, muchas personas se quedan recogiendo los pedazos por su cuenta....<\/p>","protected":false},"author":1,"featured_media":20555,"parent":2205,"menu_order":0,"comment_status":"closed","ping_status":"closed","template":"","meta":{"_acf_changed":false,"footnotes":""},"class_list":["post-2210","page","type-page","status-publish","has-post-thumbnail","hentry"],"acf":[],"_links":{"self":[{"href":"https:\/\/steinberglawfirm-staging.clmcloud.app\/es\/wp-json\/wp\/v2\/pages\/2210"}],"collection":[{"href":"https:\/\/steinberglawfirm-staging.clmcloud.app\/es\/wp-json\/wp\/v2\/pages"}],"about":[{"href":"https:\/\/steinberglawfirm-staging.clmcloud.app\/es\/wp-json\/wp\/v2\/types\/page"}],"author":[{"embeddable":true,"href":"https:\/\/steinberglawfirm-staging.clmcloud.app\/es\/wp-json\/wp\/v2\/users\/1"}],"replies":[{"embeddable":true,"href":"https:\/\/steinberglawfirm-staging.clmcloud.app\/es\/wp-json\/wp\/v2\/comments?post=2210"}],"version-history":[{"count":7,"href":"https:\/\/steinberglawfirm-staging.clmcloud.app\/es\/wp-json\/wp\/v2\/pages\/2210\/revisions"}],"predecessor-version":[{"id":26999,"href":"https:\/\/steinberglawfirm-staging.clmcloud.app\/es\/wp-json\/wp\/v2\/pages\/2210\/revisions\/26999"}],"up":[{"embeddable":true,"href":"https:\/\/steinberglawfirm-staging.clmcloud.app\/es\/wp-json\/wp\/v2\/pages\/2205"}],"wp:featuredmedia":[{"embeddable":true,"href":"https:\/\/steinberglawfirm-staging.clmcloud.app\/es\/wp-json\/wp\/v2\/media\/20555"}],"wp:attachment":[{"href":"https:\/\/steinberglawfirm-staging.clmcloud.app\/es\/wp-json\/wp\/v2\/media?parent=2210"}],"curies":[{"name":"wp","href":"https:\/\/api.w.org\/{rel}","templated":true}]}}