{"id":2207,"date":"2017-08-15T23:59:11","date_gmt":"2017-08-15T23:59:11","guid":{"rendered":"https:\/\/www.steinberglawfirm.com\/?page_id=2207"},"modified":"2023-09-14T18:43:22","modified_gmt":"2023-09-14T18:43:22","slug":"charleston-office","status":"publish","type":"page","link":"https:\/\/steinberglawfirm-staging.clmcloud.app\/es\/oficinas-localizaciones\/charleston-oficina\/","title":{"rendered":"Centro de la ciudad Charleston Oficina"},"content":{"rendered":"<h1 class=\"wp-block-heading\">La oficina Steinberg Law Firm - Downtown Charleston <\/h1>\n\n\n\n<p><strong>Steinberg Law Firm<\/strong> 61 de la calle Broad<br>Charleston, SC 29401<br>843-720-2800 (Tel\u00e9fono)<br>(843) 722-1190 (Fax)<br><a href=\"mailto:info@steinberglawfirm.com\">info@steinberglawfirm.com<\/a><\/p>\n\n\n\n<h4 class=\"wp-block-heading\">HORARIO DE OFICINA <\/h4>\n\n\n\n<p><strong>ABOGADOS DE LESIONES PERSONALES EN CHARLESTON<\/strong><\/p>\n\n\n\n<p>En el Steinberg Law Firm, nuestro experimentado Charleston <a href=\"https:\/\/www.steinberglawfirm.com\/practice-areas\/personal-injury\/\" target=\"_blank\" rel=\"noopener\">da\u00f1os personales<\/a> han estado ayudando a las personas lesionadas a buscar justicia durante m\u00e1s de 95 a\u00f1os. Nuestro compromiso de proporcionar un servicio experimentado, acreditado y excelente se extiende a todas las \u00e1reas de nuestra pr\u00e1ctica. Para obtener m\u00e1s informaci\u00f3n sobre nuestras \u00e1reas de la ley de lesiones personales, por favor haga clic en los enlaces de abajo.<\/p>\n\n\n\n<p>Si desea hablar con un abogado experto en lesiones personales Charleston sobre sus preguntas o su caso, no dude en <a href=\"tel:1-843-720-2800\">contacte con nosotros en el 843-720-2800<\/a>.<\/p>\n\n\n\n<ul class=\"wp-block-list\">\n<li><a href=\"https:\/\/www.steinberglawfirm.com\/practice-areas\/auto-accident\/\" class=\"rank-math-link\" target=\"_blank\" rel=\"noopener\">Accidentes de tr\u00e1fico<\/a><\/li>\n\n\n\n<li><a href=\"https:\/\/www.steinberglawfirm.com\/practice-areas\/dangerous-products\/\" class=\"rank-math-link\" target=\"_blank\" rel=\"noopener\">Productos peligrosos<\/a><\/li>\n\n\n\n<li><a href=\"https:\/\/www.steinberglawfirm.com\/practice-areas\/dog-bites\/\" class=\"rank-math-link\" target=\"_blank\" rel=\"noopener\">Mordeduras de perro<\/a><\/li>\n\n\n\n<li><a href=\"https:\/\/www.steinberglawfirm.com\/practice-areas\/head-brain-and-spine-injuries\/\" class=\"rank-math-link\" target=\"_blank\" rel=\"noopener\">Lesiones de la cabeza y la columna vertebral<\/a><\/li>\n\n\n\n<li><a href=\"https:\/\/www.steinberglawfirm.com\/personal-injury\/medical-malpractice\/\" target=\"_blank\" rel=\"noopener\">Negligencia m\u00e9dica<\/a><\/li>\n\n\n\n<li><a href=\"https:\/\/www.steinberglawfirm.com\/personal-injury\/motorcycle-accidents\/\" target=\"_blank\" rel=\"noopener\">Accidentes de moto<\/a><\/li>\n\n\n\n<li><a href=\"https:\/\/www.steinberglawfirm.com\/practice-areas\/head-brain-and-spine-injuries\/\" class=\"rank-math-link\" target=\"_blank\" rel=\"noopener\">Nur<\/a><a href=\"https:\/\/www.steinberglawfirm.com\/practice-areas\/nursing-home-abuse\/\" class=\"rank-math-link\" target=\"_blank\" rel=\"noopener\">cantar el abuso en el hogar<\/a><\/li>\n\n\n\n<li><a href=\"https:\/\/www.steinberglawfirm.com\/personal-injury\/personal-injury-lawyers\/\" target=\"_blank\" rel=\"noopener\">Lesiones personales<\/a><\/li>\n\n\n\n<li><a href=\"https:\/\/www.steinberglawfirm.com\/personal-injury\/premises-liability\/\" target=\"_blank\" rel=\"noopener\">Responsabilidad de los locales<\/a><\/li>\n\n\n\n<li><a href=\"https:\/\/www.steinberglawfirm.com\/\" data-type=\"link\" data-id=\"https:\/\/www.steinberglawfirm.com\/\" target=\"_blank\" rel=\"noopener\">Discapacidad de la Seguridad Social<\/a><\/li>\n\n\n\n<li><a href=\"https:\/\/www.steinberglawfirm.com\/personal-injury\/truck-accidents\/\" target=\"_blank\" rel=\"noopener\">Accidentes de camiones<\/a><\/li>\n\n\n\n<li><a href=\"https:\/\/www.steinberglawfirm.com\/workers-compensation\/\" target=\"_blank\" rel=\"noopener\">Indemnizaci\u00f3n por accidente de trabajo<\/a><\/li>\n\n\n\n<li><a href=\"https:\/\/www.steinberglawfirm.com\/personal-injury\/wrongful-death\/\" target=\"_blank\" rel=\"noopener\">Muerte por negligencia<\/a><\/li>\n<\/ul>\n\n\n\n<h3 class=\"wp-block-heading\">Nuestras otras ubicaciones:<\/h3>\n\n\n<ul class=\"list-pages-shortcode sibling-pages\"><li class=\"page_item page-item-2207\"><a href=\"https:\/\/steinberglawfirm-staging.clmcloud.app\/es\/oficinas-localizaciones\/charleston-oficina\/\">Centro de la ciudad Charleston Oficina<\/a><\/li>\n<li class=\"page_item page-item-2210\"><a href=\"https:\/\/steinberglawfirm-staging.clmcloud.app\/es\/oficinas-localizaciones\/goose-creek-office\/\">Goose Creek Oficina<\/a><\/li>\n<li class=\"page_item page-item-5804\"><a href=\"https:\/\/steinberglawfirm-staging.clmcloud.app\/es\/oficinas-localizaciones\/summerville-office\/\">Summerville Oficina<\/a><\/li>\n<\/ul>\n\n\n\n<p><strong>De lunes a jueves:<\/strong> 8:30 AM - 5:30 PM<br><strong>El viernes:<\/strong> 8:30 AM - 5:00 PM<br><strong>S\u00e1bado-domingo:<\/strong> Cerrado<a href=\"https:\/\/www.steinberglawfirm.com\/contact-us\/\" class=\"rank-math-link\" target=\"_blank\" rel=\"noopener\"> <\/a><br><a href=\"https:\/\/www.steinberglawfirm.com\/contact-us\/\" class=\"rank-math-link\" target=\"_blank\" rel=\"noopener\"><strong>TEL\u00c9FONOS ATENDIDOS 24\/7<\/strong><\/a><\/p>\n\n\n\n<h3 class=\"wp-block-heading\">\n\t\tDirecciones desde North Charleston\n\t<\/h3>\n\n\n\n<ul class=\"wp-block-list\">\n<li>Dir\u00edgete al sureste por la I-26 Este hacia la Charleston<\/li>\n\n\n\n<li>Tome la salida 221B (a la izquierda) para Meeting Street hacia Visitor Center y gire a la derecha en Meeting Street<\/li>\n\n\n\n<li>Siga por Meeting Street a trav\u00e9s del centro de la ciudad durante 1,6 millas y gire a la izquierda en Broad Street.<\/li>\n\n\n\n<li>Nuestra oficina est\u00e1 a la derecha. <\/li>\n<\/ul>\n\n\n\n<h3 class=\"wp-block-heading\">\n\t\tIndicaciones desde West Ashley\n\t<\/h3>\n\n\n\n<ul class=\"wp-block-list\">\n<li>Tome la SC-61 South hacia el centro de la ciudad e incorp\u00f3rese a la US 17 North<\/li>\n\n\n\n<li>Tome la salida de Lockwood Drive a la derecha, hacia el Centro de Visitantes<\/li>\n\n\n\n<li>Mant\u00e9ngase a la derecha en la bifurcaci\u00f3n, siga las se\u00f1ales para Lockwood Dr S y entre en Lockwood Drive; Lockwood se convertir\u00e1 en Broad Street<\/li>\n\n\n\n<li>Despu\u00e9s de pasar la calle Meeting y la iglesia de San Miguel, nuestra oficina estar\u00e1 a la derecha. <\/li>\n<\/ul>\n\n\n\n<h3 class=\"wp-block-heading\">\n\t\tDirecciones desde Mount Pleasant\n\t<\/h3>\n\n\n\n<ul class=\"wp-block-list\">\n<li>Dir\u00edgete al suroeste por la US-17 South hacia el centro de la ciudad Charleston<\/li>\n\n\n\n<li>Tome la salida de Morrison Drive hacia East Bay Street<\/li>\n\n\n\n<li>Gire a la izquierda en Morrison Drive y contin\u00fae por East Bay Street despu\u00e9s de 1,8 millas<\/li>\n\n\n\n<li>Gire a la derecha en la calle Broad. Nuestra oficina estar\u00e1 a la izquierda, antes de llegar a Meeting Street. <\/li>\n<\/ul>\n\n\n\n<h2 class=\"wp-block-heading\">Abogados de lesiones personales que representan a Charleston y \u00e1reas cercanas de South Carolina <\/h2>","protected":false},"excerpt":{"rendered":"<p>The Steinberg Law Firm - Centro de la ciudad Charleston Oficina Steinberg Law Firm 61 Broad StCharleston, SC 29401843-720-2800 (Tel\u00e9fono)(843) 722-1190 (Fax)info@steinberglawfirm.com HORAS DE OFICINA ABOGADOS DE LESIONES PERSONALES EN CHARLESTON En el Steinberg Law Firm, nuestros experimentados abogados de lesiones personales del Charleston han estado ayudando a las personas lesionadas a buscar justicia por m\u00e1s de 95 a\u00f1os. Nuestro compromiso de proporcionar un servicio experimentado, de buena reputaci\u00f3n y excelente...<\/p>","protected":false},"author":1,"featured_media":19679,"parent":2205,"menu_order":0,"comment_status":"closed","ping_status":"closed","template":"","meta":{"_acf_changed":false,"footnotes":""},"class_list":["post-2207","page","type-page","status-publish","has-post-thumbnail","hentry"],"acf":[],"_links":{"self":[{"href":"https:\/\/steinberglawfirm-staging.clmcloud.app\/es\/wp-json\/wp\/v2\/pages\/2207"}],"collection":[{"href":"https:\/\/steinberglawfirm-staging.clmcloud.app\/es\/wp-json\/wp\/v2\/pages"}],"about":[{"href":"https:\/\/steinberglawfirm-staging.clmcloud.app\/es\/wp-json\/wp\/v2\/types\/page"}],"author":[{"embeddable":true,"href":"https:\/\/steinberglawfirm-staging.clmcloud.app\/es\/wp-json\/wp\/v2\/users\/1"}],"replies":[{"embeddable":true,"href":"https:\/\/steinberglawfirm-staging.clmcloud.app\/es\/wp-json\/wp\/v2\/comments?post=2207"}],"version-history":[{"count":7,"href":"https:\/\/steinberglawfirm-staging.clmcloud.app\/es\/wp-json\/wp\/v2\/pages\/2207\/revisions"}],"predecessor-version":[{"id":27003,"href":"https:\/\/steinberglawfirm-staging.clmcloud.app\/es\/wp-json\/wp\/v2\/pages\/2207\/revisions\/27003"}],"up":[{"embeddable":true,"href":"https:\/\/steinberglawfirm-staging.clmcloud.app\/es\/wp-json\/wp\/v2\/pages\/2205"}],"wp:featuredmedia":[{"embeddable":true,"href":"https:\/\/steinberglawfirm-staging.clmcloud.app\/es\/wp-json\/wp\/v2\/media\/19679"}],"wp:attachment":[{"href":"https:\/\/steinberglawfirm-staging.clmcloud.app\/es\/wp-json\/wp\/v2\/media?parent=2207"}],"curies":[{"name":"wp","href":"https:\/\/api.w.org\/{rel}","templated":true}]}}