{"id":2205,"date":"2017-08-15T23:57:21","date_gmt":"2017-08-15T23:57:21","guid":{"rendered":"https:\/\/www.steinberglawfirm.com\/?page_id=2205"},"modified":"2022-02-23T02:12:09","modified_gmt":"2022-02-23T02:12:09","slug":"office-locations","status":"publish","type":"page","link":"https:\/\/steinberglawfirm-staging.clmcloud.app\/es\/oficinas-localizaciones\/","title":{"rendered":"Steinberg Law Firm Ubicaci\u00f3n de las oficinas"},"content":{"rendered":"<h1 class=\"wp-block-heading\">Steinberg Law Firm Ubicaci\u00f3n de las oficinas<\/h1>\n\n\n\n<p><strong>Para su comodidad, disponemos de 3 oficinas para atender a nuestros clientes en toda el \u00e1rea metropolitana Charleston.<\/strong> &nbsp;<\/p>\n\n\n\n<p>Nuestra oficina m\u00e1s antigua se encuentra en el n\u00famero 61 de la calle Broad, en el centro de la ciudad Charleston. Tambi\u00e9n tenemos oficinas en Goose Creek y Summerville. Las tres oficinas est\u00e1n abiertas de lunes a viernes, y nuestros tel\u00e9fonos son atendidos las 24 horas del d\u00eda. Nuestros abogados representan a personas lesionadas en los condados de Charleston, Dorchester y Berkeley, y tienen licencia para practicar la ley en todo el estado de South Carolina. Para m\u00e1s informaci\u00f3n llame al 843-720-2800 para hablar con un representante de la firma de inmediato.<\/p>\n\n\n\n<p>Para obtener direcciones e informaci\u00f3n sobre la ubicaci\u00f3n de una oficina espec\u00edfica, haga clic a continuaci\u00f3n.<\/p>\n\n\n<ul class=\"list-pages-shortcode child-pages\"><li class=\"page_item page-item-2207\"><a href=\"https:\/\/steinberglawfirm-staging.clmcloud.app\/es\/oficinas-localizaciones\/charleston-oficina\/\">Centro de la ciudad Charleston Oficina<\/a><\/li>\n<li class=\"page_item page-item-2210\"><a href=\"https:\/\/steinberglawfirm-staging.clmcloud.app\/es\/oficinas-localizaciones\/goose-creek-office\/\">Goose Creek Oficina<\/a><\/li>\n<li class=\"page_item page-item-5804\"><a href=\"https:\/\/steinberglawfirm-staging.clmcloud.app\/es\/oficinas-localizaciones\/summerville-office\/\">Summerville Oficina<\/a><\/li>\n<\/ul>\n\n\n\n<p>Horario de oficina:<br>De lunes a jueves: de 8:30 a 17:30<br>Viernes: 8:30 AM - 5:00 PM<br>S\u00e1bado y domingo: Cerrado<\/p>\n\n\n\n<p>Tel\u00e9fonos atendidos las 24 horas del d\u00eda, los 7 d\u00edas de la semana. \u00a1Llame ahora para una consulta gratuita!<\/p>\n\n\n\n<h2 class=\"wp-block-heading\">Abogados de lesiones personales que representan a Charleston y \u00e1reas cercanas de South Carolina<\/h2>","protected":false},"excerpt":{"rendered":"<p>Steinberg Law Firm Ubicaciones de las oficinas Para su comodidad, tenemos 3 oficinas para servir a nuestros clientes en toda el \u00e1rea metropolitana de Charleston.   Nuestra oficina m\u00e1s antigua se encuentra en el 61 de la calle Broad en el centro de Charleston. Tambi\u00e9n tenemos oficinas en Goose Creek y Summerville. Las tres oficinas est\u00e1n abiertas de lunes a viernes, y nuestros tel\u00e9fonos est\u00e1n...<\/p>","protected":false},"author":1,"featured_media":11579,"parent":0,"menu_order":0,"comment_status":"closed","ping_status":"closed","template":"","meta":{"_acf_changed":false,"footnotes":""},"class_list":["post-2205","page","type-page","status-publish","has-post-thumbnail","hentry"],"acf":[],"_links":{"self":[{"href":"https:\/\/steinberglawfirm-staging.clmcloud.app\/es\/wp-json\/wp\/v2\/pages\/2205"}],"collection":[{"href":"https:\/\/steinberglawfirm-staging.clmcloud.app\/es\/wp-json\/wp\/v2\/pages"}],"about":[{"href":"https:\/\/steinberglawfirm-staging.clmcloud.app\/es\/wp-json\/wp\/v2\/types\/page"}],"author":[{"embeddable":true,"href":"https:\/\/steinberglawfirm-staging.clmcloud.app\/es\/wp-json\/wp\/v2\/users\/1"}],"replies":[{"embeddable":true,"href":"https:\/\/steinberglawfirm-staging.clmcloud.app\/es\/wp-json\/wp\/v2\/comments?post=2205"}],"version-history":[{"count":2,"href":"https:\/\/steinberglawfirm-staging.clmcloud.app\/es\/wp-json\/wp\/v2\/pages\/2205\/revisions"}],"predecessor-version":[{"id":16474,"href":"https:\/\/steinberglawfirm-staging.clmcloud.app\/es\/wp-json\/wp\/v2\/pages\/2205\/revisions\/16474"}],"wp:featuredmedia":[{"embeddable":true,"href":"https:\/\/steinberglawfirm-staging.clmcloud.app\/es\/wp-json\/wp\/v2\/media\/11579"}],"wp:attachment":[{"href":"https:\/\/steinberglawfirm-staging.clmcloud.app\/es\/wp-json\/wp\/v2\/media?parent=2205"}],"curies":[{"name":"wp","href":"https:\/\/api.w.org\/{rel}","templated":true}]}}