{"id":22047,"date":"2022-06-09T21:39:07","date_gmt":"2022-06-09T21:39:07","guid":{"rendered":"https:\/\/www.steinberglawfirm.com\/?page_id=22047"},"modified":"2022-06-09T22:12:22","modified_gmt":"2022-06-09T22:12:22","slug":"workers-compensation-for-hand-tool-injuries-in-south-carolina","status":"publish","type":"page","link":"https:\/\/steinberglawfirm-staging.clmcloud.app\/es\/indemnizacion-de-los-trabajadores\/indemnizacion-por-lesiones-causadas-por-herramientas-manuales-en-carolina-del-sur\/","title":{"rendered":"Indemnizaci\u00f3n por accidentes de trabajo en South Carolina"},"content":{"rendered":"<h1 class=\"wp-block-heading\">South Carolina Abogado especialista en herramientas manuales<\/h1>\n\n\n\n<p>Trabajar con herramientas manuales de forma habitual puede hacer que muchos trabajadores pierdan de vista los aut\u00e9nticos peligros que presentan estos trabajos. Seg\u00fan la Oficina de Estad\u00edsticas Laborales, m\u00e1s de 2,7 millones de lesiones en el lugar de trabajo en 2020 hicieron que los trabajadores perdieran al menos un d\u00eda de trabajo. Es esencial tomar precauciones cuando se trabaja con herramientas manuales para evitar potencialmente <a href=\"https:\/\/www.steinberglawfirm.com\/workers-compensation\/\" target=\"_blank\" rel=\"noopener\">lesiones laborales graves<\/a>. South Carolina trabajadores, como <a href=\"https:\/\/www.steinberglawfirm.com\/workers-compensation\/construction-accidents-in-charleston\/\" target=\"_blank\" rel=\"noopener\">trabajadores de la construcci\u00f3n<\/a>, <a href=\"https:\/\/www.steinberglawfirm.com\/workers-compensation\/mechanic-injury\/\" target=\"_blank\" rel=\"noopener\">mec\u00e1nica<\/a>, <a href=\"https:\/\/www.steinberglawfirm.com\/workers-compensation\/workers-compensation-for-an-employee-who-suffers-a-burn-injury\/restaurant-burn-injury\/\" target=\"_blank\" rel=\"noopener\">cocina<\/a>, <a href=\"https:\/\/www.steinberglawfirm.com\/workers-compensation\/warehouse-injury-lawyers\/\" target=\"_blank\" rel=\"noopener\">stockers<\/a>Los trabajadores que se lesionan al utilizar herramientas manuales, entre otros puestos, pueden tener derecho a una indemnizaci\u00f3n.<\/p>\n\n\n\n<h3 class=\"wp-block-heading\">\u00bfQu\u00e9 tipos de herramientas manuales existen?<\/h3>\n\n\n\n<p>Las herramientas manuales son fundamentales para muchos tipos de trabajos. Desde la jardiner\u00eda hasta la construcci\u00f3n o la carpinter\u00eda, muchas ocupaciones requieren el uso diario de diversas herramientas manuales. Las herramientas manuales existen tanto en forma manual como el\u00e9ctrica. Algunos de los tipos m\u00e1s comunes de herramientas manuales son:<\/p>\n\n\n\n<ul class=\"wp-block-list\"><li>Martillos,<\/li><li>Destornilladores,<\/li><li>Sierras,<\/li><li>Alicates,<\/li><li>Mordazas y abrazaderas,<\/li><li>Ejercicios; y<\/li><li>Herramientas de corte.<\/li><\/ul>\n\n\n\n<p>Las herramientas manuales el\u00e9ctricas se alimentan con un cable el\u00e9ctrico o con una bater\u00eda recargable. Estas herramientas plantean riesgos adicionales, dada la velocidad del aparato y el mayor riesgo de electrocuci\u00f3n. Algunas de las herramientas manuales el\u00e9ctricas m\u00e1s utilizadas son:<\/p>\n\n\n\n<ul class=\"wp-block-list\"><li>Sierras circulares,<\/li><li>Sierras de cinta<\/li><li>Rompecabezas,<\/li><li>Sopladores de hojas,<\/li><li>Cortasetos,<\/li><li>Taladradoras,<\/li><li>Sanders,<\/li><li>Molinillos,<\/li><li>Pistolas de clavos,<\/li><li>Herramientas el\u00e9ctricas para el hormig\u00f3n,<\/li><li>Motosierras,<\/li><li>Taladros de potencia,<\/li><li>Herramientas oscilantes; y<\/li><li>Tornos.<\/li><\/ul>\n\n\n\n<h3 class=\"wp-block-heading\">Lesiones t\u00edpicas de las herramientas manuales que pueden producirse<\/h3>\n\n\n\n<p>Aunque muchos de los peligros de las herramientas manuales provienen de un uso o mantenimiento inadecuado, incluso el uso responsable de las herramientas manuales puede ser peligroso. A continuaci\u00f3n se exponen los tipos m\u00e1s comunes de lesiones por herramientas manuales:<\/p>\n\n\n\n<p><strong>Lesiones por sobrecarga<\/strong><\/p>\n\n\n\n<p>Cuando un trabajador utiliza la misma herramienta con regularidad, puede provocar <a href=\"https:\/\/www.steinberglawfirm.com\/workers-compensation\/repetitive-motion-injuries-south-carolina\/\" target=\"_blank\" rel=\"noopener\">lesiones por sobreuso<\/a>como la tendinitis, el dedo en gatillo o el codo de tenista. Estas afecciones se producen cuando el movimiento repetitivo en una zona del cuerpo provoca da\u00f1os en el tejido. Las lesiones por uso excesivo suelen aparecer a lo largo del tiempo, en lugar de deberse a un incidente concreto. Suelen caracterizarse por el dolor, el entumecimiento y la limitaci\u00f3n de la amplitud de movimiento.<\/p>\n\n\n\n<p><strong>Lesiones faciales y oculares<\/strong><\/p>\n\n\n\n<p>Algunas herramientas manuales expulsan serr\u00edn u otros residuos durante su uso. Si un trabajador no lleva protecci\u00f3n ocular, estos residuos pueden causar graves lesiones oculares o incluso ceguera cuando entran en contacto con el ojo. Sin embargo, incluso cuando se lleva protecci\u00f3n ocular, pueden producirse graves lesiones oculares si una herramienta manual es defectuosa o el trabajador pierde el control de la misma.<\/p>\n\n\n\n<p>En el caso de los trabajadores que manejan herramientas manuales el\u00e9ctricas, la herramienta puede \"patear\" hacia atr\u00e1s, provocando una sacudida hacia su cuerpo. Dependiendo de la posici\u00f3n del trabajador, el dispositivo puede golpear su cara, causando fracturas de huesos faciales, laceraciones y posibles lesiones cerebrales.<\/p>\n\n\n\n<p><strong>Lesiones de la mano<\/strong><\/p>\n\n\n\n<p>Seg\u00fan el Consejo Nacional de Seguridad, las lesiones en las manos representan casi el nueve por ciento de las lesiones laborales. Por ejemplo, en 2020, hubo m\u00e1s de 102.000 trabajadores que sufrieron lesiones en las manos debido a un accidente laboral. Los trabajadores que utilizan herramientas manuales corren un mayor riesgo de sufrir lesiones en las manos, dada la proximidad de sus manos al instrumento.<\/p>\n\n\n\n<h3 class=\"wp-block-heading\">Consejos para evitar lesiones con herramientas manuales en el trabajo<\/h3>\n\n\n\n<p>Los trabajadores que utilizan habitualmente herramientas manuales pueden tomar medidas espec\u00edficas para reducir la probabilidad de sufrir una lesi\u00f3n. Algunos consejos de seguridad para las herramientas manuales son:<\/p>\n\n\n\n<p><strong>Utilice la herramienta adecuada para el trabajo<\/strong><\/p>\n\n\n\n<p>Cuando las herramientas se utilizan para fines distintos de los previstos es cuando pueden producirse accidentes. Por ejemplo, utilizar un cincel en lugar de un destornillador puede hacer que la punta del cincel se rompa y golpee al trabajador en la cara. Siga siempre todas las instrucciones del fabricante de la herramienta para evitar riesgos innecesarios.<\/p>\n\n\n\n<p><strong>Aseg\u00farese de que las herramientas manuales est\u00e1n bien mantenidas<\/strong><\/p>\n\n\n\n<p>Aunque muchas herramientas pueden soportar a\u00f1os de uso sin ning\u00fan tipo de mantenimiento, es esencial asegurarse de que todos los dispositivos est\u00e9n en buen estado. Una herramienta en mal estado tiene m\u00e1s probabilidades de fallar, aumentando las posibilidades de sufrir un accidente grave. Por ejemplo, muchos martillos tienen mangos de madera. Si el mango est\u00e1 agrietado, suelto o partido, puede hacer que la cabeza del martillo se desprenda cuando el trabajador tira de la herramienta hacia atr\u00e1s, haciendo que la cabeza salga volando por el aire.<\/p>\n\n\n\n<p><strong>Utilice siempre equipos de protecci\u00f3n<\/strong><\/p>\n\n\n\n<p>Las lesiones oculares son frecuentes entre los usuarios de herramientas manuales. La forma m\u00e1s sencilla y eficaz de prevenir las lesiones oculares al utilizar herramientas manuales es llevar la protecci\u00f3n ocular adecuada. Los trabajadores deben llevar protecci\u00f3n ocular cuando utilicen herramientas ellos mismos y en cualquier momento en que alguien de su entorno est\u00e9 utilizando una herramienta.<\/p>\n\n\n\n<p><strong>Compruebe dos veces todas las conexiones el\u00e9ctricas<\/strong><\/p>\n\n\n\n<p>En el caso de las herramientas manuales motorizadas, como las sierras circulares, los trabajadores deben asegurarse de que el cable de alimentaci\u00f3n est\u00e1 en buen estado antes de utilizar el dispositivo. Adem\u00e1s, los trabajadores deben asegurarse de que el cable no pase por un charco o por una ventana o puerta que pueda cerrarse sobre el cable.<\/p>\n\n\n\n<h3 class=\"wp-block-heading\">Prestaciones de indemnizaci\u00f3n por accidentes de trabajo en caso de lesiones por herramientas manuales<\/h3>\n\n\n\n<p>Los trabajadores que se lesionan con una herramienta de mano en el trabajo pueden tener derecho a una indemnizaci\u00f3n. Si tienen \u00e9xito, un <a href=\"https:\/\/www.steinberglawfirm.com\/workers-compensation\/\" target=\"_blank\" rel=\"noopener\">reclamaci\u00f3n de indemnizaci\u00f3n de los trabajadores<\/a> proporciona a los trabajadores el pago de sus gastos m\u00e9dicos y prestaciones de sustituci\u00f3n de ingresos. La naturaleza y la duraci\u00f3n de las prestaciones dependen de la gravedad de la lesi\u00f3n del trabajador y del tiempo que transcurra hasta que pueda volver a trabajar.<\/p>\n\n\n\n<p>En particular, el sistema de indemnizaci\u00f3n de los trabajadores South Carolina no tiene en cuenta la culpa. Por lo tanto, los trabajadores lesionados en el trabajo no necesitan demostrar que otra persona fue responsable de su lesi\u00f3n. Los trabajadores cuyas lesiones se produjeron por su propia negligencia pueden recuperar las prestaciones de indemnizaci\u00f3n por accidente de trabajo.<\/p>\n\n\n\n<p>Si se ha lesionado en el trabajo, debe notificarlo a su empresa en un plazo de noventa d\u00edas. Si decide <a href=\"https:\/\/www.steinberglawfirm.com\/workers-compensation\/\" target=\"_blank\" rel=\"noopener\">presentar una reclamaci\u00f3n de indemnizaci\u00f3n por accidente de trabajo<\/a>Debe presentarse en un plazo de dos a\u00f1os ante la Comisi\u00f3n de Compensaci\u00f3n de los Trabajadores South Carolina.<\/p>\n\n\n\n<h2 class=\"wp-block-heading\">P\u00f3ngase en contacto con un abogado con experiencia en compensaci\u00f3n laboral South Carolina para que le ayude con su reclamaci\u00f3n<\/h2>\n\n\n\n<p>Si recientemente ha sufrido un accidente de trabajo mientras utilizaba una herramienta manual, es posible que tenga derecho a las prestaciones de compensaci\u00f3n de los trabajadores. En el <a href=\"https:\/\/www.steinberglawfirm.com\/\" target=\"_blank\" rel=\"noopener\">Steinberg Law Firm<\/a>Tenemos m\u00e1s de 95 a\u00f1os de experiencia ayudando a los trabajadores lesionados a recuperar la compensaci\u00f3n que necesitan para volver a ponerse en pie. Para saber m\u00e1s y <a href=\"https:\/\/www.steinberglawfirm.com\/free-consultation\/\" target=\"_blank\" rel=\"noopener\">programar una consulta gratuita<\/a> con un <a href=\"https:\/\/www.steinberglawfirm.com\/workers-compensation\/\" target=\"_blank\" rel=\"noopener\">South Carolina abogado de indemnizaci\u00f3n laboral<\/a> hoy, <a href=\"tel:1-843-720-2800\">llame al 843-720-2800<\/a>. Tambi\u00e9n puede <a href=\"https:\/\/www.steinberglawfirm.com\/contact-us\/\" target=\"_blank\" rel=\"noopener\">contacte con nosotros a trav\u00e9s de nuestro formulario de contacto en l\u00ednea<\/a>.<\/p>","protected":false},"excerpt":{"rendered":"<p>South Carolina Abogado de lesiones laborales por herramientas manuales Trabajar con herramientas manuales de forma habitual puede hacer que muchos trabajadores pierdan de vista los aut\u00e9nticos peligros que presentan estos trabajos. Seg\u00fan la Oficina de Estad\u00edsticas Laborales, m\u00e1s de 2,7 millones de lesiones en el lugar de trabajo en 2020 requirieron que los trabajadores perdieran al menos un d\u00eda de trabajo. Es...<\/p>","protected":false},"author":1,"featured_media":22063,"parent":8874,"menu_order":0,"comment_status":"closed","ping_status":"closed","template":"","meta":{"_acf_changed":false,"footnotes":""},"class_list":["post-22047","page","type-page","status-publish","has-post-thumbnail","hentry"],"acf":[],"_links":{"self":[{"href":"https:\/\/steinberglawfirm-staging.clmcloud.app\/es\/wp-json\/wp\/v2\/pages\/22047"}],"collection":[{"href":"https:\/\/steinberglawfirm-staging.clmcloud.app\/es\/wp-json\/wp\/v2\/pages"}],"about":[{"href":"https:\/\/steinberglawfirm-staging.clmcloud.app\/es\/wp-json\/wp\/v2\/types\/page"}],"author":[{"embeddable":true,"href":"https:\/\/steinberglawfirm-staging.clmcloud.app\/es\/wp-json\/wp\/v2\/users\/1"}],"replies":[{"embeddable":true,"href":"https:\/\/steinberglawfirm-staging.clmcloud.app\/es\/wp-json\/wp\/v2\/comments?post=22047"}],"version-history":[{"count":15,"href":"https:\/\/steinberglawfirm-staging.clmcloud.app\/es\/wp-json\/wp\/v2\/pages\/22047\/revisions"}],"predecessor-version":[{"id":22062,"href":"https:\/\/steinberglawfirm-staging.clmcloud.app\/es\/wp-json\/wp\/v2\/pages\/22047\/revisions\/22062"}],"up":[{"embeddable":true,"href":"https:\/\/steinberglawfirm-staging.clmcloud.app\/es\/wp-json\/wp\/v2\/pages\/8874"}],"wp:featuredmedia":[{"embeddable":true,"href":"https:\/\/steinberglawfirm-staging.clmcloud.app\/es\/wp-json\/wp\/v2\/media\/22063"}],"wp:attachment":[{"href":"https:\/\/steinberglawfirm-staging.clmcloud.app\/es\/wp-json\/wp\/v2\/media?parent=22047"}],"curies":[{"name":"wp","href":"https:\/\/api.w.org\/{rel}","templated":true}]}}