{"id":2203,"date":"2017-08-15T23:56:28","date_gmt":"2017-08-15T23:56:28","guid":{"rendered":"https:\/\/www.steinberglawfirm.com\/?page_id=2203"},"modified":"2022-04-19T23:07:34","modified_gmt":"2022-04-19T23:07:34","slug":"selecting-a-personal-injury","status":"publish","type":"page","link":"https:\/\/steinberglawfirm-staging.clmcloud.app\/es\/articulos\/seleccion-de-una-lesion-personal\/","title":{"rendered":"Selecci\u00f3n de un abogado de lesiones personales"},"content":{"rendered":"<h1 class=\"wp-block-heading\">Selecci\u00f3n de un abogado de lesiones personales<\/h1>\n\n\n\n<div style=\"height:15px\" aria-hidden=\"true\" class=\"wp-block-spacer\"><\/div>\n\n\n\n<p>Si una persona resulta lesionada por el comportamiento negligente o imprudente de otra, la v\u00edctima puede tener derecho a reclamar una remuneraci\u00f3n a la parte culpable. Una demanda o un acuerdo exitoso con la parte negligente puede dar lugar a importantes indemnizaciones que cubran los principales gastos relacionados con una lesi\u00f3n. Un buen abogado es indispensable durante este proceso.<\/p>\n\n\n\n<p>Si ha resultado herido en un&nbsp;<a href=\"https:\/\/www.steinberglawfirm.com\/practice-areas\/personal-injury\/\" target=\"_blank\" rel=\"noopener\">da\u00f1os personales<\/a>&nbsp;accidente, usted no est\u00e1 solo. Sabemos lo que se necesita para manejar su caso con determinaci\u00f3n y a la vez tratarlo con el respeto que se merece. P\u00f3ngase en contacto con los tenaces abogados de lesiones personales de Charleston del&nbsp;<a href=\"https:\/\/www.steinberglawfirm.com\/attorney\/\" target=\"_blank\" rel=\"noopener\">Steinberg Law Firm<\/a>&nbsp;llamando al 843-720-2800 para saber m\u00e1s sobre sus derechos y opciones.<\/p>\n\n\n\n<p><strong>ENCONTRAR UN ABOGADO<\/strong><br>Hay muchos abogados locales de lesiones personales en todas las ciudades importantes de los Estados Unidos. Cada uno de ellos puede ofrecer una experiencia diferente en funci\u00f3n de sus antecedentes, la forma en que dirigen su bufete de abogados o las \u00e1reas del derecho en las que se centran. Estas caracter\u00edsticas pueden ser importantes a la hora de determinar si un determinado abogado de lesiones personales es la opci\u00f3n adecuada para usted y sus necesidades.<\/p>\n\n\n\n<p>A la hora de seleccionar un asesor jur\u00eddico, se pueden tener en cuenta otros factores:<\/p>\n\n\n\n<ul class=\"wp-block-list\"><li>Historia de \u00e9xitos<\/li><li><a href=\"https:\/\/www.steinberglawfirm.com\/awards-and-accolades\/\" target=\"_blank\" rel=\"noopener\">Premios y reconocimientos<\/a>&nbsp;de una sociedad jur\u00eddica<\/li><li>Pertenencia a organizaciones jur\u00eddicas<\/li><li>Actitud y calidad del asesoramiento durante la consulta<\/li><li>Recursos a su disposici\u00f3n<\/li><\/ul>\n\n\n\n<p>Adem\u00e1s, puede ser importante reunirse con un abogado en persona para determinar si puede confiarle su caso.<\/p>\n\n\n\n<p><strong>CONTACTAR CON NOSOTROS<\/strong><\/p>\n\n\n\n<p>Si se ha lesionado y est\u00e1 considerando la posibilidad de emprender acciones legales para obtener una indemnizaci\u00f3n, es posible que podamos ayudarle. Para obtener m\u00e1s informaci\u00f3n sobre c\u00f3mo podemos ayudarle durante este dif\u00edcil momento, p\u00f3ngase en contacto con los compasivos y experimentados abogados de lesiones personales del Charleston hoy en el 843-720-2800.<\/p>\n\n\n\n<h2 class=\"wp-block-heading\">Abogados de lesiones personales que representan a Charleston y \u00e1reas cercanas de South Carolina<\/h2>\n\n\n\n<h3 class=\"wp-block-heading\">Otros art\u00edculos:<\/h3>\n\n\n<ul class=\"list-pages-shortcode sibling-pages\"><li class=\"page_item page-item-2233\"><a href=\"https:\/\/steinberglawfirm-staging.clmcloud.app\/es\/articulos\/3-datos-sobre-la-indemnizacion-que-debe-conocer\/\">3 datos sobre la indemnizaci\u00f3n que debe conocer<\/a><\/li>\n<li class=\"page_item page-item-2200\"><a href=\"https:\/\/steinberglawfirm-staging.clmcloud.app\/es\/articulos\/3-hechos-importantes-sobre-el-estado-de-limitaciones\/\">3 datos importantes sobre la prescripci\u00f3n<\/a><\/li>\n<li class=\"page_item page-item-2713\"><a href=\"https:\/\/steinberglawfirm-staging.clmcloud.app\/es\/articulos\/traumatismo-craneal-abusivo\/\">Traumatismo craneoencef\u00e1lico abusivo<\/a><\/li>\n<li class=\"page_item page-item-2715\"><a href=\"https:\/\/steinberglawfirm-staging.clmcloud.app\/es\/articulos\/accidente-liquidez-en-vehiculos-prestados\/\">Responsabilidad por accidentes en veh\u00edculos prestados<\/a><\/li>\n<li class=\"page_item page-item-2717\"><a href=\"https:\/\/steinberglawfirm-staging.clmcloud.app\/es\/articulos\/agnosia-y-lesion-cerebral\/\">Agnosia y lesi\u00f3n cerebral<\/a><\/li>\n<li class=\"page_item page-item-2721\"><a href=\"https:\/\/steinberglawfirm-staging.clmcloud.app\/es\/articulos\/antidepresivo-retiro\/\">Abstinencia de antidepresivos<\/a><\/li>\n<li class=\"page_item page-item-2723\"><a href=\"https:\/\/steinberglawfirm-staging.clmcloud.app\/es\/articulos\/afasia\/\">Afasia<\/a><\/li>\n<li class=\"page_item page-item-2725\"><a href=\"https:\/\/steinberglawfirm-staging.clmcloud.app\/es\/articulos\/fallo-del-freno-del-automovil\/\">Fallo de los frenos del autom\u00f3vil<\/a><\/li>\n<li class=\"page_item page-item-2727\"><a href=\"https:\/\/steinberglawfirm-staging.clmcloud.app\/es\/articulos\/convertirse-en-intoxicado-en-la-carretera\/\">Intoxicaci\u00f3n en la carretera<\/a><\/li>\n<li class=\"page_item page-item-2730\"><a href=\"https:\/\/steinberglawfirm-staging.clmcloud.app\/es\/articulos\/factores-de-accidente-de-la-embarcacion\/\">Factores de los accidentes de barco<\/a><\/li>\n<li class=\"page_item page-item-2732\"><a href=\"https:\/\/steinberglawfirm-staging.clmcloud.app\/es\/articulos\/burn-injury-truth-and-consequences\/\">Lesiones por quemaduras: Verdad y consecuencias<\/a><\/li>\n<li class=\"page_item page-item-2735\"><a href=\"https:\/\/steinberglawfirm-staging.clmcloud.app\/es\/articulos\/se-puede-demandar-por-lesiones-causadas-por-los-primeros-intervinientes\/\">\u00bfSe puede demandar por las lesiones causadas por los primeros intervinientes?<\/a><\/li>\n<li class=\"page_item page-item-2478\"><a href=\"https:\/\/steinberglawfirm-staging.clmcloud.app\/es\/articulos\/puede-trabajar-para-una-demanda-mas-rapida\/\">\u00bfPuede trabajar para conseguir una demanda m\u00e1s r\u00e1pida?<\/a><\/li>\n<li class=\"page_item page-item-2737\"><a href=\"https:\/\/steinberglawfirm-staging.clmcloud.app\/es\/articulos\/defectos-en-los-asientos-infantiles\/\">Defectos de las sillas de auto para ni\u00f1os<\/a><\/li>\n<li class=\"page_item page-item-2741\"><a href=\"https:\/\/steinberglawfirm-staging.clmcloud.app\/es\/articulos\/elegir-juguetes-seguros-para-los-ninos\/\">C\u00f3mo elegir juguetes seguros para sus hijos<\/a><\/li>\n<li class=\"page_item page-item-2744\"><a href=\"https:\/\/steinberglawfirm-staging.clmcloud.app\/es\/articulos\/defectos-y-fallos-comunes-de-los-vehiculos-de-motor\/\">Defectos y aver\u00edas comunes de los veh\u00edculos de motor<\/a><\/li>\n<li class=\"page_item page-item-2748\"><a href=\"https:\/\/steinberglawfirm-staging.clmcloud.app\/es\/articulos\/negligencia-comparativa-en-carolina-del-sur\/\">Negligencia comparativa en South Carolina<\/a><\/li>\n<li class=\"page_item page-item-2750\"><a href=\"https:\/\/steinberglawfirm-staging.clmcloud.app\/es\/articulos\/defectos-y-lesiones-en-la-construccion\/\">Defectos y lesiones en la construcci\u00f3n<\/a><\/li>\n<li class=\"page_item page-item-2757\"><a href=\"https:\/\/steinberglawfirm-staging.clmcloud.app\/es\/articulos\/productos-farmaceuticos-peligrosos\/\">Productos farmac\u00e9uticos peligrosos<\/a><\/li>\n<li class=\"page_item page-item-2759\"><a href=\"https:\/\/steinberglawfirm-staging.clmcloud.app\/es\/articulos\/peligros-de-electrocucion\/\">Peligros de la electrocuci\u00f3n<\/a><\/li>\n<li class=\"page_item page-item-2761\"><a href=\"https:\/\/steinberglawfirm-staging.clmcloud.app\/es\/articulos\/guarderia-descuido\/\">Abandono de la guarder\u00eda<\/a><\/li>\n<li class=\"page_item page-item-2764\"><a href=\"https:\/\/steinberglawfirm-staging.clmcloud.app\/es\/articulos\/cinturones-de-seguridad-defectuosos\/\">Cinturones de seguridad defectuosos<\/a><\/li>\n<li class=\"page_item page-item-2766\"><a href=\"https:\/\/steinberglawfirm-staging.clmcloud.app\/es\/articulos\/necesita-un-abogado-si-la-falta-esta-clara\/\">\u00bfNecesita un abogado si la culpa es clara?<\/a><\/li>\n<li class=\"page_item page-item-2768\"><a href=\"https:\/\/steinberglawfirm-staging.clmcloud.app\/es\/articulos\/drafting-on-the-highway\/\">Redacci\u00f3n en la carretera<\/a><\/li>\n<li class=\"page_item page-item-2770\"><a href=\"https:\/\/steinberglawfirm-staging.clmcloud.app\/es\/articulos\/driver-error\/\">Error del conductor<\/a><\/li>\n<li class=\"page_item page-item-2772\"><a href=\"https:\/\/steinberglawfirm-staging.clmcloud.app\/es\/articulos\/conduccion-y-drogas-ilegales\/\">Conducci\u00f3n y drogas ilegales<\/a><\/li>\n<li class=\"page_item page-item-2774\"><a href=\"https:\/\/steinberglawfirm-staging.clmcloud.app\/es\/articulos\/conducir-en-el-tiempo-de-limpieza\/\">Conducir con mal tiempo<\/a><\/li>\n<li class=\"page_item page-item-2776\"><a href=\"https:\/\/steinberglawfirm-staging.clmcloud.app\/es\/articulos\/dui-car-accidents\/\">Accidentes de tr\u00e1fico por conducir bajo los efectos del alcohol<\/a><\/li>\n<li class=\"page_item page-item-2779\"><a href=\"https:\/\/steinberglawfirm-staging.clmcloud.app\/es\/articulos\/disgrafia\/\">Disgraf\u00eda<\/a><\/li>\n<li class=\"page_item page-item-2783\"><a href=\"https:\/\/steinberglawfirm-staging.clmcloud.app\/es\/articulos\/peritos-testigos-para-demandas-de-dano-personal\/\">Peritos para demandas por da\u00f1os personales<\/a><\/li>\n<li class=\"page_item page-item-2785\"><a href=\"https:\/\/steinberglawfirm-staging.clmcloud.app\/es\/articulos\/problemas-de-monitorizacion-de-electrodos-fetales\/\">Problemas de monitorizaci\u00f3n con electrodos en el cuero cabelludo del feto<\/a><\/li>\n<li class=\"page_item page-item-2787\"><a href=\"https:\/\/steinberglawfirm-staging.clmcloud.app\/es\/articulos\/primeros-auxilios-para-quemaduras-quimicas\/\">Primeros auxilios en caso de quemaduras qu\u00edmicas<\/a><\/li>\n<li class=\"page_item page-item-2789\"><a href=\"https:\/\/steinberglawfirm-staging.clmcloud.app\/es\/articulos\/primeros-auxilios-para-quemaduras-electricas\/\">Primeros auxilios en caso de quemaduras el\u00e9ctricas<\/a><\/li>\n<li class=\"page_item page-item-2791\"><a href=\"https:\/\/steinberglawfirm-staging.clmcloud.app\/es\/articulos\/primeros-auxilios-en-caso-de-quemaduras-por-fuego\/\">Primeros auxilios en caso de quemaduras por llamas<\/a><\/li>\n<li class=\"page_item page-item-2793\"><a href=\"https:\/\/steinberglawfirm-staging.clmcloud.app\/es\/articulos\/lesiones-en-el-gimnasio\/\">Lesiones en los gimnasios<\/a><\/li>\n<li class=\"page_item page-item-2235\"><a href=\"https:\/\/steinberglawfirm-staging.clmcloud.app\/es\/articulos\/cinco-errores-que-cometen-las-victimas-de-accidentes\/\">Cinco errores que cometen las v\u00edctimas de accidentes<\/a><\/li>\n<li class=\"page_item page-item-2798\"><a href=\"https:\/\/steinberglawfirm-staging.clmcloud.app\/es\/articulos\/motivos-para-una-accion-de-responsabilidad-civil\/\">Motivos para una acci\u00f3n de responsabilidad del local<\/a><\/li>\n<li class=\"page_item page-item-2800\"><a href=\"https:\/\/steinberglawfirm-staging.clmcloud.app\/es\/articulos\/contenedores-de-alimentos-peligrosos\/\">Contenedores de alimentos peligrosos<\/a><\/li>\n<li class=\"page_item page-item-2803\"><a href=\"https:\/\/steinberglawfirm-staging.clmcloud.app\/es\/articulos\/autopista\/\">Costeado de la autopista<\/a><\/li>\n<li class=\"page_item page-item-2805\"><a href=\"https:\/\/steinberglawfirm-staging.clmcloud.app\/es\/articulos\/carretera-defectos\/\">Defectos en la carretera<\/a><\/li>\n<li class=\"page_item page-item-2807\"><a href=\"https:\/\/steinberglawfirm-staging.clmcloud.app\/es\/articulos\/horas-de-servicio-violaciones-y-accidentes-de-camion\/\">Infracciones de las horas de servicio y accidentes de camiones<\/a><\/li>\n<li class=\"page_item page-item-2809\"><a href=\"https:\/\/steinberglawfirm-staging.clmcloud.app\/es\/articulos\/como-afectan-las-pruebas-a-tu-caso\/\">C\u00f3mo afectan las pruebas a su caso<\/a><\/li>\n<li class=\"page_item page-item-2811\"><a href=\"https:\/\/steinberglawfirm-staging.clmcloud.app\/es\/articulos\/infecciones-por-ataques-animales\/\">Infecciones por ataques de animales<\/a><\/li>\n<li class=\"page_item page-item-2243\"><a href=\"https:\/\/steinberglawfirm-staging.clmcloud.app\/es\/articulos\/herido-en-un-accidente-de-coche-vea-lo-que-diga\/\">\u00bfHerido en un accidente de tr\u00e1fico? Cuidado con lo que dices.<\/a><\/li>\n<li class=\"page_item page-item-2245\"><a href=\"https:\/\/steinberglawfirm-staging.clmcloud.app\/es\/articulos\/lesiones-asociadas-a-accidentes-de-vehiculos-de-motor\/\">Lesiones asociadas a los accidentes de tr\u00e1fico<\/a><\/li>\n<li class=\"page_item page-item-2813\"><a href=\"https:\/\/steinberglawfirm-staging.clmcloud.app\/es\/articulos\/lesiones-asociadas-a-los-accidentes-de-resbalon-y-caida\/\">Lesiones asociadas a los accidentes por resbalones y ca\u00eddas<\/a><\/li>\n<li class=\"page_item page-item-2816\"><a href=\"https:\/\/steinberglawfirm-staging.clmcloud.app\/es\/articulos\/es-seguro-el-patio-de-sus-ninos\/\">\u00bfEs seguro el parque infantil de su hijo?<\/a><\/li>\n<li class=\"page_item page-item-2818\"><a href=\"https:\/\/steinberglawfirm-staging.clmcloud.app\/es\/articulos\/falta-de-etica-medica\/\">Falta de \u00e9tica m\u00e9dica<\/a><\/li>\n<li class=\"page_item page-item-2820\"><a href=\"https:\/\/steinberglawfirm-staging.clmcloud.app\/es\/articulos\/defecto-de-fabricacion-vs-diseno\/\">Defecto de fabricaci\u00f3n o de dise\u00f1o<\/a><\/li>\n<li class=\"page_item page-item-2824\"><a href=\"https:\/\/steinberglawfirm-staging.clmcloud.app\/es\/articulos\/missing-road-paint\/\">Falta de pintura en la carretera<\/a><\/li>\n<li class=\"page_item page-item-2830\"><a href=\"https:\/\/steinberglawfirm-staging.clmcloud.app\/es\/articulos\/necrotizante-fascitis\/\">Fascitis necrosante<\/a><\/li>\n<li class=\"page_item page-item-2287\"><a href=\"https:\/\/steinberglawfirm-staging.clmcloud.app\/es\/articulos\/negligencia-e-intoxicacion-alimentaria\/\">Negligencia e intoxicaci\u00f3n alimentaria<\/a><\/li>\n<li class=\"page_item page-item-2834\"><a href=\"https:\/\/steinberglawfirm-staging.clmcloud.app\/es\/articulos\/peligros-para-los-peatones\/\">Peligros para los peatones<\/a><\/li>\n<li class=\"page_item page-item-2836\"><a href=\"https:\/\/steinberglawfirm-staging.clmcloud.app\/es\/articulos\/reclamaciones-por-danos-personales-legitimas-frente-a-las-frivolas\/\">Reclamaciones por da\u00f1os personales: Leg\u00edtimas y fr\u00edvolas<\/a><\/li>\n<li class=\"page_item page-item-2838\"><a href=\"https:\/\/steinberglawfirm-staging.clmcloud.app\/es\/articulos\/errores-de-cirugia-plastica\/\">Errores de la cirug\u00eda pl\u00e1stica<\/a><\/li>\n<li class=\"page_item page-item-2840\"><a href=\"https:\/\/steinberglawfirm-staging.clmcloud.app\/es\/articulos\/problemas-asociados-con-la-meningitis\/\">Problemas asociados a la meningitis<\/a><\/li>\n<li class=\"page_item page-item-2844\"><a href=\"https:\/\/steinberglawfirm-staging.clmcloud.app\/es\/articulos\/salmonella-y-su-salud\/\">La salmonela y su salud<\/a><\/li>\n<li class=\"page_item page-item-2846\"><a href=\"https:\/\/steinberglawfirm-staging.clmcloud.app\/es\/articulos\/lesiones-relacionadas-con-la-escuela\/\">Lesiones relacionadas con la escuela<\/a><\/li>\n<li class=\"page_item page-item-2203\"><a href=\"https:\/\/steinberglawfirm-staging.clmcloud.app\/es\/articulos\/seleccion-de-una-lesion-personal\/\">Selecci\u00f3n de un abogado de lesiones personales<\/a><\/li>\n<li class=\"page_item page-item-2848\"><a href=\"https:\/\/steinberglawfirm-staging.clmcloud.app\/es\/articulos\/luxacion-de-hombro\/\">Dislocaci\u00f3n del hombro<\/a><\/li>\n<li class=\"page_item page-item-2850\"><a href=\"https:\/\/steinberglawfirm-staging.clmcloud.app\/es\/articulos\/signos-de-abuso-en-casa-de-enfermeria\/\">Se\u00f1ales de maltrato en residencias de ancianos<\/a><\/li>\n<li class=\"page_item page-item-2854\"><a href=\"https:\/\/steinberglawfirm-staging.clmcloud.app\/es\/articulos\/negligencia-en-el-estadio-y-lesiones-de-los-espectadores\/\">Negligencia en los estadios y lesiones de los espectadores<\/a><\/li>\n<li class=\"page_item page-item-2858\"><a href=\"https:\/\/steinberglawfirm-staging.clmcloud.app\/es\/articulos\/sutura-errores\/\">Errores de sutura<\/a><\/li>\n<li class=\"page_item page-item-2860\"><a href=\"https:\/\/steinberglawfirm-staging.clmcloud.app\/es\/articulos\/la-doctrina-de-la-molestia-atractiva\/\">La doctrina de la molestia atractiva<\/a><\/li>\n<li class=\"page_item page-item-2862\"><a href=\"https:\/\/steinberglawfirm-staging.clmcloud.app\/es\/articulos\/los-efectos-peligrosos-del-exceso-de-velocidad\/\">Los efectos peligrosos del exceso de velocidad<\/a><\/li>\n<li class=\"page_item page-item-2864\"><a href=\"https:\/\/steinberglawfirm-staging.clmcloud.app\/es\/articulos\/las-principales-causas-de-las-lesiones-de-la-columna-vertebral\/\">Las principales causas de las lesiones de la columna vertebral<\/a><\/li>\n<li class=\"page_item page-item-2868\"><a href=\"https:\/\/steinberglawfirm-staging.clmcloud.app\/es\/articulos\/productos-quimicos-toxicos-en-el-hogar\/\">Productos qu\u00edmicos t\u00f3xicos en el hogar<\/a><\/li>\n<li class=\"page_item page-item-2872\"><a href=\"https:\/\/steinberglawfirm-staging.clmcloud.app\/es\/articulos\/tipos-de-negligencia\/\">Tipos de negligencia<\/a><\/li>\n<li class=\"page_item page-item-2874\"><a href=\"https:\/\/steinberglawfirm-staging.clmcloud.app\/es\/articulos\/tipos-de-accidentes-ferroviarios\/\">Tipos de accidentes de tren<\/a><\/li>\n<li class=\"page_item page-item-2876\"><a href=\"https:\/\/steinberglawfirm-staging.clmcloud.app\/es\/articulos\/tipos-de-visitantes-para-responsabilidad-civil\/\">Tipos de visitantes para la responsabilidad de los locales<\/a><\/li>\n<li class=\"page_item page-item-2878\"><a href=\"https:\/\/steinberglawfirm-staging.clmcloud.app\/es\/articulos\/tratamientos-de-sangrado-gastrointestinal-superior\/\">Tratamientos de las hemorragias digestivas altas<\/a><\/li>\n<li class=\"page_item page-item-2880\"><a href=\"https:\/\/steinberglawfirm-staging.clmcloud.app\/es\/articulos\/violacion-de-las-leyes-de-privacidad-de-los-pacientes\/\">Violaci\u00f3n de las leyes de privacidad del paciente<\/a><\/li>\n<li class=\"page_item page-item-2882\"><a href=\"https:\/\/steinberglawfirm-staging.clmcloud.app\/es\/articulos\/lesiones-de-las-cuerdas-vocales\/\">Lesiones por par\u00e1lisis de las cuerdas vocales<\/a><\/li>\n<li class=\"page_item page-item-2884\"><a href=\"https:\/\/steinberglawfirm-staging.clmcloud.app\/es\/articulos\/que-necesita-probar-si-un-defecto-de-coche-le-lesiona\/\">\u00bfQu\u00e9 hay que demostrar si un defecto del coche le causa lesiones?<\/a><\/li>\n<li class=\"page_item page-item-9182\"><a href=\"https:\/\/steinberglawfirm-staging.clmcloud.app\/es\/articulos\/que-es-el-sistema-de-indice\/\">\u00bfQu\u00e9 es el sistema de \u00edndices?<\/a><\/li>\n<li class=\"page_item page-item-2197\"><a href=\"https:\/\/steinberglawfirm-staging.clmcloud.app\/es\/articulos\/que-preguntas-deberia-hacer-en-una-consulta\/\">\u00bfQu\u00e9 preguntas debo hacer en una consulta?<\/a><\/li>\n<li class=\"page_item page-item-2886\"><a href=\"https:\/\/steinberglawfirm-staging.clmcloud.app\/es\/articulos\/que-hacer-despues-de-una-mordedura-de-perro\/\">Qu\u00e9 hacer despu\u00e9s de una mordedura de perro<\/a><\/li>\n<li class=\"page_item page-item-2888\"><a href=\"https:\/\/steinberglawfirm-staging.clmcloud.app\/es\/articulos\/por-que-no-debes-seguir-solo\/\">Por qu\u00e9 no debe ir solo<\/a><\/li>\n<\/ul>","protected":false},"excerpt":{"rendered":"<p>Selecci\u00f3n de un abogado especializado en lesiones personales Si una persona resulta lesionada por el comportamiento negligente o imprudente de otra, la v\u00edctima puede tener derecho a reclamar una remuneraci\u00f3n a la parte culpable. Una demanda o un acuerdo exitoso con la parte negligente puede dar lugar a importantes indemnizaciones que cubran los principales gastos relacionados con una lesi\u00f3n. A...<\/p>","protected":false},"author":1,"featured_media":5589,"parent":2195,"menu_order":0,"comment_status":"closed","ping_status":"closed","template":"","meta":{"_acf_changed":false,"footnotes":""},"class_list":["post-2203","page","type-page","status-publish","has-post-thumbnail","hentry"],"acf":[],"_links":{"self":[{"href":"https:\/\/steinberglawfirm-staging.clmcloud.app\/es\/wp-json\/wp\/v2\/pages\/2203"}],"collection":[{"href":"https:\/\/steinberglawfirm-staging.clmcloud.app\/es\/wp-json\/wp\/v2\/pages"}],"about":[{"href":"https:\/\/steinberglawfirm-staging.clmcloud.app\/es\/wp-json\/wp\/v2\/types\/page"}],"author":[{"embeddable":true,"href":"https:\/\/steinberglawfirm-staging.clmcloud.app\/es\/wp-json\/wp\/v2\/users\/1"}],"replies":[{"embeddable":true,"href":"https:\/\/steinberglawfirm-staging.clmcloud.app\/es\/wp-json\/wp\/v2\/comments?post=2203"}],"version-history":[{"count":1,"href":"https:\/\/steinberglawfirm-staging.clmcloud.app\/es\/wp-json\/wp\/v2\/pages\/2203\/revisions"}],"predecessor-version":[{"id":20008,"href":"https:\/\/steinberglawfirm-staging.clmcloud.app\/es\/wp-json\/wp\/v2\/pages\/2203\/revisions\/20008"}],"up":[{"embeddable":true,"href":"https:\/\/steinberglawfirm-staging.clmcloud.app\/es\/wp-json\/wp\/v2\/pages\/2195"}],"wp:featuredmedia":[{"embeddable":true,"href":"https:\/\/steinberglawfirm-staging.clmcloud.app\/es\/wp-json\/wp\/v2\/media\/5589"}],"wp:attachment":[{"href":"https:\/\/steinberglawfirm-staging.clmcloud.app\/es\/wp-json\/wp\/v2\/media?parent=2203"}],"curies":[{"name":"wp","href":"https:\/\/api.w.org\/{rel}","templated":true}]}}