{"id":21993,"date":"2022-05-25T21:13:07","date_gmt":"2022-05-25T21:13:07","guid":{"rendered":"https:\/\/www.steinberglawfirm.com\/?page_id=21993"},"modified":"2022-05-25T21:19:09","modified_gmt":"2022-05-25T21:19:09","slug":"sex-abuse-rape","status":"publish","type":"page","link":"https:\/\/steinberglawfirm-staging.clmcloud.app\/es\/lesiones-personales\/abogados-de-lesiones-personales\/sexo-abuso-violacion\/","title":{"rendered":"Abuso sexual y de menores en South Carolina"},"content":{"rendered":"<h1 class=\"wp-block-heading\">South Carolina Abogados especialistas en lesiones por abuso sexual<\/h1>\n\n\n\n<h2 class=\"wp-block-heading\">\u00bfPuedo presentar un caso de da\u00f1os personales por agresi\u00f3n sexual o violaci\u00f3n?<\/h2>\n\n\n\n<p>Si es usted un superviviente de una agresi\u00f3n sexual, ya sea un adulto o un ni\u00f1o, puede presentar una demanda civil contra el autor de la agresi\u00f3n. En el <a href=\"https:\/\/www.steinberglawfirm.com\/\" target=\"_blank\" rel=\"noopener\">Steinberg Law Firm<\/a>, nuestro <a href=\"https:\/\/www.steinberglawfirm.com\/attorney\/\" target=\"_blank\" rel=\"noopener\">abogados compasivos y agresivos en materia de abuso sexual y pederastia<\/a> se dedican a luchar por las v\u00edctimas y tienen un historial de logros en la responsabilizaci\u00f3n de los autores. Ofrecemos a todos los posibles clientes un <a href=\"https:\/\/www.steinberglawfirm.com\/free-consultation\/\" target=\"_blank\" rel=\"noopener\">consulta gratuita y confidencial<\/a>Durante la misma le explicaremos el proceso, qu\u00e9 puede esperar y c\u00f3mo podemos ayudarle. Tambi\u00e9n responderemos a cualquier pregunta que tenga para asegurarnos de que se sienta c\u00f3modo en cada etapa del proceso.<\/p>\n\n\n\n<h4 class=\"wp-block-heading\">El alcance del problema de los abusos sexuales<\/h4>\n\n\n\n<p>Los abusos sexuales y el acoso a menores se producen a un ritmo alarmante. Seg\u00fan la Red Nacional de Violaci\u00f3n, Abuso e Incesto (RAINN), alguien es objeto de violencia sexual cada 68 segundos. El Centro Nacional para las V\u00edctimas del Crimen tambi\u00e9n descubri\u00f3 que 1 de cada 5 ni\u00f1as y 1 de cada 20 ni\u00f1os son v\u00edctimas de agresiones sexuales en alg\u00fan momento de su vida.<\/p>\n\n\n\n<h4 class=\"wp-block-heading\">\u00bfQui\u00e9n comete abusos sexuales?<\/h4>\n\n\n\n<p>La mayor\u00eda de las situaciones de abuso sexual y acoso a menores son cometidas por alguien conocido por la v\u00edctima. Seg\u00fan RAINN, algo menos del 20% de las agresiones sexuales son cometidas por autores que no conocen a sus v\u00edctimas.<\/p>\n\n\n\n<p>Los tipos m\u00e1s comunes de agresi\u00f3n sexual son:<\/p>\n\n\n\n<ul class=\"wp-block-list\"><li>Agresiones por parte de miembros de la familia,<\/li><li>Agresiones cometidas por conocidos,<\/li><li>Agresiones cometidas por profesionales de la medicina,<\/li><li>Abuso de ni\u00f1os en guarder\u00edas,<\/li><li>Violaci\u00f3n en una cita,<\/li><li>Abuso sexual en las iglesias,<\/li><li>Abusos sexuales y pederastia en escuelas y programas deportivos,<\/li><li>Abuso sexual en residencias de ancianos; y<\/li><li>Violencia sexual en el lugar de trabajo.<\/li><\/ul>\n\n\n\n<p>En el <a href=\"https:\/\/www.steinberglawfirm.com\/\" target=\"_blank\" rel=\"noopener\">Steinberg Law Firm<\/a>Entendemos los retos a los que se enfrentan los supervivientes y sus familias tras una agresi\u00f3n sexual. Reconocemos que la idea de presentar una demanda contra el agresor plantea la posibilidad de volver a traumatizarlo. A trav\u00e9s de una defensa reflexiva y compasiva, hacemos todo lo posible para que obtener justicia contra un atacante sea f\u00e1cil para usted.<\/p>\n\n\n\n<h4 class=\"wp-block-heading\">El acoso y la agresi\u00f3n sexual a menores suelen provocar graves da\u00f1os f\u00edsicos y emocionales de por vida<\/h4>\n\n\n\n<p>Los efectos del abuso infantil o de la agresi\u00f3n sexual son graves. Por supuesto, las experiencias de dos supervivientes no son id\u00e9nticas, y el impacto del abuso sexual var\u00eda significativamente entre los supervivientes. Las lesiones t\u00edpicas que traen los casos de abuso sexual y acoso infantil incluyen:<\/p>\n\n\n\n<ul class=\"wp-block-list\"><li>Ansiedad\/depresi\u00f3n,<\/li><li>Disminuci\u00f3n del rendimiento acad\u00e9mico,<\/li><li>Falta de confianza en las figuras de autoridad,<\/li><li>P\u00e9rdida en la fe,<\/li><li>Dificultades para encontrar o mantener un empleo,<\/li><li>Trastornos por abuso de drogas y alcohol,<\/li><li>Trastornos mentales\/ Ataques de p\u00e1nico,<\/li><li>Trastorno de estr\u00e9s postraum\u00e1tico (TEPT),<\/li><li>Disfunci\u00f3n sexual\/ problemas de intimidad; y<\/li><li>Pensamientos suicidas.<\/li><\/ul>\n\n\n\n<p>Los da\u00f1os que experimenta un superviviente de abusos sexuales no se limitan a las lesiones f\u00edsicas y emocionales. Por ejemplo, seg\u00fan el Centro Nacional de Recursos contra la Violencia Sexual, los costes financieros estimados de por vida a los que se enfrenta un superviviente de una violaci\u00f3n pueden superar los $120.000.<\/p>\n\n\n\n<p>En el <a href=\"https:\/\/www.steinberglawfirm.com\/\" target=\"_blank\" rel=\"noopener\">Steinberg Law Firm<\/a>En la actualidad, luchamos por la justicia en nombre de los supervivientes de agresiones sexuales y abusos sexuales a menores. Creemos que no es justo que usted y su familia tengan que soportar los costos financieros asociados con el ataque.<\/p>\n\n\n\n<h4 class=\"wp-block-heading\">Casos de agresi\u00f3n sexual civiles frente a penales<\/h4>\n\n\n\n<p>Tanto el acoso a menores como el abuso sexual son delitos. As\u00ed, tras una denuncia de agresi\u00f3n sexual, la polic\u00eda suele iniciar una investigaci\u00f3n, y el gobierno puede presentar cargos penales contra el autor. Es esencial entender las distinciones entre un caso de abuso sexual penal y un caso de abuso sexual civil, ya que se centran en alcanzar objetivos diferentes.<\/p>\n\n\n\n<p>En un caso penal, el gobierno presenta cargos contra un delincuente bas\u00e1ndose en su violaci\u00f3n de la ley. Si el acusado es declarado culpable, se enfrenta a sanciones penales, que incluyen el encarcelamiento, la libertad condicional y el registro obligatorio de delincuentes sexuales, entre otras cosas. Los casos penales se presentan en nombre del gobierno, no de la v\u00edctima. Por lo tanto, los jueces penales est\u00e1n muy limitados en su capacidad de ordenar al acusado que compense a la v\u00edctima por sus lesiones.<\/p>\n\n\n\n<p>En un caso civil, el superviviente inicia el caso para buscar justicia por sus lesiones. En particular, la carga de la prueba en un caso civil es menor que en un caso penal, lo que hace que estos casos sean m\u00e1s f\u00e1ciles de probar. Si el gobierno presentara cargos contra un agresor por agresi\u00f3n sexual que resultara en una absoluci\u00f3n, la v\u00edctima a\u00fan podr\u00eda conseguir una demanda civil por su cuenta. Si un sobreviviente de abuso sexual presenta con \u00e9xito un caso de agresi\u00f3n sexual civil, puede recuperar una compensaci\u00f3n por sus da\u00f1os econ\u00f3micos y no econ\u00f3micos.<\/p>\n\n\n\n<p>Los da\u00f1os econ\u00f3micos son costes que obligan a las v\u00edctimas a gastar dinero de su bolsillo o a perder la capacidad de ganar dinero. Los siguientes son tipos de da\u00f1os econ\u00f3micos:<\/p>\n\n\n\n<ul class=\"wp-block-list\"><li>Gastos m\u00e9dicos pasados y futuros,<\/li><li>Los salarios perdidos; y<\/li><li>Disminuci\u00f3n de su capacidad para obtener tantos ingresos como antes del ataque.<\/li><\/ul>\n\n\n\n<p>Los da\u00f1os no econ\u00f3micos compensan a los supervivientes por los efectos emocionales y psicol\u00f3gicos que el abuso tuvo en su vida. Los da\u00f1os no econ\u00f3micos son los siguientes:<\/p>\n\n\n\n<ul class=\"wp-block-list\"><li>Dolor y sufrimiento f\u00edsico,<\/li><li>Angustia emocional,<\/li><li>Discapacidad f\u00edsica o mental,<\/li><li>Cicatrices o desfiguraciones permanentes,<\/li><li>P\u00e9rdida del disfrute de la vida,<\/li><li>Incapacidad para completar las tareas diarias; y<\/li><li>P\u00e9rdida de compa\u00f1\u00eda.<\/li><\/ul>\n\n\n\n<p>En el <a href=\"https:\/\/www.steinberglawfirm.com\/\" target=\"_blank\" rel=\"noopener\">Steinberg Law Firm<\/a>En cada caso, nos acercamos con compasi\u00f3n, tratando de entender c\u00f3mo el ataque impact\u00f3 en su vida. Esto nos permite determinar el alcance total de sus p\u00e9rdidas. Usted s\u00f3lo tiene una oportunidad de presentar un caso, y es imperativo que recupere exactamente lo que necesita para recuperar su vida y ni un centavo menos. Tambi\u00e9n examinamos detenidamente todas las partes responsables del ataque, incluida la escasa seguridad del edificio y la negligencia de otras personas que pueden haber contribuido al ataque.<\/p>\n\n\n\n<h3 class=\"wp-block-heading\">\u00bfHa sido usted v\u00edctima de acoso o abuso sexual de menores?<\/h3>\n\n\n\n<p>Si usted, su hijo o un ser querido ha sido recientemente v\u00edctima de violencia sexual, p\u00f3ngase en contacto con el Steinberg Law Firm para obtener ayuda inmediata. En el <a href=\"https:\/\/www.steinberglawfirm.com\/\" target=\"_blank\" rel=\"noopener\">Steinberg Law Firm<\/a>Hemos sido <a href=\"https:\/\/www.steinberglawfirm.com\/results\/\" target=\"_blank\" rel=\"noopener\">ayudar a los lesionados a recuperar una indemnizaci\u00f3n significativa<\/a> por lo que han pasado <a href=\"https:\/\/www.steinberglawfirm.com\/about-us\/\" target=\"_blank\" rel=\"noopener\">desde 1927<\/a>.<\/p>\n\n\n\n<p>A lo largo de este tiempo, hemos puesto en contacto a innumerables personas con el dinero que necesitan para iniciar el complicado proceso de seguir adelante con sus vidas. Solo en los \u00faltimos diez a\u00f1os, hemos recuperado m\u00e1s de $800 millones en nombre de nuestros clientes.<\/p>\n\n\n\n<p>Para saber m\u00e1s y <a href=\"https:\/\/www.steinberglawfirm.com\/free-consultation\/\" target=\"_blank\" rel=\"noopener\">programar una consulta gratuita<\/a>, danos un <a href=\"tel:1-843-720-2800\">llame al 843-720-2800<\/a>. Tambi\u00e9n puede <a href=\"https:\/\/www.steinberglawfirm.com\/contact-us\/\" target=\"_blank\" rel=\"noopener\">contacte con nosotros a trav\u00e9s de nuestro formulario online<\/a>. No hay ninguna obligaci\u00f3n cuando se establece una consulta, y nunca se le cobrar\u00e1 por cualquiera de nuestros servicios a menos que podamos ayudar a obtener la compensaci\u00f3n que necesita y merece.<\/p>","protected":false},"excerpt":{"rendered":"<p>South Carolina Abogados especialistas en lesiones por abuso sexual \u00bfPuedo presentar un caso de lesiones personales por agresi\u00f3n sexual o violaci\u00f3n? Si usted es un sobreviviente de un asalto sexual - ya sea como un adulto o un ni\u00f1o - usted puede ser capaz de perseguir una demanda legal civil contra el autor de la agresi\u00f3n. En el Steinberg Law Firm, nuestro compasivo...<\/p>","protected":false},"author":1,"featured_media":0,"parent":9348,"menu_order":0,"comment_status":"closed","ping_status":"closed","template":"","meta":{"_acf_changed":false,"footnotes":""},"class_list":["post-21993","page","type-page","status-publish","hentry"],"acf":[],"_links":{"self":[{"href":"https:\/\/steinberglawfirm-staging.clmcloud.app\/es\/wp-json\/wp\/v2\/pages\/21993"}],"collection":[{"href":"https:\/\/steinberglawfirm-staging.clmcloud.app\/es\/wp-json\/wp\/v2\/pages"}],"about":[{"href":"https:\/\/steinberglawfirm-staging.clmcloud.app\/es\/wp-json\/wp\/v2\/types\/page"}],"author":[{"embeddable":true,"href":"https:\/\/steinberglawfirm-staging.clmcloud.app\/es\/wp-json\/wp\/v2\/users\/1"}],"replies":[{"embeddable":true,"href":"https:\/\/steinberglawfirm-staging.clmcloud.app\/es\/wp-json\/wp\/v2\/comments?post=21993"}],"version-history":[{"count":2,"href":"https:\/\/steinberglawfirm-staging.clmcloud.app\/es\/wp-json\/wp\/v2\/pages\/21993\/revisions"}],"predecessor-version":[{"id":21995,"href":"https:\/\/steinberglawfirm-staging.clmcloud.app\/es\/wp-json\/wp\/v2\/pages\/21993\/revisions\/21995"}],"up":[{"embeddable":true,"href":"https:\/\/steinberglawfirm-staging.clmcloud.app\/es\/wp-json\/wp\/v2\/pages\/9348"}],"wp:attachment":[{"href":"https:\/\/steinberglawfirm-staging.clmcloud.app\/es\/wp-json\/wp\/v2\/media?parent=21993"}],"curies":[{"name":"wp","href":"https:\/\/api.w.org\/{rel}","templated":true}]}}