{"id":21984,"date":"2022-05-25T19:49:30","date_gmt":"2022-05-25T19:49:30","guid":{"rendered":"https:\/\/www.steinberglawfirm.com\/?page_id=21984"},"modified":"2023-01-03T23:44:28","modified_gmt":"2023-01-03T23:44:28","slug":"restaurant-burn-injury","status":"publish","type":"page","link":"https:\/\/steinberglawfirm-staging.clmcloud.app\/es\/indemnizacion-de-los-trabajadores\/indemnizacion-por-accidente-de-trabajo-para-un-empleado-que-sufre-una-lesion\/restaurante-quemado-herido\/","title":{"rendered":"Quemaduras graves en restaurantes"},"content":{"rendered":"<h1 class=\"wp-block-heading\">Charleston Abogados de lesiones por quemaduras de empleados de restaurantes<\/h1>\n\n\n\n<h2 class=\"wp-block-heading\"><em>Abogados con experiencia en compensaci\u00f3n laboral que sirven a los empleados en Charleston, Goose Creek, Summerville y \u00e1reas circundantes<\/em><\/h2>\n\n\n\n<p>Trabajar en un restaurante puede ser un trabajo incre\u00edblemente desafiante y estresante. Y aunque los que nunca han trabajado en el sector de los servicios no se den cuenta, el trabajo en un restaurante tambi\u00e9n puede ser peligroso. Aunque son muchos los peligros a los que se enfrentan los trabajadores de restaurantes, uno de los m\u00e1s comunes -y m\u00e1s graves- son los riesgos de quemaduras.<\/p>\n\n\n\n<p>Hay algunos lugares en la industria de la restauraci\u00f3n donde un <a href=\"https:\/\/www.steinberglawfirm.com\/workers-compensation\/workers-compensation-for-an-employee-who-suffers-a-burn-injury\/\" target=\"_blank\" rel=\"noopener\">Charleston el trabajador de un restaurante puede correr el riesgo de sufrir quemaduras<\/a>. El lugar m\u00e1s habitual es cerca de los fogones o la parrilla, donde el aceite y la grasa pueden salpicar y provocar graves quemaduras. Otros lugares a los que hay que prestar atenci\u00f3n son el horno, la freidora y cualquier zona donde se preparen alimentos calientes.<\/p>\n\n\n\n<p>Los trabajadores de la cocina deben tener cuidado al manipular sartenes o platos calientes y al abrir la puerta del horno. Las quemaduras por vapor tambi\u00e9n pueden producirse cuando los trabajadores limpian los suelos con una fregona de vapor. Las quemaduras tambi\u00e9n pueden producirse fuera de la cocina. Los camareros pueden derramar caf\u00e9 o t\u00e9 caliente sobre ellos mismos, los camareros o los lavavajillas.<\/p>\n\n\n\n<h4 class=\"wp-block-heading\">Causas comunes de las quemaduras en los restaurantes<\/h4>\n\n\n\n<p>Seg\u00fan datos recientes de la Oficina de Estad\u00edsticas Laborales, <a href=\"https:\/\/www.steinberglawfirm.com\/workers-compensation\/workers-compensation-for-an-employee-who-suffers-a-burn-injury\/\" target=\"_blank\" rel=\"noopener\">las quemaduras son una de las lesiones m\u00e1s comunes que sufren los trabajadores de los restaurantes<\/a>. De hecho, por t\u00e9rmino medio, los trabajadores de los restaurantes sufren lesiones relacionadas con las quemaduras en una proporci\u00f3n m\u00e1s de seis veces superior a la de otros trabajadores. La siguiente lista incluye las causas m\u00e1s comunes de las lesiones por quemaduras en los restaurantes:<\/p>\n\n\n\n<p><strong>Quemaduras t\u00e9rmicas<\/strong><\/p>\n\n\n\n<p>Las quemaduras t\u00e9rmicas se producen cuando una parte del cuerpo entra en contacto con una superficie caliente, como una estufa, el interior de un horno o una sart\u00e9n caliente. Los trabajadores de restaurantes tambi\u00e9n pueden sufrir una quemadura t\u00e9rmica tras entrar en contacto con alimentos calientes.<\/p>\n\n\n\n<p>Seg\u00fan el gr\u00e1fico de lesiones, enfermedades y muertes de la Oficina de Estad\u00edsticas Laborales de Estados Unidos de 2020, en los restaurantes y otros lugares de comida se produjeron 4.950 incidentes de quemaduras t\u00e9rmicas por calor. Tambi\u00e9n se produjeron un total de 500 quemaduras qu\u00edmicas y corrosiones.<\/p>\n\n\n\n<p><strong>Quemaduras por escaldado<\/strong><\/p>\n\n\n\n<p>Las quemaduras por escaldadura se producen cuando una parte del cuerpo se expone al agua caliente, a otros l\u00edquidos o al vapor. Como chef, sous-chef, cocinero, preparador de alimentos, panadero u otro trabajador de un restaurante, es frecuente encontrarse con temperaturas de agua abrasadoras.<\/p>\n\n\n\n<p> Seg\u00fan el informe de la Asociaci\u00f3n Americana de Quemaduras 2018 Scald Statistics and Data Resources, el treinta y cinco por ciento de las v\u00edctimas de lesiones por quemaduras en general fueron ingresadas en centros de quemados por quemaduras por escaldadura.<\/p>\n\n\n\n<p><strong>Quemaduras el\u00e9ctricas<\/strong><\/p>\n\n\n\n<p>Un <a href=\"https:\/\/www.steinberglawfirm.com\/articles\/first-aid-for-electrical-burns\/\" target=\"_blank\" rel=\"noopener\">quemadura el\u00e9ctrica<\/a> se produce cuando una parte del cuerpo entra en contacto con la electricidad, normalmente debido a un cable expuesto o a un equipo de cocina defectuoso. Seg\u00fan las estad\u00edsticas de la Electrical Safety Foundation International Workplace Injury and Fatality 2011-2020, el sector de los servicios de alojamiento y alimentaci\u00f3n represent\u00f3 el veintid\u00f3s por ciento de las lesiones el\u00e9ctricas no mortales.<\/p>\n\n\n\n<p>Aunque los cocineros, los anfitriones, los camareros y otros trabajadores de restaurantes se enfrentan a muchos riesgos de quemaduras, corresponde al empleador proporcionar a todos los trabajadores el equipo de seguridad adecuado y las directrices para evitar las lesiones por quemaduras en el lugar de trabajo. Si no lo hace, el empleador podr\u00eda ser considerado responsable.<\/p>\n\n\n\n<h4 class=\"wp-block-heading\">Tipos de quemaduras de grado<\/h4>\n\n\n\n<p>A la hora de determinar la gravedad de una quemadura, se tendr\u00e1 en cuenta la superficie total del cuerpo quemado. Cuando un trabajador de un restaurante sufre una quemadura, debe buscar atenci\u00f3n m\u00e9dica lo antes posible para que un m\u00e9dico pueda determinar el grado de la quemadura. El grado de una quemadura puede ser de las siguientes categor\u00edas:<\/p>\n\n\n\n<p>1. Quemadura de primer grado: superficial<\/p>\n\n\n\n<p><a><\/a> 2. Quemadura de segundo grado: de espesor parcial<\/p>\n\n\n\n<p> 3. Quemadura de tercer grado: de espesor completo<\/p>\n\n\n\n<p>Las quemaduras de primer grado suelen afectar a la capa superior de la piel, la epidermis. Es fundamental enfriar la zona afectada para reducir el enrojecimiento y el dolor. Acudir a un dermat\u00f3logo en relaci\u00f3n con las posibles cicatrices puede ser \u00fatil.<\/p>\n\n\n\n<p>Lo mejor es buscar atenci\u00f3n m\u00e9dica inmediatamente con las quemaduras de segundo y tercer grado, ya que estas quemaduras se consideran m\u00e1s graves. Las quemaduras de segundo grado no s\u00f3lo afectan a la epidermis, sino que tambi\u00e9n incluyen la segunda capa de la piel, la dermis. Suelen aparecer hinchadas, rojas y con ampollas. Las quemaduras de tercer grado destruyen todas las capas de la piel. Pueden afectar a los huesos, los tendones de los m\u00fasculos y los nervios, provocando alteraciones de las sensaciones.<\/p>\n\n\n\n<h4 class=\"wp-block-heading\">Lugares en los que pueden producirse lesiones por quemaduras<\/h4>\n\n\n\n<p>Si usted es un trabajador de los servicios de alimentaci\u00f3n a tiempo parcial o completo en cualquiera de los siguientes lugares de trabajo, debe notificar a su empleador dentro de los noventa d\u00edas siguientes al incidente de la quemadura:<\/p>\n\n\n\n<ul class=\"wp-block-list\">\n<li>Panader\u00edas<\/li>\n\n\n\n<li>Delis<\/li>\n\n\n\n<li>Restaurantes de comida r\u00e1pida<\/li>\n\n\n\n<li>Bares y salones<\/li>\n\n\n\n<li>Restaurantes<\/li>\n\n\n\n<li>Catering<\/li>\n<\/ul>\n\n\n\n<p>Si decide <a href=\"https:\/\/www.steinberglawfirm.com\/workers-compensation\/\" target=\"_blank\" rel=\"noopener\">presentar una reclamaci\u00f3n de indemnizaci\u00f3n por accidente de trabajo<\/a>Debe enviarse a la Comisi\u00f3n de Compensaci\u00f3n de los Trabajadores South Carolina en un plazo de dos a\u00f1os a partir del incidente. A trav\u00e9s de la compensaci\u00f3n de los trabajadores, los trabajadores lesionados podr\u00edan recibir dos tercios de su salario medio semanal cuando no puedan trabajar.<\/p>\n\n\n\n<h4 class=\"wp-block-heading\">\u00bfC\u00f3mo pueden los trabajadores de restaurantes lesionados recuperar la compensaci\u00f3n despu\u00e9s de una lesi\u00f3n por quemadura?<\/h4>\n\n\n\n<p>Si has sufrido <a href=\"https:\/\/www.steinberglawfirm.com\/workers-compensation\/workers-compensation-for-an-employee-who-suffers-a-burn-injury\/\" target=\"_blank\" rel=\"noopener\">lesiones por quemaduras al trabajar en un restaurante<\/a>En el caso de los accidentes de tr\u00e1fico, puede reclamar una indemnizaci\u00f3n que le ayude a sufragar los gastos ocasionados por sus lesiones. La primera opci\u00f3n es una <a href=\"https:\/\/www.steinberglawfirm.com\/workers-compensation\/\" target=\"_blank\" rel=\"noopener\">reclamaci\u00f3n de indemnizaci\u00f3n de los trabajadores<\/a>. El programa de compensaci\u00f3n de los trabajadores South Carolina es un sistema que permite a los trabajadores lesionados obtener una compensaci\u00f3n por sus gastos m\u00e9dicos y salarios perdidos. Dado que el sistema de indemnizaci\u00f3n por accidente de trabajo South Carolina no se basa en la culpa, usted no necesita demostrar que su empleador (o cualquier otra persona) fue responsable de sus lesiones. En cambio, debe demostrar que sus lesiones estaban relacionadas con su empleo y que estaba actuando dentro del \u00e1mbito de su trabajo en el momento en que se lesion\u00f3.<\/p>\n\n\n\n<p>La segunda opci\u00f3n es una <a href=\"https:\/\/www.steinberglawfirm.com\/personal-injury\/personal-injury-lawyers\/\" target=\"_blank\" rel=\"noopener\">reclamaci\u00f3n por da\u00f1os personales a terceros<\/a>. De acuerdo con las leyes de compensaci\u00f3n de los trabajadores, a menos que un empleador no tenga seguro de compensaci\u00f3n de los trabajadores o cause intencionalmente las lesiones de un empleado, \u00e9ste no puede presentar una demanda por lesiones personales contra su empleador. Sin embargo, nada en las leyes de compensaci\u00f3n de los trabajadores impide que un trabajador lesionado presente una demanda contra otra parte negligente. Por ejemplo, si usted se lesion\u00f3 debido a una pieza de equipo defectuoso, podr\u00eda presentar una <a href=\"https:\/\/www.steinberglawfirm.com\/personal-injury\/dangerous-products\/\" target=\"_blank\" rel=\"noopener\">reclamaci\u00f3n de responsabilidad por productos defectuosos<\/a> contra el fabricante del producto.<\/p>\n\n\n\n<h3 class=\"wp-block-heading\">\u00bfHa sufrido lesiones por quemaduras mientras trabajaba en un restaurante?<\/h3>\n\n\n\n<p>Si ha sufrido recientemente una lesi\u00f3n como camarero, anfitri\u00f3n, gerente, cocinero o cualquier otro puesto en un restaurante, puede tener derecho a una compensaci\u00f3n econ\u00f3mica por lo que ha pasado. El sitio web <a href=\"https:\/\/www.steinberglawfirm.com\/workers-compensation\/\" target=\"_blank\" rel=\"noopener\">abogados especializados en indemnizaciones laborales South Carolina<\/a> en el <a href=\"https:\/\/www.steinberglawfirm.com\/\" target=\"_blank\" rel=\"noopener\">Steinberg Law Firm<\/a> puede ayudarle a preparar una reclamaci\u00f3n de indemnizaci\u00f3n convincente.<\/p>\n\n\n\n<p><a href=\"https:\/\/www.steinberglawfirm.com\/personal-injury\/personal-injury-lawyers\/burn-injury-lawyer\/\" target=\"_blank\" rel=\"noopener\">Sufrir quemaduras graves<\/a> mientras trabajas puede ser debilitante. Es posible que necesite ver a una enfermera especializada en quemaduras, a un m\u00e9dico del servicio de urgencias, a un oftalm\u00f3logo, a un dermat\u00f3logo o a un cirujano pl\u00e1stico. Nos aseguraremos de que reciba el tratamiento de recuperaci\u00f3n adecuado que necesita para sus lesiones por quemaduras.<\/p>\n\n\n\n<p>Para saber m\u00e1s y <a href=\"https:\/\/www.steinberglawfirm.com\/free-consultation\/\" target=\"_blank\" rel=\"noopener\">programar una consulta gratuita<\/a> con un <a href=\"https:\/\/www.steinberglawfirm.com\/personal-injury\/personal-injury-lawyers\/\" target=\"_blank\" rel=\"noopener\">Charleston abogado de lesiones<\/a>, <a href=\"tel:1-843-720-2800\">llame al 843-720-2800<\/a> hoy. Tambi\u00e9n puede <a href=\"https:\/\/www.steinberglawfirm.com\/contact-us\/\" target=\"_blank\" rel=\"noopener\">contacte con nosotros a trav\u00e9s de nuestro formulario de contacto en l\u00ednea<\/a>.<\/p>","protected":false},"excerpt":{"rendered":"<p>Charleston Abogados de lesiones por quemaduras de empleados de restaurantes Abogados experimentados en compensaci\u00f3n laboral que atienden a empleados en Charleston, Goose Creek, Summerville y \u00e1reas circundantes Trabajar en un restaurante puede ser un trabajo incre\u00edblemente desafiante y estresante. Y aunque aquellos que nunca han trabajado en la industria de servicios no se den cuenta, el trabajo en un restaurante tambi\u00e9n puede ser peligroso. Si bien hay...<\/p>","protected":false},"author":1,"featured_media":21988,"parent":9512,"menu_order":0,"comment_status":"closed","ping_status":"closed","template":"","meta":{"_acf_changed":false,"footnotes":""},"class_list":["post-21984","page","type-page","status-publish","has-post-thumbnail","hentry"],"acf":[],"_links":{"self":[{"href":"https:\/\/steinberglawfirm-staging.clmcloud.app\/es\/wp-json\/wp\/v2\/pages\/21984"}],"collection":[{"href":"https:\/\/steinberglawfirm-staging.clmcloud.app\/es\/wp-json\/wp\/v2\/pages"}],"about":[{"href":"https:\/\/steinberglawfirm-staging.clmcloud.app\/es\/wp-json\/wp\/v2\/types\/page"}],"author":[{"embeddable":true,"href":"https:\/\/steinberglawfirm-staging.clmcloud.app\/es\/wp-json\/wp\/v2\/users\/1"}],"replies":[{"embeddable":true,"href":"https:\/\/steinberglawfirm-staging.clmcloud.app\/es\/wp-json\/wp\/v2\/comments?post=21984"}],"version-history":[{"count":7,"href":"https:\/\/steinberglawfirm-staging.clmcloud.app\/es\/wp-json\/wp\/v2\/pages\/21984\/revisions"}],"predecessor-version":[{"id":23827,"href":"https:\/\/steinberglawfirm-staging.clmcloud.app\/es\/wp-json\/wp\/v2\/pages\/21984\/revisions\/23827"}],"up":[{"embeddable":true,"href":"https:\/\/steinberglawfirm-staging.clmcloud.app\/es\/wp-json\/wp\/v2\/pages\/9512"}],"wp:featuredmedia":[{"embeddable":true,"href":"https:\/\/steinberglawfirm-staging.clmcloud.app\/es\/wp-json\/wp\/v2\/media\/21988"}],"wp:attachment":[{"href":"https:\/\/steinberglawfirm-staging.clmcloud.app\/es\/wp-json\/wp\/v2\/media?parent=21984"}],"curies":[{"name":"wp","href":"https:\/\/api.w.org\/{rel}","templated":true}]}}