{"id":2187,"date":"2017-08-15T23:38:09","date_gmt":"2017-08-15T23:38:09","guid":{"rendered":"https:\/\/www.steinberglawfirm.com\/?page_id=2187"},"modified":"2022-04-12T20:57:55","modified_gmt":"2022-04-12T20:57:55","slug":"awards-and-accolades","status":"publish","type":"page","link":"https:\/\/steinberglawfirm-staging.clmcloud.app\/es\/premios-y-reconocimientos\/","title":{"rendered":"Premios y reconocimientos"},"content":{"rendered":"<a href=\"\/es\/contact\/\" target=\"_self\" role=\"button\" rel=\"noopener\">\n\t\t\t\t\t\t\tOBTENGA UNA CONSULTA GRATUITA\n\t\t\t\t\t<\/a>\n<h1>\n\t\tPremios, galardones y reconocimientos\n\t<\/h1>\n\t<p><strong>Las calificaciones de revisi\u00f3n por pares de Martindale-Hubbell\u00ae\u2122.<\/strong><\/p>\n<p>Estas calificaciones son un indicador objetivo de los altos est\u00e1ndares \u00e9ticos y la capacidad profesional de un abogado, generados a partir de las evaluaciones de otros abogados por parte de otros miembros del colegio de abogados y de la judicatura en los Estados Unidos y Canad\u00e1. Las Martindale-Hubbell\u00ae Peer Review Ratings\u2122 reflejan una combinaci\u00f3n de la obtenci\u00f3n de una calificaci\u00f3n de Est\u00e1ndares \u00c9ticos Generales Muy Altos y una calificaci\u00f3n num\u00e9rica de Habilidad Legal.<\/p>\n<p><strong>AV Preeminent\u00ae. <\/strong><\/p>\n<p>(4,5-5,0) es un logro de calificaci\u00f3n importante; los compa\u00f1eros del abogado lo clasifican en el nivel m\u00e1s alto de excelencia profesional. Los abogados David T. Pearlman, Malcolm Crosland, Kevin Holmes, Tom White, Steven Goldberg y Michael Jordan han recibido la calificaci\u00f3n AV Preeminente de sus compa\u00f1eros.<\/p>\n<p><strong>BV Distinguished\u00ae.<\/strong><\/p>\n<p>(3,0-4,4) es una calificaci\u00f3n excelente para un abogado y una marca de logros ampliamente respetada, que diferencia a un abogado de su competencia. El abogado Benjamin W. Akery tiene una calificaci\u00f3n de BV Distinguida.<\/p>\n<h3>\n\t\t\u00c1reas de pr\u00e1ctica\n\t<\/h3>\n<h3>\n\t\tResultados\n\t<\/h3>\n<h6>\n\t\tHEMOS RECUPERADO MILLONES PARA CLIENTES, INCLUYENDO:\n\t<\/h6>\n<h4>\n\t\t$3.15 Millones\n\t<\/h4>\n<h5>\n\t\tLiquidaci\u00f3n por accidente de tr\u00e1fico\n\t<\/h5>\n\t\t\t\t<img decoding=\"async\" src=\"https:\/\/www.steinberglawfirm.com\/wp-content\/uploads\/2017\/06\/superlawyers.png\" alt=\"superabogados\" itemprop=\"image\" title=\"superabogados\" onerror=\"this.style.display='none'\">\n<h3>\n\t\tSuperLawyers\n\t<\/h3>\n\t<p>Super Lawyers es un servicio de calificaci\u00f3n de abogados destacados de m\u00e1s de 70 \u00e1reas de pr\u00e1ctica que han alcanzado un alto grado de reconocimiento por parte de sus colegas y logros profesionales. El proceso de selecci\u00f3n tiene varias fases e incluye una investigaci\u00f3n independiente, las nominaciones de los compa\u00f1eros y las evaluaciones de los mismos.<\/p>\n<p>Lo siguiente&nbsp;<a href=\"https:\/\/www.steinberglawfirm.com\/attorneys\" target=\"_blank\" rel=\"noopener\">Steinberg Law Firm<\/a>&nbsp;han sido seleccionados como S\u00faper Abogados a lo largo de los a\u00f1os<\/p>\n<p><strong>David T. Pearlman:<\/strong> Super Lawyers 2008 - 2015<\/p>\n<p><strong>Malcolm Crosland:<\/strong> S\u00faper Abogados 2011, 2013 - 2015<\/p>\n<p><strong>Kevin Holmes:<\/strong> S\u00faper Abogados 2012<\/p>\n<p><strong>Tom White:<\/strong> Super Lawyers 2011 - 2013<\/p>\n<p><strong>Michael Jordan:<\/strong> Estrellas emergentes 2012 -2014<\/p>\n\t\t\t\t<img decoding=\"async\" src=\"https:\/\/www.steinberglawfirm.com\/wp-content\/uploads\/2017\/06\/Best-Law-Firms-2014-300x281.png\" alt=\"Best-Law-Firms-2014-300x281\" itemprop=\"image\" title=\"Best-Law-Firms-2014-300x281\" onerror=\"this.style.display='none'\">\n<h3>\n\t\tBest Lawyers Mejores bufetes de abogados\n\t<\/h3>\n\t<p>Best Lawyers es la m\u00e1s antigua y respetada publicaci\u00f3n de revisi\u00f3n por pares en la profesi\u00f3n legal. Una lista en Best Lawyers es ampliamente considerada por los clientes y los profesionales del derecho como un honor importante. Durante m\u00e1s de 30 a\u00f1os, las listas de Best Lawyers se han ganado el respeto de la industria legal, los medios de comunicaci\u00f3n y el p\u00fablico como la fuente m\u00e1s fiable e imparcial de referencias legales en cualquier lugar. Los abogados no pueden pagar una cuota para participar o ser incluidos en las listas. Best Lawyers se asoci\u00f3 recientemente con U.S. News &amp; World Report, la principal publicaci\u00f3n de clasificaciones de Estados Unidos, para clasificar a los bufetes de abogados de ese pa\u00eds. Steinberg Law Firm se enorgullece de recibir el premio al mejor bufete de abogados en Charleston, SC por&nbsp;<a href=\"https:\/\/www.steinberglawfirm.com\/practice-areas\/workers-compensation\/\" target=\"_blank\" rel=\"noopener\">Indemnizaci\u00f3n por accidente de trabajo<\/a>&nbsp;Derecho - Demandantes en 2014.<\/p>\nLos siguientes abogados tambi\u00e9n han sido incluidos individualmente en Best Lawyers:<br>\n<strong>David Pearlman:<\/strong> Best Lawyers in America, Workers' Compensation Law - Claimants, 2005 - 2015; Charleston, SC Lawyer of the Year, Workers' Compensation Law - Claimants, 2011 y 2012.\n<strong>Malcolm Crosland:<\/strong> Best Lawyers in America, Ley de Compensaci\u00f3n de Trabajadores - Reclamantes, 2009, 2010, 2014, 2015; Charleston, Abogado del A\u00f1o de SC, Ley de Compensaci\u00f3n de Trabajadores - Reclamantes, 2014<br>\nTom White: Best Lawyers in America, Workers' Compensation Law - Claimants, 2007-2015\n\t\t\t\t<img decoding=\"async\" src=\"https:\/\/www.steinberglawfirm.com\/wp-content\/uploads\/2017\/06\/avvo91_0.jpg\" alt=\"avvo91_0\" itemprop=\"image\" title=\"avvo91_0\" onerror=\"this.style.display='none'\">\n<h3>\n\t\tAvvo\n\t<\/h3>\n\t<p>Avvo es uno de los foros legales y directorios de abogados m\u00e1s populares de Internet. M\u00e1s de 95% de los abogados en los Estados Unidos son calificados en una escala de 1-10 por Avvo. El sitio web proporciona informaci\u00f3n y herramientas para ayudar a las personas a encontrar abogados, buscar asesoramiento y obtener respuestas a preguntas legales comunes. La calificaci\u00f3n de Avvo se calcula mediante un algoritmo que tiene en cuenta los a\u00f1os de ejercicio de la abogac\u00eda, el historial disciplinario, los logros profesionales, el reconocimiento de la industria y otros factores que son relevantes para evaluar las calificaciones de un abogado. La calificaci\u00f3n de Avvo es imparcial y f\u00e1cil de entender para quienes no tienen formaci\u00f3n jur\u00eddica. El modelo utilizado para calcular la calificaci\u00f3n de Avvo fue desarrollado con la aportaci\u00f3n de cientos de abogados, miles de consumidores y profesionales del derecho.<\/p>\nTodos los abogados de Steinberg Law Firm han recibido altas calificaciones en Avvo:<br>\n<a href=\"https:\/\/www.avvo.com\/attorneys\/29401-sc-david-pearlman-1760172.html\" target=\"_blank\" rel=\"noopener\">David T. Pearlman - 10.0 Superb<\/a><br>\n<a href=\"https:\/\/www.avvo.com\/attorneys\/29401-sc-malcolm-crosland-1760177.html\" target=\"_blank\" rel=\"noopener\">Malcolm Crosland - 10.0 Superbien<\/a><br>\n<a href=\"https:\/\/www.avvo.com\/attorneys\/29445-sc-thomas-white-1760165.html\" target=\"_blank\" rel=\"noopener\">Tom White - 9,0 Excelente<\/a><br>\n<a href=\"https:\/\/www.avvo.com\/attorneys\/29401-sc-james-holmes-1760174.html\" target=\"_blank\" rel=\"noopener\">Kevin Holmes - 10,0 Excelente<\/a><br>\n<a href=\"https:\/\/www.avvo.com\/attorneys\/29483-sc-steven-goldberg-1760181.html\" target=\"_blank\" rel=\"noopener\">Steven Goldberg - 9,3 Excelente<\/a><br>\n<a href=\"https:\/\/www.avvo.com\/attorneys\/29445-sc-michael-jordan-1760170.html\" target=\"_blank\" rel=\"noopener\">Michael Jordan - 10,0 Excelente<\/a><br>\n<a href=\"https:\/\/www.avvo.com\/attorneys\/29445-sc-benjamin-akery-4355209.html\" target=\"_blank\" rel=\"noopener\">Benjamin W. Akery - 9.2 Superb<\/a><br>\n<a href=\"https:\/\/www.avvo.com\/attorneys\/29401-sc-catherine-dunn-4558661.html\" target=\"_blank\" rel=\"noopener\">Catherine D. Meehan - 7,5 Muy bueno<\/a><br>\n<a href=\"https:\/\/www.avvo.com\/attorneys\/29485-sc-kelly-alfreds-4644238.html\" target=\"_blank\" rel=\"noopener\">Kelly M. Alfreds - 7,2 Muy bueno<\/a>\n\t\t\t\t<img decoding=\"async\" src=\"https:\/\/www.steinberglawfirm.com\/wp-content\/uploads\/2017\/06\/multi-million.png\" alt=\"multimillonario\" itemprop=\"image\" title=\"multimillonario\" onerror=\"this.style.display='none'\">\n\t\t\t\t<img decoding=\"async\" src=\"https:\/\/www.steinberglawfirm.com\/wp-content\/uploads\/2017\/06\/million.png\" alt=\"un mill\u00f3n de\" itemprop=\"image\" title=\"un mill\u00f3n de\" onerror=\"this.style.display='none'\">\n<h3>\n\t\tForo de los abogados del mill\u00f3n de d\u00f3lares\n\t<\/h3>\n\t<p>El Million Dollar Advocates Forum y el Multi-Million Dollar Advocates Forum son algunos de los grupos de abogados litigantes m\u00e1s prestigiosos del pa\u00eds. La afiliaci\u00f3n est\u00e1 limitada a los abogados que han ganado veredictos y acuerdos millonarios. Hay m\u00e1s de 4000 miembros en todo Estados Unidos, y menos del 1% de los abogados son miembros. S\u00f3lo los abogados que han demostrado, de forma objetiva y tangible, su capacidad para lograr resultados superiores en casos complejos han podido formar parte del foro Million-Dollar Advocates. La certificaci\u00f3n del Foro de Abogados del Mill\u00f3n de D\u00f3lares proporciona el reconocimiento de dicho logro y una red nacional de colegas experimentados para el intercambio de informaci\u00f3n, asistencia y referencias profesionales. Steinberg Law Firm se enorgullece de decir que el abogado Kevin Holmes es miembro del foro Million-Dollar Advocates.<\/p>\n\t\t\t\t<img decoding=\"async\" src=\"https:\/\/www.steinberglawfirm.com\/wp-content\/uploads\/2017\/08\/wc.jpg\" alt=\"wc\" itemprop=\"image\" title=\"wc\" onerror=\"this.style.display='none'\">\n<h3>\n\t\tEl Colegio de Abogados de Compensaci\u00f3n de Trabajadores\n\t<\/h3>\n\t<p>El Colegio de Abogados de Compensaci\u00f3n de Trabajadores fue establecido para reconocer a los abogados que se han distinguido en su pr\u00e1ctica de compensaci\u00f3n de trabajadores. Los miembros son nominados por rasgos sobresalientes desarrollados durante 20 a\u00f1os o m\u00e1s, y poseen las m\u00e1s altas calificaciones, car\u00e1cter, integridad y experiencia profesional.<\/p>\n<p>\"Al aceptar su membres\u00eda en el Colegio, usted se compromete a una dedicaci\u00f3n de por vida al mantenimiento de los m\u00e1s altos est\u00e1ndares de conducta profesional y actividades acad\u00e9micas; integridad absoluta con los clientes, los oponentes, los colegas y la banca; a la excelencia en la presentaci\u00f3n de la ley y los hechos dise\u00f1ados para producir al juez de hecho y al que decide la ley el m\u00e1s razonado de los resultados; y a una conducta que manifieste respeto por el proceso legal y sus participantes\". - Juramento del Colegio de Compensaci\u00f3n de Trabajadores<\/p>\n<p>Los abogados David Pearlman y Malcolm Crosland fueron nombrados becarios del CWCL en marzo de 2014.<\/p>\n<h4>\n\t\tLo que dicen nuestros clientes\n\t<\/h4>\n\t<meta itemscope=\"\" itemprop=\"mainEntityOfPage\" itemtype=\"https:\/\/schema.org\/WebPage\" itemid=\"https:\/\/www.steinberglawfirm.com\/?post_type=testimonials&amp;p=14927\" content=\"Susan\"><meta itemprop=\"datePublished\" content=\"2021-04-09\"><meta itemprop=\"dateModified\" content=\"2022-02-22\"><meta itemprop=\"name\" content=\"Steinberg Law Firm\"><meta itemprop=\"url\" content=\"https:\/\/www.steinberglawfirm.com\/blog\/author\/diagnostic\/\"><meta itemprop=\"name\" content=\"CLM Tech\"><meta itemprop=\"interactionType\" content=\"https:\/\/schema.org\/CommentAction\"><meta itemprop=\"userInteractionCount\" content=\"0\">\n<h4>Tienen unos abogados incre\u00edbles.<\/h4>\n<p>Han trabajado en una situaci\u00f3n imposible y han superado todas las expectativas en los acuerdos resultantes. \u00a1Recomendar\u00eda el bufete de abogados Steinberg a todos y cada uno! <\/p>\n<h5>- Susan<\/h5>\n\t<meta itemscope=\"\" itemprop=\"mainEntityOfPage\" itemtype=\"https:\/\/schema.org\/WebPage\" itemid=\"https:\/\/www.steinberglawfirm.com\/?post_type=testimonials&amp;p=14926\" content=\"Vanessa\"><meta itemprop=\"datePublished\" content=\"2021-04-09\"><meta itemprop=\"dateModified\" content=\"2022-02-21\"><meta itemprop=\"name\" content=\"Steinberg Law Firm\"><meta itemprop=\"url\" content=\"https:\/\/www.steinberglawfirm.com\/blog\/author\/diagnostic\/\"><meta itemprop=\"name\" content=\"CLM Tech\"><meta itemprop=\"interactionType\" content=\"https:\/\/schema.org\/CommentAction\"><meta itemprop=\"userInteractionCount\" content=\"0\">\n<h4>Mi experiencia fue excelente<\/h4>\n<p>Desde la primera consulta hasta el final de mi caso me mantuvieron informado paso a paso. Mi abogado trabaj\u00f3 duro para m\u00ed y me consigui\u00f3 m\u00e1s de lo que esperaba. <\/p>\n<h5>- Vanessa<\/h5>\n\t<meta itemscope=\"\" itemprop=\"mainEntityOfPage\" itemtype=\"https:\/\/schema.org\/WebPage\" itemid=\"https:\/\/www.steinberglawfirm.com\/?post_type=testimonials&amp;p=14842\" content=\"Mike\"><meta itemprop=\"datePublished\" content=\"2021-03-04\"><meta itemprop=\"dateModified\" content=\"2022-02-21\"><meta itemprop=\"name\" content=\"Steinberg Law Firm\"><meta itemprop=\"url\" content=\"https:\/\/www.steinberglawfirm.com\/blog\/author\/steadm\/\"><meta itemprop=\"name\" content=\"Steinberg Law Firm\"><meta itemprop=\"interactionType\" content=\"https:\/\/schema.org\/CommentAction\"><meta itemprop=\"userInteractionCount\" content=\"0\">\n<h4>Nunca sent\u00ed que estaba solo<\/h4>\n<p>Mi abogado y su asistente legal estuvieron conmigo durante todo el caso. Nunca sent\u00ed que estaba solo. En todo momento estuvieron en mi esquina. Alguien me recomend\u00f3 al bufete de abogados Steinberg y con gusto har\u00eda lo mismo por otra persona.<\/p>\n<h5>- Mike<\/h5>\n\t<meta itemscope=\"\" itemprop=\"mainEntityOfPage\" itemtype=\"https:\/\/schema.org\/WebPage\" itemid=\"https:\/\/www.steinberglawfirm.com\/?post_type=testimonials&amp;p=14840\" content=\"Brian\"><meta itemprop=\"datePublished\" content=\"2021-03-04\"><meta itemprop=\"dateModified\" content=\"2022-02-22\"><meta itemprop=\"name\" content=\"Steinberg Law Firm\"><meta itemprop=\"url\" content=\"https:\/\/www.steinberglawfirm.com\/blog\/author\/steadm\/\"><meta itemprop=\"name\" content=\"Steinberg Law Firm\"><meta itemprop=\"interactionType\" content=\"https:\/\/schema.org\/CommentAction\"><meta itemprop=\"userInteractionCount\" content=\"0\">\n<h4>No podr\u00eda haber pedido algo mejor<\/h4>\n<p>La gente del grupo Steinberg es de primera categor\u00eda. Manejaron mi caso extremadamente bien, no podr\u00eda haber pedido una mejor actuaci\u00f3n. Muchas gracias a todos por todo lo que hicieron por m\u00ed.<\/p>\n<h5>- Brian<\/h5>\n\t<meta itemscope=\"\" itemprop=\"mainEntityOfPage\" itemtype=\"https:\/\/schema.org\/WebPage\" itemid=\"https:\/\/www.steinberglawfirm.com\/?post_type=testimonials&amp;p=732\" content=\"Brandy\"><meta itemprop=\"datePublished\" content=\"2018-05-04\"><meta itemprop=\"dateModified\" content=\"2022-02-22\"><meta itemprop=\"name\" content=\"Steinberg Law Firm\"><meta itemprop=\"url\" content=\"https:\/\/www.steinberglawfirm.com\/blog\/author\/steadm\/\"><meta itemprop=\"name\" content=\"Steinberg Law Firm\"><meta itemprop=\"interactionType\" content=\"https:\/\/schema.org\/CommentAction\"><meta itemprop=\"userInteractionCount\" content=\"0\">\n<h4>Estoy agradecido por ellos.<\/h4>\n<p>En mi peor momento, protegieron y defendieron honesta y cuidadosamente a mi familia en m\u00faltiples niveles. Soy un cliente de por vida y la integridad de esta firma de abogados es incomparable. \u00a1Gracias a la familia Steinberg Law!<\/p>\n<h5>- Brandy<\/h5>\n\t<meta itemscope=\"\" itemprop=\"mainEntityOfPage\" itemtype=\"https:\/\/schema.org\/WebPage\" itemid=\"https:\/\/www.steinberglawfirm.com\/?post_type=testimonials&amp;p=195\" content=\"Joan\"><meta itemprop=\"datePublished\" content=\"2018-04-17\"><meta itemprop=\"dateModified\" content=\"2022-02-22\"><meta itemprop=\"name\" content=\"Steinberg Law Firm\"><meta itemprop=\"url\" content=\"https:\/\/www.steinberglawfirm.com\/blog\/author\/steadm\/\"><meta itemprop=\"name\" content=\"Steinberg Law Firm\"><meta itemprop=\"interactionType\" content=\"https:\/\/schema.org\/CommentAction\"><meta itemprop=\"userInteractionCount\" content=\"0\">\n<h4>La gente es atenta y profesional<\/h4>\n<p>Las preguntas e inquietudes siempre son respondidas y las preocupaciones son atendidas. Gracias a todos en Steinburg por una buena experiencia y por demostrarme que se preocupan por sus clientes.<\/p>\n<h5>- Joan<\/h5>\n\t<meta itemscope=\"\" itemprop=\"mainEntityOfPage\" itemtype=\"https:\/\/schema.org\/WebPage\" itemid=\"https:\/\/www.steinberglawfirm.com\/?post_type=testimonials&amp;p=157\" content=\"Rena\"><meta itemprop=\"datePublished\" content=\"2018-04-16\"><meta itemprop=\"dateModified\" content=\"2022-02-21\"><meta itemprop=\"name\" content=\"Steinberg Law Firm\"><meta itemprop=\"url\" content=\"https:\/\/www.steinberglawfirm.com\/blog\/author\/steadm\/\"><meta itemprop=\"name\" content=\"Steinberg Law Firm\"><meta itemprop=\"interactionType\" content=\"https:\/\/schema.org\/CommentAction\"><meta itemprop=\"userInteractionCount\" content=\"0\">\n<h4>El mejor bufete de abogados<\/h4>\n<p>Este es el mejor bufete de abogados con el que alguien podr\u00eda tratar.&nbsp;<a href=\"https:\/\/www.steinberglawfirm.com\/attorney\/david-t-pearlman\/\" target=\"_blank\" rel=\"noopener\">Sr. Pearlman<\/a>&nbsp;trabajar\u00e1 duro para conseguir todo lo que se le debe. Fue un placer haber sido representado por esta firma.<\/p>\n<h5>- Rena<\/h5>\n\t<meta itemscope=\"\" itemprop=\"mainEntityOfPage\" itemtype=\"https:\/\/schema.org\/WebPage\" itemid=\"https:\/\/www.steinberglawfirm.com\/?post_type=testimonials&amp;p=156\" content=\"Meagan\"><meta itemprop=\"datePublished\" content=\"2018-04-16\"><meta itemprop=\"dateModified\" content=\"2022-02-21\"><meta itemprop=\"name\" content=\"Steinberg Law Firm\"><meta itemprop=\"url\" content=\"https:\/\/www.steinberglawfirm.com\/blog\/author\/steadm\/\"><meta itemprop=\"name\" content=\"Steinberg Law Firm\"><meta itemprop=\"interactionType\" content=\"https:\/\/schema.org\/CommentAction\"><meta itemprop=\"userInteractionCount\" content=\"0\">\n<h4>Una experiencia maravillosa<\/h4>\n<p>Tuve una experiencia maravillosa con&nbsp;<a href=\"https:\/\/www.steinberglawfirm.com\/attorney\/david-t-pearlman\/\" target=\"_blank\" rel=\"noopener\">Sr. Pearlman<\/a>&nbsp;y su equipo. Muchas gracias por su diligencia y experiencia.<\/p>\n<h5>- Meagan<\/h5>\n\t<meta itemscope=\"\" itemprop=\"mainEntityOfPage\" itemtype=\"https:\/\/schema.org\/WebPage\" itemid=\"https:\/\/www.steinberglawfirm.com\/?post_type=testimonials&amp;p=154\" content=\"Erika\"><meta itemprop=\"datePublished\" content=\"2018-04-16\"><meta itemprop=\"dateModified\" content=\"2022-02-22\"><meta itemprop=\"name\" content=\"Steinberg Law Firm\"><meta itemprop=\"url\" content=\"https:\/\/www.steinberglawfirm.com\/blog\/author\/steadm\/\"><meta itemprop=\"name\" content=\"Steinberg Law Firm\"><meta itemprop=\"interactionType\" content=\"https:\/\/schema.org\/CommentAction\"><meta itemprop=\"userInteractionCount\" content=\"0\">\n<h4>Los recomiendo encarecidamente<\/h4>\n<p>Trabajan como un equipo proporcionando las mejores referencias y asistencia para lograr lo que mi familia y yo necesit\u00e1bamos. Los recomiendo encarecidamente porque no te decepcionar\u00e1n.<\/p>\n<h5>- Erika<\/h5>\n\t\t\t<a href=\"https:\/\/steinberglawfirm-staging.clmcloud.app\/es\/testimonios\/\" target=\"_self\" role=\"button\" rel=\"noopener\">\n\t\t\t\t\t\t\tLeer m\u00e1s testimonios\n\t\t\t\t\t<\/a>\n\t<p><img loading=\"lazy\" decoding=\"async\" title=\"Calificado por Super Lawyers\" src=\"https:\/\/www.steinberglawfirm.com\/wp-content\/uploads\/2021\/04\/superlawyers.png\" alt=\"Calificado por Super Lawyers\" width=\"210\" height=\"140\"><img loading=\"lazy\" decoding=\"async\" src=\"https:\/\/www.steinberglawfirm.com\/wp-content\/uploads\/2021\/04\/million-dollar-clubs.png\" alt=\"Defensores multimillonarios\" width=\"210\" height=\"140\" title=\"\"><img loading=\"lazy\" decoding=\"async\" src=\"https:\/\/www.steinberglawfirm.com\/wp-content\/uploads\/2021\/04\/10-best.png\" alt=\"10 Mejor satisfacci\u00f3n del cliente\" width=\"210\" height=\"140\" title=\"\"><img loading=\"lazy\" decoding=\"async\" src=\"https:\/\/www.steinberglawfirm.com\/wp-content\/uploads\/2019\/11\/best-law-firms-2020.jpg\" alt=\"\" width=\"185\" height=\"185\" title=\"\"><img loading=\"lazy\" decoding=\"async\" src=\"https:\/\/www.steinberglawfirm.com\/wp-content\/uploads\/2021\/04\/bbb.png\" alt=\"Clasificaci\u00f3n A+ del Better Business Bureau\" width=\"210\" height=\"140\" title=\"\"><img loading=\"lazy\" decoding=\"async\" src=\"https:\/\/www.steinberglawfirm.com\/wp-content\/uploads\/2021\/04\/av-reviewed-5.jpg\" alt=\"AV Preeminente 5 Estrellas\" width=\"210\" height=\"105\" title=\"\"><img loading=\"lazy\" decoding=\"async\" src=\"https:\/\/www.steinberglawfirm.com\/wp-content\/uploads\/2021\/04\/national-trial-lawyers.png\" alt=\"Los 100 mejores abogados litigantes\" width=\"210\" height=\"105\" title=\"\"><img loading=\"lazy\" decoding=\"async\" src=\"https:\/\/www.steinberglawfirm.com\/wp-content\/uploads\/2021\/04\/avvo.jpg\" alt=\"AVVO 10\/10\" width=\"210\" height=\"105\" title=\"\"><img loading=\"lazy\" decoding=\"async\" src=\"https:\/\/www.steinberglawfirm.com\/wp-content\/uploads\/2021\/04\/best-lawyers.jpg\" alt=\"Incluido en la lista de los mejores abogados\" width=\"210\" height=\"105\" title=\"\"><img loading=\"lazy\" decoding=\"async\" src=\"https:\/\/www.steinberglawfirm.com\/wp-content\/uploads\/2021\/04\/top-one-percent.jpg\" alt=\"El 1 por ciento m\u00e1s alto a nivel nacional\" width=\"210\" height=\"105\" title=\"\"><img loading=\"lazy\" decoding=\"async\" src=\"https:\/\/www.steinberglawfirm.com\/wp-content\/uploads\/2021\/09\/CharlestonChoiceLogoWinner-21.png\" alt=\"Charleston&#039;s Choice 2021 Ganador\" width=\"160\" height=\"80\" title=\"\"><img loading=\"lazy\" decoding=\"async\" src=\"https:\/\/www.steinberglawfirm.com\/wp-content\/uploads\/2021\/09\/CharlestonChoiceLogoFinalist-21.png\" alt=\"Charleston&#039;s Choice 2021 Finalista\" width=\"160\" height=\"80\" title=\"\"><img loading=\"lazy\" decoding=\"async\" src=\"https:\/\/www.steinberglawfirm.com\/wp-content\/uploads\/2021\/12\/thumbnail_2021_Personal_Injury_Badge_3_1_250x244.jpeg\" alt=\"Lo mejor de lo mejor Los 10 mejores abogados de lesiones personales de 2021\" width=\"160\" height=\"80\" title=\"\"><\/p>","protected":false},"excerpt":{"rendered":"<p>OBTENGA UNA CONSULTA GRATUITA Premios, galardones y reconocimientos Las calificaciones de Martindale-Hubbell\u00ae Peer Review Ratings\u2122 Estas calificaciones son un indicador objetivo de los altos est\u00e1ndares \u00e9ticos y la capacidad profesional de un abogado, generadas a partir de las evaluaciones de otros abogados por parte de otros miembros del colegio de abogados y de la judicatura en los Estados Unidos y Canad\u00e1. Martindale-Hubbell\u00ae Peer Review Ratings\u2122 refleja una...<\/p>","protected":false},"author":1,"featured_media":19677,"parent":0,"menu_order":0,"comment_status":"closed","ping_status":"closed","template":"","meta":{"_acf_changed":false,"footnotes":""},"class_list":["post-2187","page","type-page","status-publish","has-post-thumbnail","hentry"],"acf":[],"_links":{"self":[{"href":"https:\/\/steinberglawfirm-staging.clmcloud.app\/es\/wp-json\/wp\/v2\/pages\/2187"}],"collection":[{"href":"https:\/\/steinberglawfirm-staging.clmcloud.app\/es\/wp-json\/wp\/v2\/pages"}],"about":[{"href":"https:\/\/steinberglawfirm-staging.clmcloud.app\/es\/wp-json\/wp\/v2\/types\/page"}],"author":[{"embeddable":true,"href":"https:\/\/steinberglawfirm-staging.clmcloud.app\/es\/wp-json\/wp\/v2\/users\/1"}],"replies":[{"embeddable":true,"href":"https:\/\/steinberglawfirm-staging.clmcloud.app\/es\/wp-json\/wp\/v2\/comments?post=2187"}],"version-history":[{"count":5,"href":"https:\/\/steinberglawfirm-staging.clmcloud.app\/es\/wp-json\/wp\/v2\/pages\/2187\/revisions"}],"predecessor-version":[{"id":19683,"href":"https:\/\/steinberglawfirm-staging.clmcloud.app\/es\/wp-json\/wp\/v2\/pages\/2187\/revisions\/19683"}],"wp:featuredmedia":[{"embeddable":true,"href":"https:\/\/steinberglawfirm-staging.clmcloud.app\/es\/wp-json\/wp\/v2\/media\/19677"}],"wp:attachment":[{"href":"https:\/\/steinberglawfirm-staging.clmcloud.app\/es\/wp-json\/wp\/v2\/media?parent=2187"}],"curies":[{"name":"wp","href":"https:\/\/api.w.org\/{rel}","templated":true}]}}