{"id":20753,"date":"2022-04-22T20:24:05","date_gmt":"2022-04-22T20:24:05","guid":{"rendered":"https:\/\/www.steinberglawfirm.com\/?page_id=20753"},"modified":"2023-02-24T21:14:32","modified_gmt":"2023-02-24T21:14:32","slug":"motorcycle-accident-mobile","status":"publish","type":"page","link":"https:\/\/steinberglawfirm-staging.clmcloud.app\/es\/lppc\/moto-accidente-movil\/","title":{"rendered":"Accidente de moto m\u00f3vil"},"content":{"rendered":"<img loading=\"lazy\" decoding=\"async\" src=\"https:\/\/www.steinberglawfirm.com\/wp-content\/uploads\/2022\/04\/Steinberg-Logo.png\" alt=\"Steinberg Law Firm LLC Logotipo\" itemprop=\"image\" height=\"2018\" width=\"10330\" title=\"Steinberg Law Firm LLC Logotipo\" onerror=\"this.style.display='none'\"  \/>\n\t\u00a0<br \/>\n\u00a0\n<strong>Inicie su consulta gratuita<\/strong><br \/>\n<strong>Llame a <a href=\"tel:1-843-920-4180\">(843) 920-4180<\/a><\/strong>\n<h4>\n\t\tLo que nuestros clientes dicen de nosotros\n\t<\/h4>\n\t\t\t<p><img loading=\"lazy\" decoding=\"async\" src=\"https:\/\/steinberglawfirm.com\/wp-content\/uploads\/2018\/04\/stars.png\" alt=\"\" width=\"170\" height=\"30\" title=\"\"><\/p>\n<p>Fue un placer trabajar con Steven Goldberg y su personal<\/p>\n<p>Fueron corteses y profesionales. Mantuvieron un contacto regular para informar del estado de mi caso y proporcionaron la documentaci\u00f3n necesaria de forma oportuna. Yo recomendar\u00eda esta empresa<\/p>\n<p>-James<\/p>\n\t\t\t<p><img loading=\"lazy\" decoding=\"async\" src=\"https:\/\/steinberglawfirm.com\/wp-content\/uploads\/2018\/04\/stars.png\" alt=\"\" width=\"170\" height=\"30\" title=\"\"><\/p>\n<p>Estoy muy satisfecho con mi experiencia<\/p>\n<p>He recomendado y seguir\u00e9 recomendando el Steinberg Law Firm. Han trabajado muy duro en mi nombre.<\/p>\n<p>-Sharon<\/p>\n\t\t\t<p><img loading=\"lazy\" decoding=\"async\" src=\"https:\/\/steinberglawfirm.com\/wp-content\/uploads\/2018\/04\/stars.png\" alt=\"\" width=\"170\" height=\"30\" title=\"\"><\/p>\n<p>Es dif\u00edcil poner por escrito lo mucho que Tom estuvo ah\u00ed para m\u00ed<\/p>\n<p>Realmente hizo un trabajo incre\u00edble. Incluso cuando se hizo el acuerdo, devolvi\u00f3 un texto con una llamada para compartir la alegr\u00eda por otro evento m\u00e9dico que est\u00e1bamos pasando, que tuvo un gran resultado. S\u00ed, realmente se preocupan.<\/p>\n<p>-Dave<\/p>\n\t\t\t<p><img loading=\"lazy\" decoding=\"async\" src=\"https:\/\/steinberglawfirm.com\/wp-content\/uploads\/2018\/04\/stars.png\" alt=\"\" width=\"170\" height=\"30\" title=\"\"><\/p>\n<p>Los recomiendo encarecidamente<\/p>\n<p>Disfrut\u00e9 del hecho de que cada vez que llamaba, alguien me devolv\u00eda la llamada. Me hizo sentir que mi caso importaba y que yo importaba. Respondieron a todas mis preguntas y preocupaciones de manera oportuna.<\/p>\n<p>-Paula<\/p>\n\t\t\t<p><img loading=\"lazy\" decoding=\"async\" src=\"https:\/\/steinberglawfirm.com\/wp-content\/uploads\/2018\/04\/stars.png\" alt=\"\" width=\"170\" height=\"30\" title=\"\"><\/p>\n<p>Se esforzar\u00e1n al m\u00e1ximo por usted<\/p>\n<p>David Pearlman y su personal hicieron un trabajo excepcional en mi reclamo. El Sr. Pearlman fue honesto, paciente y me dirigi\u00f3 en la direcci\u00f3n correcta. A'Riel fue siempre agradable y muy \u00fatil. Yo los recomendar\u00eda a todos.<\/p>\n<p>-Brenda<\/p>\n\t\t\t<p><img loading=\"lazy\" decoding=\"async\" src=\"https:\/\/steinberglawfirm.com\/wp-content\/uploads\/2018\/04\/stars.png\" alt=\"\" width=\"170\" height=\"30\" title=\"\"><\/p>\n<p>Nunca buscar\u00eda ayuda de ninguna empresa.<\/p>\n<p>Los abogados y su personal son muy profesionales y se preocupan por su situaci\u00f3n. Son \u00fanicos en su g\u00e9nero. \u00a1Consiga esta Firma detr\u00e1s de usted y nunca se arrepentir\u00e1!<\/p>\n<p>-Dori<\/p>\n\t<h6>M\u00e1s de 170 a\u00f1os de experiencia legal combinada<\/h6>\t\t\n\t<h6>Hemos recuperado m\u00e1s de $500 millones<\/h6>\t\t\n\t<h6>Servicios jur\u00eddicos galardonados<\/h6>\t\t\n\t<h6>Usted no paga si no ganamos<\/h6>\t\t\n<h2>\n\t\tHable con un abogado de accidentes de motocicleta ahora. Llame a <a href=\"tel:1-843-920-4180\">(843) 920-4180<\/a>\n\t<\/h2>\n<h2>\n\t\tComience con su consulta gratuita\n\t<\/h2>\n<h2>\n\t\tM\u00e1s informaci\u00f3n sobre el Steinberg Law Firm\n\t<\/h2>\n\t\t\t<a href=\"https:\/\/steinberglawfirm.com\" target=\"_self\" role=\"button\" rel=\"noopener\">\n\t\t\t\t\t\t\tVer m\u00e1s\n\t\t\t\t\t<\/a>\n\t<p>La informaci\u00f3n presentada en este sitio web no debe interpretarse como asesoramiento jur\u00eddico formal ni como la formaci\u00f3n de una relaci\u00f3n abogado o abogado-cliente. Por favor, p\u00f3ngase en contacto con un abogado de lesiones personales South Carolina en The Steinberg Law Firm para una consulta sobre su situaci\u00f3n legal particular. La informaci\u00f3n sobre veredictos y acuerdos presentada en este sitio web refleja cifras brutas, antes de deducir honorarios de abogados, costas y gastos. Cualquier resultado que el abogado o el bufete puedan haber obtenido en nombre de un cliente en un asunto no indica necesariamente que puedan obtenerse resultados similares para otros clientes. Los casos ser\u00e1n atendidos por el abogado en The Steinberg Law Firm, que ejerce en 61 Broad Street, Charleston SC; 118 Goose Creek Blvd S, Goose Creek SC; o 103 Grandview Drive, Summerville, SC.<\/p>","protected":false},"excerpt":{"rendered":"<p>\u00a0 \u00a0 Comience su consulta gratuita Llame al (843) 920-4180 Lo que nuestros clientes dicen de nosotros Fue un placer trabajar con Steven Goldberg y su personal Fueron corteses y profesionales. Se mantuvieron en contacto con regularidad para los informes de estado en mi caso y proporcion\u00f3 la documentaci\u00f3n necesaria sobre una base oportuna. Yo recomendar\u00eda esta firma -James...<\/p>","protected":false},"author":11,"featured_media":0,"parent":8640,"menu_order":0,"comment_status":"closed","ping_status":"closed","template":"tpl-no-header-footer.php","meta":{"_acf_changed":false,"footnotes":""},"class_list":["post-20753","page","type-page","status-publish","hentry"],"acf":[],"_links":{"self":[{"href":"https:\/\/steinberglawfirm-staging.clmcloud.app\/es\/wp-json\/wp\/v2\/pages\/20753"}],"collection":[{"href":"https:\/\/steinberglawfirm-staging.clmcloud.app\/es\/wp-json\/wp\/v2\/pages"}],"about":[{"href":"https:\/\/steinberglawfirm-staging.clmcloud.app\/es\/wp-json\/wp\/v2\/types\/page"}],"author":[{"embeddable":true,"href":"https:\/\/steinberglawfirm-staging.clmcloud.app\/es\/wp-json\/wp\/v2\/users\/11"}],"replies":[{"embeddable":true,"href":"https:\/\/steinberglawfirm-staging.clmcloud.app\/es\/wp-json\/wp\/v2\/comments?post=20753"}],"version-history":[{"count":4,"href":"https:\/\/steinberglawfirm-staging.clmcloud.app\/es\/wp-json\/wp\/v2\/pages\/20753\/revisions"}],"predecessor-version":[{"id":24194,"href":"https:\/\/steinberglawfirm-staging.clmcloud.app\/es\/wp-json\/wp\/v2\/pages\/20753\/revisions\/24194"}],"up":[{"embeddable":true,"href":"https:\/\/steinberglawfirm-staging.clmcloud.app\/es\/wp-json\/wp\/v2\/pages\/8640"}],"wp:attachment":[{"href":"https:\/\/steinberglawfirm-staging.clmcloud.app\/es\/wp-json\/wp\/v2\/media?parent=20753"}],"curies":[{"name":"wp","href":"https:\/\/api.w.org\/{rel}","templated":true}]}}