{"id":20700,"date":"2022-04-21T23:51:39","date_gmt":"2022-04-21T23:51:39","guid":{"rendered":"https:\/\/www.steinberglawfirm.com\/?page_id=20700"},"modified":"2022-04-25T13:56:13","modified_gmt":"2022-04-25T13:56:13","slug":"inving-steinberg","status":"publish","type":"page","link":"https:\/\/steinberglawfirm-staging.clmcloud.app\/es\/el-legado-de-steinberg\/homenajes-a-nuestros-antiguos-lideres\/inving-steinberg\/","title":{"rendered":"Irving Steinberg 1901-1998"},"content":{"rendered":"<a href=\"\/es\/contact\/\" target=\"_self\" role=\"button\" rel=\"noopener\">\n\t\t\t\t\t\t\tOBTENGA UNA CONSULTA GRATUITA\n\t\t\t\t\t<\/a>\n\t<h3>\n\t\t\t\tIrving Steinberg\n\t\t\t<\/h3>\n\t\t\t<p>1901 &#8211; 1998<\/p>\t\n\t<p>Irving Steinberg (nacido Israel Isadore Irving Steinberg) fue un abogado, fil\u00e1ntropo y defensor de los derechos civiles que hizo importantes contribuciones a la ciudad de Charleston, South Carolina.<\/p>\n<p>Steinberg naci\u00f3 en 1901 en el seno de una familia jud\u00eda en Charleston. De ni\u00f1o sufri\u00f3 la discriminaci\u00f3n en carne propia, lo que le motiv\u00f3 a ayudar a otros grupos que tambi\u00e9n estaban privados de derechos.<\/p>\nSe hizo abogado y utiliz\u00f3 su plataforma para luchar por los derechos de los afroamericanos, las mujeres y otras minor\u00edas.<br \/>\nFue una figura clave en el Movimiento por los Derechos Civiles en Charleston, y ayud\u00f3 a eliminar la segregaci\u00f3n en las escuelas, empresas e instalaciones p\u00fablicas de la ciudad. Tambi\u00e9n trabaj\u00f3 para establecer la igualdad de oportunidades en materia de vivienda para todos los residentes.\n<p>De ni\u00f1o, Irving Steinberg tuvo poliomielitis, lo que le oblig\u00f3 a utilizar muletas durante toda su vida. Esto no le fren\u00f3, ya que se licenci\u00f3 en el College of Charleston y estudi\u00f3 derecho en la Facultad de Derecho de la Universidad de South Carolina. Steinberg fue admitido en el colegio de abogados en 1924. A d\u00eda de hoy, tiene una beca en la Facultad de Derecho de la USC.<\/p>\n<p>Steinberg fue un generoso fil\u00e1ntropo y realiz\u00f3 importantes donaciones a muchas organizaciones locales, como la Orquesta Sinf\u00f3nica Charleston y la Universidad M\u00e9dica de South Carolina.<\/p>\n<p>Falleci\u00f3 en 1998, pero su legado sigue vivo a trav\u00e9s de las muchas personas y organizaciones a las que ayud\u00f3 durante su vida y de las muchas personas en South Carolina que han sido ayudadas por los Steinberg Law Firm.<\/p>\n\t\t\t\t<img decoding=\"async\" src=\"https:\/\/www.steinberglawfirm.com\/wp-content\/uploads\/2022\/04\/irving-steinberg-300x213.jpg\" alt=\"Irving Steinberg\" itemprop=\"image\" title=\"irving-steinberg\" onerror=\"this.style.display='none'\"  \/>","protected":false},"excerpt":{"rendered":"<p>OBTENGA UNA CONSULTA GRATUITA Irving Steinberg 1901 - 1998 Irving Steinberg (nacido Israel Isadore Irving Steinberg) fue un abogado, fil\u00e1ntropo y defensor de los derechos civiles que hizo importantes contribuciones a la ciudad de Charleston, South Carolina. Steinberg naci\u00f3 en 1901 en una familia jud\u00eda de Charleston. Experiment\u00f3 la discriminaci\u00f3n de primera mano cuando era ni\u00f1o, y esto...<\/p>","protected":false},"author":11,"featured_media":18967,"parent":9002,"menu_order":0,"comment_status":"closed","ping_status":"closed","template":"","meta":{"_acf_changed":false,"footnotes":""},"class_list":["post-20700","page","type-page","status-publish","has-post-thumbnail","hentry"],"acf":[],"_links":{"self":[{"href":"https:\/\/steinberglawfirm-staging.clmcloud.app\/es\/wp-json\/wp\/v2\/pages\/20700"}],"collection":[{"href":"https:\/\/steinberglawfirm-staging.clmcloud.app\/es\/wp-json\/wp\/v2\/pages"}],"about":[{"href":"https:\/\/steinberglawfirm-staging.clmcloud.app\/es\/wp-json\/wp\/v2\/types\/page"}],"author":[{"embeddable":true,"href":"https:\/\/steinberglawfirm-staging.clmcloud.app\/es\/wp-json\/wp\/v2\/users\/11"}],"replies":[{"embeddable":true,"href":"https:\/\/steinberglawfirm-staging.clmcloud.app\/es\/wp-json\/wp\/v2\/comments?post=20700"}],"version-history":[{"count":3,"href":"https:\/\/steinberglawfirm-staging.clmcloud.app\/es\/wp-json\/wp\/v2\/pages\/20700\/revisions"}],"predecessor-version":[{"id":20788,"href":"https:\/\/steinberglawfirm-staging.clmcloud.app\/es\/wp-json\/wp\/v2\/pages\/20700\/revisions\/20788"}],"up":[{"embeddable":true,"href":"https:\/\/steinberglawfirm-staging.clmcloud.app\/es\/wp-json\/wp\/v2\/pages\/9002"}],"wp:featuredmedia":[{"embeddable":true,"href":"https:\/\/steinberglawfirm-staging.clmcloud.app\/es\/wp-json\/wp\/v2\/media\/18967"}],"wp:attachment":[{"href":"https:\/\/steinberglawfirm-staging.clmcloud.app\/es\/wp-json\/wp\/v2\/media?parent=20700"}],"curies":[{"name":"wp","href":"https:\/\/api.w.org\/{rel}","templated":true}]}}