{"id":20511,"date":"2022-04-20T23:35:58","date_gmt":"2022-04-20T23:35:58","guid":{"rendered":"https:\/\/www.steinberglawfirm.com\/?page_id=20511"},"modified":"2024-07-30T17:04:56","modified_gmt":"2024-07-30T17:04:56","slug":"fatalities-in-jails-and-detention-centers-in-south-carolina","status":"publish","type":"page","link":"https:\/\/steinberglawfirm-staging.clmcloud.app\/es\/lesiones-personales\/muerte-por-negligencia\/muertes-en-carceles-y-centros-de-detencion-de-carolina-del-sur\/","title":{"rendered":"Muertes en c\u00e1rceles y centros de detenci\u00f3n en South Carolina"},"content":{"rendered":"<h1 class=\"wp-block-heading\">South Carolina Los abogados de homicidio culposo representan a las familias de los reclusos<\/h1>\n\n\n\n<div style=\"height:15px\" aria-hidden=\"true\" class=\"wp-block-spacer\"><\/div>\n\n\n\n<h2 class=\"wp-block-heading\">Abogados para demandas por muertes en la c\u00e1rcel en Charleston, Bishopville, Ridgeville y Columbia, SC<\/h2>\n\n\n\n<div style=\"height:15px\" aria-hidden=\"true\" class=\"wp-block-spacer\"><\/div>\n\n\n\n<p>Se sabe que las c\u00e1rceles son lugares peligrosos. Seg\u00fan el Departamento de Justicia de Estados Unidos, Oficina de Estad\u00edsticas de Justicia, <a href=\"https:\/\/www.steinberglawfirm.com\/practice-areas\/wrongful-death\/\" target=\"_blank\" rel=\"noopener\">1.120 personas murieron en las c\u00e1rceles locales<\/a> en todo Estados Unidos solo a lo largo del a\u00f1o 2018. Esta cifra no solo represent\u00f3 un aumento del dos por ciento con respecto al a\u00f1o anterior, sino tambi\u00e9n el mayor n\u00famero de muertes de reclusos desde que el Departamento de Justicia de los Estados Unidos comenz\u00f3 a hacer un seguimiento de las muertes en c\u00e1rceles y centros de detenci\u00f3n.<\/p>\n\n\n\n<p>Las elevadas tasas de mortalidad se deben generalmente al hacinamiento en los centros, un grave problema que se traduce en mayores casos de violencia y en la incapacidad del personal para prestar servicios sanitarios adecuados a toda la poblaci\u00f3n.<\/p>\n\n\n\n<p>Es importante saber que, aunque las personas encarceladas pierden muchas libertades, siguen manteniendo derechos constitucionales como el <a href=\"https:\/\/constitutioncenter.org\/interactive-constitution\/amendment\/amendment-viii\" target=\"_blank\" rel=\"noreferrer noopener\">Derecho de la Octava Enmienda contra los castigos crueles e inusuales<\/a>. Una violaci\u00f3n de la Octava Enmienda puede derivarse del trato inhumano dispensado a los reclusos o de la denegaci\u00f3n flagrante de servicios m\u00e9dicos o de salud mental esenciales. Cuando las acciones negligentes o intencionadas de un trabajador o administrador penitenciario causan o contribuyen a la muerte de un recluso, la familia de \u00e9ste puede tener derecho a una compensaci\u00f3n econ\u00f3mica a trav\u00e9s de una demanda de indemnizaci\u00f3n. <a href=\"https:\/\/www.steinberglawfirm.com\/practice-areas\/wrongful-death\/\" target=\"_blank\" rel=\"noopener\">reclamaci\u00f3n de muerte por negligencia<\/a>.<\/p>\n\n\n\n<p>En el <a href=\"https:\/\/www.steinberglawfirm.com\/\" target=\"_blank\" rel=\"noopener\">Steinberg Law Firm<\/a>, nuestro <strong>South Carolina abogados defensores de los derechos de los presos<\/strong> tienen una amplia experiencia en responsabilizar a las agencias gubernamentales y a los individuos por las muertes en las c\u00e1rceles y centros de detenci\u00f3n. Trabajamos estrechamente con las familias para ayudarles a buscar justicia para sus seres queridos, al tiempo que aseguramos una compensaci\u00f3n significativa por su tr\u00e1gica p\u00e9rdida.<\/p>\n\n\n\n<p><strong>Causas comunes de muerte en las c\u00e1rceles y centros de detenci\u00f3n del \u00e1rea Charleston<\/strong><\/p>\n\n\n\n<p>En muchos sentidos, las c\u00e1rceles y los centros de detenci\u00f3n son microcosmos de la sociedad. Por ello, muchas muertes de reclusos son el resultado de causas naturales, como enfermedades card\u00edacas, c\u00e1ncer y otras enfermedades. Sin embargo, incluso en estos casos, la negaci\u00f3n de la atenci\u00f3n sanitaria esencial en las prisiones provoca muchas muertes \"naturales\" que podr\u00edan haberse evitado si el recluso no estuviera encarcelado y no recibiera una atenci\u00f3n sanitaria deficiente.<\/p>\n\n\n\n<p>Los reclusos se enfrentan a un tremendo estr\u00e9s mientras est\u00e1n encarcelados. Desde el aislamiento hasta la depresi\u00f3n, o el miedo a otros reclusos, la vida cotidiana en los centros penitenciarios crea un trauma psicol\u00f3gico que se ve agravado por el hacinamiento y la denegaci\u00f3n de servicios de salud mental. De hecho, el suicidio fue la principal causa de muerte en las c\u00e1rceles en 2018, representando 30% de todas las muertes.<\/p>\n\n\n\n<p><strong>Responsabilizar a las c\u00e1rceles y centros de detenci\u00f3n de las muertes evitables<\/strong><\/p>\n\n\n\n<p>Las leyes estatales y federales ofrecen varios mecanismos para los familiares que han perdido a un ser querido debido a las acciones negligentes o intencionadas de los funcionarios de prisiones. Por ejemplo, el C\u00f3digo de los Estados Unidos contiene una disposici\u00f3n que permite a los reclusos del estado exigir responsabilidades a sus carceleros por cualquier privaci\u00f3n de sus derechos constitucionales.<\/p>\n\n\n\n<p>En <a href=\"https:\/\/www.govinfo.gov\/app\/details\/USCODE-2015-title42\/USCODE-2015-title42-chap21-subchapI-sec1983\" target=\"_blank\" rel=\"noreferrer noopener\">42 USC 1983<\/a>, los particulares, incluidos los reclusos, pueden hacer valer sus derechos constitucionales federales frente a los municipios, los funcionarios estatales, los funcionarios locales y cualquier otra persona que act\u00fae \"bajo el color de la ley estatal\".<\/p>\n\n\n\n<p>Una reclamaci\u00f3n en virtud de \u00a71983 requiere que el recluso pruebe cuatro elementos b\u00e1sicos:<\/p>\n\n\n\n<p>1.) La conducta fue realizada por una \"persona\";<br>2.) Qui\u00e9n actu\u00f3 \"bajo el color de la ley estatal\"<br>3.) Proximamente causando<br>4.) Una privaci\u00f3n de un derecho protegido por el gobierno federal.<\/p>\n\n\n\n<p>En el contexto de los reclusos de las c\u00e1rceles o centros de detenci\u00f3n, cualquier acci\u00f3n de un guardia o administrador de la prisi\u00f3n hacia un recluso est\u00e1 bajo el color de la ley estatal porque el actor est\u00e1 llevando a cabo asuntos oficiales del gobierno. Sin embargo, para presentar con \u00e9xito una demanda en virtud de \u00a71983, usted debe demostrar que la c\u00e1rcel o el centro de detenci\u00f3n violaron derechos protegidos por el gobierno federal. Por ejemplo, un guardia de la prisi\u00f3n puede ser responsable en virtud de una demanda de \u00a71983 basada en la violaci\u00f3n del derecho de un recluso a no sufrir castigos crueles e inusuales en virtud de la 8\u00aa Enmienda de la Constituci\u00f3n de los Estados Unidos.<\/p>\n\n\n\n<p>En South Carolina, los tribunales han sostenido que una demanda de \u00a71983 puede sobrevivir a la muerte de un recluso. Sin embargo, la parte apropiada debe presentar la demanda. Un <a href=\"https:\/\/www.steinberglawfirm.com\/attorney\/\" target=\"_blank\" rel=\"noopener\">abogado con experiencia<\/a> puede ayudar a identificar qui\u00e9n puede presentar una demanda y guiar a la familia a trav\u00e9s del proceso.<\/p>\n\n\n\n<p>Si no se demuestra que los carceleros han violado un derecho protegido por el gobierno federal, la familia de un recluso fallecido puede seguir recurriendo a la v\u00eda tradicional. <a href=\"https:\/\/www.steinberglawfirm.com\/practice-areas\/personal-injury\/\" target=\"_blank\" rel=\"noopener\">reclamaci\u00f3n por da\u00f1os personales<\/a> contra el gobierno en determinadas situaciones. Por ejemplo, si un preso muere en un accidente evitable, como un <a href=\"https:\/\/www.steinberglawfirm.com\/practice-areas\/premises-liability\/slip-and-fall\/\" target=\"_blank\" rel=\"noopener\">resbal\u00f3n y ca\u00edda<\/a> o de la denegaci\u00f3n de la asistencia sanitaria, su familia podr\u00eda presentar una reclamaci\u00f3n en virtud de la <a href=\"https:\/\/www.scstatehouse.gov\/code\/t15c078.php\" target=\"_blank\" rel=\"noreferrer noopener\">South Carolina Ley de reclamaciones por da\u00f1os y perjuicios<\/a>.<\/p>\n\n\n\n<h3 class=\"wp-block-heading\">\u00bfHa perdido a un ser querido encarcelado en una c\u00e1rcel o centro de detenci\u00f3n?<\/h3>\n\n\n\n<p>Si usted <a href=\"https:\/\/www.steinberglawfirm.com\/practice-areas\/wrongful-death\/\" target=\"_blank\" rel=\"noopener\">ha sufrido la tr\u00e1gica p\u00e9rdida de un ser querido<\/a> que fue encarcelado en una c\u00e1rcel o centro de detenci\u00f3n, hay opciones para buscar justicia en nombre de su ser querido. En el <a href=\"https:\/\/www.steinberglawfirm.com\/\" target=\"_blank\" rel=\"noopener\">Steinberg Law Firm<\/a>, nuestro <a href=\"https:\/\/www.steinberglawfirm.com\/attorney\/\" target=\"_blank\" rel=\"noopener\">equipo de abogados especializados en derechos de los presos<\/a> representa a las familias de los reclusos muertos debido a las acciones negligentes o intencionadas de los funcionarios de prisiones y los administradores penitenciarios.<\/p>\n\n\n\n<p><a href=\"https:\/\/www.steinberglawfirm.com\/practice-areas\/personal-injury\/1983-actions-stemming-from-serious-injuries-and-deaths-in-jails-and-detention-centers\/\" target=\"_blank\" rel=\"noopener\">Nos encargamos de las demandas de 1983<\/a>as\u00ed como las reclamaciones en virtud de la South Carolina Tort Claims Act. <a href=\"https:\/\/www.steinberglawfirm.com\/about-us\/\" target=\"_blank\" rel=\"noopener\">Desde hace m\u00e1s de 95 a\u00f1os<\/a>Hemos ayudado a familias en duelo a obtener una compensaci\u00f3n significativa por las p\u00e9rdidas que han sufrido.<\/p>\n\n\n\n<p>Para saber m\u00e1s, y para <a href=\"https:\/\/www.steinberglawfirm.com\/free-consultation\/\" target=\"_blank\" rel=\"noopener\">programar una consulta gratuita<\/a>, p\u00f3ngase en contacto con el Steinberg Law Firm mediante <a href=\"tel:1-843-720-2800\">llamando al 843-720-2800<\/a>. Tambi\u00e9n puede <a href=\"https:\/\/www.steinberglawfirm.com\/contact-us\/\" target=\"_blank\" rel=\"noopener\">con\u00e9ctese con nosotros a trav\u00e9s de nuestro formulario de contacto en l\u00ednea<\/a>. La llamada es gratuita, y como aceptamos todos los casos en un <a href=\"https:\/\/www.steinberglawfirm.com\/no-fee-unless-you-win\/\" target=\"_blank\" rel=\"noopener\">base de contingencia<\/a>No le pediremos que pague por nuestros servicios legales a menos que podamos obtener una compensaci\u00f3n en su nombre.<\/p>","protected":false},"excerpt":{"rendered":"<p>South Carolina Wrongful Death Lawyers Represent Inmate Families Attorneys for Jail Fatality Lawsuits in Charleston, Bishopville, Ridgeville, and Columbia, SC Jails are known to be dangerous places. According to the United States Department of Justice, Bureau of Justice Statistics, 1,120 people died in local jails across the United States only throughout the year 2018. This&hellip;<\/p>","protected":false},"author":11,"featured_media":18866,"parent":177,"menu_order":0,"comment_status":"closed","ping_status":"closed","template":"","meta":{"_acf_changed":false,"footnotes":""},"class_list":["post-20511","page","type-page","status-publish","has-post-thumbnail","hentry"],"acf":[],"_links":{"self":[{"href":"https:\/\/steinberglawfirm-staging.clmcloud.app\/es\/wp-json\/wp\/v2\/pages\/20511"}],"collection":[{"href":"https:\/\/steinberglawfirm-staging.clmcloud.app\/es\/wp-json\/wp\/v2\/pages"}],"about":[{"href":"https:\/\/steinberglawfirm-staging.clmcloud.app\/es\/wp-json\/wp\/v2\/types\/page"}],"author":[{"embeddable":true,"href":"https:\/\/steinberglawfirm-staging.clmcloud.app\/es\/wp-json\/wp\/v2\/users\/11"}],"replies":[{"embeddable":true,"href":"https:\/\/steinberglawfirm-staging.clmcloud.app\/es\/wp-json\/wp\/v2\/comments?post=20511"}],"version-history":[{"count":5,"href":"https:\/\/steinberglawfirm-staging.clmcloud.app\/es\/wp-json\/wp\/v2\/pages\/20511\/revisions"}],"predecessor-version":[{"id":31551,"href":"https:\/\/steinberglawfirm-staging.clmcloud.app\/es\/wp-json\/wp\/v2\/pages\/20511\/revisions\/31551"}],"up":[{"embeddable":true,"href":"https:\/\/steinberglawfirm-staging.clmcloud.app\/es\/wp-json\/wp\/v2\/pages\/177"}],"wp:featuredmedia":[{"embeddable":true,"href":"https:\/\/steinberglawfirm-staging.clmcloud.app\/es\/wp-json\/wp\/v2\/media\/18866"}],"wp:attachment":[{"href":"https:\/\/steinberglawfirm-staging.clmcloud.app\/es\/wp-json\/wp\/v2\/media?parent=20511"}],"curies":[{"name":"wp","href":"https:\/\/api.w.org\/{rel}","templated":true}]}}