{"id":20446,"date":"2022-04-20T23:09:50","date_gmt":"2022-04-20T23:09:50","guid":{"rendered":"https:\/\/www.steinberglawfirm.com\/?page_id=20446"},"modified":"2022-04-27T18:11:38","modified_gmt":"2022-04-27T18:11:38","slug":"injuries-and-deaths-in-juvenile-detention-facilities","status":"publish","type":"page","link":"https:\/\/steinberglawfirm-staging.clmcloud.app\/es\/lesiones-personales\/abogados-de-lesiones-personales\/lesiones-y-muertes-en-centros-de-detencion-de-menores\/","title":{"rendered":"Lesiones y muertes en centros de detenci\u00f3n de menores"},"content":{"rendered":"<h1 class=\"wp-block-heading\">South Carolina Abogado de lesiones en centros de detenci\u00f3n de menores<\/h1>\n\n\n\n<div style=\"height:15px\" aria-hidden=\"true\" class=\"wp-block-spacer\"><\/div>\n\n\n\n<h2 class=\"wp-block-heading\">South Carolina Abogados de lesiones que asisten a menores lesionados<\/h2>\n\n\n\n<div style=\"height:15px\" aria-hidden=\"true\" class=\"wp-block-spacer\"><\/div>\n\n\n\n<p>A menudo se dice que la verdadera medida de una comunidad reside en c\u00f3mo trata a sus poblaciones m\u00e1s vulnerables. Esto es igualmente cierto para los ni\u00f1os y adultos encarcelados, que mantienen sus derechos constitucionales incluso mientras est\u00e1n confinados en centros de detenci\u00f3n. En el <a href=\"https:\/\/www.steinberglawfirm.com\/\" target=\"_blank\" rel=\"noopener\">Steinberg Law Firm<\/a>, nuestro <a href=\"https:\/\/www.steinberglawfirm.com\/practice-areas\/personal-injury\/\" target=\"_blank\" rel=\"noopener\">South Carolina abogados de lesiones personales<\/a> Representar a los j\u00f3venes y a sus familias en demandas contra el personal negligente y abusivo de los centros de detenci\u00f3n de menores, las c\u00e1rceles y las prisiones. <a href=\"https:\/\/www.steinberglawfirm.com\/about-us\/\" target=\"_blank\" rel=\"noopener\">Desde hace m\u00e1s de 95 a\u00f1os<\/a>Hemos defendido los derechos de todas las personas lesionadas ayud\u00e1ndolas a encontrar justicia y una compensaci\u00f3n significativa por sus lesiones y p\u00e9rdidas.<\/p>\n\n\n\n<p><strong>Los j\u00f3venes en centros de detenci\u00f3n tienen derechos<\/strong><\/p>\n\n\n\n<p>Los j\u00f3venes acusados de delitos suelen ser internados en c\u00e1rceles de menores durante d\u00edas o semanas hasta que un juez de familia decide que es seguro ponerlos en libertad. Estas c\u00e1rceles de menores, a menudo denominadas centros de detenci\u00f3n de menores, suelen estar abarrotadas, carecen de personal y tienen pocos recursos para estos j\u00f3venes, que, por su edad y circunstancias, son los que m\u00e1s apoyo necesitan de nuestra comunidad.<\/p>\n\n\n\n<p>Al igual que un padre, el centro estatal o del condado est\u00e1 obligado a proporcionar a los ni\u00f1os un entorno seguro, una educaci\u00f3n y acceso a servicios m\u00e9dicos y de salud mental. Cuando un centro no satisface estas necesidades b\u00e1sicas, el centro puede estar violando la constituci\u00f3n. Tanto las leyes estatales como las federales rigen el tratamiento de los j\u00f3venes en los centros de detenci\u00f3n. Si los miembros del personal del centro de detenci\u00f3n o los administradores no protegen la seguridad y el bienestar de un ni\u00f1o bajo custodia, pueden ser considerados legalmente responsables.<\/p>\n\n\n\n<p><strong>Lesiones comunes en los centros de detenci\u00f3n de menores<\/strong><\/p>\n\n\n\n<p>Un centro de detenci\u00f3n de menores es diferente de una c\u00e1rcel o prisi\u00f3n. El Tribunal Supremo de los Estados Unidos ha sostenido durante mucho tiempo que el sistema de justicia penal debe tratar a los ni\u00f1os de forma diferente a los adultos. Sin embargo, la realidad es que los centros de detenci\u00f3n de menores South Carolina funcionan de forma muy parecida a una c\u00e1rcel.<\/p>\n\n\n\n<p>En consecuencia, muchos ni\u00f1os resultan heridos mientras est\u00e1n detenidos. Algunas de las formas en que los ni\u00f1os se lesionan en los centros de detenci\u00f3n de menores son:<\/p>\n\n\n\n<ul class=\"wp-block-list\"><li>Abuso sexual a manos de otro joven o miembro del personal; <\/li><li>Agresi\u00f3n f\u00edsica por parte de otro joven o miembro del personal;<\/li><li>Castigos inapropiados como el aislamiento o las sillas de sujeci\u00f3n; <\/li><li>Uso excesivo de la fuerza por parte de los funcionarios; <\/li><li>Denegaci\u00f3n de atenci\u00f3n m\u00e9dica esencial o de servicios de salud mental; y <\/li><li>No proteger a un ni\u00f1o.<\/li><\/ul>\n\n\n\n<p>En cada uno de estos casos, los miembros del personal desempe\u00f1an un papel directo o indirecto en las lesiones del joven y el centro debe ser el responsable \u00faltimo.<\/p>\n\n\n\n<p><strong>Recursos legales tras lesiones y muertes en centros de detenci\u00f3n de menores<\/strong><\/p>\n\n\n\n<p>Las leyes estatales y federales ofrecen varios mecanismos de justicia e indemnizaci\u00f3n cuando un <a href=\"https:\/\/www.steinberglawfirm.com\/practice-areas\/personal-injury\/1983-actions-stemming-from-serious-injuries-and-deaths-in-jails-and-detention-centers\/\" target=\"_blank\" rel=\"noopener\">un joven encarcelado resulta gravemente herido o muerto<\/a>. Por ejemplo, en <a href=\"https:\/\/www.govinfo.gov\/app\/details\/USCODE-2015-title42\/USCODE-2015-title42-chap21-subchapI-sec1983\/summary\" target=\"_blank\" rel=\"noreferrer noopener\">42 USC 1983<\/a>En la actualidad, los particulares, incluidos los j\u00f3venes, pueden presentar una demanda contra los municipios, los funcionarios estatales, los funcionarios locales y cualquier otra persona que act\u00fae \"bajo el color de la ley estatal\" por la violaci\u00f3n de sus derechos constitucionales federales. Adem\u00e1s, el <a href=\"https:\/\/www.scstatehouse.gov\/code\/t15c078.php\" target=\"_blank\" rel=\"noreferrer noopener\">South Carolina Ley de reclamaciones por da\u00f1os y perjuicios<\/a> permite a los j\u00f3venes y a sus familias presentar una reclamaci\u00f3n contra un centro de detenci\u00f3n por lesiones derivadas de una negligencia. Por ejemplo, un joven gravemente lesionado debido a una condici\u00f3n peligrosa en un centro ruinoso podr\u00eda presentar una reclamaci\u00f3n en virtud de la Ley de Reclamaciones por Agravios.<\/p>\n\n\n\n<p>Aunque existen v\u00edas de reparaci\u00f3n, estas leyes son bastante complejas. Por lo tanto, las reclamaciones contra un centro de detenci\u00f3n de menores son mejor manejadas por abogados con experiencia en estos casos.<\/p>\n\n\n\n<h3 class=\"wp-block-heading\">\u00bfHa sufrido lesiones graves en un centro de detenci\u00f3n de menores South Carolina?<\/h3>\n\n\n\n<p>Si su hijo ha sufrido recientemente graves lesiones en un centro de detenci\u00f3n de menores, puede tener derecho a una compensaci\u00f3n econ\u00f3mica por lo que ha pasado. En el <a href=\"https:\/\/www.steinberglawfirm.com\/\" target=\"_blank\" rel=\"noopener\">Steinberg Law Firm<\/a>, nuestro <a href=\"https:\/\/www.steinberglawfirm.com\/practice-areas\/personal-injury\/\" target=\"_blank\" rel=\"noopener\">da\u00f1os personales compasivos<\/a> y <a href=\"https:\/\/www.steinberglawfirm.com\/practice-areas\/wrongful-death\/\" target=\"_blank\" rel=\"noopener\">abogados de muerte por negligencia<\/a> puede ayudarle a comprender sus derechos y a presentar todas las reclamaciones que tenga a su alcance. Para saber m\u00e1s y <a href=\"https:\/\/www.steinberglawfirm.com\/free-consultation\/\" target=\"_blank\" rel=\"noopener\">programar una consulta gratuita<\/a> con uno de nuestros abogados, <a href=\"tel:1-843-720-2800\">ll\u00e1menos al 843-720-2800<\/a>. Tambi\u00e9n puede <a href=\"https:\/\/www.steinberglawfirm.com\/contact-us\/\" target=\"_blank\" rel=\"noopener\">con\u00e9ctese con nosotros a trav\u00e9s de nuestro formulario en l\u00ednea<\/a>. Llamar es gratis, y como manejamos todos los casos de abuso y negligencia en centros de detenci\u00f3n en un <a href=\"https:\/\/www.steinberglawfirm.com\/no-fee-unless-you-win\/\" target=\"_blank\" rel=\"noopener\">base de contingencia<\/a>No cobraremos por nuestros servicios legales a menos que podamos recuperar la compensaci\u00f3n en su nombre.<\/p>","protected":false},"excerpt":{"rendered":"<p>South Carolina Abogado de lesiones en centros de detenci\u00f3n de menores South Carolina Abogados de lesiones que ayudan a los menores lesionados A menudo se dice que una verdadera medida de una comunidad radica en c\u00f3mo trata a sus poblaciones m\u00e1s vulnerables. Esto es igualmente cierto para los ni\u00f1os y adultos encarcelados, que mantienen los derechos constitucionales, incluso mientras est\u00e1n confinados en los centros de detenci\u00f3n. En el...<\/p>","protected":false},"author":11,"featured_media":18866,"parent":9348,"menu_order":0,"comment_status":"closed","ping_status":"closed","template":"","meta":{"_acf_changed":false,"footnotes":""},"class_list":["post-20446","page","type-page","status-publish","has-post-thumbnail","hentry"],"acf":[],"_links":{"self":[{"href":"https:\/\/steinberglawfirm-staging.clmcloud.app\/es\/wp-json\/wp\/v2\/pages\/20446"}],"collection":[{"href":"https:\/\/steinberglawfirm-staging.clmcloud.app\/es\/wp-json\/wp\/v2\/pages"}],"about":[{"href":"https:\/\/steinberglawfirm-staging.clmcloud.app\/es\/wp-json\/wp\/v2\/types\/page"}],"author":[{"embeddable":true,"href":"https:\/\/steinberglawfirm-staging.clmcloud.app\/es\/wp-json\/wp\/v2\/users\/11"}],"replies":[{"embeddable":true,"href":"https:\/\/steinberglawfirm-staging.clmcloud.app\/es\/wp-json\/wp\/v2\/comments?post=20446"}],"version-history":[{"count":3,"href":"https:\/\/steinberglawfirm-staging.clmcloud.app\/es\/wp-json\/wp\/v2\/pages\/20446\/revisions"}],"predecessor-version":[{"id":21286,"href":"https:\/\/steinberglawfirm-staging.clmcloud.app\/es\/wp-json\/wp\/v2\/pages\/20446\/revisions\/21286"}],"up":[{"embeddable":true,"href":"https:\/\/steinberglawfirm-staging.clmcloud.app\/es\/wp-json\/wp\/v2\/pages\/9348"}],"wp:featuredmedia":[{"embeddable":true,"href":"https:\/\/steinberglawfirm-staging.clmcloud.app\/es\/wp-json\/wp\/v2\/media\/18866"}],"wp:attachment":[{"href":"https:\/\/steinberglawfirm-staging.clmcloud.app\/es\/wp-json\/wp\/v2\/media?parent=20446"}],"curies":[{"name":"wp","href":"https:\/\/api.w.org\/{rel}","templated":true}]}}