{"id":20443,"date":"2022-04-20T23:02:57","date_gmt":"2022-04-20T23:02:57","guid":{"rendered":"https:\/\/www.steinberglawfirm.com\/?page_id=20443"},"modified":"2022-09-15T18:32:11","modified_gmt":"2022-09-15T18:32:11","slug":"1983-actions-stemming-from-serious-injuries-and-deaths-in-jails-and-detention-centers","status":"publish","type":"page","link":"https:\/\/steinberglawfirm-staging.clmcloud.app\/es\/lesiones-personales\/abogados-de-lesiones-personales\/1983-acciones-derivadas-de-lesiones-y-muertes-graves-en-carceles-y-centros-de-detencion\/","title":{"rendered":"1983 Acciones derivadas de lesiones graves y muertes en c\u00e1rceles y centros de detenci\u00f3n"},"content":{"rendered":"<h1 class=\"wp-block-heading\">South Carolina Abogado de lesiones por ataque a reclusos<\/h1>\n\n\n\n<div style=\"height:15px\" aria-hidden=\"true\" class=\"wp-block-spacer\"><\/div>\n\n\n\n<h2 class=\"wp-block-heading\">South Carolina Los abogados especializados en lesiones protegen los derechos de los reclusos y prisioneros<\/h2>\n\n\n\n<div style=\"height:15px\" aria-hidden=\"true\" class=\"wp-block-spacer\"><\/div>\n\n\n\n<p>En 2021, el Departamento Correccional South Carolina ten\u00eda 15.807 reclusos en sus 21 centros. Aunque los reclusos pierden ciertas libertades, el gobierno estatal o federal no puede quitarles todos sus derechos. Los funcionarios y administradores penitenciarios deben seguir respetando los derechos constitucionales de todos los reclusos.<\/p>\n\n\n\n<p>En el Steinberg Law Firm, nuestro <a href=\"https:\/\/www.steinberglawfirm.com\/practice-areas\/personal-injury\/\" target=\"_blank\" rel=\"noopener\">abogados expertos en lesiones personales<\/a> representamos con diligencia a los individuos encarcelados y a sus familias. Ayudamos a crear casos contra el Departamento Correccional South Carolina, el Departamento de Justicia Juvenil South Carolina, y otras c\u00e1rceles de gesti\u00f3n privada.<\/p>\n\n\n\n<p>Queremos hacer valer los derechos de los reclusos y sus familias haciendo que los agentes gubernamentales negligentes y abusivos rindan cuentas de sus actos. Para conocer una <a href=\"https:\/\/www.steinberglawfirm.com\/personal-injury\/personal-injury-lawyers\/serious-injuries-in-jails-and-detention-centers\/\" target=\"_blank\" rel=\"noopener\">privilegios del recluso lesionado<\/a> y los pr\u00f3ximos pasos, <a href=\"tel:1-843-720-2800\">p\u00f3ngase en contacto con nosotros hoy mismo en el (843) 720-2800<\/a>.<\/p>\n\n\n\n<p><strong>El art\u00edculo 1983 protege a los reclusos de los abusos<\/strong><\/p>\n\n\n\n<p>Una persona encarcelada puede perder su derecho al voto y otros derechos de privacidad. Sin embargo, no pierden todos los derechos. Las personas encarceladas conservan su derecho al debido proceso, es decir, su derecho a no sufrir castigos crueles e inusuales, y su derecho a la atenci\u00f3n m\u00e9dica. Los funcionarios de prisiones y los administradores de las c\u00e1rceles y los centros de detenci\u00f3n de menores no pueden violar estos derechos constitucionales.<\/p>\n\n\n\n<p>En <a href=\"https:\/\/www.law.cornell.edu\/uscode\/text\/42\/1983\" target=\"_blank\" rel=\"noreferrer noopener\">42 USC 1983<\/a>Los reclusos pueden hacer valer sus derechos constitucionales federales frente a los empleados estatales o los administradores de las c\u00e1rceles y centros de detenci\u00f3n. A <a href=\"https:\/\/www.steinberglawfirm.com\/personal-injury\/personal-injury-lawyers\/serious-injuries-in-jails-and-detention-centers\/\" target=\"_blank\" rel=\"noopener\">preso que sufre una lesi\u00f3n<\/a> o un preso cuyas condiciones de reclusi\u00f3n son desoladoras y letales, son ejemplos de escenarios que pueden convertirse en casos v\u00e1lidos.<\/p>\n\n\n\n<p>Muchos casos se refieren a situaciones en las que los funcionarios de prisiones hieren deliberadamente a un recluso o ignoran los abusos. Una demanda de la Secci\u00f3n 1983 debe tener dos elementos para responsabilizar a un empleado del gobierno o a una instituci\u00f3n:<\/p>\n\n\n\n<ul class=\"wp-block-list\"><li>La persona nombrada como acusado debe haber actuado \"bajo el color de la ley estatal\".<\/li><li>La persona priv\u00f3 al recluso de un derecho particular en virtud de la Constituci\u00f3n de los Estados Unidos o de la Ley Federal.<\/li><\/ul>\n\n\n\n<p><strong>\u00bfQu\u00e9 significa \"Under Color of State Law\" en una demanda de la Secci\u00f3n 1983?<\/strong><\/p>\n\n\n\n<p>El t\u00e9rmino \"bajo el color de la ley estatal\" se refiere a cuando un administrador, un funcionario de prisiones u otra autoridad gubernamental lleva a cabo acciones fuera del \u00e1mbito de sus obligaciones gubernamentales. Esto significa que el abuso de poder, las omisiones o la falta de actuaci\u00f3n pueden dar lugar a una demanda de la Secci\u00f3n 1983.<\/p>\n\n\n\n<p>A continuaci\u00f3n se exponen las situaciones en las que puede ser procedente una reclamaci\u00f3n en virtud del art\u00edculo 1983:<\/p>\n\n\n\n<ul class=\"wp-block-list\"><li>Un funcionario de prisiones abusa f\u00edsica o sexualmente de un recluso;<\/li><li>La pol\u00edtica de la c\u00e1rcel no prev\u00e9 la protecci\u00f3n de los reclusos; y<\/li><li>Los funcionarios de prisiones permiten que los reclusos se peleen o se hagan da\u00f1o.<\/li><\/ul>\n\n\n\n<p>Las instituciones penitenciarias South Carolina siguen enfrent\u00e1ndose hoy a las reacciones. Los mort\u00edferos motines y apu\u00f1alamientos en las c\u00e1rceles son la base de numerosas demandas presentadas por las familias. Recientemente, el SCDC pudo conceder un acuerdo de $6 millones a las familias que sufrieron un <a href=\"https:\/\/www.steinberglawfirm.com\/practice-areas\/wrongful-death\/fatalities-in-jails-and-detention-centers-in-south-carolina\/\" target=\"_blank\" rel=\"noopener\">la muerte de un recluso en el Centro Correccional Lee<\/a>. Aunque el Centro Correccional Lee recibi\u00f3 81 casos, los presos South Carolina siguen experimentando comportamientos injustificados en otros centros.<\/p>\n\n\n\n<p><strong>\u00bfQu\u00e9 tipo de incidentes ocurren en un centro de detenci\u00f3n de menores South Carolina?<\/strong><\/p>\n\n\n\n<p>Recientemente, un joven fue encarcelado por un delito de conducci\u00f3n no violento. Los guardias del Complejo de Broad River Road del Departamento de Justicia Juvenil dejaron solo al joven de 16 a\u00f1os, lo que dio lugar a otras <a href=\"https:\/\/www.steinberglawfirm.com\/practice-areas\/personal-injury\/injuries-and-deaths-in-juvenile-detention-facilities\/\" target=\"_blank\" rel=\"noopener\">los reclusos lo atacan con un poste de metal<\/a>. Fue ingresado en la unidad de cuidados intensivos de un hospital, donde recibi\u00f3 tratamiento para las lesiones que pon\u00edan en peligro su vida.<\/p>\n\n\n\n<p>En este caso, no hab\u00eda ning\u00fan guardia para vigilar la unidad. Tampoco hab\u00eda c\u00e1maras presentes para captar el incidente. Seg\u00fan investigaciones anteriores realizadas por el Gobierno del Estado South Carolina y el Departamento de Justicia de los Estados Unidos, el centro ya ten\u00eda una escasez cr\u00f3nica de personal.<\/p>\n\n\n\n<p>A ra\u00edz del ataque casi mortal, una protesta p\u00fablica dio lugar a la dimisi\u00f3n del Director del Departamento de Justicia Juvenil South Carolina. La dimisi\u00f3n tambi\u00e9n se produjo tras un incidente en el que m\u00e1s de 20 miembros del personal del Departamento de Justicia Juvenil South Carolina abandonaron el trabajo, alegando malas condiciones laborales.<\/p>\n\n\n\n<p><strong>Lista de las c\u00e1rceles y centros de detenci\u00f3n South Carolina<\/strong><\/p>\n\n\n\n<p>En el <a href=\"https:\/\/www.steinberglawfirm.com\/\" target=\"_blank\" rel=\"noopener\">Steinberg Law Firm<\/a>Representamos a reclusos que sufrieron lesiones graves a manos de oficiales correccionales y administradores de prisiones. Tambi\u00e9n manejamos casos para familias en duelo que han perdido a un ser querido debido a las acciones negligentes o abusivas de los funcionarios de la prisi\u00f3n.<\/p>\n\n\n\n<p>Las c\u00e1rceles y centros de detenci\u00f3n South Carolina incluyen:<\/p>\n\n\n\n<ul class=\"wp-block-list\"><li>Instituci\u00f3n Correccional de Allendale<\/li><li>Instituto Marino Beauford (Centro de internamiento alternativo de menores)<\/li><li>Instituci\u00f3n Correccional de Broad River<\/li><li>Complejo de Broad River Road (centro de detenci\u00f3n de menores)<\/li><li>Camp Aspen (Centro de internamiento alternativo para menores)<\/li><li>Campamento Bennettsville (Centro de internamiento alternativo de menores)<\/li><li>Campamento Sand Hills (centro de internamiento alternativo para menores)<\/li><li>Camp White Plains 1 (Centro de internamiento alternativo de menores)<\/li><li>Camp White Plains 2 (Centro de internamiento alternativo de menores)<\/li><li>Centro de Evaluaci\u00f3n de la Costa (Centro de Evaluaci\u00f3n de Menores)<\/li><li>Instituci\u00f3n Correccional Camille Griffin Graham<\/li><li>Instituci\u00f3n Correccional Evans<\/li><li>Instituto Marino de Georgetown (Centro de internamiento alternativo de menores)<\/li><li>Generaciones (Centro de internamiento alternativo de menores)<\/li><li>Instituci\u00f3n Correccional Goodman<\/li><li>Centro de detenci\u00f3n de menores<\/li><li>Instituci\u00f3n Correccional Kershaw<\/li><li>Instituci\u00f3n Correccional de Kirkland<\/li><li>Instituci\u00f3n Correccional de Leath<\/li><li>Instituci\u00f3n Correccional Lee<\/li><li>Instituci\u00f3n Correccional Lieber<\/li><li>Instituci\u00f3n correccional de Livesay<\/li><li>Instituto Correccional MacDougall<\/li><li>Instituci\u00f3n Correccional Manning<\/li><li>Instituci\u00f3n Correccional McCormick<\/li><li>Centro de Evaluaci\u00f3n de Midland (Centro de Evaluaci\u00f3n de Menores)<\/li><li>Centro de preliberaci\u00f3n de Palmer<\/li><li>Instituci\u00f3n Correccional de Perry<\/li><li>Piedmont Wilderness Institute (Centro de internamiento alternativo para menores)<\/li><li>Instituci\u00f3n correccional de Ridgeland<\/li><li>Instituci\u00f3n Correccional de Trenton<\/li><li>Instituci\u00f3n Correccional de Turbeville<\/li><li>Instituci\u00f3n Correccional Tyger River<\/li><li>Upstate Evaluation Center (Centro de Evaluaci\u00f3n de Menores)<\/li><li>Instituci\u00f3n Correccional Walden<\/li><li>Instituci\u00f3n Correccional del R\u00edo Wateree<\/li><li>Centro de Desarrollo Juvenil (Centro de Colocaci\u00f3n Alternativa de Menores)<\/li><\/ul>\n\n\n\n<h3 class=\"wp-block-heading\">\u00bfHa sido atacado mientras cumpl\u00eda condena en la c\u00e1rcel?<\/h3>\n\n\n\n<p>Si usted o un ser querido ha sido atacado recientemente en la c\u00e1rcel o en un centro de detenci\u00f3n de menores y ha sufrido lesiones graves, la <strong>South Carolina 1983 abogados de la demanda en el Steinberg Law Firm<\/strong> est\u00e1n aqu\u00ed para ayudar. Durante m\u00e1s de 95 a\u00f1os, hemos estado ayudando a los clientes que han sufrido lesiones graves a manos de otros.<\/p>\n\n\n\n<p>Adoptamos un enfoque individualizado para cada caso que manejamos, tom\u00e1ndonos todo el tiempo que sea necesario para asegurar que su voz sea escuchada. La llamada es gratuita, y porque <a href=\"https:\/\/www.steinberglawfirm.com\/no-fee-unless-you-win\/\" target=\"_blank\" rel=\"noopener\">aceptamos todos los casos sobre la base de la contingencia<\/a>No le pediremos que nos pague por nuestros servicios legales a menos que podamos obtener una compensaci\u00f3n en su nombre.<\/p>\n\n\n\n<p>Para saber m\u00e1s y <a href=\"https:\/\/www.steinberglawfirm.com\/free-consultation\/\" target=\"_blank\" rel=\"noopener\">programar una consulta gratuita<\/a>contacte con uno de nuestros abogados especializados en demandas de la Secci\u00f3n 1983 <a href=\"tel:1-843-720-2800\">llamando al (843) 720-2800<\/a>. Tambi\u00e9n puede <a href=\"https:\/\/www.steinberglawfirm.com\/contact-us\/\" target=\"_blank\" rel=\"noopener\">con\u00e9ctese con nosotros a trav\u00e9s de nuestro formulario de contacto en l\u00ednea<\/a>.<\/p>","protected":false},"excerpt":{"rendered":"<p>South Carolina Abogado de lesiones por ataque a reclusos South Carolina Abogados de lesiones protegen los derechos de los reclusos y prisioneros En 2021, el Departamento de Correcciones South Carolina (SCDC) ten\u00eda 15.807 reclusos en sus 21 instalaciones. Aunque los reclusos pierden ciertas libertades, el gobierno estatal o federal no puede quitarles todos sus derechos. Los funcionarios y administradores penitenciarios deben seguir respetando los...<\/p>","protected":false},"author":11,"featured_media":18866,"parent":9348,"menu_order":0,"comment_status":"closed","ping_status":"closed","template":"","meta":{"_acf_changed":false,"footnotes":""},"class_list":["post-20443","page","type-page","status-publish","has-post-thumbnail","hentry"],"acf":[],"_links":{"self":[{"href":"https:\/\/steinberglawfirm-staging.clmcloud.app\/es\/wp-json\/wp\/v2\/pages\/20443"}],"collection":[{"href":"https:\/\/steinberglawfirm-staging.clmcloud.app\/es\/wp-json\/wp\/v2\/pages"}],"about":[{"href":"https:\/\/steinberglawfirm-staging.clmcloud.app\/es\/wp-json\/wp\/v2\/types\/page"}],"author":[{"embeddable":true,"href":"https:\/\/steinberglawfirm-staging.clmcloud.app\/es\/wp-json\/wp\/v2\/users\/11"}],"replies":[{"embeddable":true,"href":"https:\/\/steinberglawfirm-staging.clmcloud.app\/es\/wp-json\/wp\/v2\/comments?post=20443"}],"version-history":[{"count":4,"href":"https:\/\/steinberglawfirm-staging.clmcloud.app\/es\/wp-json\/wp\/v2\/pages\/20443\/revisions"}],"predecessor-version":[{"id":22633,"href":"https:\/\/steinberglawfirm-staging.clmcloud.app\/es\/wp-json\/wp\/v2\/pages\/20443\/revisions\/22633"}],"up":[{"embeddable":true,"href":"https:\/\/steinberglawfirm-staging.clmcloud.app\/es\/wp-json\/wp\/v2\/pages\/9348"}],"wp:featuredmedia":[{"embeddable":true,"href":"https:\/\/steinberglawfirm-staging.clmcloud.app\/es\/wp-json\/wp\/v2\/media\/18866"}],"wp:attachment":[{"href":"https:\/\/steinberglawfirm-staging.clmcloud.app\/es\/wp-json\/wp\/v2\/media?parent=20443"}],"curies":[{"name":"wp","href":"https:\/\/api.w.org\/{rel}","templated":true}]}}